

{"id":989,"date":"2020-07-15T10:59:19","date_gmt":"2020-07-15T08:59:19","guid":{"rendered":"https:\/\/copernicus.chmi.cz\/?page_id=989"},"modified":"2020-11-18T14:19:57","modified_gmt":"2020-11-18T13:19:57","slug":"zmena-klimatu-a-zivotni-prostredi","status":"publish","type":"page","link":"https:\/\/copernicus.chmi.cz\/index.php\/o-copernicu\/oblasti-a-priklady-vyuziti\/zmena-klimatu-a-zivotni-prostredi\/","title":{"rendered":"Zm\u011bna klimatu a \u017eivotn\u00ed prost\u0159ed\u00ed"},"content":{"rendered":"<div class=\"breadcrumbs align  wp-block-bcn-breadcrumb-trail has-text-color has-background\" vocab=\"https:\/\/schema.org\/\" typeof=\"BreadcrumbList\">\n\t<span><\/span>\n\t<span property=\"itemListElement\" typeof=\"ListItem\"><a property=\"item\" typeof=\"WebPage\" title=\"P\u0159ej\u00edt na Copernicus CR.\" href=\"https:\/\/copernicus.chmi.cz\" class=\"home\" ><span property=\"name\">Copernicus CR<\/span><\/a><meta property=\"position\" content=\"1\"><\/span> &gt; <span property=\"itemListElement\" typeof=\"ListItem\"><a property=\"item\" typeof=\"WebPage\" title=\"P\u0159ej\u00edt na Novinky.\" href=\"https:\/\/copernicus.chmi.cz\/index.php\/novinky\/\" class=\"post post-page\" ><span property=\"name\">Novinky<\/span><\/a><meta property=\"position\" content=\"2\"><\/span> &gt; <span property=\"itemListElement\" typeof=\"ListItem\"><a property=\"item\" typeof=\"WebPage\" title=\"P\u0159ej\u00edt na Blog.\" href=\"https:\/\/copernicus.chmi.cz\/index.php\/novinky\/blog\/\" class=\"post-root post post-post\" aria-current=\"page\"><span property=\"name\">Blog<\/span><\/a><meta property=\"position\" content=\"3\"><\/span><\/div>\n\n\n\n<div data-label=\"Content\" data-id=\"content--1\" data-export-id=\"content-5-materialis\" data-category=\"content\" class=\"content-5m content-section-spacing-large content-section dark-text\" id=\"content-1\" style=\"background-color: rgb(255, 255, 255);\"><div class=\"gridContainer\"> <div class=\"row\"><div class=\"col-xs-12 col-sm-8 col-sm-offset-2 space-bottom text-center col-padding-small-xs\" data-type=\"column\"> <\/div> <div class=\"col-xs-12 text-center large\" data-type=\"column\"><h2 class=\"space-bottom\">Zm\u011bna klimatu a \u017eivotn\u00ed prost\u0159ed\u00ed<\/h2> <p class=\"lead\" style=\"text-align: justify;\">Teplota a celkov\u00fd stav na\u0161\u00ed planety z\u00e1vis\u00ed na k\u0159ehk\u00e9 rovnov\u00e1ze jev\u016f, jako je pohyb mo\u0159sk\u00fdch proud\u016f, p\u0159em\u011bna uhl\u00edku na r\u016fzn\u00e9 formy b\u011bhem jeho putov\u00e1n\u00ed mezi zemsk\u00fdm povrchem, mo\u0159em a vzduchem a mno\u017estv\u00ed slune\u010dn\u00edho z\u00e1\u0159en\u00ed, kter\u00e9 pohlt\u00ed nebo odraz\u00ed zemsk\u00fd povrch. Jak si v\u0161ak s rostouc\u00edmi obavami za\u010d\u00edn\u00e1me uv\u011bdomovat, tato rovnov\u00e1ha m\u016f\u017ee b\u00fdt velmi snadno naru\u0161ena.\n<br><br>\nV r\u00e1mci programu Copernicus se zaji\u0161\u0165uj\u00ed kl\u00ed\u010dov\u00e9 ukazatele t\u00fdkaj\u00edc\u00ed se faktor\u016f podn\u011bcuj\u00edc\u00edch zm\u011bnu klimatu (nap\u0159\u00edklad oxidu uhli\u010dit\u00e9ho) a posuzuj\u00ed se dopady na \u017eivotn\u00ed prost\u0159ed\u00ed (nap\u0159. t\u00e1n\u00ed ledovc\u016f a mo\u0159sk\u00e9 ledov\u00e9 pokr\u00fdvky, vzestup hladiny mo\u0159\u00ed), a t\u00edm se v kone\u010dn\u00e9m d\u016fsledku p\u0159isp\u00edv\u00e1 k rozvoji evropsk\u00fdch politik p\u0159izp\u016fsoben\u00ed se zm\u011bn\u011b klimatu a jej\u00edho zm\u00edr\u0148ov\u00e1n\u00ed v cel\u00e9 \u0159ad\u011b odv\u011btv\u00ed.\n<br>\n<br><b>P\u0159\u00edklad produktu slu\u017eby C3S:<\/b><\/p> <\/div> <\/div><\/div> <\/div>\n\n\n<!-- wp:image {\"id\":995,\"width\":525,\"height\":298,\"sizeSlug\":\"large\"}--><div class=\"gridContainer\">\n<figure class=\"wp-block-image size-large is-resized\"><a class=\"customize-unpreviewable\" href=\"https:\/\/cds.climate.copernicus.eu\/cdsapp#!\/software\/app-c3s-monthly-climate-bulletin-explorer?tab=app\"><img fetchpriority=\"high\" decoding=\"async\" src=\"https:\/\/copernicus.chmi.cz\/wp-content\/uploads\/2020\/07\/C3S-2020-07-15-140606-1024x582.png\" alt=\"\" class=\"wp-image-995\" width=\"525\" height=\"298\" srcset=\"https:\/\/copernicus.chmi.cz\/wp-content\/uploads\/2020\/07\/C3S-2020-07-15-140606-1024x582.png 1024w, https:\/\/copernicus.chmi.cz\/wp-content\/uploads\/2020\/07\/C3S-2020-07-15-140606-300x171.png 300w, https:\/\/copernicus.chmi.cz\/wp-content\/uploads\/2020\/07\/C3S-2020-07-15-140606-768x437.png 768w, https:\/\/copernicus.chmi.cz\/wp-content\/uploads\/2020\/07\/C3S-2020-07-15-140606-1232x701.png 1232w, https:\/\/copernicus.chmi.cz\/wp-content\/uploads\/2020\/07\/C3S-2020-07-15-140606.png 1417w\" sizes=\"(max-width: 525px) 100vw, 525px\" \/><\/a><figcaption>Teplotn\u00ed anom\u00e1lie b\u011bhem let 1981-2010 (Slu\u017eba C3S).<\/figcaption><\/figure>\n<\/div><!-- \/wp:image-->\n\n<!-- wp:paragraph--><div class=\"gridContainer\">\n<p><\/p>\n<\/div><!-- \/wp:paragraph-->","protected":false},"excerpt":{"rendered":"","protected":false},"author":6,"featured_media":0,"parent":940,"menu_order":0,"comment_status":"closed","ping_status":"closed","template":"pro\/page-templates\/full-width-page.php","meta":{"footnotes":""},"class_list":["post-989","page","type-page","status-publish","hentry"],"_links":{"self":[{"href":"https:\/\/copernicus.chmi.cz\/index.php\/wp-json\/wp\/v2\/pages\/989","targetHints":{"allow":["GET"]}}],"collection":[{"href":"https:\/\/copernicus.chmi.cz\/index.php\/wp-json\/wp\/v2\/pages"}],"about":[{"href":"https:\/\/copernicus.chmi.cz\/index.php\/wp-json\/wp\/v2\/types\/page"}],"author":[{"embeddable":true,"href":"https:\/\/copernicus.chmi.cz\/index.php\/wp-json\/wp\/v2\/users\/6"}],"replies":[{"embeddable":true,"href":"https:\/\/copernicus.chmi.cz\/index.php\/wp-json\/wp\/v2\/comments?post=989"}],"version-history":[{"count":9,"href":"https:\/\/copernicus.chmi.cz\/index.php\/wp-json\/wp\/v2\/pages\/989\/revisions"}],"predecessor-version":[{"id":2251,"href":"https:\/\/copernicus.chmi.cz\/index.php\/wp-json\/wp\/v2\/pages\/989\/revisions\/2251"}],"up":[{"embeddable":true,"href":"https:\/\/copernicus.chmi.cz\/index.php\/wp-json\/wp\/v2\/pages\/940"}],"wp:attachment":[{"href":"https:\/\/copernicus.chmi.cz\/index.php\/wp-json\/wp\/v2\/media?parent=989"}],"curies":[{"name":"wp","href":"https:\/\/api.w.org\/{rel}","templated":true}]}}