

{"id":977,"date":"2020-07-15T10:46:15","date_gmt":"2020-07-15T08:46:15","guid":{"rendered":"https:\/\/copernicus.chmi.cz\/?page_id=977"},"modified":"2020-11-18T14:16:33","modified_gmt":"2020-11-18T13:16:33","slug":"modra-ekonomika","status":"publish","type":"page","link":"https:\/\/copernicus.chmi.cz\/index.php\/o-copernicu\/oblasti-a-priklady-vyuziti\/modra-ekonomika\/","title":{"rendered":"Modr\u00e1 ekonomika"},"content":{"rendered":"<div class=\"breadcrumbs align  wp-block-bcn-breadcrumb-trail has-text-color has-background\" vocab=\"https:\/\/schema.org\/\" typeof=\"BreadcrumbList\">\n\t<span><\/span>\n\t<span property=\"itemListElement\" typeof=\"ListItem\"><a property=\"item\" typeof=\"WebPage\" title=\"P\u0159ej\u00edt na Copernicus CR.\" href=\"https:\/\/copernicus.chmi.cz\" class=\"home\" ><span property=\"name\">Copernicus CR<\/span><\/a><meta property=\"position\" content=\"1\"><\/span> &gt; <span property=\"itemListElement\" typeof=\"ListItem\"><a property=\"item\" typeof=\"WebPage\" title=\"P\u0159ej\u00edt na Novinky.\" href=\"https:\/\/copernicus.chmi.cz\/index.php\/novinky\/\" class=\"post post-page\" ><span property=\"name\">Novinky<\/span><\/a><meta property=\"position\" content=\"2\"><\/span> &gt; <span property=\"itemListElement\" typeof=\"ListItem\"><a property=\"item\" typeof=\"WebPage\" title=\"P\u0159ej\u00edt na Blog.\" href=\"https:\/\/copernicus.chmi.cz\/index.php\/novinky\/blog\/\" class=\"post-root post post-post\" aria-current=\"page\"><span property=\"name\">Blog<\/span><\/a><meta property=\"position\" content=\"3\"><\/span><\/div>\n\n\n\n<div data-label=\"Content\" data-id=\"content--1\" data-export-id=\"content-5-materialis\" data-category=\"content\" class=\"content-5m content-section-spacing-large content-section dark-text\" id=\"content-1\" style=\"background-color: rgb(255, 255, 255);\"><div class=\"gridContainer\"> <div class=\"row\"><div class=\"col-xs-12 col-sm-8 col-sm-offset-2 space-bottom text-center col-padding-small-xs\" data-type=\"column\"> <\/div> <div class=\"col-xs-12 text-center large\" data-type=\"column\"><h2 class=\"space-bottom\">Modr\u00e1 ekonomika<\/h2> <p class=\"lead\" style=\"text-align: justify;\">Mo\u0159sk\u00e9 prost\u0159ed\u00ed je charakterizov\u00e1no rychle se m\u011bn\u00edc\u00edmi parametry, jejich\u017e monitorov\u00e1n\u00ed vy\u017eaduje velk\u00fd objem dat z pozorov\u00e1n\u00ed v re\u00e1ln\u00e9m \u010dase. Pozorov\u00e1n\u00ed Zem\u011b proto p\u0159edstavuje d\u016fle\u017eit\u00fd zdroj informac\u00ed z hlediska monitorov\u00e1n\u00ed mo\u0159sk\u00e9ho prost\u0159ed\u00ed a oce\u00e1nsk\u00e9 ekonomiky.\n<br><br>\nD\u00edky sv\u00e9 schopnosti monitorovat fyzik\u00e1ln\u00ed a biogeochemick\u00e9 vlastnosti sv\u011btov\u00fdch oce\u00e1n\u016f a region\u00e1ln\u00edch mo\u0159\u00ed umo\u017e\u0148uje program Copernicus \u0161irokou \u0161k\u00e1lu dal\u0161\u00edch aplikac\u00ed, jako je nap\u0159\u00edklad posuzov\u00e1n\u00ed jakosti vod, mapov\u00e1n\u00ed rybolovn\u00fdch oblast\u00ed nebo monitorov\u00e1n\u00ed roz\u0161\u00ed\u0159en\u00ed \u0161kodliv\u00fdch \u0159as.\n<br><br>\nPozorov\u00e1n\u00ed Zem\u011b m\u016f\u017ee rovn\u011b\u017e p\u0159isp\u011bt k ochran\u011b biologick\u00e9 rozmanitosti mo\u0159\u00ed a napom\u00e1hat p\u0159i monitorov\u00e1n\u00ed eroze pob\u0159e\u017e\u00ed.\n<br>\n<br>\n<b>P\u0159\u00edklad vyu\u017eit\u00ed:<\/b><\/p> <\/div> <\/div><\/div> <\/div>\n\n\n<!-- wp:image {\"align\":\"left\",\"id\":981,\"width\":265,\"height\":199,\"sizeSlug\":\"large\"}--><div class=\"gridContainer\">\n<div class=\"wp-block-image\"><figure class=\"alignleft size-large is-resized\"><a href=\"https:\/\/copernicus.chmi.cz\/wp-content\/uploads\/2020\/07\/UseCase_Fisheries_AlgalBloomMonitoring.pdf\"><img fetchpriority=\"high\" decoding=\"async\" src=\"https:\/\/copernicus.chmi.cz\/wp-content\/uploads\/2020\/07\/modra-ekonomika-2020-07-15-105130.png\" alt=\"\" class=\"wp-image-981\" width=\"265\" height=\"199\" srcset=\"https:\/\/copernicus.chmi.cz\/wp-content\/uploads\/2020\/07\/modra-ekonomika-2020-07-15-105130.png 954w, https:\/\/copernicus.chmi.cz\/wp-content\/uploads\/2020\/07\/modra-ekonomika-2020-07-15-105130-300x225.png 300w, https:\/\/copernicus.chmi.cz\/wp-content\/uploads\/2020\/07\/modra-ekonomika-2020-07-15-105130-768x576.png 768w\" sizes=\"(max-width: 265px) 100vw, 265px\" \/><\/a><figcaption>Dokument se zobraz\u00ed po kliknut\u00ed na obr\u00e1zek.<\/figcaption><\/figure><\/div>\n<\/div><!-- \/wp:image-->","protected":false},"excerpt":{"rendered":"","protected":false},"author":6,"featured_media":0,"parent":940,"menu_order":0,"comment_status":"closed","ping_status":"closed","template":"pro\/page-templates\/full-width-page.php","meta":{"footnotes":""},"class_list":["post-977","page","type-page","status-publish","hentry"],"_links":{"self":[{"href":"https:\/\/copernicus.chmi.cz\/index.php\/wp-json\/wp\/v2\/pages\/977","targetHints":{"allow":["GET"]}}],"collection":[{"href":"https:\/\/copernicus.chmi.cz\/index.php\/wp-json\/wp\/v2\/pages"}],"about":[{"href":"https:\/\/copernicus.chmi.cz\/index.php\/wp-json\/wp\/v2\/types\/page"}],"author":[{"embeddable":true,"href":"https:\/\/copernicus.chmi.cz\/index.php\/wp-json\/wp\/v2\/users\/6"}],"replies":[{"embeddable":true,"href":"https:\/\/copernicus.chmi.cz\/index.php\/wp-json\/wp\/v2\/comments?post=977"}],"version-history":[{"count":8,"href":"https:\/\/copernicus.chmi.cz\/index.php\/wp-json\/wp\/v2\/pages\/977\/revisions"}],"predecessor-version":[{"id":2245,"href":"https:\/\/copernicus.chmi.cz\/index.php\/wp-json\/wp\/v2\/pages\/977\/revisions\/2245"}],"up":[{"embeddable":true,"href":"https:\/\/copernicus.chmi.cz\/index.php\/wp-json\/wp\/v2\/pages\/940"}],"wp:attachment":[{"href":"https:\/\/copernicus.chmi.cz\/index.php\/wp-json\/wp\/v2\/media?parent=977"}],"curies":[{"name":"wp","href":"https:\/\/api.w.org\/{rel}","templated":true}]}}