

{"id":956,"date":"2020-07-14T16:06:16","date_gmt":"2020-07-14T14:06:16","guid":{"rendered":"https:\/\/copernicus.chmi.cz\/?page_id=956"},"modified":"2020-11-18T14:19:34","modified_gmt":"2020-11-18T13:19:34","slug":"zemedelstvi","status":"publish","type":"page","link":"https:\/\/copernicus.chmi.cz\/index.php\/o-copernicu\/oblasti-a-priklady-vyuziti\/zemedelstvi\/","title":{"rendered":"Zem\u011bd\u011blstv\u00ed"},"content":{"rendered":"<div class=\"breadcrumbs align  wp-block-bcn-breadcrumb-trail has-text-color has-background\" vocab=\"https:\/\/schema.org\/\" typeof=\"BreadcrumbList\">\n\t<span><\/span>\n\t<span property=\"itemListElement\" typeof=\"ListItem\"><a property=\"item\" typeof=\"WebPage\" title=\"P\u0159ej\u00edt na Copernicus CR.\" href=\"https:\/\/copernicus.chmi.cz\" class=\"home\" ><span property=\"name\">Copernicus CR<\/span><\/a><meta property=\"position\" content=\"1\"><\/span> &gt; <span property=\"itemListElement\" typeof=\"ListItem\"><a property=\"item\" typeof=\"WebPage\" title=\"P\u0159ej\u00edt na Novinky.\" href=\"https:\/\/copernicus.chmi.cz\/index.php\/novinky\/\" class=\"post post-page\" ><span property=\"name\">Novinky<\/span><\/a><meta property=\"position\" content=\"2\"><\/span> &gt; <span property=\"itemListElement\" typeof=\"ListItem\"><a property=\"item\" typeof=\"WebPage\" title=\"P\u0159ej\u00edt na Blog.\" href=\"https:\/\/copernicus.chmi.cz\/index.php\/novinky\/blog\/\" class=\"post-root post post-post\" aria-current=\"page\"><span property=\"name\">Blog<\/span><\/a><meta property=\"position\" content=\"3\"><\/span><\/div>\n\n\n\n<div data-label=\"Content\" data-id=\"content--1\" data-export-id=\"content-5-materialis\" data-category=\"content\" class=\"content-5m content-section-spacing-large content-section dark-text\" id=\"content-1\" style=\"background-color: rgb(255, 255, 255);\"><div class=\"gridContainer\"> <div class=\"row\"><div class=\"col-xs-12 col-sm-8 col-sm-offset-2 space-bottom text-center col-padding-small-xs\" data-type=\"column\"> <\/div> <div class=\"col-xs-12 text-center large\" data-type=\"column\"><h2 class=\"space-bottom\">Zem\u011bd\u011blstv\u00ed<\/h2> <p class=\"lead\" style=\"text-align: justify;\">V oblasti zem\u011bd\u011blstv\u00ed, kter\u00e1 je historicky jednou z prvn\u00edch oblast\u00ed, kter\u00e1 vyu\u017e\u00edvala pozorov\u00e1n\u00ed Zem\u011b, se politiky EU zam\u011b\u0159uj\u00ed na podporu rozvoje postup\u016f, kter\u00e9 chr\u00e1n\u00ed \u017eivotn\u00ed prost\u0159ed\u00ed a udr\u017euj\u00ed produktivitu.\n<br><br>\nZem\u011bd\u011blstv\u00ed p\u0159edstavuje z hlediska dopadu programu Copernicus pravd\u011bpodobn\u011b nejperspektivn\u011bj\u0161\u00ed trh, zejm\u00e9na prost\u0159ednictv\u00edm tzv. p\u0159esn\u00e9ho zem\u011bd\u011blstv\u00ed. Copernicus toti\u017e pom\u00e1h\u00e1 posuzovat vyu\u017e\u00edv\u00e1n\u00ed zem\u011bd\u011blsk\u00e9 p\u016fdy a trendy v t\u00e9to oblasti, stav plodin a odhady v\u00fdnos\u016f. Podporuje tak\u00e9 \u0159\u00edzen\u00ed vstup\u016f, z\u00e1znamy o veden\u00ed zem\u011bd\u011blsk\u00fdch podnik\u016f a \u0159\u00edzen\u00ed zavla\u017eov\u00e1n\u00ed.\n<br><br>\nOblasti uplatn\u011bn\u00ed programu Copernicus se v\u0161ak neomezuj\u00ed jen na p\u0159esn\u00e9 zem\u011bd\u011blstv\u00ed. Zahrnuj\u00ed tak\u00e9 sez\u00f3nn\u00ed mapov\u00e1n\u00ed p\u011bstebn\u00edch ploch, \u0159\u00edzen\u00ed vodn\u00edch zdroj\u016f a monitorov\u00e1n\u00ed sucha, jako\u017e i kontroly dotac\u00ed.\n\n<br>\n<br>Projekty, do kter\u00fdch je zapojena \u010cR:\n\n<br>\n<\/p> <a class=\"button null color1 mdc-ripple-upgraded\" href=\"\/\/www.esa-sen2agri.org\" target=\"_self\" data-cp-link=\"1\" data-icon=\"\" rel=\"noopener noreferrer\">Sentinel-2 for Agriculture<\/a><a class=\"button null color1 mdc-ripple-upgraded\" href=\"\/\/esa-sen4cap.org\" target=\"_self\" data-cp-link=\"1\" data-icon=\"\" rel=\"noopener noreferrer\">Sen4CAP \u2013 Sentinels for Common Agriculture Policy<\/a><p class=\"\" style=\"text-align: left;\">\n<br>\n<br>P\u0159\u00edklad&nbsp;vyu\u017eit\u00ed:<span id=\"_mce_caret\" data-mce-bogus=\"1\" data-mce-type=\"format-caret\">\ufeff<\/span><\/p><\/div> <\/div><\/div> <\/div>\n\n\n<!-- wp:image {\"align\":\"left\",\"id\":964,\"sizeSlug\":\"medium\"}--><div class=\"gridContainer\">\n<div class=\"wp-block-image\"><figure class=\"alignleft size-medium\"><a href=\"https:\/\/copernicus.chmi.cz\/wp-content\/uploads\/2020\/07\/poji\u0161t\u011bn\u00ed-084736.png\"><img fetchpriority=\"high\" decoding=\"async\" width=\"300\" height=\"225\" src=\"https:\/\/copernicus.chmi.cz\/wp-content\/uploads\/2020\/07\/Agriculture-2020-07-15-102312-300x225.png\" alt=\"\" class=\"wp-image-964\" srcset=\"https:\/\/copernicus.chmi.cz\/wp-content\/uploads\/2020\/07\/Agriculture-2020-07-15-102312-300x225.png 300w, https:\/\/copernicus.chmi.cz\/wp-content\/uploads\/2020\/07\/Agriculture-2020-07-15-102312-768x575.png 768w, https:\/\/copernicus.chmi.cz\/wp-content\/uploads\/2020\/07\/Agriculture-2020-07-15-102312.png 960w\" sizes=\"(max-width: 300px) 100vw, 300px\" \/><\/a><figcaption>Dokument se zobraz\u00ed po kliknut\u00ed na obr\u00e1zek.<\/figcaption><\/figure><\/div>\n<\/div><!-- \/wp:image-->","protected":false},"excerpt":{"rendered":"","protected":false},"author":6,"featured_media":0,"parent":940,"menu_order":0,"comment_status":"closed","ping_status":"closed","template":"pro\/page-templates\/full-width-page.php","meta":{"footnotes":""},"class_list":["post-956","page","type-page","status-publish","hentry"],"_links":{"self":[{"href":"https:\/\/copernicus.chmi.cz\/index.php\/wp-json\/wp\/v2\/pages\/956","targetHints":{"allow":["GET"]}}],"collection":[{"href":"https:\/\/copernicus.chmi.cz\/index.php\/wp-json\/wp\/v2\/pages"}],"about":[{"href":"https:\/\/copernicus.chmi.cz\/index.php\/wp-json\/wp\/v2\/types\/page"}],"author":[{"embeddable":true,"href":"https:\/\/copernicus.chmi.cz\/index.php\/wp-json\/wp\/v2\/users\/6"}],"replies":[{"embeddable":true,"href":"https:\/\/copernicus.chmi.cz\/index.php\/wp-json\/wp\/v2\/comments?post=956"}],"version-history":[{"count":12,"href":"https:\/\/copernicus.chmi.cz\/index.php\/wp-json\/wp\/v2\/pages\/956\/revisions"}],"predecessor-version":[{"id":2250,"href":"https:\/\/copernicus.chmi.cz\/index.php\/wp-json\/wp\/v2\/pages\/956\/revisions\/2250"}],"up":[{"embeddable":true,"href":"https:\/\/copernicus.chmi.cz\/index.php\/wp-json\/wp\/v2\/pages\/940"}],"wp:attachment":[{"href":"https:\/\/copernicus.chmi.cz\/index.php\/wp-json\/wp\/v2\/media?parent=956"}],"curies":[{"name":"wp","href":"https:\/\/api.w.org\/{rel}","templated":true}]}}