

{"id":940,"date":"2020-07-14T14:37:38","date_gmt":"2020-07-14T12:37:38","guid":{"rendered":"https:\/\/copernicus.chmi.cz\/?page_id=940"},"modified":"2020-11-18T14:12:19","modified_gmt":"2020-11-18T13:12:19","slug":"oblasti-a-priklady-vyuziti","status":"publish","type":"page","link":"https:\/\/copernicus.chmi.cz\/index.php\/o-copernicu\/oblasti-a-priklady-vyuziti\/","title":{"rendered":"Oblasti a p\u0159\u00edklady vyu\u017eit\u00ed"},"content":{"rendered":"<div class=\"breadcrumbs align  wp-block-bcn-breadcrumb-trail has-text-color has-background\" vocab=\"https:\/\/schema.org\/\" typeof=\"BreadcrumbList\">\n\t<span><\/span>\n\t<span property=\"itemListElement\" typeof=\"ListItem\"><a property=\"item\" typeof=\"WebPage\" title=\"P\u0159ej\u00edt na Copernicus CR.\" href=\"https:\/\/copernicus.chmi.cz\" class=\"home\" ><span property=\"name\">Copernicus CR<\/span><\/a><meta property=\"position\" content=\"1\"><\/span> &gt; <span property=\"itemListElement\" typeof=\"ListItem\"><a property=\"item\" typeof=\"WebPage\" title=\"P\u0159ej\u00edt na Novinky.\" href=\"https:\/\/copernicus.chmi.cz\/index.php\/novinky\/\" class=\"post post-page\" ><span property=\"name\">Novinky<\/span><\/a><meta property=\"position\" content=\"2\"><\/span> &gt; <span property=\"itemListElement\" typeof=\"ListItem\"><a property=\"item\" typeof=\"WebPage\" title=\"P\u0159ej\u00edt na Blog.\" href=\"https:\/\/copernicus.chmi.cz\/index.php\/novinky\/blog\/\" class=\"post-root post post-post\" aria-current=\"page\"><span property=\"name\">Blog<\/span><\/a><meta property=\"position\" content=\"3\"><\/span><\/div>\n\n\n\n<div data-label=\"Content\" data-id=\"content--1\" data-export-id=\"content-5-materialis\" data-category=\"content\" class=\"content-5m content-section-spacing-large content-section dark-text\" id=\"content-1\" style=\"background-color: rgba(255, 255, 255, 0); background-image: none;\"><div class=\"gridContainer\"> <div class=\"row\"><div class=\"col-xs-12 col-sm-8 col-sm-offset-2 space-bottom text-center col-padding-small-xs\" data-type=\"column\"> <\/div> <div class=\"col-xs-12 text-center large\" data-type=\"column\"><h2 class=\"space-bottom\">Oblasti a p\u0159\u00edklady vyu\u017eit\u00ed<\/h2> <p class=\"lead\" style=\"text-align: justify;\">Z dat a informac\u00ed poskytovan\u00fdch programem Copernicus mohou v mnoha ohledech t\u011b\u017eit evrop\u0161t\u00ed ob\u010dan\u00e9 od tv\u016frc\u016f politik a v\u00fdzkumn\u00fdch pracovn\u00edk\u016f p\u0159es komer\u010dn\u00ed i soukrom\u00e9 u\u017eivatele a\u017e po sv\u011btovou v\u011bdeckou obec.<br>\nCopernicus toti\u017e podporuje celou \u0159adu aplikac\u00ed oblastech, kter\u00e9 potenci\u00e1ln\u011b ovliv\u0148uj\u00ed ka\u017edodenn\u00ed \u010dinnosti a provoz podnik\u016f a organizac\u00ed.<\/p> <\/div> <\/div><\/div> <\/div>\n\n\n\n<div data-label=\"Overlappable\" data-id=\"overlappable--2\" data-export-id=\"overlappable-5-materialis\" data-category=\"overlappable\" class=\"overlappable-5-materialis content-section content-section-spacing-large\" data-overlap=\"true\" id=\"overlappable-2\" style=\"background-color: rgb(255, 255, 255);\"><div class=\"gridContainer\"> <div data-type=\"row\" class=\"row spaced-cols center-sm content-center-sm\"><div class=\"col-xs-12 col-sm-6 col-md-3 \"> <div class=\"card mdc-elevation--z3 row-card\"><div class=\"row\"> <div class=\"col-xs-12 col-sm-fit icon-col\" data-fixed=\"true\"><i class=\"icon mdi mdi-barley reverse round large color1\"><\/i><\/div> <div class=\"col-xs-12 col-sm\" data-type=\"column\"><a class=\"button null mdc-ripple-upgraded mdc-elevation--z6 color1 outline\" href=\"https:\/\/copernicus.chmi.cz\/index.php\/zemedelstvi\" target=\"_self\" data-cp-link=\"1\" data-icon=\"\" rel=\"noopener noreferrer\">Zem\u011bd\u011blstv\u00ed<\/a> <\/div> <\/div><\/div> <\/div> <div class=\"col-xs-12 col-sm-6 col-md-3 \"> <div class=\"card mdc-elevation--z3 row-card\"> <div class=\"row\"> <div class=\"col-xs-12 col-sm-fit icon-col\" data-fixed=\"true\"> <i class=\"icon mdi mdi-water reverse round large color1\"><\/i><\/div> <div class=\"col-xs-12 col-sm\" data-type=\"column\"><a class=\"button null mdc-ripple-upgraded mdc-elevation--z6 color1 outline\" href=\"https:\/\/copernicus.chmi.cz\/index.php\/modra-ekonomika\" target=\"_self\" data-cp-link=\"1\" data-icon=\"\" rel=\"noopener noreferrer\">Modr\u00e1 ekonomika<\/a> <\/div> <\/div><\/div> <\/div> <div class=\"col-xs-12 col-sm-6 col-md-3\"> <div class=\"card mdc-elevation--z3 row-card\"><div class=\"row\"> <div class=\"col-xs-12 col-sm-fit icon-col\" data-fixed=\"true\"><i class=\"icon mdi mdi-thermometer-lines reverse round large color1\"><\/i><\/div> <div class=\"col-xs-12 col-sm\" data-type=\"column\"><a class=\"button null mdc-ripple-upgraded mdc-elevation--z6 color1 outline\" href=\"https:\/\/copernicus.chmi.cz\/index.php\/zmena-klimatu-a-zivotni-prostredi\" target=\"_self\" data-cp-link=\"1\" data-icon=\"\" rel=\"noopener noreferrer\">Zm\u011bna klimatu<\/a> <\/div> <\/div><\/div> <\/div><div class=\"col-xs-12 col-sm-6 col-md-3\"> <div class=\"card mdc-elevation--z3 row-card\"><div class=\"row\"> <div class=\"col-xs-12 col-sm-fit icon-col\" data-fixed=\"true\"><i class=\"icon mdi mdi-account-multiple reverse round large color1\"><\/i><\/div> <div class=\"col-xs-12 col-sm\" data-type=\"column\"><a class=\"button null mdc-ripple-upgraded mdc-elevation--z6 color1 outline\" href=\"https:\/\/copernicus.chmi.cz\/index.php\/spoluprace-a-rozvoj\" target=\"_self\" data-cp-link=\"1\" data-icon=\"\" rel=\"noopener noreferrer\">Spolupr\u00e1ce a rozvoj<\/a> <\/div> <\/div><\/div> <\/div><div class=\"col-xs-12 col-sm-6 col-md-3\"> <div class=\"card mdc-elevation--z3 row-card\"><div class=\"row\"> <div class=\"col-xs-12 col-sm-fit icon-col\" data-fixed=\"true\"><i class=\"icon mdi mdi-brightness-5 reverse round large color1\"><\/i><\/div> <div class=\"col-xs-12 col-sm\" data-type=\"column\"><a class=\"button null mdc-ripple-upgraded mdc-elevation--z6 color1 outline\" href=\"https:\/\/copernicus.chmi.cz\/index.php\/energetika-a-prirodni-zdroje\" target=\"_self\" data-cp-link=\"1\" data-icon=\"\" rel=\"noopener noreferrer\">Energetika<\/a> <\/div> <\/div><\/div> <\/div><div class=\"col-xs-12 col-sm-6 col-md-3\"> <div class=\"card mdc-elevation--z3 row-card\"><div class=\"row\"> <div class=\"col-xs-12 col-sm-fit icon-col\" data-fixed=\"true\"><i class=\"icon mdi mdi-heart-pulse reverse round large color1\"><\/i><\/div> <div class=\"col-xs-12 col-sm\" data-type=\"column\"><a class=\"button null mdc-ripple-upgraded mdc-elevation--z6 color1 outline\" href=\"https:\/\/copernicus.chmi.cz\/index.php\/zdravotnictvi\" target=\"_self\" data-cp-link=\"1\" data-icon=\"\" rel=\"noopener noreferrer\">Zdravotnictv\u00ed<\/a> <\/div> <\/div><\/div> <\/div><div class=\"col-xs-12 col-sm-6 col-md-3\"> <div class=\"card mdc-elevation--z3 row-card\"><div class=\"row\"> <div class=\"col-xs-12 col-sm-fit icon-col\" data-fixed=\"true\"><i class=\"icon mdi mdi-alert reverse round large color1\"><\/i><\/div> <div class=\"col-xs-12 col-sm\" data-type=\"column\"><a class=\"button null mdc-ripple-upgraded mdc-elevation--z6 color1 outline\" href=\"https:\/\/copernicus.chmi.cz\/index.php\/rizeni-katastrof\" target=\"_self\" data-cp-link=\"1\" data-icon=\"\" rel=\"noopener noreferrer\">\u0158\u00edzen\u00ed katastrof<\/a> <\/div> <\/div><\/div> <\/div><div class=\"col-xs-12 col-sm-6 col-md-3\"> <div class=\"card mdc-elevation--z3 row-card\"><div class=\"row\"> <div class=\"col-xs-12 col-sm-fit icon-col\" data-fixed=\"true\"><i class=\"icon mdi mdi-pine-tree reverse round large color1\"><\/i><\/div> <div class=\"col-xs-12 col-sm\" data-type=\"column\"><a class=\"button null mdc-ripple-upgraded mdc-elevation--z6 color1 outline\" href=\"https:\/\/copernicus.chmi.cz\/index.php\/lesnictvi\" target=\"_self\" data-cp-link=\"1\" data-icon=\"\" rel=\"noopener noreferrer\">Lesn\u00ed hospod\u00e1\u0159stv\u00ed<\/a> <\/div> <\/div><\/div> <\/div><div class=\"col-xs-12 col-sm-6 col-md-3\"> <div class=\"card mdc-elevation--z3 row-card\"><div class=\"row\"> <div class=\"col-xs-12 col-sm-fit icon-col\" data-fixed=\"true\"><i class=\"icon mdi mdi-shield-half-full reverse round large color1\"><\/i><\/div> <div class=\"col-xs-12 col-sm\" data-type=\"column\"><a class=\"button null mdc-ripple-upgraded mdc-elevation--z6 color1 outline\" href=\"https:\/\/copernicus.chmi.cz\/index.php\/bezpecnost-a-ochrana\" target=\"_self\" data-cp-link=\"1\" data-icon=\"\" rel=\"noopener noreferrer\">Bezpe\u010dnost a ochrana<\/a> <\/div> <\/div><\/div> <\/div><div class=\"col-xs-12 col-sm-6 col-md-3\"> <div class=\"card mdc-elevation--z3 row-card\"><div class=\"row\"> <div class=\"col-xs-12 col-sm-fit icon-col\" data-fixed=\"true\"><i class=\"icon mdi mdi-beach reverse round large color1\"><\/i><\/div> <div class=\"col-xs-12 col-sm\" data-type=\"column\"><a class=\"button null mdc-ripple-upgraded mdc-elevation--z6 color1 outline\" href=\"https:\/\/copernicus.chmi.cz\/index.php\/cestovni-ruch\" target=\"_self\" data-cp-link=\"1\" data-icon=\"\" rel=\"noopener noreferrer\">Cestovn\u00ed ruch<\/a> <\/div> <\/div><\/div> <\/div><div class=\"col-xs-12 col-sm-6 col-md-3\"> <div class=\"card mdc-elevation--z3 row-card\"><div class=\"row\"> <div class=\"col-xs-12 col-sm-fit icon-col\" data-fixed=\"true\"><i class=\"icon mdi mdi-train reverse round large color1\"><\/i><\/div> <div class=\"col-xs-12 col-sm\" data-type=\"column\"> <a class=\"button null mdc-ripple-upgraded mdc-elevation--z6 color1 outline\" href=\"https:\/\/copernicus.chmi.cz\/index.php\/doprava\" target=\"_self\" data-cp-link=\"1\" data-icon=\"\" rel=\"noopener noreferrer\">   Dopravn\u00ed infrastruktura   <\/a><\/div> <\/div><\/div> <\/div><div class=\"col-xs-12 col-sm-6 col-md-3\"> <div class=\"card mdc-elevation--z3 row-card\"><div class=\"row\"> <div class=\"col-xs-12 col-sm-fit icon-col\" data-fixed=\"true\"><i class=\"icon mdi mdi-home-variant reverse round large color1\"><\/i><\/div> <div class=\"col-xs-12 col-sm\" data-type=\"column\"><a class=\"button null mdc-ripple-upgraded mdc-elevation--z6 color1 outline\" href=\"https:\/\/copernicus.chmi.cz\/index.php\/uzemni-planovani-mest\" target=\"_self\" data-cp-link=\"1\" data-icon=\"\" rel=\"noopener noreferrer\">\u00dazemn\u00ed pl\u00e1nov\u00e1n\u00ed m\u011bst<\/a> <\/div> <\/div><\/div> <\/div><\/div> <\/div><\/div>\n\n\n<p><!-- CloudPress Companion Preview Data START --><\/p>","protected":false},"excerpt":{"rendered":"","protected":false},"author":6,"featured_media":0,"parent":15,"menu_order":0,"comment_status":"closed","ping_status":"closed","template":"pro\/page-templates\/full-width-page.php","meta":{"footnotes":""},"class_list":["post-940","page","type-page","status-publish","hentry"],"_links":{"self":[{"href":"https:\/\/copernicus.chmi.cz\/index.php\/wp-json\/wp\/v2\/pages\/940","targetHints":{"allow":["GET"]}}],"collection":[{"href":"https:\/\/copernicus.chmi.cz\/index.php\/wp-json\/wp\/v2\/pages"}],"about":[{"href":"https:\/\/copernicus.chmi.cz\/index.php\/wp-json\/wp\/v2\/types\/page"}],"author":[{"embeddable":true,"href":"https:\/\/copernicus.chmi.cz\/index.php\/wp-json\/wp\/v2\/users\/6"}],"replies":[{"embeddable":true,"href":"https:\/\/copernicus.chmi.cz\/index.php\/wp-json\/wp\/v2\/comments?post=940"}],"version-history":[{"count":16,"href":"https:\/\/copernicus.chmi.cz\/index.php\/wp-json\/wp\/v2\/pages\/940\/revisions"}],"predecessor-version":[{"id":2238,"href":"https:\/\/copernicus.chmi.cz\/index.php\/wp-json\/wp\/v2\/pages\/940\/revisions\/2238"}],"up":[{"embeddable":true,"href":"https:\/\/copernicus.chmi.cz\/index.php\/wp-json\/wp\/v2\/pages\/15"}],"wp:attachment":[{"href":"https:\/\/copernicus.chmi.cz\/index.php\/wp-json\/wp\/v2\/media?parent=940"}],"curies":[{"name":"wp","href":"https:\/\/api.w.org\/{rel}","templated":true}]}}