

{"id":909,"date":"2020-07-08T16:11:46","date_gmt":"2020-07-08T14:11:46","guid":{"rendered":"https:\/\/copernicus.chmi.cz\/?page_id=909"},"modified":"2023-10-18T11:37:13","modified_gmt":"2023-10-18T09:37:13","slug":"uzivatelske-a-konference-a-seminare","status":"publish","type":"page","link":"https:\/\/copernicus.chmi.cz\/index.php\/uzivatelske-a-konference-a-seminare\/","title":{"rendered":"U\u017eivatelsk\u00e9 konference a semin\u00e1\u0159e"},"content":{"rendered":"<!-- wp:extendstudio\/materialis--><div  id=\"features-1\" class=\"features-3m content-section content-section-spacing-large dark-text content-relative\" style=\"background-color: #ffffff;\" data-label=\"Features\" data-id=\"features--1\" data-export-id=\"features-3-materialis\" data-category=\"features\">\n<div  class=\"gridContainer\">\n<div  class=\"row middle-xs cols-separator-between content-left-sm\" data-type=\"row\">\n<div  class=\"col-sm-6 col-xs-12 col-padding-small space-bottom-xs col-md-12\" data-type=\"column\">\n<h2  class=\"\" style=\"text-align: center;\">Konference<\/h2>\n<p  class=\"\">N\u00e1rodn\u00ed sekretari\u00e1t GEO\/Copernicus po\u0159\u00e1d\u00e1 v r\u00e1mci sv\u00e9 osv\u011btov\u00e9 \u010dinnosti konference a semin\u00e1\u0159e pro u\u017eivatele z oblasti Copernicus a d\u00e1lkov\u00e9ho pr\u016fzkumu Zem\u011b.<\/p>\n\n<div  class=\"content-upper space-bottom\"><\/div>\n<h5  class=\"lead\"><span  style=\"font-weight: 500;\">\u010cesk\u00e9 u\u017eivatelsk\u00e9 f\u00f3rum Copernicus 2022<\/span><span  id=\"_mce_caret\" data-mce-bogus=\"1\" data-mce-type=\"format-caret\"><span  style=\"font-weight: 500;\">\ufeff<\/span><\/span><\/h5>\n<a class=\"button null mdc-ripple-upgraded color1 outline\" href=\"https:\/\/copernicus.chmi.cz\/index.php\/uzivatelske-a-konference-a-seminare\/ceske-uzivatelske-forum-2022\" target=\"_blank\" rel=\"noopener\" data-cp-link=\"1\" data-icon=\"\">V\u00edce informac\u00ed<\/a>\n\n<\/div>\n<div  class=\"col-sm-6 col-xs-12 col-padding-small space-bottom-xs col-md-12\" data-type=\"column\">\n<div  class=\"content-upper space-bottom\">\n<h5 >\u010cesk\u00e9 u\u017eivatelsk\u00e9 f\u00f3rum Copernicus 2021<\/h5>\n<\/div>\n<a class=\"button null mdc-ripple-upgraded mdc-elevation--z3 color1 outline\" href=\"https:\/\/copernicus.chmi.cz\/index.php\/ceske-uzivatelske-forum-2021\" target=\"_self\" rel=\"noopener noreferrer\" data-cp-link=\"1\" data-icon=\"\">Vice informac\u00ed<\/a>\n\n<\/div>\n<div  class=\"col-sm-6 col-xs-12 col-padding-small space-bottom-xs col-md-12\" data-type=\"column\">\n<div  class=\"content-upper space-bottom\">\n<h5 >8. \u010desk\u00e9 u\u017eivatelsk\u00e9 f\u00f3rum Copernicus (2019)<\/h5>\n<\/div>\n<a class=\"button null mdc-ripple-upgraded mdc-elevation--z3 color1 outline\" href=\"https:\/\/copernicus.chmi.cz\/index.php\/8-ceske-uzivatelske-forum-copernicus\" target=\"_self\" rel=\"noopener noreferrer\" data-cp-link=\"1\" data-icon=\"\">Vice informac\u00ed<\/a>\n\n<\/div>\n<div  class=\"col-sm-6 col-xs-12 col-padding-small space-bottom-xs col-md-12\" data-type=\"column\">\n<div  class=\"content-upper space-bottom\">\n<h5 >7. \u010desk\u00e9 u\u017eivatelsk\u00e9 f\u00f3rum Copernicus (2018)<\/h5>\n<\/div>\n<a class=\"button null mdc-ripple-upgraded mdc-elevation--z6 color1 outline\" href=\"https:\/\/copernicus.chmi.cz\/index.php\/7-ceske-uzivatelske-forum-copernicus\" target=\"_self\" rel=\"noopener noreferrer\" data-cp-link=\"1\" data-icon=\"\">V\u00edce informac\u00ed<\/a>\n\n<\/div>\n<div  class=\"col-sm-6 col-xs-12 col-padding-small space-bottom-xs col-md-12\" data-type=\"column\">\n<div  class=\"content-upper space-bottom\">\n<h5 >6. \u010desk\u00e9 u\u017eivatelsk\u00e9 f\u00f3rum Copernicus (2017)<\/h5>\n<\/div>\n<a class=\"button null mdc-ripple-upgraded color1 outline\" href=\"https:\/\/copernicus.chmi.cz\/index.php\/6-ceske-uzivatelske-forum-copernicus\" target=\"_self\" rel=\"noopener noreferrer\" data-cp-link=\"1\" data-icon=\"\">V\u00edce informac\u00ed<\/a>\n\n<\/div>\n<div  class=\"col-sm-6 col-xs-12 col-padding-small space-bottom-xs col-md-12\" data-type=\"column\">\n<div  class=\"content-upper space-bottom\">\n<h5 >5. \u010desk\u00e9 u\u017eivatelsk\u00e9 f\u00f3rum Copernicus (2016)<\/h5>\n<\/div>\n<a class=\"button null mdc-ripple-upgraded mdc-elevation--z3 color1 outline\" href=\"https:\/\/copernicus.chmi.cz\/index.php\/5-ceske-uzivatelske-forum-copernicus\" target=\"_self\" rel=\"noopener noreferrer\" data-cp-link=\"1\" data-icon=\"\">Vice informac\u00ed<\/a>\n\n<\/div>\n<div  class=\"col-sm-6 col-xs-12 col-padding-small space-bottom-xs col-md-12\" data-type=\"column\">\n<div  class=\"content-upper space-bottom\">\n<h5 >4. \u010desk\u00e9 u\u017eivatelsk\u00e9 f\u00f3rum Copernicus (2015)<\/h5>\n<\/div>\n<a class=\"button null mdc-ripple-upgraded mdc-elevation--z3 color1 outline\" href=\"https:\/\/copernicus.chmi.cz\/index.php\/4-ceske-uzivatelske-forum-copernicus\" target=\"_self\" rel=\"noopener noreferrer\" data-cp-link=\"1\" data-icon=\"\">Vice informac\u00ed<\/a>\n\n<\/div>\n<div  class=\"col-sm-6 col-xs-12 col-padding-small space-bottom-xs col-md-12\" data-type=\"column\">\n<div  class=\"content-upper space-bottom\">\n<h5 >3. \u010desk\u00e9 u\u017eivatelsk\u00e9 f\u00f3rum Copernicus (2014)<\/h5>\n<\/div>\n<a class=\"button null mdc-ripple-upgraded mdc-elevation--z3 color1 outline\" href=\"https:\/\/copernicus.chmi.cz\/index.php\/3-narodni-forum-uzivatelu-programu-copernicus\" target=\"_self\" rel=\"noopener noreferrer\" data-cp-link=\"1\" data-icon=\"\">Vice informac\u00ed<\/a>\n\n<\/div>\n<div  class=\"col-sm-6 col-xs-12 col-padding-small space-bottom-xs col-md-12\" data-type=\"column\">\n<div  class=\"content-upper space-bottom\">\n<h5 >2. \u010desk\u00e9 u\u017eivatelsk\u00e9 f\u00f3rum GMES\/Copernicus (2013)<\/h5>\n<\/div>\n<a class=\"button null mdc-ripple-upgraded mdc-elevation--z3 color1 outline\" href=\"https:\/\/copernicus.chmi.cz\/index.php\/2-narodni-uzivatelske-forum-gmes-copernicus\" target=\"_self\" rel=\"noopener noreferrer\" data-cp-link=\"1\" data-icon=\"\">Vice informac\u00ed<\/a>\n\n<\/div>\n<div  class=\"col-sm-6 col-xs-12 col-padding-small space-bottom-xs col-md-12\" data-type=\"column\">\n<div  class=\"content-upper space-bottom\">\n<h5 >1. \u010desk\u00e9 u\u017eivatelsk\u00e9 f\u00f3rum Copernicus (2012)<\/h5>\n<\/div>\n<a class=\"button null mdc-elevation--z3 color1 outline mdc-ripple-upgraded\" href=\"https:\/\/copernicus.chmi.cz\/index.php\/1-ceske-uzivatelske-forum-copernicus\" target=\"_self\" rel=\"noopener noreferrer\" data-cp-link=\"1\" data-icon=\"\">Vice informac\u00ed<\/a>\n\n<\/div>\n<\/div>\n<\/div>\n<\/div><!-- \/wp:extendstudio\/materialis--><!-- wp:extendstudio\/materialis--><div  id=\"features-2\" class=\"features-12 content-section content-section-spacing-large dark-text\" style=\"background-color: rgba(34, 138, 230, 0.055); background-image: none;\" data-label=\"Features\" data-id=\"features--2\" data-export-id=\"features-12\" data-category=\"features\">\n<div  class=\"gridContainer\">\n<div  class=\"row text-center\">\n<div  class=\"section-title-col\" data-type=\"column\">\n<h2  class=\"\">P\u0159ehled uspo\u0159\u00e1dan\u00fdch semin\u00e1\u0159\u016f<\/h2>\n<p  class=\"lead\">Vyu\u017eit\u00ed dru\u017eicov\u00fdch dat a datov\u00fdch slu\u017eeb programu Copernicus v kraj\u00edch \u010cR<\/p>\n\n<\/div>\n<\/div>\n<div  class=\"row spaced-cols\" data-type=\"row\">\n<div  class=\"col-xs-12 col-sm-6\">\n<div  class=\"row\">\n<div  class=\"col-xs-12 col-sm-fit icon-column no-padding\" data-fixed=\"true\"><\/div>\n<div  class=\"col-xs-12 col-sm\" data-type=\"column\">\n<h5  class=\"color1\">Mo\u017enosti vyu\u017eit\u00ed dat z d\u00e1lkov\u00e9ho pr\u016fzkumu Zem\u011b v zem\u011bd\u011blstv\u00ed<\/h5>\n<p  class=\"\">Osv\u011btov\u00fd semin\u00e1\u0159 programu Copernicus 15. 11. 2016<\/p>\n<a class=\"button null mdc-ripple-upgraded small color1 outline\" href=\"https:\/\/copernicus.chmi.cz\/index.php\/moznosti-vyuziti-dat-z-dalkoveho-pruzkumu-zeme-v-zemedelstvi\" target=\"_self\" rel=\"noopener noreferrer\" data-cp-link=\"1\" data-icon=\"\">V\u00edce informac\u00ed<\/a>\n\n<\/div>\n<\/div>\n<\/div>\n<div  class=\"col-xs-12 col-sm-6\">\n<div  class=\"row\">\n<div  class=\"col-xs-12 col-sm-fit icon-column no-padding\" data-fixed=\"true\"><\/div>\n<div  class=\"col-xs-12 col-sm\" data-type=\"column\">\n<h5  class=\"color1\">Mo\u017enosti vyu\u017eit\u00ed dat z d\u00e1lkov\u00e9ho pr\u016fzkumu Zem\u011b v \u00fazemn\u00edm rozvoji<\/h5>\n<p  class=\"\">Osv\u011btov\u00fd semin\u00e1\u0159 programu Copernicus 23. 6. 2016<\/p>\n<a class=\"button null mdc-ripple-upgraded small color1 outline\" href=\"https:\/\/copernicus.chmi.cz\/index.php\/moznosti-vyuziti-dat-z-dalkoveho-pruzkumu-zeme-v-uzemnim-rozvoji\" target=\"_self\" rel=\"noopener noreferrer\" data-cp-link=\"1\" data-icon=\"\">V\u00edce informac\u00ed<\/a>\n\n<\/div>\n<\/div>\n<\/div>\n<div  class=\"col-xs-12 col-sm-6\">\n<div  class=\"row\">\n<div  class=\"col-xs-12 col-sm-fit icon-column no-padding\" data-fixed=\"true\"><\/div>\n<div  class=\"col-xs-12 col-sm\" data-type=\"column\">\n<h5  class=\"color1\">Webin\u00e1\u0159 k projektu Mo\u017enosti vyu\u017eit\u00ed DPZ v rezortu M\u017dP<\/h5>\n<p  class=\"\">17. 12. 2020<\/p>\n<a class=\"button null mdc-ripple-upgraded small color1 outline\" href=\"https:\/\/copernicus.chmi.cz\/index.php\/narodni-sekretariat\/uzivatelske-a-konference-a-seminare\/webinar-k-projektu-moznosti-vyuziti-dpz-v-rezortu-mzp\" target=\"_self\" rel=\"noopener noreferrer\" data-cp-link=\"1\" data-icon=\"\">V\u00edce informac\u00ed<\/a>\n\n<\/div>\n<\/div>\n<\/div>\n<div  class=\"col-xs-12 col-sm-6\">\n<div  class=\"row\">\n<div  class=\"col-xs-12 col-sm-fit icon-column no-padding\" data-fixed=\"true\"><\/div>\n<div  class=\"col-xs-12 col-sm\" data-type=\"column\">\n<h5  class=\"color1\">Webin\u00e1\u0159 o slu\u017eb\u011b programu Copernicus pro monitorov\u00e1n\u00ed \u00fazem\u00ed<\/h5>\n<p  class=\"\">Osv\u011btov\u00fd webin\u00e1\u0159 programu Copernicus 24. 3. 2021<\/p>\n<a class=\"button null mdc-ripple-upgraded small color1 outline\" href=\"https:\/\/copernicus.chmi.cz\/index.php\/webinar-o-sluzbe-programu-copernicus-pro-monitorovani-uzemi\" target=\"_self\" rel=\"noopener noreferrer\" data-cp-link=\"1\" data-icon=\"\">V\u00edce informac\u00ed<\/a>\n\n<\/div>\n<\/div>\n<\/div>\n<div  class=\"col-xs-12 col-sm-6\">\n<div  class=\"row\">\n<div  class=\"col-xs-12 col-sm-fit icon-column no-padding\" data-fixed=\"true\"><\/div>\n<div  class=\"col-xs-12 col-sm\" data-type=\"column\">\n<h5  class=\"color1\">Webin\u00e1\u0159 o slu\u017eb\u011b programu Copernicus pro monitorov\u00e1n\u00ed atmosf\u00e9ry<\/h5>\n<p  class=\"\">Osv\u011btov\u00fd webin\u00e1\u0159 programu Copernicus 13. 5. 2021<\/p>\n<a class=\"button null mdc-ripple-upgraded small color1 outline\" href=\"https:\/\/copernicus.chmi.cz\/index.php\/webinar-o-sluzbe-programu-copernicus-pro-monitorovani-atmosfery\" target=\"_self\" rel=\"noopener noreferrer\" data-cp-link=\"1\" data-icon=\"\">V\u00edce informac\u00ed<\/a>\n\n<\/div>\n<\/div>\n<\/div>\n<div  class=\"col-xs-12 col-sm-6\">\n<div  class=\"row\">\n<div  class=\"col-xs-12 col-sm-fit icon-column no-padding\" data-fixed=\"true\"><\/div>\n<div  class=\"col-xs-12 col-sm\" data-type=\"column\">\n<h5  class=\"color1\">Semin\u00e1\u0159 k oslav\u011b 25 let programu Copernicus<\/h5>\n<p  class=\"\">Osv\u011btov\u00fd semin\u00e1\u0159 programu Copernicus 6. 6. 2023<\/p>\n<a class=\"button null mdc-ripple-upgraded small color1 outline\" href=\"https:\/\/copernicus.chmi.cz\/index.php\/narodni-sekretariat\/uzivatelsky-seminar-2023-oslava-25-let-programu\" target=\"_self\" rel=\"noopener noreferrer\" data-cp-link=\"1\" data-icon=\"\">V\u00edce informac\u00ed<\/a>\n\n<\/div>\n<\/div>\n<\/div>\n<\/div>\n<\/div>\n<\/div><!-- \/wp:extendstudio\/materialis-->","protected":false},"excerpt":{"rendered":"<p>Konference N\u00e1rodn\u00ed sekretari\u00e1t GEO\/Copernicus po\u0159\u00e1d\u00e1 v r\u00e1mci sv\u00e9 osv\u011btov\u00e9 \u010dinnosti konference a semin\u00e1\u0159e pro u\u017eivatele z oblasti Copernicus a d\u00e1lkov\u00e9ho pr\u016fzkumu Zem\u011b. \u010cesk\u00e9 u\u017eivatelsk\u00e9 f\u00f3rum Copernicus 2022\ufeff V\u00edce informac\u00ed \u010cesk\u00e9&nbsp;&hellip;<\/p>\n","protected":false},"author":6,"featured_media":0,"parent":0,"menu_order":0,"comment_status":"closed","ping_status":"closed","template":"pro\/page-templates\/full-width-page.php","meta":{"footnotes":""},"class_list":["post-909","page","type-page","status-publish","hentry"],"_links":{"self":[{"href":"https:\/\/copernicus.chmi.cz\/index.php\/wp-json\/wp\/v2\/pages\/909","targetHints":{"allow":["GET"]}}],"collection":[{"href":"https:\/\/copernicus.chmi.cz\/index.php\/wp-json\/wp\/v2\/pages"}],"about":[{"href":"https:\/\/copernicus.chmi.cz\/index.php\/wp-json\/wp\/v2\/types\/page"}],"author":[{"embeddable":true,"href":"https:\/\/copernicus.chmi.cz\/index.php\/wp-json\/wp\/v2\/users\/6"}],"replies":[{"embeddable":true,"href":"https:\/\/copernicus.chmi.cz\/index.php\/wp-json\/wp\/v2\/comments?post=909"}],"version-history":[{"count":39,"href":"https:\/\/copernicus.chmi.cz\/index.php\/wp-json\/wp\/v2\/pages\/909\/revisions"}],"predecessor-version":[{"id":4750,"href":"https:\/\/copernicus.chmi.cz\/index.php\/wp-json\/wp\/v2\/pages\/909\/revisions\/4750"}],"wp:attachment":[{"href":"https:\/\/copernicus.chmi.cz\/index.php\/wp-json\/wp\/v2\/media?parent=909"}],"curies":[{"name":"wp","href":"https:\/\/api.w.org\/{rel}","templated":true}]}}