

{"id":863,"date":"2020-07-08T09:26:16","date_gmt":"2020-07-08T07:26:16","guid":{"rendered":"https:\/\/copernicus.chmi.cz\/?page_id=863"},"modified":"2023-03-22T08:50:35","modified_gmt":"2023-03-22T07:50:35","slug":"dokumenty","status":"publish","type":"page","link":"https:\/\/copernicus.chmi.cz\/index.php\/narodni-sekretariat\/dokumenty\/","title":{"rendered":"Strategick\u00e9 dokumenty"},"content":{"rendered":"<div class=\"breadcrumbs align  wp-block-bcn-breadcrumb-trail has-text-color has-background\" vocab=\"https:\/\/schema.org\/\" typeof=\"BreadcrumbList\">\n\t<span><\/span>\n\t<span property=\"itemListElement\" typeof=\"ListItem\"><a property=\"item\" typeof=\"WebPage\" title=\"P\u0159ej\u00edt na Copernicus CR.\" href=\"https:\/\/copernicus.chmi.cz\" class=\"home\" ><span property=\"name\">Copernicus CR<\/span><\/a><meta property=\"position\" content=\"1\"><\/span> &gt; <span property=\"itemListElement\" typeof=\"ListItem\"><a property=\"item\" typeof=\"WebPage\" title=\"P\u0159ej\u00edt na Novinky.\" href=\"https:\/\/copernicus.chmi.cz\/index.php\/novinky\/\" class=\"post post-page\" ><span property=\"name\">Novinky<\/span><\/a><meta property=\"position\" content=\"2\"><\/span> &gt; <span property=\"itemListElement\" typeof=\"ListItem\"><a property=\"item\" typeof=\"WebPage\" title=\"P\u0159ej\u00edt na Blog.\" href=\"https:\/\/copernicus.chmi.cz\/index.php\/novinky\/blog\/\" class=\"post-root post post-post\" aria-current=\"page\"><span property=\"name\">Blog<\/span><\/a><meta property=\"position\" content=\"3\"><\/span><\/div>\n\n\n\n<div data-label=\"Features\" data-id=\"features--1\" data-export-id=\"features-12-card-bordered\" data-category=\"features\" class=\"features-12-card-bordered content-section content-section-spacing-large section-title-col-dark-text\" id=\"features-1\" style=\"background-color: rgb(255, 255, 255);\"><div class=\"gridContainer\"> <div class=\"row text-center\"><div class=\"section-title-col\" data-type=\"column\"> <h2 class=\"\">N\u00e1rodn\u00ed dokumenty<\/h2> <p class=\"lead\" style=\"text-align: center;\">Vl\u00e1da \u010cesk\u00e9 republiky ve sv\u00e9m usnesen\u00ed \u010d. 1469 z 20. prosince 2006 vyj\u00e1d\u0159ila souhlas s \u00fa\u010dast\u00ed \u010cR v programu GMES\/Copernicus a se zapojen\u00edm \u010cR do budov\u00e1n\u00ed integrovan\u00e9ho a udr\u017eiteln\u00e9ho Glob\u00e1ln\u00edho pozorovac\u00edmu syst\u00e9mu Zem\u011b GEOSS.<\/p><\/div> <\/div> <div class=\"row spaced-cols\" data-type=\"row\"> <div class=\"col-xs-12 col-sm-6 col-md-6 \"> <div class=\"card mdc-elevation--z3 row-card bordered y-move\"> <div class=\"row\"> <div class=\"col-xs-12 col-sm-fit icon-column\" data-fixed=\"true\"> <i class=\"mdi icon mdi-file-document bordered round normal-size color1\"><\/i> <\/div> <div class=\"col-xs-12 col-sm\" data-type=\"column\"> <h5 class=\"color1\">USNESEN\u00cd VL\u00c1DY \u010cESK\u00c9 REPUBLIKY \u010d. 62 ze dne 20. ledna 2020<\/h5> <a class=\"button null color1 mdc-ripple-upgraded\" href=\"\/\/copernicus.chmi.cz\/wp-content\/uploads\/2020\/07\/Usnesen\u00ed2020.pdf\" target=\"_self\" data-cp-link=\"1\" data-icon=\"\" rel=\"noopener noreferrer\">Dokument<\/a><\/div> <\/div><\/div> <\/div>  <div class=\"col-xs-12 col-sm-6 col-md-6 \"> <div class=\"card mdc-elevation--z3 row-card bordered y-move\"> <div class=\"row\"> <div class=\"col-xs-12 col-sm-fit icon-column\" data-fixed=\"true\"> <i class=\"mdi icon mdi-file-document bordered round normal-size color1\"><\/i> <\/div> <div class=\"col-xs-12 col-sm\" data-type=\"column\"> <h5 class=\"color1\">USNESEN\u00cd VL\u00c1DY \u010cESK\u00c9 REPUBLIKY \u010d. 303 ze dne 19. dubna 2017<\/h5> <a class=\"button null color1 mdc-ripple-upgraded\" href=\"\/\/copernicus.chmi.cz\/wp-content\/uploads\/2020\/07\/usnesen\u00ed-303.pdf\" target=\"_self\" data-cp-link=\"1\" data-icon=\"\" rel=\"noopener noreferrer\">Dokument<\/a><\/div> <\/div><\/div> <\/div> <div class=\"col-xs-12 col-sm-6 col-md-6 \"> <div class=\"card mdc-elevation--z3 row-card bordered y-move\"> <div class=\"row\"> <div class=\"col-xs-12 col-sm-fit icon-column\" data-fixed=\"true\"> <i class=\"mdi icon mdi-file-document bordered round normal-size color1\"><\/i> <\/div> <div class=\"col-xs-12 col-sm\" data-type=\"column\"> <h5 class=\"color1\">USNESEN\u00cd VL\u00c1DY \u010cESK\u00c9 REPUBLIKY \u010d. 103 ze dne 19. \u00fanora 2014<\/h5> <a class=\"button null color1 mdc-ripple-upgraded\" href=\"\/\/copernicus.chmi.cz\/wp-content\/uploads\/2020\/07\/usnesen\u00ed2014.pdf\" target=\"_self\" data-cp-link=\"1\" data-icon=\"\" rel=\"noopener noreferrer\">Dokument<\/a><\/div> <\/div><\/div> <\/div><div class=\"col-xs-12 col-sm-6 col-md-6 \"> <div class=\"card mdc-elevation--z3 row-card bordered y-move\"> <div class=\"row\"> <div class=\"col-xs-12 col-sm-fit icon-column\" data-fixed=\"true\"> <i class=\"mdi icon mdi-file-document bordered round normal-size color1\"><\/i> <\/div> <div class=\"col-xs-12 col-sm\" data-type=\"column\"> <h5 class=\"color1\">STATUT N\u00e1rodn\u00edho sekretari\u00e1tu GEO\/Copernicus\n\n<br>\n\n<\/h5> <a class=\"button null color1 mdc-ripple-upgraded\" href=\"https:\/\/copernicus.chmi.cz\/wp-content\/uploads\/2020\/07\/Statut-N\u00e1rodn\u00edho-sekretari\u00e1tu-GEO_Copernicus.pdf\" target=\"_self\" data-cp-link=\"1\" data-icon=\"\" rel=\"noopener noreferrer\">Dokument<\/a><\/div> <\/div><\/div> <\/div><div class=\"col-xs-12 col-sm-6 col-md-6 \"> <div class=\"card mdc-elevation--z3 row-card bordered y-move\"> <div class=\"row\"> <div class=\"col-xs-12 col-sm-fit icon-column\" data-fixed=\"true\"> <i class=\"mdi icon mdi-file-document bordered round normal-size color1\"><\/i> <\/div> <div class=\"col-xs-12 col-sm\" data-type=\"column\"> <h5 class=\"color1\">P\u0158\u00cdKAZ \u010d. 11\/2014 ministra \u017eivotn\u00edho prost\u0159ed\u00ed&nbsp;<\/h5> <a class=\"button null mdc-ripple-upgraded color1\" href=\"https:\/\/copernicus.chmi.cz\/wp-content\/uploads\/2020\/07\/Prikaz_11_2014_Zrizeni_NSGC_20140424.pdf\" target=\"_self\" data-cp-link=\"1\" data-icon=\"\" rel=\"noopener noreferrer\">Dokument<\/a><\/div> <\/div><\/div> <\/div><div class=\"col-xs-12 col-sm-6 col-md-6 \"> <div class=\"card mdc-elevation--z3 row-card bordered y-move\"> <div class=\"row\"> <div class=\"col-xs-12 col-sm-fit icon-column\" data-fixed=\"true\"> <i class=\"mdi icon mdi-file-document bordered round normal-size color1\"><\/i> <\/div> <div class=\"col-xs-12 col-sm\" data-type=\"column\"> <h5 class=\"color1\">P\u0158\u00cdKAZ \u010d. 18\/2010 ministryn\u011b \u017eivotn\u00edho prost\u0159ed\u00ed<\/h5> <a class=\"button null mdc-ripple-upgraded color1\" href=\"https:\/\/copernicus.chmi.cz\/wp-content\/uploads\/2020\/07\/Prikaz_18_2010_Zrizeni_NSGG_20100709.pdf\" target=\"_self\" data-cp-link=\"1\" data-icon=\"\" rel=\"noopener noreferrer\">Dokument<\/a><\/div> <\/div><\/div> <\/div><div class=\"col-xs-12 col-sm-6 col-md-6 \"> <div class=\"card mdc-elevation--z3 row-card bordered y-move\"> <div class=\"row\"> <div class=\"col-xs-12 col-sm-fit icon-column\" data-fixed=\"true\"> <i class=\"mdi icon mdi-file-document bordered round normal-size color1\"><\/i> <\/div> <div class=\"col-xs-12 col-sm\" data-type=\"column\"> <h5 class=\"color1\">STATUT N\u00e1rodn\u00edho sekretari\u00e1tu GEOSS\/GMES\n<br>\n<\/h5> <a class=\"button null mdc-ripple-upgraded color1\" href=\"https:\/\/copernicus.chmi.cz\/wp-content\/uploads\/2020\/07\/Statut_NS_priloha_k_prikazu_18_2010.pdf\" target=\"_self\" data-cp-link=\"1\" data-icon=\"\" rel=\"noopener noreferrer\">Dokument<\/a><\/div> <\/div><\/div> <\/div><div class=\"col-xs-12 col-sm-6 col-md-6 \"> <div class=\"card mdc-elevation--z3 row-card bordered y-move\"> <div class=\"row\"> <div class=\"col-xs-12 col-sm-fit icon-column\" data-fixed=\"true\"> <i class=\"mdi icon mdi-file-document bordered round normal-size color1\"><\/i> <\/div> <div class=\"col-xs-12 col-sm\" data-type=\"column\"> <h5 class=\"color1\">USNESEN\u00cd VL\u00c1DY \u010cESK\u00c9 REPUBLIKY \u010d. 863 ze dne 1. prosince 2010&nbsp;<\/h5> <a class=\"button null color1 mdc-ripple-upgraded\" href=\"\/\/copernicus.chmi.cz\/wp-content\/uploads\/2020\/07\/Usnesen\u00ed2020.pdf\" target=\"_self\" data-cp-link=\"1\" data-icon=\"\" rel=\"noopener noreferrer\">Dokument<\/a><\/div> <\/div><\/div> <\/div><div class=\"col-xs-12 col-sm-6 col-md-6 \"> <div class=\"card mdc-elevation--z3 row-card bordered y-move\"> <div class=\"row\"> <div class=\"col-xs-12 col-sm-fit icon-column\" data-fixed=\"true\"> <i class=\"mdi icon mdi-file-document bordered round normal-size color1\"><\/i> <\/div> <div class=\"col-xs-12 col-sm\" data-type=\"column\"> <h5 class=\"color1\">USNESEN\u00cd VL\u00c1DY \u010cESK\u00c9 REPUBLIKY \u010d. 229 ze dne 2. b\u0159ezna 2009<\/h5> <a class=\"button null mdc-ripple-upgraded color1\" href=\"https:\/\/copernicus.chmi.cz\/wp-content\/uploads\/2020\/07\/Usneseni_vlady_CR_229_20090302.pdf\" target=\"_self\" data-cp-link=\"1\" data-icon=\"\" rel=\"noopener noreferrer\">Dokument<\/a><\/div> <\/div><\/div> <\/div><div class=\"col-xs-12 col-sm-6 col-md-6\"> <div class=\"card mdc-elevation--z3 row-card bordered y-move\"> <div class=\"row\"> <div class=\"col-xs-12 col-sm-fit icon-column\" data-fixed=\"true\"> <i class=\"mdi icon mdi-file-document bordered round normal-size color1\"><\/i> <\/div> <div class=\"col-xs-12 col-sm\" data-type=\"column\"> <h5 class=\"color1\">USNESEN\u00cd VL\u00c1DY \u010cESK\u00c9 REPUBLIKY&nbsp;\u010d. 1469 ze dne 20. prosince 2006<\/h5> <a class=\"button null mdc-ripple-upgraded color1\" href=\"https:\/\/copernicus.chmi.cz\/wp-content\/uploads\/2020\/07\/Usneseni_vlady_CR_1469_20061220.pdf\" target=\"_self\" data-cp-link=\"1\" data-icon=\"\" rel=\"noopener noreferrer\">Dokument<\/a><\/div> <\/div><\/div> <\/div><\/div> <\/div><\/div>\n\n\n\n<div data-label=\"Features\" data-id=\"features--2\" data-export-id=\"features-12-card-bordered\" data-category=\"features\" class=\"features-12-card-bordered content-section content-section-spacing-large section-title-col-dark-text\" id=\"features-2\" style=\"background-color: rgb(245, 250, 253);\"><div class=\"gridContainer\"> <div class=\"row text-center\"><div class=\"section-title-col\" data-type=\"column\"> <h2 class=\"\">Mezin\u00e1rodn\u00ed dokumenty<\/h2> <p class=\"lead\">Program Copernicus byl z\u0159\u00edzen jako n\u00e1stupce programu GMES Na\u0159\u00edzen\u00edm Evropsk\u00e9ho parlamentu a Rady \u010d. 377\/2014. Toto na\u0159\u00edzen\u00ed nastavuje principy \u0159\u00edzen\u00ed programu, resp. delegace pravomoc\u00ed, definuje z\u00e1kladn\u00ed komponenty programu a stanovuje maxim\u00e1ln\u00ed v\u00fd\u0161i financov\u00e1n\u00ed programu Copernicus pro obdob\u00ed 2014 a\u017e 2020.<\/p><\/div> <\/div> <div class=\"row spaced-cols\" data-type=\"row\"> <div class=\"col-xs-12 col-sm-6\"> <div class=\"card mdc-elevation--z3 row-card bordered y-move\"> <div class=\"row\"> <div class=\"col-xs-12 col-sm-fit icon-column\" data-fixed=\"true\"> <i class=\"mdi icon mdi-file-document bordered round normal-size color1\"><\/i> <\/div> <div class=\"col-xs-12 col-sm\" data-type=\"column\"> <h5 class=\"color1\">NA\u0158\u00cdZEN\u00cd EVROPSK\u00c9HO PARLAMENTU A RADY (EU) \u010d. 377\/2014 ze dne 3. dubna 2014<\/h5> <a class=\"button null color1 mdc-ripple-upgraded\" href=\"\/\/copernicus.chmi.cz\/wp-content\/uploads\/2020\/07\/Na\u0159\u00edzen\u00ed-377_2014-zav\u00e1d\u011bj\u00edc\u00ed-program-Copernicus.pdf\" target=\"_self\" data-cp-link=\"1\" data-icon=\"\" rel=\"noopener noreferrer\">Dokument<\/a><\/div> <\/div><\/div> <\/div> <div class=\"col-xs-12 col-sm-6\"> <div class=\"card mdc-elevation--z3 row-card bordered y-move\"> <div class=\"row\"> <div class=\"col-xs-12 col-sm-fit icon-column\" data-fixed=\"true\"> <i class=\"mdi icon mdi-file-document bordered round normal-size color1\"><\/i> <\/div> <div class=\"col-xs-12 col-sm\" data-type=\"column\"> <h5 class=\"color1\">NA\u0158\u00cdZEN\u00cd EVROPSK\u00c9HO PARLAMENTU A RADY (EU) \u010d. 911\/2010 ze dne 22. z\u00e1\u0159\u00ed 2010<\/h5> <a class=\"button null color1 mdc-ripple-upgraded\" href=\"\/\/copernicus.chmi.cz\/wp-content\/uploads\/2020\/07\/Narizeni-911_2010-o-GMES-a-jeho-pocatecnich-provoznich-cinnostech-1.pdf\" target=\"_self\" data-cp-link=\"1\" data-icon=\"\" rel=\"noopener noreferrer\">Dokument<\/a><\/div> <\/div><\/div> <\/div> <div class=\"col-xs-12 col-sm-6\"> <div class=\"card mdc-elevation--z3 row-card bordered y-move\"> <div class=\"row\"> <div class=\"col-xs-12 col-sm-fit icon-column\" data-fixed=\"true\"> <i class=\"mdi icon mdi-file-document bordered round normal-size color1\"><\/i> <\/div> <div class=\"col-xs-12 col-sm\" data-type=\"column\"> <h5 class=\"color1\">SD\u011aLEN\u00cd KOMISE RAD\u011a, EVROPSK\u00c9MU PARLAMENTU, EVROPSK\u00c9MU HOSPOD\u00c1\u0158SK\u00c9MU A SOCI\u00c1LN\u00cdMU V\u00ddBORU A V\u00ddBORU REGION\u016e (748)<\/h5> <a class=\"button null color1 mdc-ripple-upgraded\" href=\"\/\/copernicus.chmi.cz\/wp-content\/uploads\/2020\/07\/Sd\u011blen\u00ed-EK-db\u00e1me-o-bezpe\u010dn\u011bj\u0161\u00ed-planetu.pdf\" target=\"_self\" data-cp-link=\"1\" data-icon=\"\" rel=\"noopener noreferrer\">Dokument<\/a><\/div> <\/div><\/div> <\/div> <div class=\"col-xs-12 col-sm-6\"> <div class=\"card mdc-elevation--z3 row-card bordered y-move\"> <div class=\"row\"> <div class=\"col-xs-12 col-sm-fit icon-column\" data-fixed=\"true\"> <i class=\"mdi icon mdi-database round bordered color1\"><\/i> <\/div> <div class=\"col-xs-12 col-sm\" data-type=\"column\"> <h5 class=\"color1\">SD\u011aLEN\u00cd KOMISE RAD\u011a A EVROPSK\u00c9MU PARLAMENTU (212) Evropsk\u00e1 vesm\u00edrn\u00e1 politika\n<br>\n\n<\/h5> <a class=\"button null color1 mdc-ripple-upgraded\" href=\"\/\/copernicus.chmi.cz\/wp-content\/uploads\/2020\/07\/Sd\u011blen\u00ed-EK-db\u00e1me-o-bezpe\u010dn\u011bj\u0161\u00ed-planetu-1.pdf\" target=\"_self\" data-cp-link=\"1\" data-icon=\"\" rel=\"noopener noreferrer\">Dokument<\/a><\/div> <\/div><\/div> <\/div><\/div> <\/div><\/div>\n","protected":false},"excerpt":{"rendered":"","protected":false},"author":6,"featured_media":0,"parent":20,"menu_order":0,"comment_status":"closed","ping_status":"closed","template":"pro\/page-templates\/full-width-page.php","meta":{"footnotes":""},"class_list":["post-863","page","type-page","status-publish","hentry"],"_links":{"self":[{"href":"https:\/\/copernicus.chmi.cz\/index.php\/wp-json\/wp\/v2\/pages\/863","targetHints":{"allow":["GET"]}}],"collection":[{"href":"https:\/\/copernicus.chmi.cz\/index.php\/wp-json\/wp\/v2\/pages"}],"about":[{"href":"https:\/\/copernicus.chmi.cz\/index.php\/wp-json\/wp\/v2\/types\/page"}],"author":[{"embeddable":true,"href":"https:\/\/copernicus.chmi.cz\/index.php\/wp-json\/wp\/v2\/users\/6"}],"replies":[{"embeddable":true,"href":"https:\/\/copernicus.chmi.cz\/index.php\/wp-json\/wp\/v2\/comments?post=863"}],"version-history":[{"count":16,"href":"https:\/\/copernicus.chmi.cz\/index.php\/wp-json\/wp\/v2\/pages\/863\/revisions"}],"predecessor-version":[{"id":2209,"href":"https:\/\/copernicus.chmi.cz\/index.php\/wp-json\/wp\/v2\/pages\/863\/revisions\/2209"}],"up":[{"embeddable":true,"href":"https:\/\/copernicus.chmi.cz\/index.php\/wp-json\/wp\/v2\/pages\/20"}],"wp:attachment":[{"href":"https:\/\/copernicus.chmi.cz\/index.php\/wp-json\/wp\/v2\/media?parent=863"}],"curies":[{"name":"wp","href":"https:\/\/api.w.org\/{rel}","templated":true}]}}