

{"id":807,"date":"2020-07-01T14:52:49","date_gmt":"2020-07-01T12:52:49","guid":{"rendered":"https:\/\/copernicus.chmi.cz\/?page_id=807"},"modified":"2022-04-01T14:50:38","modified_gmt":"2022-04-01T12:50:38","slug":"prilezitosti-2","status":"publish","type":"page","link":"https:\/\/copernicus.chmi.cz\/index.php\/prilezitosti-2\/","title":{"rendered":"P\u0159\u00edle\u017eitosti"},"content":{"rendered":"<div  data-label=\"Content\" data-id=\"content--1\" data-export-id=\"content-6-materialis\" data-category=\"content\" class=\"content-6m content-section-spacing-large content-section dark-text\" id=\"content-1\" style=\"background-color: rgb(255, 255, 255);\"><div  class=\"gridContainer\"> <div  class=\"row\"><div  class=\"section-title-col large\" data-type=\"column\"> <h2  class=\"space-bottom\">Pro za\u010d\u00ednaj\u00edc\u00ed podniky<\/h2> <p  class=\"lead\" style=\"text-align: justify;\"><a href=\"https:\/\/copernicus.chmi.cz\/wp-content\/uploads\/2020\/07\/Copernicus_StartUp_24012018.pdf\" target=\"_blank\" data-mce-selected=\"inline-boundary\" rel=\"noopener noreferrer\" class=\"\">Startupov\u00fd program Copernicus<\/a>&nbsp;je navr\u017een tak, aby podporoval vytv\u00e1\u0159en\u00ed a r\u016fst za\u010d\u00ednaj\u00edc\u00edch podnik\u016f v navazuj\u00edc\u00edch odv\u011btv\u00edch a doprov\u00e1zel tyto podniky od vzniku podnikatelsk\u00e9ho z\u00e1m\u011bru a\u017e po jeho \u00faplnou komercializaci. Program se skl\u00e1d\u00e1 ze \u010dty\u0159 slo\u017eek: Copernicus masters, Copernicus hackatons, Copernicus incubation, Copernicus Accelerator.<\/p><\/div> <\/div> <div  class=\"row\"> <div  class=\"col-xs-12 col-sm-8 col-sm-offset-2 space-bottom text-center\" data-type=\"column\"> <\/div> <div  class=\"col-xs-12 space-top text-center\" data-type=\"column\"><\/div> <\/div><\/div> <\/div><div  data-label=\"CopMasters\" data-id=\"content--3\" data-export-id=\"content-5-materialis\" data-category=\"content\" class=\"content-5m content-section-spacing-large content-section dark-text\" id=\"copmasters\" style=\"background-color: rgba(255, 255, 255, 0); background-image: none;\"><div  class=\"gridContainer\"> <div  class=\"row\"><div  class=\"col-xs-12 col-sm-8 col-sm-offset-2 space-bottom text-center col-padding-small-xs\" data-type=\"column\"> <img decoding=\"async\"  class=\"rounded mdc-elevation--z0\" src=\"https:\/\/copernicus.chmi.cz\/wp-content\/uploads\/2020\/06\/masters_logo.png\"><\/div> <div  class=\"col-xs-12 text-center large\" data-type=\"column\"> <p  class=\"lead\" style=\"text-align: justify;\">Copernicus Masters je presti\u017en\u00ed mezin\u00e1rodn\u00ed sout\u011b\u017e v oblasti pozorov\u00e1n\u00ed Zem\u011b. V sout\u011b\u017ei jsou ud\u011blov\u00e1ny ceny za aplikace a n\u00e1pady, kter\u00e9 vyu\u017e\u00edvaj\u00ed data programu Copernicus k boji proti z\u00e1sadn\u00edm environment\u00e1ln\u00edm a spole\u010densk\u00fdm v\u00fdzv\u00e1m.\n<br ><br >Sout\u011b\u017e\u00edc\u00ed se mohou zapojit do 9 v\u00fdzev, kter\u00e9 jsou po\u0159\u00e1d\u00e1ny jednotliv\u00fdmi partnery sout\u011b\u017ee, a tak\u00e9 sout\u011b\u017eit o Copernicus Prizes. Partnersk\u00e9 v\u00fdzvy programu Copernicus Masters se zam\u011b\u0159uj\u00ed na konkr\u00e9tn\u00ed t\u00e9mata. Copernicus Prizes naproti tomu nejsou tematicky vymezen\u00e9 a spolufinancuje je Evropsk\u00e1 komise. Copernicus Prizes jsou organizov\u00e1ny p\u0159edev\u0161\u00edm jednotliv\u00fdmi regiony, \u010dlensk\u00fdmi st\u00e1ty nebo institucemi.&nbsp;<br ><br >\nV \u010cesk\u00e9 republice je sout\u011b\u017e podporov\u00e1na spole\u010dnost\u00ed CzechInvest. V roce 2018 v sout\u011b\u017ei usp\u011bly \u010desk\u00e9 start-upy World from Space a MapTiler. Ob\u011b firmy pom\u00e1h\u00e1 rozv\u00edjet agentura CzechInvest v r\u00e1mci kosmick\u00e9ho inkub\u00e1toru ESA BIC Prague.<\/p> <a class=\"button mdc-ripple-upgraded big mdc-elevation--z3 color1\" href=\"https:\/\/copernicus-masters.com\" target=\"_blank\" data-cp-link=\"1\" data-icon=\"\" rel=\"noopener noreferrer\">V\u00edce informac\u00ed<\/a><\/div> <\/div><\/div> <\/div><div  data-label=\"CopHackatons\" data-id=\"content--5\" data-export-id=\"content-5-materialis\" data-category=\"content\" class=\"content-5m content-section-spacing-large content-section dark-text\" id=\"cophackatons-1\" style=\"background-color: rgba(46, 134, 211, 0.08); background-image: none;\"><div  class=\"gridContainer\"> <div  class=\"row\"><div  class=\"col-xs-12 col-sm-8 col-sm-offset-2 space-bottom text-center col-padding-small-xs\" data-type=\"column\"> <img decoding=\"async\"  class=\"rounded mdc-elevation--z0\" src=\"https:\/\/copernicus.chmi.cz\/wp-content\/uploads\/2020\/06\/hackathons_logo.png\"><\/div> <div  class=\"col-xs-12 text-center large\" data-type=\"column\"> <p  class=\"lead\" style=\"text-align: justify;\">Copernicus Hackathons jsou financov\u00e1n\u00fd Evropskou komis\u00ed. Hlavn\u00edm c\u00edlem je zapojit v\u00fdvoj\u00e1\u0159e, podnikatele a odborn\u00edky s c\u00edlem vyvinout nov\u00e9 aplikace zalo\u017een\u00e9 na datech a slu\u017eb\u00e1ch pozorov\u00e1n\u00ed Zem\u011b (EO) programu Copernicus. Copernicus&nbsp;Hackathons umo\u017e\u0148uj\u00ed z\u00e1jemc\u016fm z cel\u00e9 Evropy vym\u011b\u0148ovat si zku\u0161enosti a znalosti a spole\u010dn\u011b p\u0159ich\u00e1zet na inovativn\u00ed \u0159e\u0161en\u00ed nejr\u016fzn\u011bj\u0161\u00edch probl\u00e9m\u016f p\u0159i vyu\u017eit\u00ed dat z programu Copernicus. Ka\u017ed\u00fd rok je uspo\u0159\u00e1d\u00e1no na 20 Hackathon\u016f po cel\u00e9 Evrop\u011b.<\/p> <a class=\"button mdc-ripple-upgraded big mdc-elevation--z3 color1\" href=\"\/\/hackathons.copernicus.eu\" target=\"_blank\" data-cp-link=\"1\" data-icon=\"\" rel=\"noopener noreferrer\">V\u00edce informac\u00ed<\/a><\/div> <\/div><\/div> <\/div><!-- CloudPress Companion Preview Data START --><div  data-label=\"CopIncubation\" data-id=\"content--6\" data-export-id=\"content-5-materialis\" data-category=\"content\" class=\"content-5m content-section-spacing-large content-section dark-text\" id=\"copincubation-1\" style=\"background-color: rgba(255, 255, 255, 0); background-image: none;\"><div  class=\"gridContainer\"> <div  class=\"row\"><div  class=\"col-xs-12 col-sm-8 col-sm-offset-2 space-bottom text-center col-padding-small-xs\" data-type=\"column\"> <img decoding=\"async\"  class=\"rounded mdc-elevation--z0\" src=\"https:\/\/copernicus.chmi.cz\/wp-content\/uploads\/2020\/06\/incubation_logo.png\"><\/div> <div  class=\"col-xs-12 text-center large\" data-type=\"column\"> <p  class=\"lead\" style=\"text-align: justify;\">Copernicus Incubation podporuje inovativn\u00ed a komer\u010dn\u011b slibn\u00e9 start-upy, kter\u00e9 vyu\u017e\u00edvaj\u00ed \u00fadaje a slu\u017eby programu Copernicus. Ka\u017edoro\u010dn\u011b je ud\u011blov\u00e1no 50 000 EUR 20 evropsk\u00fdm start-up\u016fm. Investice slou\u017e\u00ed k podpo\u0159e spole\u010dnost\u00ed a ke zrychlen\u00ed jejich r\u016fstu.\n<br >\n<br >\nStart-upy od Evropsk\u00e9 komise z\u00edsk\u00e1vaj\u00ed a\u017e 85 % celkov\u00fdch n\u00e1klad\u016f (maxim\u00e1ln\u011b 50 000 EUR). Spolufinancov\u00e1n\u00ed je tedy vy\u017eadov\u00e1no pro nejm\u00e9n\u011b 15 % celkov\u00fdch n\u00e1klad\u016f. P\u0159ihl\u00e1sit se m\u016f\u017ee bu\u010f za\u010d\u00ednaj\u00edc\u00ed firma nebo podnikatel s maxim\u00e1ln\u011b p\u011btiletou provozn\u00ed historii od data registrace podnik\u00e1n\u00ed. Firma mus\u00ed b\u00fdt zalo\u017eena v n\u011bkter\u00e9 ze zem\u00ed EU28, na Islandu nebo v Norsku.<\/p> <a class=\"button mdc-ripple-upgraded big mdc-elevation--z3 color1\" href=\"\/\/copernicus-incubation.eu\" target=\"_blank\" data-cp-link=\"1\" data-icon=\"\" rel=\"noopener noreferrer\">V\u00edce informac\u00ed<\/a><\/div> <\/div><\/div> <\/div><div  data-label=\"CopAccelerator\" data-id=\"content--4\" data-export-id=\"content-5-materialis\" data-category=\"content\" class=\"content-5m content-section-spacing-large content-section dark-text\" id=\"copaccelerator\" style=\"background-color: rgba(46, 134, 211, 0.08); background-image: none;\"><div  class=\"gridContainer\"> <div  class=\"row\"><div  class=\"col-xs-12 col-sm-8 col-sm-offset-2 space-bottom text-center col-padding-small-xs\" data-type=\"column\"> <img decoding=\"async\"  class=\"rounded mdc-elevation--z0\" src=\"https:\/\/copernicus.chmi.cz\/wp-content\/uploads\/2020\/06\/accelerator_logo.png\"><\/div> <div  class=\"col-xs-12 text-center large\" data-type=\"column\"> <p  class=\"lead\" style=\"text-align: justify;\">Copernicus Accelerator je tvo\u0159en syst\u00e9mem odborn\u00edk\u016f a organizac\u00ed, kter\u00fd podporuje novou generaci neboj\u00e1cn\u00fdch inov\u00e1tor\u016f v Evrop\u011b. Ka\u017ed\u00fd rok je z p\u0159ihl\u00e1\u0161en\u00fdch z\u00e1jemc\u016f vybr\u00e1no 50 nejodv\u00e1\u017en\u011bj\u0161\u00edch evropsk\u00fdch inov\u00e1tor\u016f a start-up\u016f. Copernicus Accelerator jim poskytne v\u0161e, co pot\u0159ebuj\u00ed, aby mohli sv\u016fj n\u00e1pad posunout na dal\u0161\u00ed \u00farove\u0148. Pot\u00e9, co jsou vybr\u00e1ni, maj\u00ed mo\u017enost spojit se s jedn\u00edm z odborn\u00fdch mentor\u016f a zah\u00e1jit dvan\u00e1ctim\u011bs\u00ed\u010dn\u00ed akcelera\u010dn\u00ed program, kter\u00fd zahrnuje \u00fa\u010dast na dvou interaktivn\u00edch bootcampech, virtu\u00e1ln\u00ed tr\u00e9ninkov\u00e9 relace a pravideln\u00e9 tr\u00e9ninky s mentorem. Program Copernicus Accelerator  je organizov\u00e1n Evropskou komis\u00ed a ve spolupr\u00e1ci s partnery Spactec Partners a Verhaert.<\/p> <a class=\"button mdc-ripple-upgraded big mdc-elevation--z3 color1\" href=\"\/\/accelerator.copernicus.eu\" target=\"_blank\" data-cp-link=\"1\" data-icon=\"\" rel=\"noopener noreferrer\">V\u00edce informac\u00ed<\/a><\/div> <\/div><\/div> <\/div><div  data-label=\"CopMooc\" data-id=\"content--2\" data-export-id=\"content-5-materialis\" data-category=\"content\" class=\"content-5m content-section-spacing-large content-section dark-text\" id=\"copmooc\" style=\"background-color: rgba(255, 255, 255, 0); background-image: none;\"><div  class=\"gridContainer\"> <div  class=\"row\"><div  class=\"col-xs-12 col-sm-8 col-sm-offset-2 space-bottom text-center col-padding-small-xs\" data-type=\"column\"> <img decoding=\"async\"  class=\"rounded mdc-elevation--z0\" src=\"https:\/\/copernicus.chmi.cz\/wp-content\/uploads\/2020\/07\/mooc_logo-1-1.png\"><\/div> <div  class=\"col-xs-12 text-center large\" data-type=\"column\"> <p  class=\"lead\" style=\"text-align: justify;\"><b >Copernicus MOOC (Massive Open Online Course)<\/b>&nbsp;je online \u0161kolen\u00ed, kter\u00e9 \u00fa\u010dastn\u00edk\u016fm p\u0159edstav\u00ed program Copernicus a nau\u010d\u00ed je vyu\u017e\u00edvat data a slu\u017eby, kter\u00e9 program poskytuje. C\u00edlem kurzu je umo\u017enit \u00fa\u010dastn\u00edk\u016fm pracovat na vlastn\u00edch projektech, u\u010dit se od druh\u00fdch, porozum\u011bt nejnov\u011bj\u0161\u00edm trend\u016fm v informa\u010dn\u00edch technologi\u00edch a st\u00e1t se aktivn\u00edmi \u010dleny komunity programu Copernicus. Kurz by m\u011bl z\u00e1jemce podn\u011bcovat k vytv\u00e1\u0159en\u00ed nov\u00fdch iniciativn\u00edch \u0159e\u0161en\u00ed aktu\u00e1ln\u00edch spole\u010densk\u00fdch i enviroment\u00e1ln\u00edch probl\u00e9m\u016f a dopomoci tak k tvorb\u011b nov\u00fdch pracovn\u00edch p\u0159\u00edle\u017eitost\u00ed.\n<br ><br >\nMOOC je ur\u010den pro \u0161irokou ve\u0159ejnost, zejm\u00e9na pak pro lidi, kte\u0159\u00ed vyu\u017e\u00edvaj\u00ed, nebo by mohli m\u00edt prosp\u011bch z pou\u017e\u00edv\u00e1n\u00ed geoinforma\u010dn\u00edch \u00fadaj\u016f, ale kte\u0159\u00ed s prac\u00ed s t\u011bmito \u00fadaji nemaj\u00ed \u017e\u00e1dn\u00e9 nebo pouze omezen\u00e9 zku\u0161enosti. MOOC online kurz je u\u017eite\u010dn\u00fd zejm\u00e9na pro st\u00e1tn\u00ed zam\u011bstnance, podnikatele, inov\u00e1tory a dal\u0161\u00ed. Kurz je financov\u00e1n Evropskou uni\u00ed a registrace do n\u011bj je bezplatn\u00e1 a otev\u0159en\u00e1 v\u0161em.<br ><br >\nModuly kurzu jsou vyu\u010dov\u00e1ny v angli\u010dtin\u011b mezin\u00e1rodn\u011b uzn\u00e1van\u00fdmi odborn\u00edky. B\u011bhem lekc\u00ed budou pou\u017eity r\u016fzn\u00e9 poutav\u00e9 a interaktivn\u00ed p\u0159\u00edstupy od webin\u00e1\u0159\u016f a vide\u00ed a\u017e po konkr\u00e9tn\u00ed p\u0159\u00edklady a projekty.<br ><br ><b >\nMOOC Copernicus se konal v roce 2020 dvakr\u00e1t:<\/b><br >\nMOOC 1: b\u0159ezen \u2013 kv\u011bten 2020<br >\nMOOC 2: z\u00e1\u0159\u00ed \u2013 prosinec 2020\n<br ><br >Ka\u017ed\u00fd MOOC sest\u00e1v\u00e1 z 12 lekc\u00ed po 2 hodin\u00e1ch po dobu 12 t\u00fddn\u016f.<br >\nMOOC Copernicus zahrnuje praktick\u00e1 cvi\u010den\u00ed a z\u00e1v\u011bre\u010dn\u00e9 hodnocen\u00ed. Registrovan\u00ed \u00fa\u010dastn\u00edci obdr\u017e\u00ed certifikaci \u00fasp\u011b\u0161n\u00e9ho absolvov\u00e1n\u00ed kurzu.<\/p> <a class=\"button mdc-ripple-upgraded big mdc-elevation--z12 color1\" href=\"\/\/mooc.copernicus.eu\" target=\"_blank\" data-cp-link=\"1\" data-icon=\"\" rel=\"noopener noreferrer\">V\u00edce informac\u00ed<\/a><\/div> <\/div><\/div> <\/div><div  data-label=\"Content\" data-id=\"content--7\" data-export-id=\"content-7-materialis\" data-category=\"content\" class=\"content-7m content-section-spacing-large content-section dark-text\" id=\"content-2\" style=\"background-color: rgb(245, 250, 253);\"><div  class=\"gridContainer\"> <div  class=\"row middle-sm\"><div  class=\"col-md-6 col-xs-12 col-sm-6 col-padding-small-xs\"> <img decoding=\"async\"  class=\"mdc-elevation--z13 img-rounded\" src=\"https:\/\/copernicus.chmi.cz\/wp-content\/uploads\/2020\/07\/cropped-bernard-hermant-IvOYVg8xel4-unsplash-scaled-1.jpg\"><\/div> <div  class=\"col-md-5 col-md-offset-1 col-xs-12 col-sm-6 content-left-sm col-padding-small-xs\" data-type=\"column\"> <h3  class=\"space-bottom\">Ve\u0159ejn\u00e9 zak\u00e1zky a dotace<\/h3> <p  class=\"space-top\" style=\"text-align: left;\">Informace o ve\u0159ejn\u00fdch zak\u00e1zk\u00e1ch t\u00fdkaj\u00edc\u00edch se kosmick\u00e9 slo\u017eky programu Copernicus a infrastruktury pro \u0161\u00ed\u0159en\u00ed dat naleznete na&nbsp;<a href=\"https:\/\/ted.europa.eu\/TED\/browse\/browseByBO.do\" target=\"_blank\" data-mce-selected=\"inline-boundary\" rel=\"noopener noreferrer\" class=\"\">port\u00e1lu EU TED<\/a>, ve ve\u0159ejn\u00e9m syst\u00e9mu informac\u00ed o ve\u0159ejn\u00fdch zak\u00e1zk\u00e1ch agentury ESA ur\u010den\u00e9m v\u00fdhradn\u011b<a href=\"https:\/\/copernicus-emits.esa.int\" target=\"_blank\" data-mce-selected=\"inline-boundary\" rel=\"noopener noreferrer\" class=\"\">nab\u00eddkov\u00e1 \u0159\u00edzen\u00ed vztahuj\u00edc\u00ed se k programu Copernicus,<\/a>&nbsp;p\u0159\u00edpadn\u011b ve ve\u0159ejn\u00e9m syst\u00e9mu informac\u00ed o v\u00fdb\u011brov\u00fdch \u0159\u00edzen\u00edch organizace EUMETSAT. Ve\u0159ejn\u00e9 zak\u00e1zky t\u00fdkaj\u00edc\u00ed se slu\u017eeb Copernicus v oblasti zm\u011bny klimatu a monitorov\u00e1n\u00ed atmosf\u00e9ry naleznete na port\u00e1lu EU TED nebo na&nbsp; &nbsp; &nbsp; &nbsp; &nbsp; &nbsp; &nbsp; &nbsp; &nbsp; &nbsp; &nbsp; &nbsp; &nbsp; &nbsp; &nbsp; &nbsp; &nbsp; &nbsp;&nbsp;<a href=\"https:\/\/procontract.due-north.com\/Opportunities\/Index?resetFilter=True&amp;applyFilter=True&amp;p=7344c2cd-e625-e711-80df-005056b64545&amp;v=1\" target=\"_blank\" data-mce-selected=\"inline-boundary\" rel=\"noopener noreferrer\" class=\"\">specializovan\u00e9m port\u00e1lu st\u0159ediska ECMWF pro elektronick\u00e9 zad\u00e1v\u00e1n\u00ed zak\u00e1zek.<\/a><\/p> <a href=\"\/\/www.copernicus.eu\/en\/opportunities\/tenders-and-grants\" class=\"button read-more link color1 space-top negative-margin mdc-ripple-upgraded\" target=\"_self\" data-cp-link=\"1\" rel=\"noopener noreferrer\">V\u00edce informac\u00ed<i  class=\"mdi mdi-arrow-right-thick read-more-icon\"><\/i><\/a><\/div> <\/div><\/div> <\/div><div  data-label=\"Content\" data-id=\"content--8\" data-export-id=\"content-8-materialis\" data-category=\"content\" class=\"content-8m content-section-spacing-large content-section dark-text\" id=\"content-3\" style=\"background-color: rgb(255, 255, 255);\"><div  class=\"gridContainer\"> <div  class=\"row middle-sm\"><div  class=\"col-md-5 col-xs-12 col-sm-6 space-bottom-xs\" data-type=\"column\">  <h3  class=\"\">Informace o v\u00fdb\u011brov\u00fdch \u0159\u00edzen\u00edch<\/h3> <h4  class=\"\">Copernicus digital skills<\/h4><p  class=\"space-top\" style=\"text-align: justify;\">V\u00fdkonn\u00e1 agentura pro mal\u00e9 a st\u0159edn\u00ed podniky&nbsp;<a href=\"https:\/\/ec.europa.eu\/easme\/en\" target=\"_blank\" data-mce-selected=\"inline-boundary\" rel=\"noopener noreferrer\" class=\"\">EASME <\/a>zve\u0159ejnila v\u00fdzvu k pod\u00e1v\u00e1n\u00ed nab\u00eddek t\u00fdkaj\u00edc\u00edch se podp\u016frn\u00fdch iniciativ zam\u011b\u0159en\u00fdch na digit\u00e1ln\u00ed dovednosti v r\u00e1mci programu Copernicus. Pl\u00e1novan\u00e1 podp\u016frn\u00e1 akce mus\u00ed posilovat rozvoj technick\u00fdch a v\u011bdeck\u00fdch dovednost\u00ed pot\u0159ebn\u00fdch v oblasti satelitn\u00edch \u00fadaj\u016f a geoinforma\u010dn\u00edch syst\u00e9m\u016f.<\/p> <a class=\"link\" href=\"\/\/etendering.ted.europa.eu\/cft\/cft-display.html?cftId=3775\" target=\"_self\" data-cp-link=\"1\" rel=\"noopener noreferrer\">V\u00edce informac\u00ed<\/a> <h4  class=\"\">COSME<\/h4><p  class=\"\" style=\"text-align: justify;\">Zkratkou COSME se ozna\u010duje program EU pro konkurenceschopnost podnik\u016f a mal\u00fdch a st\u0159edn\u00edch podnik\u016f. Fungoval v obdob\u00ed od roku 2014 do roku 2020 s pl\u00e1novan\u00fdm rozpo\u010dtem ve v\u00fd\u0161i 2,3 miliardy EUR a podporoval: lep\u0161\u00ed p\u0159\u00edstup MSP k financov\u00e1n\u00ed, p\u0159\u00edstup MSP na trhy, podnik\u00e1n\u00ed a p\u0159\u00edzniv\u011bj\u0161\u00ed podm\u00ednky pro vytv\u00e1\u0159en\u00ed a r\u016fst podnik\u016f.<\/p><a class=\"link\" href=\"\/\/ec.europa.eu\/easme\/en\/cosme-0\" target=\"_self\" data-cp-link=\"1\" rel=\"noopener noreferrer\">V\u00edce informac\u00ed<\/a><p  class=\"\">Dal\u0161\u00ed informace o v\u00fdb\u011brov\u00fdch \u0159\u00edzen\u00edch naleznete&nbsp;<a href=\"https:\/\/www.copernicus.eu\/cs\/prilezitosti\/informace-o-vyberovych-rizenich\" target=\"_blank\" data-mce-selected=\"inline-boundary\" rel=\"noopener noreferrer\" class=\"\">zde.<\/a><\/p><\/div> <div  class=\"col-md-6 col-md-offset-1 col-xs-12 col-sm-6\"> <img decoding=\"async\"  class=\"mdc-elevation--z9 rounded\" src=\"https:\/\/copernicus.chmi.cz\/wp-content\/uploads\/2020\/07\/cropped-drmakete-lab-hsg538WrP0Y-unsplash-1.jpg\"><\/div> <\/div><\/div> <\/div>","protected":false},"excerpt":{"rendered":"","protected":false},"author":6,"featured_media":0,"parent":0,"menu_order":0,"comment_status":"closed","ping_status":"closed","template":"pro\/page-templates\/full-width-page.php","meta":{"footnotes":""},"class_list":["post-807","page","type-page","status-publish","hentry"],"_links":{"self":[{"href":"https:\/\/copernicus.chmi.cz\/index.php\/wp-json\/wp\/v2\/pages\/807","targetHints":{"allow":["GET"]}}],"collection":[{"href":"https:\/\/copernicus.chmi.cz\/index.php\/wp-json\/wp\/v2\/pages"}],"about":[{"href":"https:\/\/copernicus.chmi.cz\/index.php\/wp-json\/wp\/v2\/types\/page"}],"author":[{"embeddable":true,"href":"https:\/\/copernicus.chmi.cz\/index.php\/wp-json\/wp\/v2\/users\/6"}],"replies":[{"embeddable":true,"href":"https:\/\/copernicus.chmi.cz\/index.php\/wp-json\/wp\/v2\/comments?post=807"}],"version-history":[{"count":28,"href":"https:\/\/copernicus.chmi.cz\/index.php\/wp-json\/wp\/v2\/pages\/807\/revisions"}],"predecessor-version":[{"id":4794,"href":"https:\/\/copernicus.chmi.cz\/index.php\/wp-json\/wp\/v2\/pages\/807\/revisions\/4794"}],"wp:attachment":[{"href":"https:\/\/copernicus.chmi.cz\/index.php\/wp-json\/wp\/v2\/media?parent=807"}],"curies":[{"name":"wp","href":"https:\/\/api.w.org\/{rel}","templated":true}]}}