

{"id":622,"date":"2020-06-02T13:56:10","date_gmt":"2020-06-02T11:56:10","guid":{"rendered":"https:\/\/copernicus.chmi.cz\/?page_id=622"},"modified":"2020-11-18T14:10:49","modified_gmt":"2020-11-18T13:10:49","slug":"morske-prostredi","status":"publish","type":"page","link":"https:\/\/copernicus.chmi.cz\/index.php\/o-copernicu\/infrastruktura\/sluzby\/morske-prostredi\/","title":{"rendered":"Mo\u0159sk\u00e9 prost\u0159ed\u00ed"},"content":{"rendered":"<div class=\"breadcrumbs align  wp-block-bcn-breadcrumb-trail has-text-color has-background\" vocab=\"https:\/\/schema.org\/\" typeof=\"BreadcrumbList\">\n\t<span><\/span>\n\t<span property=\"itemListElement\" typeof=\"ListItem\"><a property=\"item\" typeof=\"WebPage\" title=\"P\u0159ej\u00edt na Copernicus CR.\" href=\"https:\/\/copernicus.chmi.cz\" class=\"home\" ><span property=\"name\">Copernicus CR<\/span><\/a><meta property=\"position\" content=\"1\"><\/span> &gt; <span property=\"itemListElement\" typeof=\"ListItem\"><a property=\"item\" typeof=\"WebPage\" title=\"P\u0159ej\u00edt na Novinky.\" href=\"https:\/\/copernicus.chmi.cz\/index.php\/novinky\/\" class=\"post post-page\" ><span property=\"name\">Novinky<\/span><\/a><meta property=\"position\" content=\"2\"><\/span> &gt; <span property=\"itemListElement\" typeof=\"ListItem\"><a property=\"item\" typeof=\"WebPage\" title=\"P\u0159ej\u00edt na Blog.\" href=\"https:\/\/copernicus.chmi.cz\/index.php\/novinky\/blog\/\" class=\"post-root post post-post\" aria-current=\"page\"><span property=\"name\">Blog<\/span><\/a><meta property=\"position\" content=\"3\"><\/span><\/div>\n\n\n\n<div data-label=\"Content\" data-id=\"content--1\" data-export-id=\"content-5-materialis\" data-category=\"content\" class=\"content-5m content-section-spacing-large content-section dark-text\" id=\"content-1\" style=\"background-color: rgba(255, 255, 255, 0); background-image: none;\"><div class=\"gridContainer\"> <div class=\"row\"><div class=\"col-xs-12 col-sm-8 col-sm-offset-2 space-bottom text-center col-padding-small-xs\" data-type=\"column\"><img decoding=\"async\" class=\"custom-image\" src=\"https:\/\/copernicus.chmi.cz\/wp-content\/uploads\/2020\/06\/copernicus-marine-mercator-2018-e1591099956346.jpg\"> <\/div> <div class=\"col-xs-12 text-center large\" data-type=\"column\"><h2 class=\"space-bottom\">Slu\u017eba pro sledov\u00e1n\u00ed mo\u0159sk\u00e9ho prost\u0159ed\u00ed<\/h2> <p class=\"lead\" style=\"text-align: justify;\">Slu\u017eba monitorov\u00e1n\u00ed mo\u0159sk\u00e9ho prost\u0159ed\u00ed programu Copernicus (d\u00e1le jen \u201eslu\u017eba CMEMS\u201c) poskytuje pravideln\u00e9 a systematick\u00e9 referen\u010dn\u00ed informace o fyzik\u00e1ln\u00edch a biogeochemick\u00fdch vlastnostech, prom\u011bnlivosti a dynamice ekosyst\u00e9m\u016f oce\u00e1n\u016f a mo\u0159\u00ed, a to jak pro oblast sv\u011btov\u00e9ho oce\u00e1nu, tak evropsk\u00fdch region\u00e1ln\u00edch mo\u0159\u00ed.<br><br>\nSlu\u017eba se zam\u011b\u0159uje hlavn\u011b na n\u00e1sleduj\u00edc\u00ed tematick\u00e9 oblasti:<br><br><b>\nN\u00e1mo\u0159n\u00ed bezpe\u010dnost<\/b><br>\nDod\u00e1v\u00e1 \u00fadaje o s\u00edle a sm\u011bru v\u011btru, rychlosti a sm\u011bru mo\u0159sk\u00fdch proud\u016f a pohybech mo\u0159sk\u00e9ho ledu, co\u017e pom\u00e1h\u00e1 zp\u0159esnit trasy a na\u010dasov\u00e1n\u00ed lodn\u00ed dopravy na voln\u00e9m mo\u0159i i v pob\u0159e\u017en\u00edch vod\u00e1ch a zjednodu\u0161it tak p\u00e1trac\u00ed, z\u00e1chrann\u00e9 a jin\u00e9 operace na mo\u0159i.\n<br><br><b>\nMo\u0159sk\u00e9 zdroje<\/b><br>\nTato slu\u017eba rovn\u011b\u017e p\u0159isp\u00edv\u00e1 k ochran\u011b a udr\u017eiteln\u00e9mu rozvoji mo\u0159sk\u00fdch ekosyst\u00e9m\u016f. Pom\u00e1h\u00e1 efektivn\u011bji a citliv\u011bji vyu\u017e\u00edvat mo\u0159sk\u00e9 zdroje a \u010dinit zodpov\u011bdn\u00e1 rozhodnut\u00ed v oblasti udr\u017eiteln\u00e9ho \u0159\u00edzen\u00ed rybolovu.\n<br><br><b>\nPob\u0159e\u017en\u00ed a mo\u0159sk\u00e9 prost\u0159ed\u00ed<\/b><br>\nSlu\u017eba m\u00e1 \u0161irokou \u0161k\u00e1lu vyu\u017eit\u00ed v pob\u0159e\u017en\u00edm a mo\u0159sk\u00e9m prost\u0159ed\u00ed. Fyzik\u00e1ln\u00ed a mo\u0159sk\u00e9 biogeochemick\u00e9 slo\u017eky jsou hlavn\u00edmi ukazateli p\u0159i posouzen\u00ed a kontrole kvality vody, p\u0159\u00edpadn\u011b jej\u00edho zne\u010di\u0161t\u011bn\u00ed. Sledov\u00e1n\u00ed hladiny mo\u0159\u00ed pom\u00e1h\u00e1 posoudit erozi pob\u0159e\u017e\u00ed a tak\u00e9 v\u00fdvoj klimatick\u00fdch zm\u011bn. Zvy\u0161ov\u00e1n\u00ed povrchov\u00e9 teploty mo\u0159e m\u00e1 p\u0159\u00edm\u00fd vliv na mo\u0159sk\u00e9 ekosyst\u00e9my a v\u00fdskyt tropick\u00fdch cykl\u00f3n\u016f.\n<br><br><b>\nPo\u010das\u00ed, sez\u00f3nn\u00ed p\u0159edpov\u011bdi a klima<\/b><br>\nMnoho \u00fadaj\u016f poskytovan\u00fdch slu\u017ebou (nap\u0159. teplota, salinita vody, hladina mo\u0159e, proudy, v\u00edtr a mo\u0159sk\u00fd led) hraj\u00ed kl\u00ed\u010dovou roli p\u0159i kr\u00e1tkodob\u00fdch, sez\u00f3nn\u00edch i dlouhodob\u011bj\u0161\u00edch p\u0159edpov\u011bd\u00edch po\u010das\u00ed a v\u00fdvoje klimatu.\n<br>\n<br>\nV\u00edce informac\u00ed se dozv\u00edte na&nbsp;<a href=\"https:\/\/marine.copernicus.eu\" target=\"_blank\" data-mce-selected=\"inline-boundary\" rel=\"noopener noreferrer\" class=\"\">webov\u00fdch str\u00e1nk\u00e1ch slu\u017eby CMEMS<\/a>&nbsp;nebo v informa\u010dn\u00edm let\u00e1ku:<\/p> <\/div> <\/div><\/div> <\/div>\n\n\n<!-- wp:image {\"align\":\"center\",\"id\":624,\"width\":219,\"height\":313,\"sizeSlug\":\"large\"}--><div class=\"gridContainer\">\n<div class=\"wp-block-image\"><figure class=\"aligncenter size-large is-resized\"><a class=\"customize-unpreviewable\" href=\"https:\/\/copernicus.chmi.cz\/wp-content\/uploads\/2020\/06\/Copernicus_MarineMonitoring_Feb2017.pdf\"><img fetchpriority=\"high\" decoding=\"async\" src=\"https:\/\/copernicus.chmi.cz\/wp-content\/uploads\/2020\/06\/Pozn\u00e1mka-2020-06-02-135514.png\" alt=\"\" class=\"wp-image-624\" width=\"219\" height=\"313\" srcset=\"https:\/\/copernicus.chmi.cz\/wp-content\/uploads\/2020\/06\/Pozn\u00e1mka-2020-06-02-135514.png 626w, https:\/\/copernicus.chmi.cz\/wp-content\/uploads\/2020\/06\/Pozn\u00e1mka-2020-06-02-135514-210x300.png 210w\" sizes=\"(max-width: 219px) 100vw, 219px\" \/><\/a><figcaption>Dokument se zobraz\u00ed po kliknut\u00ed na obr\u00e1zek<\/figcaption><\/figure><\/div>\n<\/div><!-- \/wp:image-->","protected":false},"excerpt":{"rendered":"","protected":false},"author":6,"featured_media":0,"parent":16,"menu_order":0,"comment_status":"closed","ping_status":"closed","template":"pro\/page-templates\/full-width-page.php","meta":{"footnotes":""},"class_list":["post-622","page","type-page","status-publish","hentry"],"_links":{"self":[{"href":"https:\/\/copernicus.chmi.cz\/index.php\/wp-json\/wp\/v2\/pages\/622","targetHints":{"allow":["GET"]}}],"collection":[{"href":"https:\/\/copernicus.chmi.cz\/index.php\/wp-json\/wp\/v2\/pages"}],"about":[{"href":"https:\/\/copernicus.chmi.cz\/index.php\/wp-json\/wp\/v2\/types\/page"}],"author":[{"embeddable":true,"href":"https:\/\/copernicus.chmi.cz\/index.php\/wp-json\/wp\/v2\/users\/6"}],"replies":[{"embeddable":true,"href":"https:\/\/copernicus.chmi.cz\/index.php\/wp-json\/wp\/v2\/comments?post=622"}],"version-history":[{"count":8,"href":"https:\/\/copernicus.chmi.cz\/index.php\/wp-json\/wp\/v2\/pages\/622\/revisions"}],"predecessor-version":[{"id":2236,"href":"https:\/\/copernicus.chmi.cz\/index.php\/wp-json\/wp\/v2\/pages\/622\/revisions\/2236"}],"up":[{"embeddable":true,"href":"https:\/\/copernicus.chmi.cz\/index.php\/wp-json\/wp\/v2\/pages\/16"}],"wp:attachment":[{"href":"https:\/\/copernicus.chmi.cz\/index.php\/wp-json\/wp\/v2\/media?parent=622"}],"curies":[{"name":"wp","href":"https:\/\/api.w.org\/{rel}","templated":true}]}}