

{"id":564,"date":"2020-06-02T10:06:20","date_gmt":"2020-06-02T08:06:20","guid":{"rendered":"https:\/\/copernicus.chmi.cz\/?page_id=564"},"modified":"2020-11-18T13:55:28","modified_gmt":"2020-11-18T12:55:28","slug":"klimaticke-zmeny","status":"publish","type":"page","link":"https:\/\/copernicus.chmi.cz\/index.php\/o-copernicu\/infrastruktura\/sluzby\/klimaticke-zmeny\/","title":{"rendered":"Klimatick\u00e9 zm\u011bny"},"content":{"rendered":"<div class=\"breadcrumbs align  wp-block-bcn-breadcrumb-trail has-text-color has-background\" vocab=\"https:\/\/schema.org\/\" typeof=\"BreadcrumbList\">\n\t<span><\/span>\n\t<span property=\"itemListElement\" typeof=\"ListItem\"><a property=\"item\" typeof=\"WebPage\" title=\"P\u0159ej\u00edt na Copernicus CR.\" href=\"https:\/\/copernicus.chmi.cz\" class=\"home\" ><span property=\"name\">Copernicus CR<\/span><\/a><meta property=\"position\" content=\"1\"><\/span> &gt; <span property=\"itemListElement\" typeof=\"ListItem\"><a property=\"item\" typeof=\"WebPage\" title=\"P\u0159ej\u00edt na Novinky.\" href=\"https:\/\/copernicus.chmi.cz\/index.php\/novinky\/\" class=\"post post-page\" ><span property=\"name\">Novinky<\/span><\/a><meta property=\"position\" content=\"2\"><\/span> &gt; <span property=\"itemListElement\" typeof=\"ListItem\"><a property=\"item\" typeof=\"WebPage\" title=\"P\u0159ej\u00edt na Blog.\" href=\"https:\/\/copernicus.chmi.cz\/index.php\/novinky\/blog\/\" class=\"post-root post post-post\" aria-current=\"page\"><span property=\"name\">Blog<\/span><\/a><meta property=\"position\" content=\"3\"><\/span><\/div>\n\n\n\n<div data-label=\"Content\" data-id=\"content--1\" data-export-id=\"content-5-materialis\" data-category=\"content\" class=\"content-5m content-section-spacing-large content-section dark-text\" id=\"content-1\" style=\"background-color: rgba(255, 255, 255, 0); background-image: none;\"><div class=\"gridContainer\"> <div class=\"row\"><div class=\"col-xs-12 col-sm-8 col-sm-offset-2 space-bottom text-center col-padding-small-xs\" data-type=\"column\"><img decoding=\"async\" class=\"custom-image\" src=\"https:\/\/copernicus.chmi.cz\/wp-content\/uploads\/2020\/06\/logo_c3s-392x154-1-e1591086614605.png\"> <\/div> <div class=\"col-xs-12 text-center large\" data-type=\"column\"><h2 class=\"space-bottom\">Slu\u017eba pro klimatick\u00e9 zm\u011bny<\/h2> <p class=\"lead\" style=\"text-align: justify;\">Slu\u017eba Copernicus pro klimatick\u00e9 zm\u011bny (C3S) dod\u00e1v\u00e1 konzistentn\u00ed a spolehliv\u00e9 informace t\u00fdkaj\u00edc\u00ed se klimatick\u00fdch podm\u00ednek a to jak historick\u00fdch, sou\u010dasn\u00fdch, tak i budouc\u00edch.&nbsp;C\u00edlem programu C3S je podporovat politiku Evropsk\u00e9 unie v oblasti p\u0159izp\u016fsobov\u00e1n\u00ed se zm\u011bn\u011b klimatu a zm\u00edr\u0148ov\u00e1n\u00ed dopad\u016f t\u00e9to zm\u011bny.<br><br>\nSlu\u017eba Copernicus pro klimatick\u00e9 zm\u011bny vych\u00e1z\u00ed z v\u00fdzkumu klimatu prov\u00e1d\u011bn\u00e9ho v r\u00e1mci Sv\u011btov\u00e9ho klimatick\u00e9ho v\u00fdzkumn\u00e9ho programu (World Climate Research Programme, WCRP)a reaguje na po\u017eadavky u\u017eivatel\u016f definovan\u00e9 v Glob\u00e1ln\u00edm syst\u00e9mu pro pozorov\u00e1n\u00ed klimatu (Global Climate Observation System \u2013 GCOS). P\u0159edstavuje d\u016fle\u017eit\u00fd zdroj pro celosv\u011btov\u00fd r\u00e1mec pro klimatick\u00e9 slu\u017eby (Global Framework for Climate Services, GFCS). Slu\u017ebu C3S prov\u00e1d\u00ed Evropsk\u00e9 st\u0159edisko pro st\u0159edn\u011bdob\u00e9 p\u0159edpov\u011bdi po\u010das\u00ed (<a href=\"https:\/\/www.ecmwf.int\" target=\"_blank\" data-mce-selected=\"inline-boundary\" rel=\"noopener noreferrer\" class=\"\">ECMWF<\/a>) jm\u00e9nem Evropsk\u00e9 komise. \n<br>\n<br>\nInformace a produkty C3S dopl\u0148uj\u00ed meteorologick\u00e9 a environment\u00e1ln\u00ed slu\u017eby, kter\u00e9 ji\u017e jednotliv\u00e9 \u010dlensk\u00e9 st\u00e1ty poskytuj\u00ed. C3S vyu\u017e\u00edv\u00e1 st\u00e1vaj\u00edc\u00ed infrastrukturu a znalosti poskytovatel\u016f klimatick\u00fdch slu\u017eeb jednotliv\u00fdch \u010dlensk\u00fdch st\u00e1t\u016f a p\u0159\u00edslu\u0161n\u00fdch akademick\u00fdch komunit.<br>\n<br>V\u011bt\u0161inu produkt\u016f poskytuje C3S ve spolupr\u00e1ci s partnery (v\u00edce ne\u017e&nbsp;<a href=\"https:\/\/climate.copernicus.eu\/providers-view\" target=\"_blank\" data-mce-selected=\"inline-boundary\" rel=\"noopener noreferrer\" class=\"\">200 spole\u010dnost\u00ed a organizac\u00ed<\/a>&nbsp;nap\u0159\u00ed\u010d Evropou), kte\u0159\u00ed jsou vyb\u00edr\u00e1ni na z\u00e1klad\u011b pravideln\u00fdch&nbsp;<a href=\"https:\/\/climate.copernicus.eu\/complete-list-tenders-issued-c3s\" target=\"_blank\" data-mce-selected=\"inline-boundary\" rel=\"noopener noreferrer\" class=\"\">v\u00fdb\u011brov\u00fdch \u0159\u00edzen\u00ed<\/a>&nbsp;(ITTs).&nbsp;C3S poskytuje \u00fadaje o klimatu a informace o dopadech na celou \u0159adu&nbsp;<a href=\"https:\/\/climate.copernicus.eu\/node\/101\" target=\"_blank\" data-mce-selected=\"inline-boundary\" rel=\"noopener noreferrer\" class=\"\">odv\u011btv\u00ed a oblast\u00ed<\/a>&nbsp;prost\u0159ednictv\u00edm \u00falo\u017ei\u0161t\u011b klimatick\u00fdch dat (Climate Data Store (CDS)). CDS je navr\u017eeno tak, aby umo\u017enilo u\u017eivatel\u016fm p\u0159izp\u016fsobit slu\u017eby na m\u00edru konkr\u00e9tn\u011bj\u0161\u00edm ve\u0159ejn\u00fdm nebo obchodn\u00edm pot\u0159eb\u00e1m.<br><br><b>\nInformace a produkty<\/b><br>\nC3S poskytuje klimatick\u00e1 data a informace o dopadech klimatick\u00fdch zm\u011bn&nbsp;<a href=\"https:\/\/cds.climate.copernicus.eu\" target=\"_blank\" data-mce-selected=\"inline-boundary\" rel=\"noopener noreferrer\" class=\"\">prost\u0159ednictv\u00edm platformy Climate Data Store (CDS) .\ufeff<\/a>&nbsp;CDS je navr\u017een tak, aby jeho u\u017eivatel\u00e9 snadno z\u00edskali konkr\u00e9tn\u00ed informace dle jejich individu\u00e1ln\u00edch pot\u0159eb. K dispozici jsou zde informace z cel\u00e9 \u0159ady sektorov\u00fdch oblast\u00ed.\n<br><br><b>\nP\u0159\u00edklady vyu\u017eit\u00ed<\/b><br>\nNej\u010dast\u011bj\u0161\u00edmi u\u017eivateli p\u0159\u00edslu\u0161n\u00fdch produkt\u016f jsou v\u011bdci, konzultanti, legislativn\u00ed tv\u016frci, m\u00e9dia a ve\u0159ejnost. Jako v\u0161echny informace programu Copernicus jsou informace a produkty t\u00e9to slu\u017eby poskytov\u00e1ny zcela zdarma. C3S nab\u00edz\u00ed tak\u00e9 technickou podporu a  \u0161kolen\u00ed u\u017eivatel\u016fm syst\u00e9mu CDS. N\u00ed\u017ee jsou uvedeny p\u0159\u00edklady projekt\u016f, v nich\u017e byly vyu\u017eity produkty slu\u017eby Copernicus pro klimatick\u00e9 zm\u011bny:\n<br><br><a href=\"https:\/\/climate.copernicus.eu\/marex-spectron\" target=\"_blank\" data-mce-selected=\"inline-boundary\" rel=\"noopener noreferrer\" class=\"\">\u0158\u00edzen\u00ed rizik pro obchodov\u00e1n\u00ed s komoditami v Marex Spectron<\/a><br><a href=\"https:\/\/climate.copernicus.eu\/heineken-brewing-better-world\" target=\"_blank\" data-mce-selected=\"inline-boundary\" rel=\"noopener noreferrer\" class=\"\">\ufeffUdr\u017eiteln\u00e9 hospoda\u0159en\u00ed s vodou v pivovaru Heineken<\/a>\n<br>\n<br>V\u00edce informac\u00ed se dozv\u00edte na&nbsp;<a href=\"https:\/\/climate.copernicus.eu\" target=\"_blank\" data-mce-selected=\"inline-boundary\" rel=\"noopener noreferrer\" class=\"\">webov\u00fdch str\u00e1nk\u00e1ch slu\u017eby C3S<\/a>&nbsp;nebo v informa\u010dn\u00edm let\u00e1ku:<\/p> <\/div> <\/div><\/div> <\/div>\n\n\n<!-- wp:image {\"align\":\"center\",\"id\":581,\"width\":208,\"height\":296,\"sizeSlug\":\"large\"}--><div class=\"gridContainer\">\n<div class=\"wp-block-image\"><figure class=\"aligncenter size-large is-resized\"><a class=\"customize-unpreviewable\" href=\"https:\/\/copernicus.chmi.cz\/wp-content\/uploads\/2020\/06\/C3S_Factsheet_Quality_Assurance_20190613.pdf\"><img fetchpriority=\"high\" decoding=\"async\" src=\"https:\/\/copernicus.chmi.cz\/wp-content\/uploads\/2020\/06\/Pozn\u00e1mka-2020-06-02-105820.png\" alt=\"\" class=\"wp-image-581\" width=\"208\" height=\"296\"\/><\/a><figcaption>Dokument se zobraz\u00ed po kliknut\u00ed na obr\u00e1zek<\/figcaption><\/figure><\/div>\n<\/div><!-- \/wp:image-->","protected":false},"excerpt":{"rendered":"","protected":false},"author":6,"featured_media":0,"parent":16,"menu_order":0,"comment_status":"closed","ping_status":"closed","template":"pro\/page-templates\/full-width-page.php","meta":{"footnotes":""},"class_list":["post-564","page","type-page","status-publish","hentry"],"_links":{"self":[{"href":"https:\/\/copernicus.chmi.cz\/index.php\/wp-json\/wp\/v2\/pages\/564","targetHints":{"allow":["GET"]}}],"collection":[{"href":"https:\/\/copernicus.chmi.cz\/index.php\/wp-json\/wp\/v2\/pages"}],"about":[{"href":"https:\/\/copernicus.chmi.cz\/index.php\/wp-json\/wp\/v2\/types\/page"}],"author":[{"embeddable":true,"href":"https:\/\/copernicus.chmi.cz\/index.php\/wp-json\/wp\/v2\/users\/6"}],"replies":[{"embeddable":true,"href":"https:\/\/copernicus.chmi.cz\/index.php\/wp-json\/wp\/v2\/comments?post=564"}],"version-history":[{"count":21,"href":"https:\/\/copernicus.chmi.cz\/index.php\/wp-json\/wp\/v2\/pages\/564\/revisions"}],"predecessor-version":[{"id":2235,"href":"https:\/\/copernicus.chmi.cz\/index.php\/wp-json\/wp\/v2\/pages\/564\/revisions\/2235"}],"up":[{"embeddable":true,"href":"https:\/\/copernicus.chmi.cz\/index.php\/wp-json\/wp\/v2\/pages\/16"}],"wp:attachment":[{"href":"https:\/\/copernicus.chmi.cz\/index.php\/wp-json\/wp\/v2\/media?parent=564"}],"curies":[{"name":"wp","href":"https:\/\/api.w.org\/{rel}","templated":true}]}}