

{"id":525,"date":"2020-05-29T15:56:24","date_gmt":"2020-05-29T13:56:24","guid":{"rendered":"https:\/\/copernicus.chmi.cz\/?page_id=525"},"modified":"2020-11-18T13:54:51","modified_gmt":"2020-11-18T12:54:51","slug":"bezpecnost","status":"publish","type":"page","link":"https:\/\/copernicus.chmi.cz\/index.php\/o-copernicu\/infrastruktura\/sluzby\/bezpecnost\/","title":{"rendered":"Bezpe\u010dnost"},"content":{"rendered":"<div class=\"breadcrumbs align  wp-block-bcn-breadcrumb-trail has-text-color has-background\" vocab=\"https:\/\/schema.org\/\" typeof=\"BreadcrumbList\">\n\t<span><\/span>\n\t<span property=\"itemListElement\" typeof=\"ListItem\"><a property=\"item\" typeof=\"WebPage\" title=\"P\u0159ej\u00edt na Copernicus CR.\" href=\"https:\/\/copernicus.chmi.cz\" class=\"home\" ><span property=\"name\">Copernicus CR<\/span><\/a><meta property=\"position\" content=\"1\"><\/span> &gt; <span property=\"itemListElement\" typeof=\"ListItem\"><a property=\"item\" typeof=\"WebPage\" title=\"P\u0159ej\u00edt na Novinky.\" href=\"https:\/\/copernicus.chmi.cz\/index.php\/novinky\/\" class=\"post post-page\" ><span property=\"name\">Novinky<\/span><\/a><meta property=\"position\" content=\"2\"><\/span> &gt; <span property=\"itemListElement\" typeof=\"ListItem\"><a property=\"item\" typeof=\"WebPage\" title=\"P\u0159ej\u00edt na Blog.\" href=\"https:\/\/copernicus.chmi.cz\/index.php\/novinky\/blog\/\" class=\"post-root post post-post\" aria-current=\"page\"><span property=\"name\">Blog<\/span><\/a><meta property=\"position\" content=\"3\"><\/span><\/div>\n\n\n\n<div data-label=\"Content\" data-id=\"content--1\" data-export-id=\"content-5-materialis\" data-category=\"content\" class=\"content-5m content-section-spacing-large content-section dark-text\" id=\"content-1\" style=\"background-color: rgba(255, 255, 255, 0); background-image: none;\"><div class=\"gridContainer\"> <div class=\"row\"><div class=\"col-xs-12 col-sm-8 col-sm-offset-2 space-bottom text-center col-padding-small-xs\" data-type=\"column\"><img decoding=\"async\" class=\"custom-image\" src=\"https:\/\/copernicus.chmi.cz\/wp-content\/uploads\/2020\/05\/cropped-Pozn\u00e1mka-2020-05-29-161607.png\"> <\/div> <div class=\"col-xs-12 text-center large\" data-type=\"column\"><h2 class=\"space-bottom\">Slu\u017eba pro bezpe\u010dnost<\/h2> <p class=\"lead\" style=\"text-align: justify;\">C\u00edlem slu\u017eby Copernicus pro bezpe\u010dnost je podpora bezpe\u010dnostn\u00ed politiky EU. Poskytuje informace, kter\u00e9 vedou k \u00fa\u010dinn\u011bj\u0161\u00ed prevenci kriz\u00ed a celkov\u00e9 p\u0159ipravenosti. Slu\u017eba se zam\u011b\u0159uje na t\u0159i kl\u00ed\u010dov\u00e9 \u010dinnosti:\n<br>\n<br><b>Ostraha hranic\n<\/b><br>Hlavn\u00edm \u00fakolem hrani\u010dn\u00ed ostrahy je sn\u00ed\u017eit po\u010det tragick\u00fdch \u00famrt\u00ed nez\u00e1konn\u00fdch p\u0159ist\u011bhovalc\u016f na mo\u0159i, zv\u00fd\u0161it vnit\u0159n\u00ed bezpe\u010dnost Evropsk\u00e9 unie a bojovat proti p\u0159eshrani\u010dn\u00ed trestn\u00e9 \u010dinnosti. Na z\u00e1klad\u011b dohody podepsan\u00e9 dne 10. listopadu 2015 Evropsk\u00e1 komise sv\u011b\u0159ila slo\u017eku hrani\u010dn\u00edho dozoru bezpe\u010dnostn\u00ed slu\u017eby Copernicus agentu\u0159e FRONTEX. C\u00edlem je podpo\u0159it a zjednodu\u0161it v\u00fdm\u011bnu informac\u00ed o dozoru na vn\u011bj\u0161\u00edch hranic\u00edch EU (EUROSUR) poskytov\u00e1n\u00edm \u00fadaj\u016f v re\u00e1ln\u00e9m \u010dase o tom, co se d\u011bje na sou\u0161i a na mo\u0159i p\u0159i hranic\u00edch EU. V\u00edce informac\u00ed se m\u016f\u017eete dozv\u011bd\u011bt na&nbsp;<a href=\"https:\/\/frontex.europa.eu\" target=\"_blank\" data-mce-selected=\"inline-boundary\" rel=\"noopener noreferrer\" class=\"\">webov\u00fdch str\u00e1nk\u00e1ch agentury FRONTEX .<\/a><br><br><b>N\u00e1mo\u0159n\u00ed dohled\n<\/b><br>N\u00e1mo\u0159n\u00ed dohled m\u00e1 za \u00fakol podporovat evropsk\u00e9 c\u00edle v oblasti n\u00e1mo\u0159n\u00ed bezpe\u010dnosti a souvisej\u00edc\u00ed \u010dinnosti v n\u00e1mo\u0159n\u00ed oblasti. Jedn\u00e1 se zejm\u00e9na o bezpe\u010dnost plavby, kontrolu rybolovu, boj proti zne\u010di\u0161t\u011bn\u00ed mo\u0159\u00ed a vym\u00e1h\u00e1n\u00ed mo\u0159sk\u00e9ho pr\u00e1va.<br>\nNa z\u00e1klad\u011b dohody podepsan\u00e9 dne 3. prosince 2015 pov\u011b\u0159ila Evropsk\u00e1 komise agenturu EMSA provozov\u00e1n\u00edm slo\u017eky n\u00e1mo\u0159n\u00edho dohledu bezpe\u010dnostn\u00ed slu\u017eby Copernicus. Podle dohody vyu\u017e\u00edv\u00e1 EMSA pro \u00fa\u010dinn\u00e9 sledov\u00e1n\u00ed z\u00e1jmov\u00fdch mo\u0159sk\u00fdch oblast\u00ed kosmick\u00e1 data z programu Copernicus Sentinel 1 a dal\u0161\u00edch satelit\u016f v kombinaci s jin\u00fdmi zdroji.\nV\u00edce informac\u00ed se m\u016f\u017eete dozv\u011bd\u011bt na&nbsp;<a href=\"http:\/\/www.emsa.europa.eu\/copernicus.html\" target=\"_blank\" data-mce-selected=\"inline-boundary\" rel=\"noopener noreferrer\" class=\"\">webov\u00fdch str\u00e1nk\u00e1ch agentury EMSA .<\/a><br><br><b>Podopora pro vn\u011bj\u0161\u00ed \u010dinnosti EU<\/b>\n<br>Evropsk\u00e1 unie m\u00e1 jako glob\u00e1ln\u00ed akt\u00e9r odpov\u011bdnost za udr\u017eov\u00e1n\u00ed stabiln\u00edho prost\u0159ed\u00ed, ve kter\u00e9m m\u016f\u017ee prob\u00edhat lidsk\u00fd i ekonomick\u00fd rozvoj a kde jsou dodr\u017eov\u00e1na lidsk\u00e1 pr\u00e1va, z\u00e1kladn\u00ed lidsk\u00e9 svobody a demokratick\u00e9 principy. V tomto sm\u011bru je hlavn\u00edm c\u00edlem EU pom\u00e1hat zem\u00edm t\u0159et\u00edho sv\u011bta p\u0159i propuknut\u00ed kriz\u00ed a p\u0159i prevenci hrozeb glob\u00e1ln\u00edho a nadregion\u00e1ln\u00edho rozsahu, kter\u00e9 naru\u0161uj\u00ed stabilitu t\u011bchto oblast\u00ed.<br>\nNa z\u00e1klad\u011b dohody podepsan\u00e9 dne 6. \u0159\u00edjna 2016 pov\u011b\u0159ila Evropsk\u00e1 komise Evropsk\u00e9 dru\u017eicov\u00e9 centrum (EU SatCen) provozov\u00e1n\u00edm slo\u017eky bezpe\u010dnostn\u00ed slu\u017eby Copernicus. SEA poskytuje osob\u00e1m s rozhodovac\u00ed pravomoc\u00ed geoinformace o odlehl\u00fdch, obt\u00ed\u017en\u011b p\u0159\u00edstupn\u00fdch oblastech, kde vznik\u00e1 riziko ohro\u017een\u00ed bezpe\u010dnosti. Slu\u017eba je zam\u011b\u0159ena zejm\u00e9na na evropsk\u00e9 u\u017eivatele, ale m\u016f\u017ee b\u00fdt vyu\u017eita tak\u00e9 dal\u0161\u00edmi partnery v r\u00e1mci dohod o mezin\u00e1rodn\u00ed spolupr\u00e1ci EU.V\u00edce informac\u00ed se m\u016f\u017eete dozv\u011bd\u011bt na&nbsp;<a href=\"https:\/\/sea.security.copernicus.eu\" target=\"_blank\" data-mce-selected=\"inline-boundary\" rel=\"noopener noreferrer\" class=\"\">webov\u00fdch str\u00e1nk\u00e1ch slu\u017eby.<\/a><\/p> <\/div> <\/div><\/div> <\/div>\n\n\n<!-- wp:image {\"align\":\"center\",\"id\":541,\"width\":243,\"height\":344,\"sizeSlug\":\"large\"}--><div class=\"gridContainer\">\n<div class=\"wp-block-image\"><figure class=\"aligncenter size-large is-resized\"><a class=\"customize-unpreviewable\" href=\"https:\/\/copernicus.chmi.cz\/wp-content\/uploads\/2020\/05\/Pozn\u00e1mka-2020-05-29-162114.png\"><img fetchpriority=\"high\" decoding=\"async\" src=\"https:\/\/copernicus.chmi.cz\/wp-content\/uploads\/2020\/05\/Pozn\u00e1mka-2020-05-29-162114.png\" alt=\"\" class=\"wp-image-541\" width=\"243\" height=\"344\" srcset=\"https:\/\/copernicus.chmi.cz\/wp-content\/uploads\/2020\/05\/Pozn\u00e1mka-2020-05-29-162114.png 630w, https:\/\/copernicus.chmi.cz\/wp-content\/uploads\/2020\/05\/Pozn\u00e1mka-2020-05-29-162114-212x300.png 212w\" sizes=\"(max-width: 243px) 100vw, 243px\" \/><\/a><figcaption>Dokument se zobraz\u00ed po kliknut\u00ed na obr\u00e1zek<\/figcaption><\/figure><\/div>\n<\/div><!-- \/wp:image-->","protected":false},"excerpt":{"rendered":"","protected":false},"author":6,"featured_media":0,"parent":16,"menu_order":0,"comment_status":"closed","ping_status":"closed","template":"pro\/page-templates\/full-width-page.php","meta":{"footnotes":""},"class_list":["post-525","page","type-page","status-publish","hentry"],"_links":{"self":[{"href":"https:\/\/copernicus.chmi.cz\/index.php\/wp-json\/wp\/v2\/pages\/525","targetHints":{"allow":["GET"]}}],"collection":[{"href":"https:\/\/copernicus.chmi.cz\/index.php\/wp-json\/wp\/v2\/pages"}],"about":[{"href":"https:\/\/copernicus.chmi.cz\/index.php\/wp-json\/wp\/v2\/types\/page"}],"author":[{"embeddable":true,"href":"https:\/\/copernicus.chmi.cz\/index.php\/wp-json\/wp\/v2\/users\/6"}],"replies":[{"embeddable":true,"href":"https:\/\/copernicus.chmi.cz\/index.php\/wp-json\/wp\/v2\/comments?post=525"}],"version-history":[{"count":10,"href":"https:\/\/copernicus.chmi.cz\/index.php\/wp-json\/wp\/v2\/pages\/525\/revisions"}],"predecessor-version":[{"id":2234,"href":"https:\/\/copernicus.chmi.cz\/index.php\/wp-json\/wp\/v2\/pages\/525\/revisions\/2234"}],"up":[{"embeddable":true,"href":"https:\/\/copernicus.chmi.cz\/index.php\/wp-json\/wp\/v2\/pages\/16"}],"wp:attachment":[{"href":"https:\/\/copernicus.chmi.cz\/index.php\/wp-json\/wp\/v2\/media?parent=525"}],"curies":[{"name":"wp","href":"https:\/\/api.w.org\/{rel}","templated":true}]}}