

{"id":4905,"date":"2025-07-01T11:25:03","date_gmt":"2025-07-01T09:25:03","guid":{"rendered":"https:\/\/copernicus.chmi.cz\/?page_id=4905"},"modified":"2025-08-26T08:10:34","modified_gmt":"2025-08-26T06:10:34","slug":"ceske-uzivatelske-forum-copernicus-a-dalkovy-pruzkum-zeme-2025","status":"publish","type":"page","link":"https:\/\/copernicus.chmi.cz\/index.php\/ceske-uzivatelske-forum-copernicus-a-dalkovy-pruzkum-zeme-2025\/","title":{"rendered":"\u010cesk\u00e9 u\u017eivatelsk\u00e9 f\u00f3rum Copernicus a D\u00e1lkov\u00fd pr\u016fzkum Zem\u011b 2025"},"content":{"rendered":"<!-- wp:heading {\"textAlign\":\"center\",\"level\":1}--><div class=\"gridContainer\">\n<h1 class=\"wp-block-heading has-text-align-center\"><strong>\u010cesk\u00e9 u\u017eivatelsk\u00e9 f\u00f3rum Copernicus a D\u00e1lkov\u00fd pr\u016fzkum Zem\u011b 2025<\/strong><\/h1>\n<\/div><!-- \/wp:heading-->\n\n<!-- wp:group {\"layout\":{\"type\":\"constrained\"}}--><div class=\"gridContainer\">\n<div class=\"wp-block-group\"><!-- wp:columns--><div class=\"gridContainer\">\n<div class=\"wp-block-columns\"><!-- wp:column {\"width\":\"100%\"}--><div class=\"gridContainer\">\n<div class=\"wp-block-column\" style=\"flex-basis:100%\"><\/div>\n<\/div><!-- \/wp:column--><\/div>\n<\/div><!-- \/wp:columns--><\/div>\n<\/div><!-- \/wp:group-->\n\n<!-- wp:columns--><div class=\"gridContainer\">\n<div class=\"wp-block-columns\"><!-- wp:column {\"width\":\"100%\"}--><div class=\"gridContainer\">\n<div class=\"wp-block-column\" style=\"flex-basis:100%\"><!-- wp:paragraph--><div class=\"gridContainer\">\n<p>Agenda programu Copernicus, kterou ji\u017e druh\u00fdm rokem koordinuje \u010cesk\u00fd hydrometeorologick\u00fd \u00fastav, navazuje na p\u0159edchoz\u00ed ro\u010dn\u00edky a op\u011bt V\u00e1m p\u0159in\u00e1\u0161\u00ed konferenci \u010cesk\u00e9 u\u017eivatelsk\u00e9 f\u00f3rum Copernicus a d\u00e1lkov\u00fd pr\u016fzkum Zem\u011b<strong>,<\/strong> kter\u00e1 je po\u0159\u00e1d\u00e1na v r\u00e1mci akce Czech Space Week 2025. Program konference je p\u0159ipraven ve spolupr\u00e1ci s Ministerstvem dopravy a P\u0159\u00edrodov\u011bdeckou fakultou Univerzity Karlovy.&nbsp;<\/p>\n<\/div><!-- \/wp:paragraph--><\/div>\n<\/div><!-- \/wp:column--><\/div>\n<\/div><!-- \/wp:columns-->\n\n<!-- wp:columns--><div class=\"gridContainer\">\n<div class=\"wp-block-columns\"><!-- wp:column {\"width\":\"100%\"}--><div class=\"gridContainer\">\n<div class=\"wp-block-column\" style=\"flex-basis:100%\"><!-- wp:paragraph--><div class=\"gridContainer\">\n<p>Prvn\u00ed den konference se uskute\u010dn\u00ed workshop po\u0159\u00e1dan\u00fd slu\u017ebou Copernicus Climate Change Service<strong> <\/strong>v prostor\u00e1ch<strong> <\/strong>Konferen\u010dn\u00edho centra City. Program bude rozd\u011blen do dvou \u00farovn\u00ed \u2013 pro za\u010d\u00e1te\u010dn\u00edky i pokro\u010dil\u00e9 u\u017eivatele dat \u2013 tak\u017ee si ka\u017ed\u00fd najde to sv\u00e9. \u00da\u010dastn\u00edci se nau\u010d\u00ed prakticky pracovat s klimatick\u00fdmi daty, z\u00edskaj\u00ed tipy pro jejich anal\u00fdzu a p\u0159\u00edklady vyu\u017eit\u00ed v re\u00e1ln\u00fdch projektech. Workshop je ide\u00e1ln\u00ed p\u0159\u00edle\u017eitost\u00ed propojit teorii s prax\u00ed a roz\u0161\u00ed\u0159it sv\u00e9 dovednosti. Workshop prob\u011bhne v anglick\u00e9m jazyce.&nbsp;<\/p>\n<\/div><!-- \/wp:paragraph--><\/div>\n<\/div><!-- \/wp:column--><\/div>\n<\/div><!-- \/wp:columns-->\n\n<!-- wp:image {\"id\":4924,\"sizeSlug\":\"large\",\"linkDestination\":\"none\"}--><div class=\"gridContainer\">\n<figure class=\"wp-block-image size-large\"><img fetchpriority=\"high\" decoding=\"async\" width=\"1024\" height=\"320\" src=\"https:\/\/copernicus.chmi.cz\/wp-content\/uploads\/2025\/08\/Banner_Email-1024x320.png\" alt=\"\" class=\"wp-image-4924\" srcset=\"https:\/\/copernicus.chmi.cz\/wp-content\/uploads\/2025\/08\/Banner_Email-1024x320.png 1024w, https:\/\/copernicus.chmi.cz\/wp-content\/uploads\/2025\/08\/Banner_Email-300x94.png 300w, https:\/\/copernicus.chmi.cz\/wp-content\/uploads\/2025\/08\/Banner_Email-768x240.png 768w, https:\/\/copernicus.chmi.cz\/wp-content\/uploads\/2025\/08\/Banner_Email-1232x385.png 1232w, https:\/\/copernicus.chmi.cz\/wp-content\/uploads\/2025\/08\/Banner_Email.png 1536w\" sizes=\"(max-width: 1024px) 100vw, 1024px\" \/><\/figure>\n<\/div><!-- \/wp:image-->\n\n<!-- wp:paragraph--><div class=\"gridContainer\">\n<p><strong>C3S User Engagement Workshop with the Czech User Community \u2013 20. \u0159\u00edjna, 13:00\u201317:00, Konferen\u010dn\u00ed centrum City<\/strong>&nbsp;<\/p>\n<\/div><!-- \/wp:paragraph-->\n\n<!-- wp:paragraph--><div class=\"gridContainer\">\n<p><strong>Registrace:<\/strong> <a href=\"https:\/\/docs.google.com\/forms\/d\/e\/1FAIpQLSdFJnd2--VdIMkkN5cb8upp6rQ6PEP5VFR8VbUIT8jOSA-uAw\/viewform?usp=header\" target=\"_blank\" rel=\"noreferrer noopener\">https:\/\/docs.google.com\/forms\/d\/e\/1FAIpQLSdFJnd2&#8211;VdIMkkN5cb8upp6rQ6PEP5VFR8VbUIT8jOSA-uAw\/viewform?usp=header<\/a>&nbsp;&nbsp;<\/p>\n<\/div><!-- \/wp:paragraph-->\n\n<!-- wp:columns--><div class=\"gridContainer\">\n<div class=\"wp-block-columns\"><!-- wp:column {\"width\":\"100%\"}--><div class=\"gridContainer\">\n<div class=\"wp-block-column\" style=\"flex-basis:100%\"><!-- wp:paragraph--><div class=\"gridContainer\">\n<p>Druh\u00fd den v reprezentativn\u00edch prostor\u00e1ch Rezidence prim\u00e1tora hl. m. Prahy<strong> <\/strong>se uskute\u010dn\u00ed konference v\u011bnovan\u00e1 programu Copernicus a vyu\u017eit\u00ed dat d\u00e1lkov\u00e9ho pr\u016fzkumu Zem\u011b. \u010cek\u00e1 v\u00e1s den pln\u00fd zaj\u00edmav\u00fdch prezentac\u00ed z oblasti vyu\u017e\u00edv\u00e1n\u00ed dat programu Copernicus v \u010cesku a obecn\u00e9ho vyu\u017eit\u00ed dat d\u00e1lkov\u00e9ho pr\u016fzkumu Zem\u011b, dopln\u011bn\u00fd o p\u0159\u00edklady z praxe a diskuse s odborn\u00edky. Konference nab\u00eddne p\u0159edn\u00e1\u0161ky odborn\u00edk\u016f ze st\u00e1tn\u00ed spr\u00e1vy, akademick\u00e9ho prost\u0159ed\u00ed i soukrom\u00e9ho sektoru. \u00da\u010dastn\u00edci se dozv\u00ed o aktu\u00e1ln\u00edch trendech, v\u00fdzkumech a praktick\u00fdch vyu\u017eit\u00edch dat v r\u016fzn\u00fdch oborech. Sou\u010d\u00e1st\u00ed konference bude tak\u00e9 posterov\u00e1 sekce<strong>,<\/strong> kde budou m\u00edt \u00fa\u010dastn\u00edci mo\u017enost p\u0159edstavit sv\u00e9 projekty. Konference prob\u011bhne v \u010desk\u00e9m jazyce.&nbsp;<\/p>\n<\/div><!-- \/wp:paragraph--><\/div>\n<\/div><!-- \/wp:column--><\/div>\n<\/div><!-- \/wp:columns-->\n\n<!-- wp:image {\"id\":4906,\"sizeSlug\":\"large\",\"linkDestination\":\"none\"}--><div class=\"gridContainer\">\n<figure class=\"wp-block-image size-large\"><img decoding=\"async\" width=\"1024\" height=\"585\" src=\"https:\/\/copernicus.chmi.cz\/wp-content\/uploads\/2025\/07\/SaveTheDate-1024x585.jpg\" alt=\"\" class=\"wp-image-4906\" srcset=\"https:\/\/copernicus.chmi.cz\/wp-content\/uploads\/2025\/07\/SaveTheDate-1024x585.jpg 1024w, https:\/\/copernicus.chmi.cz\/wp-content\/uploads\/2025\/07\/SaveTheDate-300x171.jpg 300w, https:\/\/copernicus.chmi.cz\/wp-content\/uploads\/2025\/07\/SaveTheDate-768x439.jpg 768w, https:\/\/copernicus.chmi.cz\/wp-content\/uploads\/2025\/07\/SaveTheDate-1536x878.jpg 1536w, https:\/\/copernicus.chmi.cz\/wp-content\/uploads\/2025\/07\/SaveTheDate-2048x1171.jpg 2048w, https:\/\/copernicus.chmi.cz\/wp-content\/uploads\/2025\/07\/SaveTheDate-1232x704.jpg 1232w, https:\/\/copernicus.chmi.cz\/wp-content\/uploads\/2025\/07\/SaveTheDate-1890x1080.jpg 1890w\" sizes=\"(max-width: 1024px) 100vw, 1024px\" \/><\/figure>\n<\/div><!-- \/wp:image-->\n\n<!-- wp:paragraph--><div class=\"gridContainer\">\n<p><strong>\u010cesk\u00e9 u\u017eivatelsk\u00e9 f\u00f3rum Copernicus a d\u00e1lkov\u00fd pr\u016fzkum Zem\u011b 2025- 21. \u0159\u00edjna, 9:00\u201317:00, Rezidence prim\u00e1tora hl. m. Prahy&nbsp;<\/strong><\/p>\n<\/div><!-- \/wp:paragraph-->\n\n<!-- wp:paragraph--><div class=\"gridContainer\">\n<p><strong>Registrace:<\/strong> <a href=\"https:\/\/docs.google.com\/forms\/d\/e\/1FAIpQLSdJ0KlDK2Z29D6-mntIVMGrHon8q4FpYjI-4fsUggCN-Vkegg\/viewform?usp=header\" target=\"_blank\" rel=\"noreferrer noopener\">https:\/\/docs.google.com\/forms\/d\/e\/1FAIpQLSdJ0KlDK2Z29D6-mntIVMGrHon8q4FpYjI-4fsUggCN-Vkegg\/viewform?usp=header<\/a>&nbsp;&nbsp;<\/p>\n<\/div><!-- \/wp:paragraph-->\n\n<!-- wp:columns--><div class=\"gridContainer\">\n<div class=\"wp-block-columns\"><!-- wp:column {\"width\":\"100%\"}--><div class=\"gridContainer\">\n<div class=\"wp-block-column\" style=\"flex-basis:100%\"><!-- wp:paragraph {\"align\":\"center\"}--><div class=\"gridContainer\">\n<p class=\"has-text-align-center\">Pokud m\u00e1te z\u00e1jem o prezentaci \u010di vystaven\u00ed posteru, kontaktujte n\u00e1s na email: <a href=\"mailto:lucie.bursova@chmi.cz\" target=\"_blank\" rel=\"noreferrer noopener\">lucie.bursova@chmi.cz<\/a><strong> <\/strong>&nbsp;<\/p>\n<\/div><!-- \/wp:paragraph--><\/div>\n<\/div><!-- \/wp:column--><\/div>\n<\/div><!-- \/wp:columns-->\n\n<!-- wp:paragraph--><div class=\"gridContainer\">\n<p><\/p>\n<\/div><!-- \/wp:paragraph-->","protected":false},"excerpt":{"rendered":"<p>\u010cesk\u00e9 u\u017eivatelsk\u00e9 f\u00f3rum Copernicus a D\u00e1lkov\u00fd pr\u016fzkum Zem\u011b 2025 Agenda programu Copernicus, kterou ji\u017e druh\u00fdm rokem koordinuje \u010cesk\u00fd hydrometeorologick\u00fd \u00fastav, navazuje na p\u0159edchoz\u00ed ro\u010dn\u00edky a op\u011bt V\u00e1m p\u0159in\u00e1\u0161\u00ed konferenci \u010cesk\u00e9&nbsp;&hellip;<\/p>\n","protected":false},"author":12,"featured_media":4906,"parent":0,"menu_order":0,"comment_status":"closed","ping_status":"closed","template":"","meta":{"footnotes":""},"class_list":["post-4905","page","type-page","status-publish","has-post-thumbnail","hentry"],"_links":{"self":[{"href":"https:\/\/copernicus.chmi.cz\/index.php\/wp-json\/wp\/v2\/pages\/4905","targetHints":{"allow":["GET"]}}],"collection":[{"href":"https:\/\/copernicus.chmi.cz\/index.php\/wp-json\/wp\/v2\/pages"}],"about":[{"href":"https:\/\/copernicus.chmi.cz\/index.php\/wp-json\/wp\/v2\/types\/page"}],"author":[{"embeddable":true,"href":"https:\/\/copernicus.chmi.cz\/index.php\/wp-json\/wp\/v2\/users\/12"}],"replies":[{"embeddable":true,"href":"https:\/\/copernicus.chmi.cz\/index.php\/wp-json\/wp\/v2\/comments?post=4905"}],"version-history":[{"count":16,"href":"https:\/\/copernicus.chmi.cz\/index.php\/wp-json\/wp\/v2\/pages\/4905\/revisions"}],"predecessor-version":[{"id":4994,"href":"https:\/\/copernicus.chmi.cz\/index.php\/wp-json\/wp\/v2\/pages\/4905\/revisions\/4994"}],"wp:featuredmedia":[{"embeddable":true,"href":"https:\/\/copernicus.chmi.cz\/index.php\/wp-json\/wp\/v2\/media\/4906"}],"wp:attachment":[{"href":"https:\/\/copernicus.chmi.cz\/index.php\/wp-json\/wp\/v2\/media?parent=4905"}],"curies":[{"name":"wp","href":"https:\/\/api.w.org\/{rel}","templated":true}]}}