

{"id":488,"date":"2020-05-29T14:24:05","date_gmt":"2020-05-29T12:24:05","guid":{"rendered":"https:\/\/copernicus.chmi.cz\/?page_id=488"},"modified":"2021-09-21T11:49:58","modified_gmt":"2021-09-21T09:49:58","slug":"uzemi","status":"publish","type":"page","link":"https:\/\/copernicus.chmi.cz\/index.php\/o-copernicu\/infrastruktura\/sluzby\/uzemi\/","title":{"rendered":"\u00dazem\u00ed"},"content":{"rendered":"<div  data-label=\"Content\" data-id=\"content--1\" data-export-id=\"content-5-materialis\" data-category=\"content\" class=\"content-5m content-section-spacing-large content-section dark-text\" id=\"content-1\" style=\"background-color: rgba(255, 255, 255, 0); background-image: none;\"><div  class=\"gridContainer\"> <div  class=\"row\"><div  class=\"col-xs-12 col-sm-8 col-sm-offset-2 space-bottom text-center col-padding-small-xs\" data-type=\"column\"><img decoding=\"async\"  class=\"custom-image\" src=\"https:\/\/copernicus.chmi.cz\/wp-content\/uploads\/2020\/05\/landmonitoring.png\"> <\/div> <div  class=\"col-xs-12 text-center large\" data-type=\"column\"><h2  class=\"space-bottom\">Slu\u017eba pro monitorov\u00e1n\u00ed \u00fazem\u00ed<\/h2> <p  class=\"lead\" style=\"text-align: justify;\">Slu\u017eba Copernicus pro monitorov\u00e1n\u00ed \u00fazem\u00ed (CLMS) je spolukoordinov\u00e1na Evropskou agenturou pro \u017eivotn\u00ed prost\u0159ed\u00ed (<a href=\"https:\/\/www.eea.europa.eu\" target=\"_blank\" data-mce-selected=\"inline-boundary\" rel=\"noopener noreferrer\" class=\"\">EEA<\/a>) a Spole\u010dn\u00fdm v\u00fdzkumn\u00fdm st\u0159ediskem Evropsk\u00e9 komise (<a href=\"https:\/\/ec.europa.eu\/info\/departments\/joint-research-centre_en\" target=\"_blank\" data-mce-selected=\"inline-boundary\" rel=\"noopener noreferrer\" class=\"\">JRC<\/a>) a je v provozu od roku 2012.<br >\n<br >Slu\u017eba poskytuje geografick\u00e9 informace o krajinn\u00e9m pokryvu a jeho zm\u011bn\u00e1ch, vyu\u017eit\u00ed \u00fazem\u00ed nebo stavu vegetace a vodn\u00edm cyklu, kter\u00e9 maj\u00ed&nbsp;\u0161irok\u00e9 spektrum vyu\u017eit\u00ed:<br >\n\u2022 \u00dazemn\u00ed a m\u011bstsk\u00e9m pl\u00e1nov\u00e1n\u00ed<br >\n\u2022 Lesn\u00ed a vodn\u00ed hospod\u00e1\u0159stv\u00ed, zem\u011bd\u011blstv\u00ed<br >\n\u2022 Bezpe\u010dnost potravin<br >\n\u2022 Ochrana a obnova p\u0159\u00edrody<br >\n\u2022 Rozvoj venkova<br >\n\u2022 Evidence ekosyst\u00e9m\u016f<br >\n\u2022 Zm\u00edr\u0148ov\u00e1n\u00ed nebo p\u0159izp\u016fsobov\u00e1n\u00ed se zm\u011bn\u011b klimatu<br >\n<br >\nSlu\u017eba je rozd\u011blena na \u010dty\u0159i hlavn\u00ed slo\u017eky:\n<br >\n<br ><b >Glob\u00e1ln\u00ed slo\u017eka <\/b>\n<br >Poskytuje \u0159adu bio-geofyzik\u00e1ln\u00ed produkt\u016f o stavu a v\u00fdvoji zemsk\u00e9ho povrchu v glob\u00e1ln\u00edm m\u011b\u0159\u00edtku se st\u0159edn\u00edm a n\u00edzk\u00fdm prostorov\u00fdm rozli\u0161en\u00edm. Tyto produkty se pou\u017e\u00edvaj\u00ed k monitorov\u00e1n\u00ed vegetace, kolob\u011bh vody a \u00faspory energie. K vyu\u017e\u00edv\u00e1n\u00ed produkt\u016f glob\u00e1ln\u00ed komponenty je mo\u017en\u00e9 se zaregistrovat. V\u00edce informac\u00ed se dozv\u00edte na&nbsp;<a href=\"https:\/\/land.copernicus.eu\/global\" target=\"_blank\" data-mce-selected=\"inline-boundary\" rel=\"noopener noreferrer\" class=\"\">ofici\u00e1ln\u00edch str\u00e1nk\u00e1ch<\/a>.\n<br ><br ><b >\nPanevropsk\u00e1 slo\u017eka<\/b><br >\nZab\u00fdv\u00e1 se mapov\u00e1n\u00edm&nbsp;krajinn\u00e9ho&nbsp;pokryvu a vyu\u017eit\u00ed \u00fazem\u00ed. Poskytuje informace o jejich zm\u011bn\u00e1ch a charakteristik\u00e1ch.&nbsp;Produkuje mozaiku satelitn\u00edch dat a vrstvy Corine Land Cover a High Resolution Layers. Sou\u010d\u00e1st\u00ed produktu jsou i informace o nepropustn\u00e9m povrchu, zalesn\u011bn\u00ed, p\u0159\u00edrodn\u00edch pastvin\u00e1ch, mok\u0159adech a trval\u00fdch vodn\u00edch \u00fatvarech.&nbsp;Vrstvy Corine Land Cover pro \u00fazem\u00ed \u010cesk\u00e9 republiky jsou k dispozici ke sta\u017een\u00ed zdarma na str\u00e1nk\u00e1ch&nbsp;N\u00e1rodn\u00edho&nbsp;<a href=\"https:\/\/geoportal.gov.cz\/web\/guest\/uvod\" target=\"_blank\" data-mce-selected=\"inline-boundary\" rel=\"noopener noreferrer\" class=\"\">geoport\u00e1lu INSPIRE<\/a>.\n<br ><br ><b >\nLok\u00e1ln\u00ed slo\u017eka&nbsp;<\/b><br >\nC\u00edlem teto slo\u017eky je&nbsp;tematick\u00e9 mapov\u00e1n\u00ed oblast\u00ed, tzv. hot-spot\u016f, kter\u00e9 jsou n\u00e1chyln\u00e9 ke konkr\u00e9tn\u00edm environment\u00e1ln\u00edm probl\u00e9m\u016fm. Mezi mapovan\u00e9 oblasti pat\u0159\u00ed nap\u0159. p\u0159\u00edb\u0159e\u017en\u00ed z\u00f3ny pod\u00e9l evropsk\u00e9 \u0159\u00ed\u010dn\u00ed s\u00edt\u011b (<a href=\"https:\/\/land.copernicus.eu\/local\/riparian-zones\" target=\"_blank\" data-mce-selected=\"inline-boundary\" rel=\"noopener noreferrer\" class=\"\">Riparian Zones<\/a>), pob\u0159e\u017en\u00ed oblasti (<a href=\"https:\/\/land.copernicus.eu\/user-corner\/technical-library\/coastal-zone-monitoring\" target=\"_blank\" data-mce-selected=\"inline-boundary\" rel=\"noopener noreferrer\" class=\"\">Coastal Zones<\/a>) a lokality&nbsp;<a href=\"https:\/\/land.copernicus.eu\/local\/natura\" target=\"_blank\" data-mce-selected=\"inline-boundary\" rel=\"noopener noreferrer\" class=\"\">NATURA 2000<\/a>. Slu\u017eba tak\u00e9 poskytuje podrobn\u00e9 informace o krajinn\u00e9m pokryvu a vyu\u017eit\u00ed \u00fazem\u00ed ve v\u011bt\u0161\u00edch evropsk\u00fdch m\u011bstech (<a href=\"https:\/\/land.copernicus.eu\/local\/urban-atlas\" target=\"_blank\" data-mce-selected=\"inline-boundary\" rel=\"noopener noreferrer\" class=\"\">Urban Atlas<\/a>).\n<br >\n<br ><b >\nKomponenta in-situ \u2013 S\u00ed\u0165 pozemn\u00edch m\u011b\u0159\u00edc\u00edch za\u0159\u00edzen\u00ed<\/b><br >\nV\u0161echny slu\u017eby Copernicus pot\u0159ebuj\u00ed p\u0159\u00edstup k dat\u016fm&nbsp;<a href=\"https:\/\/insitu.copernicus.eu\" target=\"_blank\" data-mce-selected=\"inline-boundary\" rel=\"noopener noreferrer\" class=\"\">in-situ<\/a>, aby bylo zaji\u0161t\u011bno \u00fa\u010dinn\u00e9 a efektivn\u00ed vyu\u017e\u00edv\u00e1n\u00ed dat z&nbsp;kosmick\u00e9 komponenty programu Copernicus. Krom\u011b \u00fadaj\u016f poskytovan\u00fdch z\u00fa\u010dastn\u011bn\u00fdmi zem\u011bmi sem pat\u0159\u00ed tak\u00e9 referen\u010dn\u00ed data d\u00e1lkov\u00e9ho pr\u016fzkumu z p\u0159isp\u00edvaj\u00edc\u00edch mis\u00ed zam\u011b\u0159en\u00fdch na \u00fazem\u00ed Evropy, kter\u00e9 vytv\u00e1\u0159ej\u00ed mozaiku satelitn\u00edho obrazu ve vysok\u00e9m a velmi vysok\u00e9m rozli\u0161en\u00ed (nap\u0159\u00edklad digit\u00e1ln\u00ed model ter\u00e9nu EU-DEM).<br >\nKrom\u011b v\u00fd\u0161e uveden\u00fdch slo\u017eek je pr\u00e1v\u011b z\u0159izov\u00e1na nov\u00e1 evropsk\u00e1 aktivita, kter\u00e1 bude m\u011b\u0159it pohyby p\u016fdy, v\u010detn\u011b sesuv\u016f a pokles\u016f, jako\u017eto i jej\u00ed deformace.&nbsp;Aktu\u00e1ln\u00ed v\u00fdvoj naleznete na&nbsp;webov\u00fdch str\u00e1nk\u00e1ch&nbsp;CLMS.\n<br >\n\n<br >V\u00edce informac\u00ed se dozv\u00edte na&nbsp;<a href=\"https:\/\/land.copernicus.eu\" target=\"_blank\" data-mce-selected=\"inline-boundary\" rel=\"noopener noreferrer\" class=\"\"> webov\u00fdch str\u00e1nk\u00e1ch slu\u017eby CLMS&nbsp;<\/a>&nbsp;nebo v informa\u010dn\u00edm let\u00e1ku:<\/p> <\/div> <\/div><\/div> <\/div><!-- wp:image {\"align\":\"center\",\"id\":495,\"width\":211,\"height\":300,\"sizeSlug\":\"large\"}--><div class=\"gridContainer\"><div  class=\"wp-block-image\"><figure  class=\"aligncenter size-large is-resized\"><a  class=\"customize-unpreviewable\" href=\"https:\/\/copernicus.chmi.cz\/wp-content\/uploads\/2020\/05\/Copernicus-Land-Monitoring-Service-factsheet-status-October-2018.pdf\"><img loading=\"lazy\" decoding=\"async\" loading=\"lazy\"  src=\"https:\/\/copernicus.chmi.cz\/wp-content\/uploads\/2020\/05\/Pozn\u00e1mka-2020-05-29-145631-e1590757201210.png\" alt=\"\" class=\"wp-image-495\" width=\"211\" height=\"300\"><\/a><figcaption >Dokument se zobraz\u00ed po kliknut\u00ed na obr\u00e1zek<\/figcaption><\/figure><\/div><\/div><!-- \/wp:image-->","protected":false},"excerpt":{"rendered":"","protected":false},"author":6,"featured_media":0,"parent":16,"menu_order":0,"comment_status":"closed","ping_status":"closed","template":"pro\/page-templates\/full-width-page.php","meta":{"footnotes":""},"class_list":["post-488","page","type-page","status-publish","hentry"],"_links":{"self":[{"href":"https:\/\/copernicus.chmi.cz\/index.php\/wp-json\/wp\/v2\/pages\/488","targetHints":{"allow":["GET"]}}],"collection":[{"href":"https:\/\/copernicus.chmi.cz\/index.php\/wp-json\/wp\/v2\/pages"}],"about":[{"href":"https:\/\/copernicus.chmi.cz\/index.php\/wp-json\/wp\/v2\/types\/page"}],"author":[{"embeddable":true,"href":"https:\/\/copernicus.chmi.cz\/index.php\/wp-json\/wp\/v2\/users\/6"}],"replies":[{"embeddable":true,"href":"https:\/\/copernicus.chmi.cz\/index.php\/wp-json\/wp\/v2\/comments?post=488"}],"version-history":[{"count":17,"href":"https:\/\/copernicus.chmi.cz\/index.php\/wp-json\/wp\/v2\/pages\/488\/revisions"}],"predecessor-version":[{"id":2873,"href":"https:\/\/copernicus.chmi.cz\/index.php\/wp-json\/wp\/v2\/pages\/488\/revisions\/2873"}],"up":[{"embeddable":true,"href":"https:\/\/copernicus.chmi.cz\/index.php\/wp-json\/wp\/v2\/pages\/16"}],"wp:attachment":[{"href":"https:\/\/copernicus.chmi.cz\/index.php\/wp-json\/wp\/v2\/media?parent=488"}],"curies":[{"name":"wp","href":"https:\/\/api.w.org\/{rel}","templated":true}]}}