

{"id":460,"date":"2020-05-22T15:02:44","date_gmt":"2020-05-22T13:02:44","guid":{"rendered":"https:\/\/copernicus.chmi.cz\/?page_id=460"},"modified":"2020-11-18T13:54:30","modified_gmt":"2020-11-18T12:54:30","slug":"sluzba-programu-copernicus-pro-monitorovani-atmosfery","status":"publish","type":"page","link":"https:\/\/copernicus.chmi.cz\/index.php\/o-copernicu\/infrastruktura\/sluzby\/sluzba-programu-copernicus-pro-monitorovani-atmosfery\/","title":{"rendered":"Atmosf\u00e9ra"},"content":{"rendered":"<div class=\"breadcrumbs align  wp-block-bcn-breadcrumb-trail has-text-color has-background\" vocab=\"https:\/\/schema.org\/\" typeof=\"BreadcrumbList\">\n\t<span><\/span>\n\t<span property=\"itemListElement\" typeof=\"ListItem\"><a property=\"item\" typeof=\"WebPage\" title=\"P\u0159ej\u00edt na Copernicus CR.\" href=\"https:\/\/copernicus.chmi.cz\" class=\"home\" ><span property=\"name\">Copernicus CR<\/span><\/a><meta property=\"position\" content=\"1\"><\/span> &gt; <span property=\"itemListElement\" typeof=\"ListItem\"><a property=\"item\" typeof=\"WebPage\" title=\"P\u0159ej\u00edt na Novinky.\" href=\"https:\/\/copernicus.chmi.cz\/index.php\/novinky\/\" class=\"post post-page\" ><span property=\"name\">Novinky<\/span><\/a><meta property=\"position\" content=\"2\"><\/span> &gt; <span property=\"itemListElement\" typeof=\"ListItem\"><a property=\"item\" typeof=\"WebPage\" title=\"P\u0159ej\u00edt na Blog.\" href=\"https:\/\/copernicus.chmi.cz\/index.php\/novinky\/blog\/\" class=\"post-root post post-post\" aria-current=\"page\"><span property=\"name\">Blog<\/span><\/a><meta property=\"position\" content=\"3\"><\/span><\/div>\n\n\n\n<div data-label=\"Atmosfera\" data-id=\"content--5\" data-export-id=\"content-5-materialis\" data-category=\"content\" class=\"content-5m content-section-spacing-large content-section dark-text\" id=\"atmosfera\" style=\"background-color: rgba(255, 255, 255, 0); background-image: none;\"><div class=\"gridContainer\"> <div class=\"row\"><div class=\"col-xs-12 col-sm-8 col-sm-offset-2 space-bottom text-center col-padding-small-xs\" data-type=\"column\"><img decoding=\"async\" class=\"custom-image\" src=\"https:\/\/copernicus.chmi.cz\/wp-content\/uploads\/2020\/05\/cropped-unnamed-e1591084790708.png\"> <\/div> <div class=\"col-xs-12 text-center large\" data-type=\"column\"><h2 class=\"space-bottom\">Slu\u017eba pro monitorov\u00e1n\u00ed atmosf\u00e9ry<\/h2> <p class=\"lead\" style=\"text-align: justify;\">Slu\u017eba programu Copernicus pro monitorov\u00e1n\u00ed atmosf\u00e9ry je v provozu od \u010dervence 2015, je koordinov\u00e1na Evropsk\u00fdm centrem pro st\u0159edn\u011bdob\u00e9 p\u0159edpov\u011bdi po\u010das\u00ed (ECMWF) a zabezpe\u010duje n\u00e1sleduj\u00edc\u00ed \u010dinnosti:\n<br><br>\n\u2022 Zaji\u0161\u0165uje nep\u0159etr\u017eit\u00fd a konzistentn\u00ed sb\u011br dat, kter\u00e1 se t\u00fdkaj\u00ed slo\u017een\u00ed atmosf\u00e9ry.<br>\n\u2022 Vyhodnocuje a popisuje stav atmosf\u00e9ry jak v re\u00e1ln\u00e9m \u010dase, tak na n\u011bkolik dn\u00ed dop\u0159edu.<br>\n\u2022 Analyzuje retrospektivn\u00ed datov\u00e9 z\u00e1znamy z uplynul\u00fdch let.<br>\n\u2022 Denn\u011b poskytuje informace o glob\u00e1ln\u00edm slo\u017een\u00ed atmosf\u00e9ry na z\u00e1klad\u011b monitorov\u00e1n\u00ed a p\u0159edpov\u011bd\u00ed t\u00fdkaj\u00edc\u00edch se v\u00fdskytu slo\u017eek, jako jsou sklen\u00edkov\u00e9 plyny (oxid uhli\u010dit\u00fd a metan), reaktivn\u00ed plyny (nap\u0159. oxid uhelnat\u00fd, oxidovan\u00e9 slou\u010deniny dus\u00edku, oxid si\u0159i\u010dit\u00fd), ozon a aerosoly.<br>\n\u2022Poskytuje anal\u00fdzu v t\u00e9m\u011b\u0159 re\u00e1ln\u00e9m \u010dase a \u010dty\u0159denn\u00ed p\u0159edpov\u011bdi, jako\u017e i reanal\u00fdzu kvality evropsk\u00e9ho ovzdu\u0161\u00ed, a t\u00edm umo\u017e\u0148uje pr\u016fb\u011b\u017en\u00e9 hodnocen\u00ed vzduchu, kter\u00fd d\u00fdch\u00e1me.\n<br><br>\nInformace poskytovan\u00e9 touto slu\u017ebou jsou vyu\u017eity v&nbsp;<a href=\"https:\/\/atmosphere.copernicus.eu\/what-we-do?q=what-cams-used\" target=\"_blank\" data-mce-selected=\"inline-boundary\" rel=\"noopener noreferrer\" class=\"\">r\u016fzn\u00fdch oblastech<\/a>&nbsp;v\u010detn\u011b zdrav\u00ed, \u017eivotn\u00edho prost\u0159ed\u00ed, obnoviteln\u00fdch zdroj\u016f energie, meteorologie a klimatologie.V neposledn\u00ed \u0159ad\u011b slu\u017eba poskytuje ve\u0159ejn\u00fdm i soukrom\u00fdm organizac\u00edm zapojen\u00fdm do vyu\u017e\u00edv\u00e1n\u00ed slune\u010dn\u00ed energie p\u0159esn\u00e9 <b>informace o zdroj\u00edch slune\u010dn\u00edho z\u00e1\u0159en\u00ed na zemsk\u00e9m povrchu<\/b>, co\u017e m\u00e1 z\u00e1sadn\u00ed v\u00fdznam v oblastech jako jsou zem\u011bd\u011blstv\u00ed \u010di sol\u00e1rn\u00ed energetika. Produkty dod\u00e1van\u00e9 touto slu\u017ebou jsou poskytov\u00e1ny bezplatn\u011b prost\u0159ednictv\u00edm&nbsp;<a href=\"https:\/\/atmosphere.copernicus.eu\/catalogue\" target=\"_blank\" data-mce-selected=\"inline-boundary\" rel=\"noopener noreferrer\" class=\"\">interaktivn\u00edho katalogu<\/a>.<br><br>\nHlavn\u00ed tematick\u00e9 oblasti slu\u017eby jsou:\n<br><br><b>\n\u2022 Kvalita ovzdu\u0161\u00ed a slo\u017een\u00ed atmosf\u00e9ry<br>\n\u2022 P\u016fsoben\u00ed klimatu<br>\n\u2022 Ozonov\u00e1 vrstva a UV z\u00e1\u0159en\u00ed<br>\n\u2022 Slune\u010dn\u00ed z\u00e1\u0159en\u00ed<br>\n\u2022 Emise\n\n<\/b><br><br>\nV\u00edce informac\u00ed se dozv\u00edte na&nbsp;<a href=\"https:\/\/atmosphere.copernicus.eu\" target=\"_blank\" data-mce-selected=\"inline-boundary\" rel=\"noopener noreferrer\" class=\"\"> webov\u00fdch str\u00e1nk\u00e1ch slu\u017eby CAMS&nbsp;<\/a>&nbsp;nebo v informa\u010dn\u00edm let\u00e1ku:<br>\n<\/p> <\/div> <\/div><\/div> <\/div>\n\n\n<!-- wp:image {\"align\":\"center\",\"id\":521,\"width\":211,\"height\":296,\"sizeSlug\":\"large\"}--><div class=\"gridContainer\">\n<div class=\"wp-block-image\"><figure class=\"aligncenter size-large is-resized\"><a class=\"customize-unpreviewable\" href=\"https:\/\/copernicus.chmi.cz\/wp-content\/uploads\/2020\/05\/Copernicus_AtmosphereMonitoring_Feb2017.pdf\"><img fetchpriority=\"high\" decoding=\"async\" src=\"https:\/\/copernicus.chmi.cz\/wp-content\/uploads\/2020\/05\/Pozn\u00e1mka-2020-04-16-14465atm-kopie-1.png\" alt=\"\" class=\"wp-image-521\" width=\"211\" height=\"296\" srcset=\"https:\/\/copernicus.chmi.cz\/wp-content\/uploads\/2020\/05\/Pozn\u00e1mka-2020-04-16-14465atm-kopie-1.png 561w, https:\/\/copernicus.chmi.cz\/wp-content\/uploads\/2020\/05\/Pozn\u00e1mka-2020-04-16-14465atm-kopie-1-214x300.png 214w\" sizes=\"(max-width: 211px) 100vw, 211px\" \/><\/a><figcaption>Dokument se zobraz\u00ed po kliknut\u00ed na obr\u00e1zek<\/figcaption><\/figure><\/div>\n<\/div><!-- \/wp:image-->","protected":false},"excerpt":{"rendered":"","protected":false},"author":6,"featured_media":0,"parent":16,"menu_order":0,"comment_status":"closed","ping_status":"closed","template":"pro\/page-templates\/full-width-page.php","meta":{"footnotes":""},"class_list":["post-460","page","type-page","status-publish","hentry"],"_links":{"self":[{"href":"https:\/\/copernicus.chmi.cz\/index.php\/wp-json\/wp\/v2\/pages\/460","targetHints":{"allow":["GET"]}}],"collection":[{"href":"https:\/\/copernicus.chmi.cz\/index.php\/wp-json\/wp\/v2\/pages"}],"about":[{"href":"https:\/\/copernicus.chmi.cz\/index.php\/wp-json\/wp\/v2\/types\/page"}],"author":[{"embeddable":true,"href":"https:\/\/copernicus.chmi.cz\/index.php\/wp-json\/wp\/v2\/users\/6"}],"replies":[{"embeddable":true,"href":"https:\/\/copernicus.chmi.cz\/index.php\/wp-json\/wp\/v2\/comments?post=460"}],"version-history":[{"count":14,"href":"https:\/\/copernicus.chmi.cz\/index.php\/wp-json\/wp\/v2\/pages\/460\/revisions"}],"predecessor-version":[{"id":2233,"href":"https:\/\/copernicus.chmi.cz\/index.php\/wp-json\/wp\/v2\/pages\/460\/revisions\/2233"}],"up":[{"embeddable":true,"href":"https:\/\/copernicus.chmi.cz\/index.php\/wp-json\/wp\/v2\/pages\/16"}],"wp:attachment":[{"href":"https:\/\/copernicus.chmi.cz\/index.php\/wp-json\/wp\/v2\/media?parent=460"}],"curies":[{"name":"wp","href":"https:\/\/api.w.org\/{rel}","templated":true}]}}