

{"id":4529,"date":"2023-06-29T13:21:16","date_gmt":"2023-06-29T11:21:16","guid":{"rendered":"https:\/\/copernicus.chmi.cz\/?page_id=4529"},"modified":"2023-08-29T13:00:28","modified_gmt":"2023-08-29T11:00:28","slug":"copernicus-forum-a-inspirujme-se-2023","status":"publish","type":"page","link":"https:\/\/copernicus.chmi.cz\/index.php\/copernicus-forum-a-inspirujme-se-2023\/","title":{"rendered":"Copernicus Forum a Inspirujme se 2023"},"content":{"rendered":"<!-- wp:extendstudio\/materialis--><!-- \/wp:extendstudio\/materialis--><!-- wp:extendstudio\/materialis--><div  data-label=\"Content\" data-id=\"content--1\" data-export-id=\"content-5-materialis\" data-category=\"content\" class=\"content-5m content-section-spacing-large content-section\" id=\"content-1\" style=\"background-color: rgb(255, 255, 255);\"><div  class=\"gridContainer\"> <div  class=\"row\"><div  class=\"col-xs-12 col-sm-8 col-sm-offset-2 space-bottom text-center col-padding-small-xs\" data-type=\"column\"> <img decoding=\"async\"  class=\"mdc-elevation--z13 rounded\" src=\"https:\/\/copernicus.chmi.cz\/wp-content\/uploads\/2023\/08\/CFI_2023_save_the_date.png\"><\/div> <div  class=\"col-xs-12 text-center large\" data-type=\"column\"><h2  class=\"space-bottom\">Copernicus Forum a Inspirujme se 2023<\/h2> <p  class=\"lead\">Zveme v\u00e1s jako ji\u017e tradi\u010dn\u011b ka\u017ed\u00fd rok na konferenci, na kter\u00e9 mohou <b >u\u017eivatel\u00e9 dat programu Copernicus <\/b>sd\u00edlet svou pr\u00e1ci a tak\u00e9 diskutovat nad nejr\u016fzn\u011bj\u0161\u00edmi t\u00e9maty spojen\u00fdmi s evropsk\u00fdm programem Copernicus. Letos se akce uskute\u010dn\u00ed spolu s konferenc\u00ed Inspirujme se a prob\u011bhne ve dnech <b >29. \u2013 30. 11. 2023 <\/b>ve <b >Hv\u011bzd\u00e1rn\u011b a planet\u00e1riu v Brn\u011b<\/b>. Ve\u0161ker\u00e9 pot\u0159ebn\u00e9 informace postupn\u011b zve\u0159ej\u0148ujeme na ofici\u00e1ln\u00edch str\u00e1nk\u00e1ch akce na odkaze n\u00ed\u017ee. Budeme se t\u011b\u0161it op\u011bt na setk\u00e1n\u00ed!<\/p> <a class=\"button mdc-ripple-upgraded big mdc-elevation--z3 color13\" href=\"https:\/\/inspirujmese.cz\/#o-konferenci\" target=\"_blank\" data-cp-link=\"1\" data-icon=\"\" rel=\"noopener\">Chci se dozv\u011bd\u011bt v\u00edce<\/a><\/div> <\/div><\/div> <\/div><!-- \/wp:extendstudio\/materialis-->","protected":false},"excerpt":{"rendered":"<p>Copernicus Forum a Inspirujme se 2023 Zveme v\u00e1s jako ji\u017e tradi\u010dn\u011b ka\u017ed\u00fd rok na konferenci, na kter\u00e9 mohou u\u017eivatel\u00e9 dat programu Copernicus sd\u00edlet svou pr\u00e1ci a tak\u00e9 diskutovat nad nejr\u016fzn\u011bj\u0161\u00edmi&nbsp;&hellip;<\/p>\n","protected":false},"author":6,"featured_media":0,"parent":0,"menu_order":0,"comment_status":"closed","ping_status":"closed","template":"pro\/page-templates\/full-width-page.php","meta":{"footnotes":""},"class_list":["post-4529","page","type-page","status-publish","hentry"],"_links":{"self":[{"href":"https:\/\/copernicus.chmi.cz\/index.php\/wp-json\/wp\/v2\/pages\/4529","targetHints":{"allow":["GET"]}}],"collection":[{"href":"https:\/\/copernicus.chmi.cz\/index.php\/wp-json\/wp\/v2\/pages"}],"about":[{"href":"https:\/\/copernicus.chmi.cz\/index.php\/wp-json\/wp\/v2\/types\/page"}],"author":[{"embeddable":true,"href":"https:\/\/copernicus.chmi.cz\/index.php\/wp-json\/wp\/v2\/users\/6"}],"replies":[{"embeddable":true,"href":"https:\/\/copernicus.chmi.cz\/index.php\/wp-json\/wp\/v2\/comments?post=4529"}],"version-history":[{"count":9,"href":"https:\/\/copernicus.chmi.cz\/index.php\/wp-json\/wp\/v2\/pages\/4529\/revisions"}],"predecessor-version":[{"id":4644,"href":"https:\/\/copernicus.chmi.cz\/index.php\/wp-json\/wp\/v2\/pages\/4529\/revisions\/4644"}],"wp:attachment":[{"href":"https:\/\/copernicus.chmi.cz\/index.php\/wp-json\/wp\/v2\/media?parent=4529"}],"curies":[{"name":"wp","href":"https:\/\/api.w.org\/{rel}","templated":true}]}}