

{"id":4396,"date":"2023-05-30T11:11:04","date_gmt":"2023-05-30T09:11:04","guid":{"rendered":"https:\/\/copernicus.chmi.cz\/?page_id=4396"},"modified":"2023-06-15T15:26:59","modified_gmt":"2023-06-15T13:26:59","slug":"program-seminare","status":"publish","type":"page","link":"https:\/\/copernicus.chmi.cz\/index.php\/program-seminare\/","title":{"rendered":"Program semin\u00e1\u0159e"},"content":{"rendered":"<!-- wp:table {\"align\":\"center\",\"className\":\"is-style-stripes\"}--><div class=\"gridContainer\">\n<figure class=\"wp-block-table aligncenter is-style-stripes\"><table><tbody><tr><td class=\"has-text-align-center\" data-align=\"center\"><strong>16:00 &#8211; 17:30<\/strong><\/td><\/tr><tr><td class=\"has-text-align-center\" data-align=\"center\"><strong>P\u0159iv\u00edt\u00e1n\u00ed a sezn\u00e1men\u00ed s programem<\/strong><br>J. Spratek, Planetum<\/td><\/tr><tr><td class=\"has-text-align-center\" data-align=\"center\"><strong><a href=\"https:\/\/copernicus.chmi.cz\/wp-content\/uploads\/2023\/06\/02_Uvodni_Havranek.pdf\" target=\"_blank\" rel=\"noreferrer noopener\">\u00davodn\u00ed slovo k semin\u00e1\u0159i<\/a><\/strong><br>M. Havr\u00e1nek, CENIA<\/td><\/tr><tr><td class=\"has-text-align-center\" data-align=\"center\"><strong><a href=\"https:\/\/copernicus.chmi.cz\/wp-content\/uploads\/2023\/06\/Vit_Copernicus-25-let-MD-ESA.pdf\" target=\"_blank\" rel=\"noreferrer noopener\">Data z dru\u017eic Sentinel v datov\u00e9m skladu \u010cR<\/a><\/strong><br>D. V\u00edt, Ministerstvo dopravy<\/td><\/tr><tr><td class=\"has-text-align-center\" data-align=\"center\"><strong><a href=\"https:\/\/copernicus.chmi.cz\/wp-content\/uploads\/2023\/06\/Jelenek_Copernicus_vyroci_Jelenek-1.pdf\" target=\"_blank\" rel=\"noreferrer noopener\">Vyu\u017eit\u00ed dat Copernicus pro komplexn\u00ed monitoring dolu Tur\u00f3w a jeho okol\u00ed<\/a><\/strong><br>J. Jel\u00e9nek, \u010cesk\u00e1 geologick\u00e1 slu\u017eba<\/td><\/tr><tr><td class=\"has-text-align-center\" data-align=\"center\"><strong><a href=\"https:\/\/copernicus.chmi.cz\/wp-content\/uploads\/2023\/06\/Stastka_Copernicus.pdf\" target=\"_blank\" rel=\"noreferrer noopener\">Anal\u00fdza dat dru\u017eic a slu\u017eeb programu Copernicus v souvislosti s v\u00e1lkou na Ukrajin\u011b<\/a><\/strong><br>J. \u0160\u0165\u00e1stka, \u010cHM\u00da\/ M. Havr\u00e1nek, CENIA<\/td><\/tr><tr><td class=\"has-text-align-center\" data-align=\"center\"><strong><a href=\"https:\/\/copernicus.chmi.cz\/wp-content\/uploads\/2023\/06\/stych_Copernicus.pdf\" target=\"_blank\" rel=\"noreferrer noopener\">Interaktivn\u00ed mapa \u00fasp\u011b\u0161n\u00fdch aplikac\u00ed Copernicus dat v \u010cesku<\/a><\/strong><br>P. \u0160tych, M. \u010c\u00e1belka, Univerzita Karlova<\/td><\/tr><tr><td class=\"has-text-align-center\" data-align=\"center\"><strong><a href=\"https:\/\/copernicus.chmi.cz\/wp-content\/uploads\/2023\/06\/Mullerova_mokrady.pdf\" target=\"_blank\" rel=\"noreferrer noopener\">Voda v krajin\u011b \u010cesk\u00e9ho \u0160v\u00fdcarska \u2013 vyu\u017eit\u00ed dru\u017eic Sentinel v kombinaci s dal\u0161\u00edmi daty DPZ<\/a><\/strong><br>J. M\u00fcllerov\u00e1, Univerzita J. E. Purkyn\u011b v \u00dast\u00ed nad Labem<\/td><\/tr><tr><td class=\"has-text-align-center\" data-align=\"center\"><strong><a href=\"https:\/\/copernicus.chmi.cz\/wp-content\/uploads\/2023\/06\/Hlousek_Vyuziti-sluzby-Copernicus-pro-monitorovani-uzemi.pdf\" target=\"_blank\" rel=\"noreferrer noopener\">Vyu\u017eit\u00ed slu\u017eby Copernicus pro monitorov\u00e1n\u00ed \u00fazem\u00ed<\/a><\/strong><br>L. Hlou\u0161ek, CENIA<\/td><\/tr><tr><td class=\"has-text-align-center\" data-align=\"center\"><strong><a href=\"https:\/\/copernicus.chmi.cz\/wp-content\/uploads\/2023\/06\/Paluba_Copernicus25CZ.pdf\" target=\"_blank\" rel=\"noreferrer noopener\">Lze z\u00edskat optick\u00e9 vegeta\u010dn\u00ed indexy pro monitorov\u00e1n\u00ed lesa ze SAR dat pomoc\u00ed AutoML?<\/a><\/strong><br>D. Paluba, B. Le Saux, F. Sarti, Univerzita Karlova<\/td><\/tr><tr><td class=\"has-text-align-center\" data-align=\"center\"><strong><a href=\"https:\/\/copernicus.chmi.cz\/wp-content\/uploads\/2023\/06\/Polak_Detekce_azbestu_2023.pdf\" target=\"_blank\" rel=\"noreferrer noopener\">Detekce azbestu pomoc\u00ed dat d\u00e1lkov\u00e9ho pr\u016fzkumu<\/a><\/strong><br>M. Pol\u00e1k, CENIA<\/td><\/tr><tr><td class=\"has-text-align-center\" data-align=\"center\"><strong><a href=\"https:\/\/copernicus.chmi.cz\/wp-content\/uploads\/2023\/06\/Prosek_JP_20230606.pdf\" target=\"_blank\" rel=\"noreferrer noopener\">P\u0159\u00edprava dat Copernicus pro environment\u00e1ln\u00ed modelov\u00e1n\u00ed<\/a><\/strong><br>J. Pro\u0161ek, \u010cesk\u00e1 zem\u011bd\u011blsk\u00e1 univerzita v Praze<\/td><\/tr><tr><td class=\"has-text-align-center\" data-align=\"center\"><strong><a href=\"https:\/\/copernicus.chmi.cz\/wp-content\/uploads\/2023\/06\/Stastka_Copernicus.pdf\" target=\"_blank\" rel=\"noreferrer noopener\">Vyu\u017eit\u00ed dat ze Sentinelu-2 pro monitorov\u00e1n\u00ed \u0161kod po torn\u00e1du na B\u0159eclavsku a Hodon\u00ednsku<\/a><\/strong><br>J. \u0160\u0165\u00e1stka, \u010cHM\u00da\/L. Bursov\u00e1, CENIA<\/td><\/tr><tr><td class=\"has-text-align-center\" data-align=\"center\"><strong><a href=\"https:\/\/copernicus.chmi.cz\/wp-content\/uploads\/2023\/06\/Lastovicka_NSGC_II_mongolsko.pdf\" target=\"_blank\" rel=\"noreferrer noopener\">Anal\u00fdza \u00fazem\u00ed Mongolska pro reintrodukci kon\u011b P\u0159evalsk\u00e9ho pomoc\u00ed Google Earth Engine<\/a><\/strong><br>J. La\u0161tovi\u010dka, Univerzita Karlova<\/td><\/tr><tr><td class=\"has-text-align-center\" data-align=\"center\"><strong><a href=\"https:\/\/copernicus.chmi.cz\/wp-content\/uploads\/2023\/06\/Brzkova_Pouziti-radarove-interferometrie-v-dalkovem-pruzkumu_Lucie_Brzkova.pdf\" target=\"_blank\" rel=\"noreferrer noopener\">Pou\u017eit\u00ed radarov\u00e9 interferometrie v d\u00e1lkov\u00e9m pr\u016fzkumu<\/a><\/strong><br>L. Brzkov\u00e1, CENIA<\/td><\/tr><tr><td class=\"has-text-align-center\" data-align=\"center\"><strong><a href=\"https:\/\/copernicus.chmi.cz\/wp-content\/uploads\/2023\/06\/Havranek_CS_pozar_pro_Copernicus_planetarium.pdf\" target=\"_blank\" rel=\"noreferrer noopener\">Po\u017e\u00e1r N\u00e1rodn\u00edho parku \u010cesk\u00e9 \u0160v\u00fdcarsko z pohledu dat EFFIS<\/a><\/strong><br>M. Havr\u00e1nek, CENIA<\/td><\/tr><tr><td class=\"has-text-align-center\" data-align=\"center\"><strong><a href=\"https:\/\/copernicus.chmi.cz\/wp-content\/uploads\/2023\/06\/Batrlova_CGI_SatSight.pdf\" target=\"_blank\" rel=\"noreferrer noopener\">SatSight \u2013 Platforma pro automatizovan\u00e9 zpracov\u00e1n\u00ed satelitn\u00edch sn\u00edmk\u016f<\/a><\/strong><br>I. Batrlov\u00e1, CGI IT Czech Republic s.r.o.<\/td><\/tr><tr><td class=\"has-text-align-center\" data-align=\"center\"><strong>17:30<\/strong><\/td><\/tr><tr><td class=\"has-text-align-center\" data-align=\"center\"><strong>Z\u00e1v\u011br, p\u0159\u00edpitek, networking a mo\u017enost vyzkou\u0161et si simul\u00e1tory<\/strong><br>J. Spratek, Planetum<\/td><\/tr><\/tbody><\/table><\/figure>\n<\/div><!-- \/wp:table-->","protected":false},"excerpt":{"rendered":"<p>16:00 &#8211; 17:30P\u0159iv\u00edt\u00e1n\u00ed a sezn\u00e1men\u00ed s programemJ. Spratek, Planetum\u00davodn\u00ed slovo k semin\u00e1\u0159iM. Havr\u00e1nek, CENIAData z dru\u017eic Sentinel v datov\u00e9m skladu \u010cRD. V\u00edt, Ministerstvo dopravyVyu\u017eit\u00ed dat Copernicus pro komplexn\u00ed monitoring dolu&nbsp;&hellip;<\/p>\n","protected":false},"author":6,"featured_media":0,"parent":0,"menu_order":0,"comment_status":"closed","ping_status":"closed","template":"pro\/page-templates\/full-width-page.php","meta":{"footnotes":""},"class_list":["post-4396","page","type-page","status-publish","hentry"],"_links":{"self":[{"href":"https:\/\/copernicus.chmi.cz\/index.php\/wp-json\/wp\/v2\/pages\/4396","targetHints":{"allow":["GET"]}}],"collection":[{"href":"https:\/\/copernicus.chmi.cz\/index.php\/wp-json\/wp\/v2\/pages"}],"about":[{"href":"https:\/\/copernicus.chmi.cz\/index.php\/wp-json\/wp\/v2\/types\/page"}],"author":[{"embeddable":true,"href":"https:\/\/copernicus.chmi.cz\/index.php\/wp-json\/wp\/v2\/users\/6"}],"replies":[{"embeddable":true,"href":"https:\/\/copernicus.chmi.cz\/index.php\/wp-json\/wp\/v2\/comments?post=4396"}],"version-history":[{"count":22,"href":"https:\/\/copernicus.chmi.cz\/index.php\/wp-json\/wp\/v2\/pages\/4396\/revisions"}],"predecessor-version":[{"id":4484,"href":"https:\/\/copernicus.chmi.cz\/index.php\/wp-json\/wp\/v2\/pages\/4396\/revisions\/4484"}],"wp:attachment":[{"href":"https:\/\/copernicus.chmi.cz\/index.php\/wp-json\/wp\/v2\/media?parent=4396"}],"curies":[{"name":"wp","href":"https:\/\/api.w.org\/{rel}","templated":true}]}}