

{"id":4323,"date":"2023-04-24T09:46:23","date_gmt":"2023-04-24T07:46:23","guid":{"rendered":"https:\/\/copernicus.chmi.cz\/?page_id=4323"},"modified":"2023-06-22T15:49:58","modified_gmt":"2023-06-22T13:49:58","slug":"uzivatelsky-seminar-2023-oslava-25-let-programu","status":"publish","type":"page","link":"https:\/\/copernicus.chmi.cz\/index.php\/narodni-sekretariat\/uzivatelsky-seminar-2023-oslava-25-let-programu\/","title":{"rendered":"Semin\u00e1\u0159 2023 &#8211; oslava 25 let programu"},"content":{"rendered":"<p><!-- wp:extendstudio\/materialis--><\/p>\n<div data-label=\"Content\" data-id=\"content--2\" data-export-id=\"content-14-materialis\" data-category=\"content\" class=\"content-14m content-section-spacing-large content-section\" id=\"content-2\" style=\"background-color: rgb(245, 250, 253);\">\n<div class=\"gridContainer\">\n<div class=\"row middle-xs space-bottom-large\">\n<div class=\"col-md-5 col-xs-12 col-sm-6 content-left-sm space-bottom-xs-large\" data-type=\"column\">\n<h2 class=\"\">Semin\u00e1\u0159 k oslav\u011b 25 let programu Copernicus<\/h2>\n<p class=\"\">V prostor\u00e1ch Planet\u00e1ria Praha prob\u011bhl 6. \u010dervna 2023 od 16:00 odborn\u00fd semin\u00e1\u0159 k oslav\u011b 25 let programu Copernicus, kter\u00fd navazoval na sch\u016fzi&nbsp;\u0159\u00e1dn\u00fdch a mimo\u0159\u00e1dn\u00fdch \u010dlen\u016f N\u00e1rodn\u00edho sekretari\u00e1tu GEO\/Copernicus. Z\u00fa\u010dastnilo se ho p\u0159es 60 n\u00e1v\u0161t\u011bvn\u00edk\u016f a vystoupilo zde 13 \u0159e\u010dn\u00edk\u016f, kte\u0159\u00ed v kr\u00e1tk\u00fdch vstupech p\u0159edstavili k \u010demu data programu Copernicus vyu\u017e\u00edvaj\u00ed. Jednalo se nap\u0159\u00edklad o monitorov\u00e1n\u00ed okol\u00ed dolu Tur\u00f3w, anal\u00fdza boj\u016f na Ukrajin\u011b, zem\u011bt\u0159esen\u00ed v Turecku a S\u00fdrii, erupce sopky na ostrov\u011b La Palma, reintrodukce kon\u011b P\u0159evalsk\u00e9ho v Mongolsku a dal\u0161\u00ed.&nbsp;<\/p>\n<p>Po samotn\u00fdch p\u0159edn\u00e1\u0161k\u00e1ch n\u00e1sledoval spole\u010densk\u00fd ve\u010der s mo\u017enost\u00ed&nbsp;vyzkou\u0161et si p\u0159ist\u00e1n\u00ed s raketopl\u00e1nem Atlantis, j\u00edzdu v letounu L-39, pilotov\u00e1n\u00ed lun\u00e1rn\u00edho modulu a j\u00edzdu s rovery po M\u011bs\u00edci a Marsu na simul\u00e1torech p\u0159\u00edmo v Planet\u00e1riu.<\/p>\n<\/div>\n<div class=\"col-md-6 col-md-offset-1 col-xs-12 col-sm-6\"> <img decoding=\"async\" class=\"mdc-elevation--z9\" src=\"https:\/\/copernicus.chmi.cz\/wp-content\/uploads\/2023\/05\/program.png\"><\/div>\n<p><\/p>\n<\/div>\n<div class=\"row middle-xs top-sm spaced-cols content-left-sm\" data-type=\"row\">\n<div class=\"col-md-3 col-sm-6 col-xs-12 padding-first-el border-top-color1\" data-type=\"column\">\n<h5 class=\"\">Program<\/h5>\n<p class=\"\">Prohl\u00e9dn\u011bte si program i s odkazy na v\u0161echny p\u0159edn\u00e1\u0161ky.<\/p>\n<p><a class=\"button null mdc-ripple-upgraded color4 dark-text\" href=\"https:\/\/copernicus.chmi.cz\/index.php\/program-seminare\" target=\"_blank\" data-cp-link=\"1\" data-icon=\"\" rel=\"noopener\">Program<\/a><\/p>\n<\/div>\n<div class=\"col-md-3 col-sm-6 col-xs-12 padding-first-el border-top-color1\" data-type=\"column\">\n<h5 class=\"\">M\u00edsto&nbsp;<\/h5>\n<p class=\"\">Planet\u00e1rium Praha<\/p>\n<p>Kr\u00e1lovsk\u00e1 obora 233<\/p>\n<p>Praha 7, 170 21<\/p>\n<p><a class=\"button null mdc-ripple-upgraded color4 dark-text\" href=\"\/\/www.planetum.cz\/planetarium-praha\/kontakt\" target=\"_blank\" data-cp-link=\"1\" data-icon=\"\" rel=\"noopener\">Kudy na semin\u00e1\u0159<\/a><\/p>\n<\/div>\n<div class=\"col-md-3 col-sm-6 col-xs-12 padding-first-el border-top-color1\" data-type=\"column\">\n<h5 class=\"\">Ob\u010derstven\u00ed<\/h5>\n<p class=\"\">Po semin\u00e1\u0159i prob\u011bhne p\u0159\u00edpitek s mo\u017enost\u00ed men\u0161\u00edho ob\u010derstven\u00ed.<\/p>\n<\/div>\n<div class=\"col-md-3 col-sm-6 col-xs-12 padding-first-el border-top-color1\" data-type=\"column\">\n<h5 class=\"\">Registrace n\u00e1v\u0161t\u011bvn\u00edk\u016f<\/h5>\n<p class=\"\">Registrace byla ukon\u010dena.<\/p>\n<p><a class=\"button null mdc-ripple-upgraded color4 dark-text\" href=\"\/\/forms.office.com\/Pages\/ResponsePage.aspx?id=FqJghkZBLUatS2jjGt-2duAx17PM435OvUb_Pc1-u3RUMTYwM0NOSExZMlUxODZWUEJVUEhCU0c2Uy4u\" target=\"_blank\" data-cp-link=\"1\" data-icon=\"\" rel=\"noopener\">Registrace<\/a><\/p>\n<\/div>\n<\/div>\n<div class=\"row row-last\">\n<div class=\"col-xs-12\" data-type=\"column\"> <\/div>\n<p><\/p>\n<\/div>\n<\/div>\n<\/div>\n<p><!-- \/wp:extendstudio\/materialis--><\/p>\n\n<!-- wp:gallery {\"linkTo\":\"none\"}--><div class=\"gridContainer\">\n<figure class=\"wp-block-gallery has-nested-images columns-default is-cropped\"><!-- wp:image {\"id\":4514,\"sizeSlug\":\"large\",\"linkDestination\":\"none\"}--><div class=\"gridContainer\">\n<figure class=\"wp-block-image size-large\"><img fetchpriority=\"high\" decoding=\"async\" width=\"1024\" height=\"768\" src=\"https:\/\/copernicus.chmi.cz\/wp-content\/uploads\/2023\/06\/IMG_2808-1024x768.jpg\" alt=\"\" class=\"wp-image-4514\" srcset=\"https:\/\/copernicus.chmi.cz\/wp-content\/uploads\/2023\/06\/IMG_2808-1024x768.jpg 1024w, https:\/\/copernicus.chmi.cz\/wp-content\/uploads\/2023\/06\/IMG_2808-300x225.jpg 300w, https:\/\/copernicus.chmi.cz\/wp-content\/uploads\/2023\/06\/IMG_2808-768x576.jpg 768w, https:\/\/copernicus.chmi.cz\/wp-content\/uploads\/2023\/06\/IMG_2808-1536x1152.jpg 1536w, https:\/\/copernicus.chmi.cz\/wp-content\/uploads\/2023\/06\/IMG_2808-2048x1536.jpg 2048w, https:\/\/copernicus.chmi.cz\/wp-content\/uploads\/2023\/06\/IMG_2808-1232x924.jpg 1232w, https:\/\/copernicus.chmi.cz\/wp-content\/uploads\/2023\/06\/IMG_2808-1440x1080.jpg 1440w\" sizes=\"(max-width: 1024px) 100vw, 1024px\" \/><\/figure>\n<\/div><!-- \/wp:image-->\n\n<!-- wp:image {\"id\":4512,\"sizeSlug\":\"large\",\"linkDestination\":\"none\"}--><div class=\"gridContainer\">\n<figure class=\"wp-block-image size-large\"><img decoding=\"async\" width=\"768\" height=\"1024\" src=\"https:\/\/copernicus.chmi.cz\/wp-content\/uploads\/2023\/06\/3_MS-768x1024.jpg\" alt=\"\" class=\"wp-image-4512\" srcset=\"https:\/\/copernicus.chmi.cz\/wp-content\/uploads\/2023\/06\/3_MS-768x1024.jpg 768w, https:\/\/copernicus.chmi.cz\/wp-content\/uploads\/2023\/06\/3_MS-225x300.jpg 225w, https:\/\/copernicus.chmi.cz\/wp-content\/uploads\/2023\/06\/3_MS-1152x1536.jpg 1152w, https:\/\/copernicus.chmi.cz\/wp-content\/uploads\/2023\/06\/3_MS-1536x2048.jpg 1536w, https:\/\/copernicus.chmi.cz\/wp-content\/uploads\/2023\/06\/3_MS-1232x1643.jpg 1232w, https:\/\/copernicus.chmi.cz\/wp-content\/uploads\/2023\/06\/3_MS-810x1080.jpg 810w, https:\/\/copernicus.chmi.cz\/wp-content\/uploads\/2023\/06\/3_MS-scaled.jpg 1920w\" sizes=\"(max-width: 768px) 100vw, 768px\" \/><\/figure>\n<\/div><!-- \/wp:image-->\n\n<!-- wp:image {\"id\":4510,\"sizeSlug\":\"large\",\"linkDestination\":\"none\"}--><div class=\"gridContainer\">\n<figure class=\"wp-block-image size-large\"><img decoding=\"async\" width=\"1024\" height=\"768\" src=\"https:\/\/copernicus.chmi.cz\/wp-content\/uploads\/2023\/06\/348363219_641320994185187_2539255079437671779_n-1024x768.jpg\" alt=\"\" class=\"wp-image-4510\" srcset=\"https:\/\/copernicus.chmi.cz\/wp-content\/uploads\/2023\/06\/348363219_641320994185187_2539255079437671779_n-1024x768.jpg 1024w, https:\/\/copernicus.chmi.cz\/wp-content\/uploads\/2023\/06\/348363219_641320994185187_2539255079437671779_n-300x225.jpg 300w, https:\/\/copernicus.chmi.cz\/wp-content\/uploads\/2023\/06\/348363219_641320994185187_2539255079437671779_n-768x576.jpg 768w, https:\/\/copernicus.chmi.cz\/wp-content\/uploads\/2023\/06\/348363219_641320994185187_2539255079437671779_n-1536x1152.jpg 1536w, https:\/\/copernicus.chmi.cz\/wp-content\/uploads\/2023\/06\/348363219_641320994185187_2539255079437671779_n-1232x924.jpg 1232w, https:\/\/copernicus.chmi.cz\/wp-content\/uploads\/2023\/06\/348363219_641320994185187_2539255079437671779_n-1440x1080.jpg 1440w, https:\/\/copernicus.chmi.cz\/wp-content\/uploads\/2023\/06\/348363219_641320994185187_2539255079437671779_n.jpg 2048w\" sizes=\"(max-width: 1024px) 100vw, 1024px\" \/><\/figure>\n<\/div><!-- \/wp:image-->\n\n<!-- wp:image {\"id\":4511,\"sizeSlug\":\"large\",\"linkDestination\":\"none\"}--><div class=\"gridContainer\">\n<figure class=\"wp-block-image size-large\"><img loading=\"lazy\" decoding=\"async\" width=\"1024\" height=\"768\" src=\"https:\/\/copernicus.chmi.cz\/wp-content\/uploads\/2023\/06\/348367527_643546713979139_5226100877600868495_n-1024x768.jpg\" alt=\"\" class=\"wp-image-4511\" srcset=\"https:\/\/copernicus.chmi.cz\/wp-content\/uploads\/2023\/06\/348367527_643546713979139_5226100877600868495_n-1024x768.jpg 1024w, https:\/\/copernicus.chmi.cz\/wp-content\/uploads\/2023\/06\/348367527_643546713979139_5226100877600868495_n-300x225.jpg 300w, https:\/\/copernicus.chmi.cz\/wp-content\/uploads\/2023\/06\/348367527_643546713979139_5226100877600868495_n-768x576.jpg 768w, https:\/\/copernicus.chmi.cz\/wp-content\/uploads\/2023\/06\/348367527_643546713979139_5226100877600868495_n-1536x1152.jpg 1536w, https:\/\/copernicus.chmi.cz\/wp-content\/uploads\/2023\/06\/348367527_643546713979139_5226100877600868495_n-1232x924.jpg 1232w, https:\/\/copernicus.chmi.cz\/wp-content\/uploads\/2023\/06\/348367527_643546713979139_5226100877600868495_n-1440x1080.jpg 1440w, https:\/\/copernicus.chmi.cz\/wp-content\/uploads\/2023\/06\/348367527_643546713979139_5226100877600868495_n.jpg 2048w\" sizes=\"(max-width: 1024px) 100vw, 1024px\" \/><\/figure>\n<\/div><!-- \/wp:image-->\n\n<!-- wp:image {\"id\":4517,\"sizeSlug\":\"large\",\"linkDestination\":\"none\"}--><div class=\"gridContainer\">\n<figure class=\"wp-block-image size-large\"><img loading=\"lazy\" decoding=\"async\" width=\"1024\" height=\"768\" src=\"https:\/\/copernicus.chmi.cz\/wp-content\/uploads\/2023\/06\/IMG_2697-1024x768.jpg\" alt=\"\" class=\"wp-image-4517\" srcset=\"https:\/\/copernicus.chmi.cz\/wp-content\/uploads\/2023\/06\/IMG_2697-1024x768.jpg 1024w, https:\/\/copernicus.chmi.cz\/wp-content\/uploads\/2023\/06\/IMG_2697-300x225.jpg 300w, https:\/\/copernicus.chmi.cz\/wp-content\/uploads\/2023\/06\/IMG_2697-768x576.jpg 768w, https:\/\/copernicus.chmi.cz\/wp-content\/uploads\/2023\/06\/IMG_2697-1536x1152.jpg 1536w, https:\/\/copernicus.chmi.cz\/wp-content\/uploads\/2023\/06\/IMG_2697-2048x1536.jpg 2048w, https:\/\/copernicus.chmi.cz\/wp-content\/uploads\/2023\/06\/IMG_2697-1232x924.jpg 1232w, https:\/\/copernicus.chmi.cz\/wp-content\/uploads\/2023\/06\/IMG_2697-1440x1080.jpg 1440w\" sizes=\"(max-width: 1024px) 100vw, 1024px\" \/><\/figure>\n<\/div><!-- \/wp:image-->\n\n<!-- wp:image {\"id\":4513,\"sizeSlug\":\"large\",\"linkDestination\":\"none\"}--><div class=\"gridContainer\">\n<figure class=\"wp-block-image size-large\"><img loading=\"lazy\" decoding=\"async\" width=\"1024\" height=\"768\" src=\"https:\/\/copernicus.chmi.cz\/wp-content\/uploads\/2023\/06\/IMG_2712-1024x768.jpg\" alt=\"\" class=\"wp-image-4513\" srcset=\"https:\/\/copernicus.chmi.cz\/wp-content\/uploads\/2023\/06\/IMG_2712-1024x768.jpg 1024w, https:\/\/copernicus.chmi.cz\/wp-content\/uploads\/2023\/06\/IMG_2712-300x225.jpg 300w, https:\/\/copernicus.chmi.cz\/wp-content\/uploads\/2023\/06\/IMG_2712-768x576.jpg 768w, https:\/\/copernicus.chmi.cz\/wp-content\/uploads\/2023\/06\/IMG_2712-1536x1152.jpg 1536w, https:\/\/copernicus.chmi.cz\/wp-content\/uploads\/2023\/06\/IMG_2712-2048x1536.jpg 2048w, https:\/\/copernicus.chmi.cz\/wp-content\/uploads\/2023\/06\/IMG_2712-1232x924.jpg 1232w, https:\/\/copernicus.chmi.cz\/wp-content\/uploads\/2023\/06\/IMG_2712-1440x1080.jpg 1440w\" sizes=\"(max-width: 1024px) 100vw, 1024px\" \/><\/figure>\n<\/div><!-- \/wp:image-->\n\n<!-- wp:image {\"id\":4516,\"sizeSlug\":\"large\",\"linkDestination\":\"none\"}--><div class=\"gridContainer\">\n<figure class=\"wp-block-image size-large\"><img loading=\"lazy\" decoding=\"async\" width=\"1024\" height=\"768\" src=\"https:\/\/copernicus.chmi.cz\/wp-content\/uploads\/2023\/06\/IMG_2726-1024x768.jpg\" alt=\"\" class=\"wp-image-4516\" srcset=\"https:\/\/copernicus.chmi.cz\/wp-content\/uploads\/2023\/06\/IMG_2726-1024x768.jpg 1024w, https:\/\/copernicus.chmi.cz\/wp-content\/uploads\/2023\/06\/IMG_2726-300x225.jpg 300w, https:\/\/copernicus.chmi.cz\/wp-content\/uploads\/2023\/06\/IMG_2726-768x576.jpg 768w, https:\/\/copernicus.chmi.cz\/wp-content\/uploads\/2023\/06\/IMG_2726-1536x1152.jpg 1536w, https:\/\/copernicus.chmi.cz\/wp-content\/uploads\/2023\/06\/IMG_2726-2048x1536.jpg 2048w, https:\/\/copernicus.chmi.cz\/wp-content\/uploads\/2023\/06\/IMG_2726-1232x924.jpg 1232w, https:\/\/copernicus.chmi.cz\/wp-content\/uploads\/2023\/06\/IMG_2726-1440x1080.jpg 1440w\" sizes=\"(max-width: 1024px) 100vw, 1024px\" \/><\/figure>\n<\/div><!-- \/wp:image-->\n\n<!-- wp:image {\"id\":4515,\"sizeSlug\":\"large\",\"linkDestination\":\"none\"}--><div class=\"gridContainer\">\n<figure class=\"wp-block-image size-large\"><img loading=\"lazy\" decoding=\"async\" width=\"1024\" height=\"768\" src=\"https:\/\/copernicus.chmi.cz\/wp-content\/uploads\/2023\/06\/IMG_2741-1024x768.jpg\" alt=\"\" class=\"wp-image-4515\" srcset=\"https:\/\/copernicus.chmi.cz\/wp-content\/uploads\/2023\/06\/IMG_2741-1024x768.jpg 1024w, https:\/\/copernicus.chmi.cz\/wp-content\/uploads\/2023\/06\/IMG_2741-300x225.jpg 300w, https:\/\/copernicus.chmi.cz\/wp-content\/uploads\/2023\/06\/IMG_2741-768x576.jpg 768w, https:\/\/copernicus.chmi.cz\/wp-content\/uploads\/2023\/06\/IMG_2741-1536x1152.jpg 1536w, https:\/\/copernicus.chmi.cz\/wp-content\/uploads\/2023\/06\/IMG_2741-2048x1536.jpg 2048w, https:\/\/copernicus.chmi.cz\/wp-content\/uploads\/2023\/06\/IMG_2741-1232x924.jpg 1232w, https:\/\/copernicus.chmi.cz\/wp-content\/uploads\/2023\/06\/IMG_2741-1440x1080.jpg 1440w\" sizes=\"(max-width: 1024px) 100vw, 1024px\" \/><\/figure>\n<\/div><!-- \/wp:image-->\n\n<!-- wp:image {\"id\":4518,\"sizeSlug\":\"large\",\"linkDestination\":\"none\"}--><div class=\"gridContainer\">\n<figure class=\"wp-block-image size-large\"><img loading=\"lazy\" decoding=\"async\" width=\"1024\" height=\"768\" src=\"https:\/\/copernicus.chmi.cz\/wp-content\/uploads\/2023\/06\/IMG_2771-1024x768.jpg\" alt=\"\" class=\"wp-image-4518\" srcset=\"https:\/\/copernicus.chmi.cz\/wp-content\/uploads\/2023\/06\/IMG_2771-1024x768.jpg 1024w, https:\/\/copernicus.chmi.cz\/wp-content\/uploads\/2023\/06\/IMG_2771-300x225.jpg 300w, https:\/\/copernicus.chmi.cz\/wp-content\/uploads\/2023\/06\/IMG_2771-768x576.jpg 768w, https:\/\/copernicus.chmi.cz\/wp-content\/uploads\/2023\/06\/IMG_2771-1536x1152.jpg 1536w, https:\/\/copernicus.chmi.cz\/wp-content\/uploads\/2023\/06\/IMG_2771-2048x1536.jpg 2048w, https:\/\/copernicus.chmi.cz\/wp-content\/uploads\/2023\/06\/IMG_2771-1232x924.jpg 1232w, https:\/\/copernicus.chmi.cz\/wp-content\/uploads\/2023\/06\/IMG_2771-1440x1080.jpg 1440w\" sizes=\"(max-width: 1024px) 100vw, 1024px\" \/><\/figure>\n<\/div><!-- \/wp:image-->\n\n<!-- wp:image {\"id\":4519,\"sizeSlug\":\"large\",\"linkDestination\":\"none\"}--><div class=\"gridContainer\">\n<figure class=\"wp-block-image size-large\"><img loading=\"lazy\" decoding=\"async\" width=\"1024\" height=\"768\" src=\"https:\/\/copernicus.chmi.cz\/wp-content\/uploads\/2023\/06\/IMG_2778-1024x768.jpg\" alt=\"\" class=\"wp-image-4519\" srcset=\"https:\/\/copernicus.chmi.cz\/wp-content\/uploads\/2023\/06\/IMG_2778-1024x768.jpg 1024w, https:\/\/copernicus.chmi.cz\/wp-content\/uploads\/2023\/06\/IMG_2778-300x225.jpg 300w, https:\/\/copernicus.chmi.cz\/wp-content\/uploads\/2023\/06\/IMG_2778-768x576.jpg 768w, https:\/\/copernicus.chmi.cz\/wp-content\/uploads\/2023\/06\/IMG_2778-1536x1152.jpg 1536w, https:\/\/copernicus.chmi.cz\/wp-content\/uploads\/2023\/06\/IMG_2778-2048x1536.jpg 2048w, https:\/\/copernicus.chmi.cz\/wp-content\/uploads\/2023\/06\/IMG_2778-1232x924.jpg 1232w, https:\/\/copernicus.chmi.cz\/wp-content\/uploads\/2023\/06\/IMG_2778-1440x1080.jpg 1440w\" sizes=\"(max-width: 1024px) 100vw, 1024px\" \/><\/figure>\n<\/div><!-- \/wp:image-->\n\n<!-- wp:image {\"id\":4520,\"sizeSlug\":\"large\",\"linkDestination\":\"none\"}--><div class=\"gridContainer\">\n<figure class=\"wp-block-image size-large\"><img loading=\"lazy\" decoding=\"async\" width=\"1024\" height=\"768\" src=\"https:\/\/copernicus.chmi.cz\/wp-content\/uploads\/2023\/06\/IMG_2787-1024x768.jpg\" alt=\"\" class=\"wp-image-4520\" srcset=\"https:\/\/copernicus.chmi.cz\/wp-content\/uploads\/2023\/06\/IMG_2787-1024x768.jpg 1024w, https:\/\/copernicus.chmi.cz\/wp-content\/uploads\/2023\/06\/IMG_2787-300x225.jpg 300w, https:\/\/copernicus.chmi.cz\/wp-content\/uploads\/2023\/06\/IMG_2787-768x576.jpg 768w, https:\/\/copernicus.chmi.cz\/wp-content\/uploads\/2023\/06\/IMG_2787-1536x1152.jpg 1536w, https:\/\/copernicus.chmi.cz\/wp-content\/uploads\/2023\/06\/IMG_2787-2048x1536.jpg 2048w, https:\/\/copernicus.chmi.cz\/wp-content\/uploads\/2023\/06\/IMG_2787-1232x924.jpg 1232w, https:\/\/copernicus.chmi.cz\/wp-content\/uploads\/2023\/06\/IMG_2787-1440x1080.jpg 1440w\" sizes=\"(max-width: 1024px) 100vw, 1024px\" \/><\/figure>\n<\/div><!-- \/wp:image-->\n\n<!-- wp:image {\"id\":4521,\"sizeSlug\":\"large\",\"linkDestination\":\"none\"}--><div class=\"gridContainer\">\n<figure class=\"wp-block-image size-large\"><img loading=\"lazy\" decoding=\"async\" width=\"1024\" height=\"768\" src=\"https:\/\/copernicus.chmi.cz\/wp-content\/uploads\/2023\/06\/IMG_2792-1024x768.jpg\" alt=\"\" class=\"wp-image-4521\" srcset=\"https:\/\/copernicus.chmi.cz\/wp-content\/uploads\/2023\/06\/IMG_2792-1024x768.jpg 1024w, https:\/\/copernicus.chmi.cz\/wp-content\/uploads\/2023\/06\/IMG_2792-300x225.jpg 300w, https:\/\/copernicus.chmi.cz\/wp-content\/uploads\/2023\/06\/IMG_2792-768x576.jpg 768w, https:\/\/copernicus.chmi.cz\/wp-content\/uploads\/2023\/06\/IMG_2792-1536x1152.jpg 1536w, https:\/\/copernicus.chmi.cz\/wp-content\/uploads\/2023\/06\/IMG_2792-2048x1536.jpg 2048w, https:\/\/copernicus.chmi.cz\/wp-content\/uploads\/2023\/06\/IMG_2792-1232x924.jpg 1232w, https:\/\/copernicus.chmi.cz\/wp-content\/uploads\/2023\/06\/IMG_2792-1440x1080.jpg 1440w\" sizes=\"(max-width: 1024px) 100vw, 1024px\" \/><\/figure>\n<\/div><!-- \/wp:image-->\n\n<!-- wp:image {\"id\":4522,\"sizeSlug\":\"large\",\"linkDestination\":\"none\"}--><div class=\"gridContainer\">\n<figure class=\"wp-block-image size-large\"><img loading=\"lazy\" decoding=\"async\" width=\"1024\" height=\"768\" src=\"https:\/\/copernicus.chmi.cz\/wp-content\/uploads\/2023\/06\/IMG_2803-1024x768.jpg\" alt=\"\" class=\"wp-image-4522\" srcset=\"https:\/\/copernicus.chmi.cz\/wp-content\/uploads\/2023\/06\/IMG_2803-1024x768.jpg 1024w, https:\/\/copernicus.chmi.cz\/wp-content\/uploads\/2023\/06\/IMG_2803-300x225.jpg 300w, https:\/\/copernicus.chmi.cz\/wp-content\/uploads\/2023\/06\/IMG_2803-768x576.jpg 768w, https:\/\/copernicus.chmi.cz\/wp-content\/uploads\/2023\/06\/IMG_2803-1536x1152.jpg 1536w, https:\/\/copernicus.chmi.cz\/wp-content\/uploads\/2023\/06\/IMG_2803-2048x1536.jpg 2048w, https:\/\/copernicus.chmi.cz\/wp-content\/uploads\/2023\/06\/IMG_2803-1232x924.jpg 1232w, https:\/\/copernicus.chmi.cz\/wp-content\/uploads\/2023\/06\/IMG_2803-1440x1080.jpg 1440w\" sizes=\"(max-width: 1024px) 100vw, 1024px\" \/><\/figure>\n<\/div><!-- \/wp:image--><\/figure>\n<\/div><!-- \/wp:gallery-->\n\n<!-- wp:image {\"id\":4524,\"sizeSlug\":\"large\",\"linkDestination\":\"none\"}--><div class=\"gridContainer\">\n<figure class=\"wp-block-image size-large\"><img loading=\"lazy\" decoding=\"async\" width=\"768\" height=\"1024\" src=\"https:\/\/copernicus.chmi.cz\/wp-content\/uploads\/2023\/06\/IMG_2798-768x1024.jpg\" alt=\"\" class=\"wp-image-4524\" srcset=\"https:\/\/copernicus.chmi.cz\/wp-content\/uploads\/2023\/06\/IMG_2798-768x1024.jpg 768w, https:\/\/copernicus.chmi.cz\/wp-content\/uploads\/2023\/06\/IMG_2798-225x300.jpg 225w, https:\/\/copernicus.chmi.cz\/wp-content\/uploads\/2023\/06\/IMG_2798-1152x1536.jpg 1152w, https:\/\/copernicus.chmi.cz\/wp-content\/uploads\/2023\/06\/IMG_2798-1536x2048.jpg 1536w, https:\/\/copernicus.chmi.cz\/wp-content\/uploads\/2023\/06\/IMG_2798-1232x1643.jpg 1232w, https:\/\/copernicus.chmi.cz\/wp-content\/uploads\/2023\/06\/IMG_2798-810x1080.jpg 810w, https:\/\/copernicus.chmi.cz\/wp-content\/uploads\/2023\/06\/IMG_2798-scaled.jpg 1920w\" sizes=\"(max-width: 768px) 100vw, 768px\" \/><\/figure>\n<\/div><!-- \/wp:image-->","protected":false},"excerpt":{"rendered":"<p>Semin\u00e1\u0159 k oslav\u011b 25 let programu Copernicus V prostor\u00e1ch Planet\u00e1ria Praha prob\u011bhl 6. \u010dervna 2023 od 16:00 odborn\u00fd semin\u00e1\u0159 k oslav\u011b 25 let programu Copernicus, kter\u00fd navazoval na sch\u016fzi&nbsp;\u0159\u00e1dn\u00fdch a&nbsp;&hellip;<\/p>\n","protected":false},"author":6,"featured_media":0,"parent":20,"menu_order":0,"comment_status":"closed","ping_status":"closed","template":"pro\/page-templates\/full-width-page.php","meta":{"footnotes":""},"class_list":["post-4323","page","type-page","status-publish","hentry"],"_links":{"self":[{"href":"https:\/\/copernicus.chmi.cz\/index.php\/wp-json\/wp\/v2\/pages\/4323","targetHints":{"allow":["GET"]}}],"collection":[{"href":"https:\/\/copernicus.chmi.cz\/index.php\/wp-json\/wp\/v2\/pages"}],"about":[{"href":"https:\/\/copernicus.chmi.cz\/index.php\/wp-json\/wp\/v2\/types\/page"}],"author":[{"embeddable":true,"href":"https:\/\/copernicus.chmi.cz\/index.php\/wp-json\/wp\/v2\/users\/6"}],"replies":[{"embeddable":true,"href":"https:\/\/copernicus.chmi.cz\/index.php\/wp-json\/wp\/v2\/comments?post=4323"}],"version-history":[{"count":21,"href":"https:\/\/copernicus.chmi.cz\/index.php\/wp-json\/wp\/v2\/pages\/4323\/revisions"}],"predecessor-version":[{"id":4527,"href":"https:\/\/copernicus.chmi.cz\/index.php\/wp-json\/wp\/v2\/pages\/4323\/revisions\/4527"}],"up":[{"embeddable":true,"href":"https:\/\/copernicus.chmi.cz\/index.php\/wp-json\/wp\/v2\/pages\/20"}],"wp:attachment":[{"href":"https:\/\/copernicus.chmi.cz\/index.php\/wp-json\/wp\/v2\/media?parent=4323"}],"curies":[{"name":"wp","href":"https:\/\/api.w.org\/{rel}","templated":true}]}}