

{"id":424,"date":"2020-05-22T14:14:02","date_gmt":"2020-05-22T12:14:02","guid":{"rendered":"https:\/\/copernicus.chmi.cz\/?page_id=424"},"modified":"2020-08-05T09:26:54","modified_gmt":"2020-08-05T07:26:54","slug":"o-programu-copernicus","status":"publish","type":"page","link":"https:\/\/copernicus.chmi.cz\/index.php\/o-programu-copernicus\/","title":{"rendered":"O programu Copernicus"},"content":{"rendered":"<div  data-label=\"Content\" data-id=\"content--1\" data-export-id=\"content-5-materialis\" data-category=\"content\" class=\"content-5m content-section-spacing-large content-section dark-text\" id=\"content-1\" style=\"background-color: rgba(255, 255, 255, 0); background-image: none;\"><div  class=\"gridContainer\"> <div  class=\"row\"><div  class=\"col-xs-12 col-sm-8 col-sm-offset-2 space-bottom text-center col-padding-small-xs\" data-type=\"column\"> <\/div> <div  class=\"col-xs-12 text-center large\" data-type=\"column\"><h2  class=\"space-bottom\">O programu Copernicus<\/h2> <p  class=\"lead\" style=\"text-align: justify;\">Program Copernicus je program Evropsk\u00e9 unie, kter\u00fd umo\u017e\u0148uje pozorovat na\u0161i planetu a jej\u00ed prost\u0159ed\u00ed v z\u00e1jmu obecn\u00e9ho u\u017eitku v\u0161ech evropsk\u00fdch ob\u010dan\u016f. D\u00edky rozmanit\u00fdm technologi\u00edm \u2013 od&nbsp;<a href=\"https:\/\/copernicus.chmi.cz\/index.php\/kosmicka-komponenta\" target=\"_blank\" data-mce-selected=\"inline-boundary\" rel=\"noopener noreferrer\"> dru\u017eic na ob\u011b\u017en\u00e9 dr\u00e1ze Zem\u011b&nbsp;<\/a>po&nbsp;<a href=\"https:\/\/copernicus.chmi.cz\/index.php\/in-situ-komponenta\" target=\"_blank\" data-mce-selected=\"inline-boundary\" rel=\"noopener noreferrer\"> m\u011b\u0159\u00edc\u00ed syst\u00e9my&nbsp;<\/a>na zemi, v mo\u0159i a ovzdu\u0161\u00ed \u2013 jsou jeho prost\u0159ednictv\u00edm&nbsp;otev\u0159en\u00fdm a voln\u011b dostupn\u00fdm zp\u016fsobem poskytov\u00e1ny \u00fadaje a informa\u010dn\u00ed slu\u017eby&nbsp; pro vyu\u017eit\u00ed v mnoha oblastech.&nbsp;\n<br ><br >\nZ\u00edskan\u00e1 data jsou vyu\u017e\u00edv\u00e1na pro vytv\u00e1\u0159en\u00ed slu\u017eeb programu Copernicus, kter\u00e9 jsou zam\u011b\u0159eny na ochranu \u017eivotn\u00edho prost\u0159ed\u00ed v oblastech&nbsp;<a href=\"https:\/\/copernicus.chmi.cz?page_id=488\" target=\"_blank\" data-mce-selected=\"inline-boundary\" rel=\"noopener noreferrer\">\u00fazem\u00ed<\/a>,&nbsp;<a href=\"https:\/\/copernicus.chmi.cz\/index.php\/sluzba-programu-copernicus-pro-monitorovani-atmosfery\" target=\"_blank\" data-mce-selected=\"inline-boundary\" rel=\"noopener noreferrer\">atmosf\u00e9ry<\/a>,&nbsp;<a href=\"https:\/\/copernicus.chmi.cz\/index.php\/morske-prostredi\" target=\"_blank\" data-mce-selected=\"inline-boundary\" rel=\"noopener noreferrer\">mo\u0159sk\u00e9ho prost\u0159ed\u00ed<\/a>,&nbsp;<a href=\"https:\/\/copernicus.chmi.cz\/index.php\/klimaticke-zmeny\" target=\"_blank\" data-mce-selected=\"inline-boundary\" rel=\"noopener noreferrer\">zaznamen\u00e1v\u00e1n\u00ed klimatick\u00fdch zm\u011bn<\/a>,&nbsp;<a href=\"https:\/\/copernicus.chmi.cz\/index.php\/krizove-rizeni\" target=\"_blank\" data-mce-selected=\"inline-boundary\" rel=\"noopener noreferrer\">d\u00e1le na krizov\u00e9 \u0159\u00edzen\u00ed<\/a>&nbsp;a&nbsp;<a href=\"https:\/\/copernicus.chmi.cz\/index.php\/bezpecnost\" target=\"_blank\" data-mce-selected=\"inline-boundary\" rel=\"noopener noreferrer\">bezpe\u010dnost<\/a>.\n<br ><br >Slu\u017eby a informace, je\u017e program Copernicus poskytuje, vyu\u017e\u00edvaj\u00ed nejen exekutiva a org\u00e1ny ve\u0159ejn\u00e9 spr\u00e1vy, kter\u00e9 mohou na z\u00e1klad\u011b t\u011bchto informac\u00ed \u010dinit lep\u0161\u00ed rozhodnut\u00ed a p\u0159ij\u00edmat efektivn\u011bj\u0161\u00ed opat\u0159en\u00ed, ale tak\u00e9 akademick\u00e1 a v\u00fdzkumn\u00e1 sf\u00e9ra, stejn\u011b jako soukrom\u00e9 firmy a \u0161irok\u00e1 ve\u0159ejnost.\nV\u0161ichni u\u017eivatel\u00e9 maj\u00ed p\u0159\u00edm\u00fd, bezplatn\u00fd a neomezen\u00fd p\u0159\u00edstup ke v\u0161em informac\u00edm i slu\u017eb\u00e1m, kter\u00e9 program Copernicus nab\u00edz\u00ed.<br ><br >Program koordinuje a \u0159\u00edd\u00ed Evropsk\u00e1 komise ve spolupr\u00e1ci s \u010dlensk\u00fdmi st\u00e1ty, Evropskou kosmickou agenturou (ESA), Evropskou organizac\u00ed pro vyu\u017e\u00edv\u00e1n\u00ed meteorologick\u00fdch satelit\u016f (EUMETSAT), Evropsk\u00fdm st\u0159ediskem pro st\u0159edn\u011bdob\u00e9 p\u0159edpov\u011bdi po\u010das\u00ed (ECMWF), agenturami EU a Mercator Ocean.<\/p> <\/div> <\/div><\/div> <\/div><div  data-label=\"Content\" data-id=\"content--2\" data-export-id=\"content-11\" data-category=\"content\" class=\"content-11 content-section content-section-spacing-large\" id=\"content-2\" style=\"background-color: rgba(255, 255, 255, 0); background-image: none;\"><div  class=\"gridContainer\"> <div  class=\"row text-center\"><div  class=\"section-title-col\" data-type=\"column\">  <\/div> <\/div> <div  class=\"row center-xs middle-xs\"> <div  class=\"col-sm-9\"> <div  class=\"border-radius-8 lightbox-video lightbox-video-tall dark-overlay mdc-elevation--z10 flexbox middle-xs center-xs\" data-type=\"group\" data-bg=\"image\" style=\"background-image: url(&quot;https:\/\/copernicus.chmi.cz\/wp-content\/uploads\/2020\/05\/23511184_1934661349882930_2607925136536322896_o.jpg&quot;);\"> <a  data-fancybox=\"\" data-video-lightbox=\"true\" href=\"https:\/\/www.youtube.com\/watch?time_continue=1&amp;v=MGJss4lDaBo&amp;feature=emb_title\" class=\"\"> <i  data-cp-mdi=\"true\" class=\"mdi icon video-icon mdi-play-circle color7\"><\/i><\/a> <\/div><\/div> <\/div><\/div> <\/div>","protected":false},"excerpt":{"rendered":"","protected":false},"author":6,"featured_media":0,"parent":0,"menu_order":0,"comment_status":"closed","ping_status":"closed","template":"pro\/page-templates\/full-width-page.php","meta":{"footnotes":""},"class_list":["post-424","page","type-page","status-publish","hentry"],"_links":{"self":[{"href":"https:\/\/copernicus.chmi.cz\/index.php\/wp-json\/wp\/v2\/pages\/424","targetHints":{"allow":["GET"]}}],"collection":[{"href":"https:\/\/copernicus.chmi.cz\/index.php\/wp-json\/wp\/v2\/pages"}],"about":[{"href":"https:\/\/copernicus.chmi.cz\/index.php\/wp-json\/wp\/v2\/types\/page"}],"author":[{"embeddable":true,"href":"https:\/\/copernicus.chmi.cz\/index.php\/wp-json\/wp\/v2\/users\/6"}],"replies":[{"embeddable":true,"href":"https:\/\/copernicus.chmi.cz\/index.php\/wp-json\/wp\/v2\/comments?post=424"}],"version-history":[{"count":16,"href":"https:\/\/copernicus.chmi.cz\/index.php\/wp-json\/wp\/v2\/pages\/424\/revisions"}],"predecessor-version":[{"id":2080,"href":"https:\/\/copernicus.chmi.cz\/index.php\/wp-json\/wp\/v2\/pages\/424\/revisions\/2080"}],"wp:attachment":[{"href":"https:\/\/copernicus.chmi.cz\/index.php\/wp-json\/wp\/v2\/media?parent=424"}],"curies":[{"name":"wp","href":"https:\/\/api.w.org\/{rel}","templated":true}]}}