

{"id":3990,"date":"2022-11-08T10:44:10","date_gmt":"2022-11-08T09:44:10","guid":{"rendered":"https:\/\/copernicus.chmi.cz\/?page_id=3990"},"modified":"2022-11-08T10:59:18","modified_gmt":"2022-11-08T09:59:18","slug":"posterova-sekce-2","status":"publish","type":"page","link":"https:\/\/copernicus.chmi.cz\/index.php\/posterova-sekce-2\/","title":{"rendered":"Posterov\u00e1 sekce"},"content":{"rendered":"<!-- wp:paragraph {\"fontSize\":\"medium\"}--><div class=\"gridContainer\">\n<p class=\"has-medium-font-size\">Posterov\u00e1 sekce <\/p>\n<\/div><!-- \/wp:paragraph-->\n\n<!-- wp:paragraph--><div class=\"gridContainer\">\n<p><\/p>\n<\/div><!-- \/wp:paragraph-->\n\n<!-- wp:table--><div class=\"gridContainer\">\n<figure class=\"wp-block-table\"><table><tbody><tr><td><a href=\"https:\/\/copernicus.chmi.cz\/wp-content\/uploads\/2022\/11\/1_Abstrakt_Levashova_AOPK.pdf\" target=\"_blank\" rel=\"noreferrer noopener\">Konsolidovan\u00e1 vrstva ekosyst\u00e9m\u016f<\/a><br><em>Alena Levashova, Agentura ochrany p\u0159\u00edrody a krajiny<\/em><\/td><\/tr><tr><td><a href=\"https:\/\/copernicus.chmi.cz\/wp-content\/uploads\/2022\/11\/2_Abstrakt_Seidlova_CENIA.pdf\" target=\"_blank\" rel=\"noreferrer noopener\">Vyu\u017eitelnost radarov\u00e9ho vegeta\u010dn\u00edho indexu RVI4S1 v zem\u011bd\u011blstv\u00ed<\/a><br><em>Jana Seidlov\u00e1, Ji\u0159\u00ed Kvapil, Lucie Brzkov\u00e1, Mojm\u00edr Pol\u00e1k, Pavel Doubrava, \u010cesk\u00e1 informa\u010dn\u00ed agentura \u017eivotn\u00edho prost\u0159ed\u00ed<\/em><\/td><\/tr><tr><td><a href=\"https:\/\/copernicus.chmi.cz\/wp-content\/uploads\/2022\/11\/3_Abstrakt_Hlousek_CENIA.pdf\" target=\"_blank\" rel=\"noreferrer noopener\">Zm\u011bny krajinn\u00e9ho pokryvu pomoc\u00ed Land Cover Flows v \u010cesku v letech 1990-2018<\/a><br><em>Lud\u011bk Hlou\u0161ek, Kate\u0159ina Hor\u00e1kov\u00e1, Vendula Dastychov\u00e1, \u010cesk\u00e1 informa\u010dn\u00ed agentura \u017eivotn\u00edho prost\u0159ed\u00ed<\/em><\/td><\/tr><tr><td><a href=\"https:\/\/copernicus.chmi.cz\/wp-content\/uploads\/2022\/11\/4_Abstrakt_Brzkova_CENIA.pdf\" target=\"_blank\" rel=\"noreferrer noopener\">Odhad vlivu st\u00edn\u00edc\u00ed vegetace na sol\u00e1rn\u00ed potenci\u00e1l st\u0159ech prost\u0159ednictv\u00edm lidarov\u00fdch dat<\/a><br><em>Lucie Brzkov\u00e1, Jana Seidlov\u00e1, Mojm\u00edr Pol\u00e1k, Ji\u0159\u00ed Kvapil, Pavel Doubrava, \u010cesk\u00e1 informa\u010dn\u00ed agentura \u017eivotn\u00edho prost\u0159ed\u00ed<\/em><\/td><\/tr><tr><td><a href=\"https:\/\/copernicus.chmi.cz\/wp-content\/uploads\/2022\/11\/5_Abstrakt_Tomicek_Gisat.pdf\" target=\"_blank\" rel=\"noreferrer noopener\">Retrieval of harmonized LAI product of agricultural crops from Landsat OLI and Sentinel-2 MSI time series<\/a><br><em>Ji\u0159\u00ed Tom\u00ed\u010dek, Gisat s.r.o.<\/em><\/td><\/tr><tr><td><a href=\"https:\/\/copernicus.chmi.cz\/wp-content\/uploads\/2022\/11\/6_Abstrakt_Bublincova_SZIF.pdf\" target=\"_blank\" rel=\"noreferrer noopener\">DROMAS Pilot project on monitoring permanent crops using Sentinel data &#8211; SZIF experience<\/a><br><em>Emilie Bublincov\u00e1, Ren\u00e1ta Bodn\u00e1rov\u00e1, Vladim\u00edr Hofman, Lucie \u0160avelkov\u00e1 a kolektiv, St\u00e1tn\u00ed zem\u011bd\u011blsk\u00fd interven\u010dn\u00ed fond<\/em><\/td><\/tr><tr><td><a href=\"https:\/\/copernicus.chmi.cz\/wp-content\/uploads\/2022\/11\/7_Abstrakt_Bublincova_SZIF2.pdf\" target=\"_blank\" rel=\"noreferrer noopener\">Geotagged Photos Pilot in the CR- results and experience from technical testing<\/a><br><em>Emilie Bublincov\u00e1, Lucie \u0160avelkov\u00e1, Jakub Vlosinsk\u00fd, Ad\u00e9la Stanislavov\u00e1, V\u00edt Toman, St\u00e1tn\u00ed zem\u011bd\u011blsk\u00fd interven\u010dn\u00ed fond<\/em><\/td><\/tr><tr><td><a href=\"https:\/\/copernicus.chmi.cz\/wp-content\/uploads\/2022\/11\/8_Abstrakt_Silhacek_MZe.pdf\" target=\"_blank\" rel=\"noreferrer noopener\">Pilotn\u00ed projekt IACS65 \u2013 Studie interoperability krajinn\u00fdch prvk\u016f v \u010cR<\/a><br><em>Ond\u0159ej \u0160ilh\u00e1\u010dek, Michal Dob\u00edhal, Lucie \u0160avelkov\u00e1, Kate\u0159ina H\u00e1tlov\u00e1, Ministerstvo zem\u011bd\u011blstv\u00ed a St\u00e1tn\u00ed zem\u011bd\u011blsk\u00fd interven\u010dn\u00ed fond<\/em><\/td><\/tr><tr><td><a href=\"https:\/\/copernicus.chmi.cz\/wp-content\/uploads\/2022\/11\/9_Abstrakt_Simonik_SZIF3.pdf\" target=\"_blank\" rel=\"noreferrer noopener\">Pilotn\u00ed projekt &#8211; monitoring obnovy travn\u00edho porostu pomoc\u00ed dat Sentinel<\/a><br><em>David \u0160imon\u00edk, Lucie \u0160avelkov\u00e1, Ren\u00e1ta Bodn\u00e1rov\u00e1, St\u00e1tn\u00ed zem\u011bd\u011blsk\u00fd interven\u010dn\u00ed fond<\/em><\/td><\/tr><tr><td><a href=\"https:\/\/copernicus.chmi.cz\/wp-content\/uploads\/2022\/11\/10_Abstrakt_Polak_CENIA.pdf\" target=\"_blank\" rel=\"noreferrer noopener\">Klimatick\u00e1 rizika \u2013 p\u0159\u00edrodn\u00ed po\u017e\u00e1ry a jejich mapov\u00e1n\u00ed metodami DPZ<\/a><br><em>Mojm\u00edr Pol\u00e1k, Jana Seidlov\u00e1, Lucie Brzkov\u00e1, Ji\u0159\u00ed Kvapil, Pavel Doubrava, \u010cesk\u00e1 informa\u010dn\u00ed agentura \u017eivotn\u00edho prost\u0159ed\u00ed<\/em><\/td><\/tr><tr><td><a href=\"https:\/\/copernicus.chmi.cz\/wp-content\/uploads\/2022\/11\/11_Abstrakt_Rusnak_SAV.pdf\" target=\"_blank\" rel=\"noreferrer noopener\">NDVI anomaly for drought monitoring in Danubian lowland from 2019 to 2022<\/a><br><em>Tom\u00e1\u0161 Rus\u0148\u00e1k, Andrej Halabuk, Pavol Kenderresy, Juraj Lieskovsk\u00fd, \u00dastav krajinnej ekol\u00f3gie SAV, v. v. i.<\/em><\/td><\/tr><tr><td><a href=\"https:\/\/copernicus.chmi.cz\/wp-content\/uploads\/2022\/11\/12_Abstrakt_Kopkane_AVCR.pdf\" target=\"_blank\" rel=\"noreferrer noopener\">Verifikace reanal\u00fdzi ERA5 jako vstupu pro atmosf\u00e9rick\u00e9 korekce v d\u00e1lkov\u00e9m pr\u016fzkumu<\/a><br><em>Daniel Kopk\u00e1n\u011b, \u00dastav v\u00fdzkumu glob\u00e1ln\u00ed zm\u011bny AV \u010cR, v. v. i.<\/em><\/td><\/tr><tr><td><a href=\"https:\/\/copernicus.chmi.cz\/wp-content\/uploads\/2022\/11\/13_Abstrakt_Stych_UK.pdf\" target=\"_blank\" rel=\"noreferrer noopener\">Copernicus User Uptake aktivity na Univerzit\u011b Karlov\u011b<\/a><br><em>P\u0159emysl \u0160tych, Josef La\u0161tovi\u010dka, Daniel Paluba, Natalia Kobliuk, Jan Svoboda, Jarmil Vy\u010d\u00edtal, Katedra aplikovan\u00e9 geoinformatiky a kartografie, P\u0159F UK, EO4Landscape v\u00fdzkumn\u00fd t\u00fdm<\/em><\/td><\/tr><tr><td><a href=\"https:\/\/copernicus.chmi.cz\/wp-content\/uploads\/2022\/11\/14_Abstrakt_Stych_UK2.pdf\" target=\"_blank\" rel=\"noreferrer noopener\">Vyu\u017eit\u00ed dat Sentinel ve v\u00fdzkumu obnovy lesa<\/a><br><em>P\u0159emysl \u0160tych, Natalia Kobliuk, Daniel Paluba, Josef La\u0161tovi\u010dka, Jan Svoboda, Katedra aplikovan\u00e9 geoinformatiky a kartografie, P\u0159F UK, EO4Landscape v\u00fdzkumn\u00fd t\u00fdm<\/em><\/td><\/tr><tr><td><a href=\"https:\/\/copernicus.chmi.cz\/wp-content\/uploads\/2022\/11\/Abstrakt_Culova_MIB.pdf\" target=\"_blank\" rel=\"noreferrer noopener\">Hodnotenie zranite\u013enosti mesta Bratislava na nepriazniv\u00e9 d\u00f4sledky zmeny kl\u00edmy \u2013 pr\u00edklad z praxe<\/a><br><em>Eva \u010culov\u00e1, Monika Jura\u0161ikov\u00e1, Eva Paudit\u0161ov\u00e1, Martin Jan\u010dovi\u010d, Metropolitn\u00fd in\u0161tit\u00fat Bratislavy, Pr\u00edrodovedeck\u00e1 fakulta UK<\/em><\/td><\/tr><tr><td><a href=\"https:\/\/copernicus.chmi.cz\/wp-content\/uploads\/2022\/11\/Abstrakt_Moravec_CZU.pdf\" target=\"_blank\" rel=\"noreferrer noopener\">\u010casov\u00e1 \u0159ada Sentinel-1 pro sledov\u00e1n\u00ed vlhkosti les\u016f<\/a><br><em>David Moravec, \u010cesk\u00e1 zem\u011bd\u011blsk\u00e1 univerzita<\/em><\/td><\/tr><\/tbody><\/table><\/figure>\n<\/div><!-- \/wp:table-->\n\n<!-- wp:paragraph--><div class=\"gridContainer\">\n<p><\/p>\n<\/div><!-- \/wp:paragraph-->","protected":false},"excerpt":{"rendered":"<p>Posterov\u00e1 sekce Konsolidovan\u00e1 vrstva ekosyst\u00e9m\u016fAlena Levashova, Agentura ochrany p\u0159\u00edrody a krajiny Vyu\u017eitelnost radarov\u00e9ho vegeta\u010dn\u00edho indexu RVI4S1 v zem\u011bd\u011blstv\u00edJana Seidlov\u00e1, Ji\u0159\u00ed Kvapil, Lucie Brzkov\u00e1, Mojm\u00edr Pol\u00e1k, Pavel Doubrava, \u010cesk\u00e1 informa\u010dn\u00ed agentura&nbsp;&hellip;<\/p>\n","protected":false},"author":6,"featured_media":0,"parent":0,"menu_order":0,"comment_status":"closed","ping_status":"closed","template":"","meta":{"footnotes":""},"class_list":["post-3990","page","type-page","status-publish","hentry"],"_links":{"self":[{"href":"https:\/\/copernicus.chmi.cz\/index.php\/wp-json\/wp\/v2\/pages\/3990","targetHints":{"allow":["GET"]}}],"collection":[{"href":"https:\/\/copernicus.chmi.cz\/index.php\/wp-json\/wp\/v2\/pages"}],"about":[{"href":"https:\/\/copernicus.chmi.cz\/index.php\/wp-json\/wp\/v2\/types\/page"}],"author":[{"embeddable":true,"href":"https:\/\/copernicus.chmi.cz\/index.php\/wp-json\/wp\/v2\/users\/6"}],"replies":[{"embeddable":true,"href":"https:\/\/copernicus.chmi.cz\/index.php\/wp-json\/wp\/v2\/comments?post=3990"}],"version-history":[{"count":5,"href":"https:\/\/copernicus.chmi.cz\/index.php\/wp-json\/wp\/v2\/pages\/3990\/revisions"}],"predecessor-version":[{"id":4030,"href":"https:\/\/copernicus.chmi.cz\/index.php\/wp-json\/wp\/v2\/pages\/3990\/revisions\/4030"}],"wp:attachment":[{"href":"https:\/\/copernicus.chmi.cz\/index.php\/wp-json\/wp\/v2\/media?parent=3990"}],"curies":[{"name":"wp","href":"https:\/\/api.w.org\/{rel}","templated":true}]}}