

{"id":3940,"date":"2022-11-07T10:05:24","date_gmt":"2022-11-07T09:05:24","guid":{"rendered":"https:\/\/copernicus.chmi.cz\/?page_id=3940"},"modified":"2022-12-01T11:25:02","modified_gmt":"2022-12-01T10:25:02","slug":"program-2","status":"publish","type":"page","link":"https:\/\/copernicus.chmi.cz\/index.php\/program-2\/","title":{"rendered":"Program konference"},"content":{"rendered":"<!-- wp:paragraph--><div class=\"gridContainer\">\n<p><\/p>\n<\/div><!-- \/wp:paragraph-->\n\n<!-- wp:columns--><div class=\"gridContainer\">\n<div class=\"wp-block-columns\"><!-- wp:column--><div class=\"gridContainer\">\n<div class=\"wp-block-column\"><\/div>\n<\/div><!-- \/wp:column--><\/div>\n<\/div><!-- \/wp:columns-->\n\n<!-- wp:paragraph--><div class=\"gridContainer\">\n<p><strong>POND\u011aL\u00cd 28. 11. 2022<\/strong><\/p>\n<\/div><!-- \/wp:paragraph-->\n\n<!-- wp:table {\"backgroundColor\":\"white\",\"textColor\":\"black\",\"className\":\"is-style-regular\"}--><div class=\"gridContainer\">\n<figure class=\"wp-block-table is-style-regular\"><table class=\"has-black-color has-white-background-color has-text-color has-background\"><tbody><tr><td><strong>8:00 &#8211; 9:30<br>Registrace<\/strong> <strong>a k\u00e1va<\/strong><\/td><\/tr><tr><td><strong>9:30 &#8211; 10:00<br>\u00davodn\u00ed sekce<\/strong><\/td><\/tr><tr><td>Data DPZ ve slu\u017eb\u00e1ch nejen \u017eivotn\u00edho prost\u0159ed\u00ed<br><em>Miroslav Havr\u00e1nek, \u0159editel CENIA<\/em><br>\u25ba <a href=\"https:\/\/copernicus.chmi.cz\/wp-content\/uploads\/2022\/11\/02_Havranek_USlovo_CUF_CZ2022.pptx\" target=\"_blank\" rel=\"noreferrer noopener\">prezentace<\/a><\/td><\/tr><tr><td><\/td><\/tr><tr><td><strong>10:00 &#8211; 10:30<br>P\u0159est\u00e1vka<\/strong><\/td><\/tr><tr><td><\/td><\/tr><tr><td><strong>10:30 &#8211; 12:00<br>I. blok: Program Copernicus v Evrop\u011b<\/strong><\/td><\/tr><tr><td><a href=\"https:\/\/copernicus.chmi.cz\/wp-content\/uploads\/2022\/11\/Abstrakt_Pajot_EARSC.pdf\" target=\"_blank\" rel=\"noreferrer noopener\">The role of Copernicus for the future of the Earth Observation Downstream services industry<\/a><br><em>Emmanuel Pajot, European Association of Remote Sensing Companies<\/em><br>\u25ba prezentace<\/td><\/tr><tr><td><a href=\"https:\/\/copernicus.chmi.cz\/wp-content\/uploads\/2022\/11\/Abstrakt_Donezar_EEA.pdf\" target=\"_blank\" rel=\"noreferrer noopener\">The Copernicus Land Monitoring service: towards a continuous monitoring to support the EU environment and climate change policies<\/a><br><em>Usue Donezar, European Environment Agency<\/em><br>\u25ba <a href=\"https:\/\/copernicus.chmi.cz\/wp-content\/uploads\/2022\/12\/05_Donezar_221128-Copernicus-CZ-User-Forum.pdf\" target=\"_blank\" rel=\"noreferrer noopener\">prezentace<\/a><\/td><\/tr><tr><td><\/td><\/tr><tr><td><strong>12:00 &#8211; 13:00 <br>Ob\u011bd<\/strong><\/td><\/tr><tr><td><strong><em>Posterov\u00e1 sekce<\/em> <kbd>\u25ba<\/kbd><em> <a href=\"https:\/\/copernicus.chmi.cz\/index.php\/posterova-sekce-2\/\" target=\"_blank\" rel=\"noreferrer noopener\">abstrakty k nahl\u00e9dnut\u00ed<\/a><\/em><\/strong><\/td><\/tr><tr><td><\/td><\/tr><tr><td><strong>13:00 &#8211; 14:30<br>II. blok: Monitorov\u00e1n\u00ed ovzdu\u0161\u00ed a adaptace na klimatickou zm\u011bnu<\/strong><\/td><\/tr><tr><td><a href=\"https:\/\/copernicus.chmi.cz\/wp-content\/uploads\/2022\/11\/Abstrakt_Svab_MD.pdf\" target=\"_blank\" rel=\"noreferrer noopener\">Destination Earth \u2013 unijn\u00ed digit\u00e1ln\u00ed dvoj\u010de Zem\u011b<\/a><br><em>Ond\u0159ej \u0160v\u00e1b, Ministerstvo dopravy<\/em><br>\u25ba <a href=\"https:\/\/copernicus.chmi.cz\/wp-content\/uploads\/2022\/12\/07_Svab_CUF-2022-DestinE-kopie.pdf\" target=\"_blank\" rel=\"noreferrer noopener\">prezentace<\/a><\/td><\/tr><tr><td><a href=\"https:\/\/copernicus.chmi.cz\/wp-content\/uploads\/2022\/11\/Abstrakt_Stastka_CHMU.pdf\" target=\"_blank\" rel=\"noreferrer noopener\">Anal\u00fdza dat dru\u017eic a slu\u017eeb programu Copernicus v souvislosti s v\u00e1lkou na Ukrajin\u011b<\/a><br><em>Jind\u0159ich \u0160\u0165\u00e1stka, \u010cesk\u00fd hydrometeorologick\u00fd \u00fastav<\/em><br>\u25ba <a href=\"https:\/\/copernicus.chmi.cz\/wp-content\/uploads\/2022\/11\/08_CUF_Stastka_2022.pptx\" target=\"_blank\" rel=\"noreferrer noopener\">prezentace<\/a><\/td><\/tr><tr><td><a href=\"https:\/\/copernicus.chmi.cz\/wp-content\/uploads\/2022\/11\/Abstrakt_Setvak_CHMU.pdf\" target=\"_blank\" rel=\"noreferrer noopener\">Vyu\u017eit\u00ed p\u0159\u00edstroje VIIRS dru\u017eic S-NPP a NOAA-20 v r\u00e1mci p\u0159\u00edprav na Meteosat t\u0159et\u00ed generace (MTG)<\/a><br><em>Martin Setv\u00e1k<\/em>, <em>\u010cesk\u00fd hydrometeorologick\u00fd \u00fastav<\/em><br>\u25ba <a href=\"https:\/\/copernicus.chmi.cz\/wp-content\/uploads\/2022\/11\/09_Setvak_Vyuziti-VIIRS-v-ramci-priprav-na-MTG_ver-20221125.pdf\" target=\"_blank\" rel=\"noreferrer noopener\">prezentace<\/a><\/td><\/tr><tr><td><a href=\"https:\/\/copernicus.chmi.cz\/wp-content\/uploads\/2022\/11\/Abstrakt_Silhacek_MZe.pdf\" target=\"_blank\" rel=\"noreferrer noopener\">Pilotn\u00ed projekt IACS65 \u2013 Studie interoperability krajinn\u00fdch prvk\u016f v \u010cR<\/a><br><em>Ond\u0159ej \u0160ilh\u00e1\u010dek, Ministerstvo zem\u011bd\u011blstv\u00ed<\/em><br>\u25ba <a href=\"https:\/\/copernicus.chmi.cz\/wp-content\/uploads\/2022\/11\/10_Silhacek_2022_Copernicus_Praha_MZe_SZIF.pptx\" target=\"_blank\" rel=\"noreferrer noopener\">prezentace<\/a><\/td><\/tr><tr><td><\/td><\/tr><tr><td><strong>14:30 &#8211; 15:00<br>P\u0159est\u00e1vka<\/strong><\/td><\/tr><tr><td><\/td><\/tr><tr><td><strong>15:00 &#8211; 17:00<br>III. blok: Panelov\u00e1 diskuse &#8211; Pozorov\u00e1n\u00ed Zem\u011b a bezpe\u010dnost<\/strong><\/td><\/tr><tr><td>Filip Koci\u00e1n (Golem Ventures Space) \u25ba prezentace <br>M. Havr\u00e1nek (CENIA)<br>M. Maru\u0161in (Zaitra) \u25ba <a href=\"https:\/\/copernicus.chmi.cz\/wp-content\/uploads\/2022\/11\/13_Marusin_Zaitra-copernicus-user-forum.pdf\" target=\"_blank\" rel=\"noreferrer noopener\">prezentace<\/a>  <br>V. Petera (CGI) \u25ba <a href=\"https:\/\/copernicus.chmi.cz\/wp-content\/uploads\/2022\/11\/15_Petera_Panel_Copernicus_CSW-2022_CGI.pdf\" target=\"_blank\" rel=\"noreferrer noopener\">prezentace<\/a> <br>F. Avrat (PSSI) \u25ba <a href=\"https:\/\/copernicus.chmi.cz\/wp-content\/uploads\/2022\/11\/14_Avrat_Pozorovani-Zeme-a-bezpecnost.pdf\" target=\"_blank\" rel=\"noreferrer noopener\">prezentace<\/a> <br>M. Rein\u0161tein (SpaceKnow) \u25ba <a href=\"https:\/\/copernicus.chmi.cz\/wp-content\/uploads\/2022\/11\/17_Reinstein_2022-COPERNICUS-CZECH-NATIONAL-USER-FORUM-SpaceKnow.pdf\" target=\"_blank\" rel=\"noreferrer noopener\">prezentace<\/a><br><em>moderuje O. \u0160v\u00e1b (Ministerstvo dopravy)<\/em><\/td><\/tr><tr><td><\/td><\/tr><tr><td><strong>17:00<br>Z\u00e1v\u011br prvn\u00edho dne<\/strong> <strong>a spole\u010densk\u00fd ve\u010der<\/strong><\/td><\/tr><\/tbody><\/table><\/figure>\n<\/div><!-- \/wp:table-->\n\n<!-- wp:paragraph--><div class=\"gridContainer\">\n<p><strong>\u00daTER\u00dd 29. 11. 2022 <\/strong><\/p>\n<\/div><!-- \/wp:paragraph-->\n\n<!-- wp:table {\"textColor\":\"black\"}--><div class=\"gridContainer\">\n<figure class=\"wp-block-table\"><table class=\"has-black-color has-text-color\"><tbody><tr><td><strong>8:00 &#8211; 9:00<br>Registrace a k\u00e1va<\/strong><\/td><\/tr><tr><td><\/td><\/tr><tr><td><strong>9:00 &#8211; 11:00 <br>I. Blok Copernicus na \u0161kol\u00e1ch<\/strong><br><a href=\"https:\/\/copernicus.chmi.cz\/wp-content\/uploads\/2022\/09\/Abstrakt_sablonaCUF2022_UK.pdf\" target=\"_blank\" rel=\"noreferrer noopener\">Paraleln\u00ed akce WORKSHOP (9:00 &#8211; 11:00)- Zpracov\u00e1n\u00ed dru\u017eicov\u00fdch dat a tvorba aplikac\u00ed v Google Earth Engine<\/a><br><em>Josef La\u0161tovi\u010dka, Daniel Paluba a P\u0159emysl \u0160tych, Univerzita Karlova<\/em><\/td><\/tr><tr><td><a href=\"https:\/\/copernicus.chmi.cz\/wp-content\/uploads\/2022\/11\/Abstrakt_Stych_UK.pdf\" target=\"_blank\" rel=\"noreferrer noopener\">Mapov\u00e1n\u00ed sp\u00e1len\u00fdch oblast\u00ed p\u0159i po\u017e\u00e1rech v \u0158ecku v roce 2021 s vyu\u017eit\u00edm dat Sentinel-1 pou\u017eit\u00edm ne\u0159\u00edzen\u00e9 klasifikace<\/a><br><em>D. Paluba, L. G. Papale, T. Perivolioti, A. Mouratidis, P. \u0160tych, Univerzita Karlova, University of Rome Tor Vergata, Aristotle University of Thessaloniki<\/em><br>\u25ba <a href=\"https:\/\/copernicus.chmi.cz\/wp-content\/uploads\/2022\/12\/02_Paluba_Copernicus-User-Forum-Paluba-Greek-Fires.pdf\" target=\"_blank\" rel=\"noreferrer noopener\">prezentace<\/a><\/td><\/tr><tr><td><a href=\"https:\/\/copernicus.chmi.cz\/wp-content\/uploads\/2022\/11\/Abstrakt_Pohankova_UPOL.pdf\" target=\"_blank\" rel=\"noreferrer noopener\">Prototyp n\u00e1stroje pro odhad Bowenova pom\u011bru pomoc\u00ed dru\u017eicov\u00fdch dat<\/a><br><em>Tereza Pohankov\u00e1, Univerzita Palack\u00e9ho v Olomouci<\/em><br>\u25ba <a href=\"https:\/\/copernicus.chmi.cz\/wp-content\/uploads\/2022\/11\/03_Pohankova_copernicus_os_tool_ET.pdf\" target=\"_blank\" rel=\"noreferrer noopener\">prezentace<\/a><\/td><\/tr><tr><td><a href=\"https:\/\/copernicus.chmi.cz\/wp-content\/uploads\/2022\/11\/Abstrakt_Mares_ESA-ESERO.pdf\" target=\"_blank\" rel=\"noreferrer noopener\">P\u0159edstaven\u00ed ESA ESERO a projektu Climate Detectives<\/a><br><em>Petr Mare\u0161, ESA ESERO \u010cR<\/em><br>\u25ba <a href=\"https:\/\/copernicus.chmi.cz\/wp-content\/uploads\/2022\/11\/04_Mares_221129_cuf_esero_mares.pdf\" target=\"_blank\" rel=\"noreferrer noopener\">prezentace<\/a><\/td><\/tr><tr><td><a href=\"https:\/\/copernicus.chmi.cz\/wp-content\/uploads\/2022\/11\/Abstrakt_Brom_JU.pdf\" target=\"_blank\" rel=\"noreferrer noopener\">D\u00e1lkov\u00fd pr\u016fzkum Zem\u011b jako n\u00e1stroj pro hodnocen\u00ed sinicov\u00fdch vodn\u00edch kv\u011bt\u016f<\/a><br><em>Jakub Brom, Jiho\u010desk\u00e1 univerzita v \u010cesk\u00fdch Bud\u011bjovic\u00edch<\/em><br>\u25ba <a href=\"https:\/\/copernicus.chmi.cz\/wp-content\/uploads\/2022\/11\/05_Brom_CUFC_2022_Brom_prezentace.pdf\" target=\"_blank\" rel=\"noreferrer noopener\">prezentace<\/a> <\/td><\/tr><tr><td><a href=\"https:\/\/copernicus.chmi.cz\/wp-content\/uploads\/2022\/11\/Abstrakt_Kloucek_CZU.pdf\" target=\"_blank\" rel=\"noreferrer noopener\">DPZ aktivity Katedry prostorov\u00fdch v\u011bd na F\u017dP \u010cZU v&nbsp;Praze<\/a><br><em>Tom\u00e1\u0161 Klou\u010dek, \u010cesk\u00e1 zem\u011bd\u011blsk\u00e1 univerzita v Praze<\/em><br>\u25ba <a href=\"https:\/\/copernicus.chmi.cz\/wp-content\/uploads\/2022\/11\/06_Kloucek_20221129_Copernicus_forum_2022_Kloucek.pdf\" target=\"_blank\" rel=\"noreferrer noopener\">prezentace<\/a> <\/td><\/tr><tr><td><\/td><\/tr><tr><td><strong>11:00 &#8211; 11:30<br>P\u0159est\u00e1vka<\/strong><\/td><\/tr><tr><td><\/td><\/tr><tr><td><strong>11:30 &#8211; 13:15<br>II. blok Monitorov\u00e1n\u00ed vyu\u017eit\u00ed krajiny<\/strong><br><a href=\"https:\/\/copernicus.chmi.cz\/wp-content\/uploads\/2022\/09\/Abstrakt_sablonaCUF2022_Gismentors.pdf\" target=\"_blank\" rel=\"noreferrer noopener\">Paraleln\u00ed akce WORKSHOP (11:30 &#8211; 13:00)- GIS bez GISu<\/a><br><em>J\u00e1chym \u010cepick\u00fd, OpenGeoLabs<\/em><\/td><\/tr><tr><td><a href=\"https:\/\/copernicus.chmi.cz\/wp-content\/uploads\/2022\/11\/Abstrakt_Kolomaznik_Gisat.pdf\" target=\"_blank\" rel=\"noreferrer noopener\">Vyu\u017eit\u00ed dat Sentinel-1 a radarov\u00e9 interferometrie pro monitoring geohazard\u016f a geotechnick\u00fdch rizik<\/a><br><em>Jan Kolomazn\u00edk, Ivana Hlav\u00e1\u010dov\u00e1, Juraj Struh\u00e1r, Erika Orlitov\u00e1, Gisat s.r.o.<\/em><br>\u25ba <a href=\"https:\/\/copernicus.chmi.cz\/wp-content\/uploads\/2022\/11\/08_Kolomaznik_GISAT_InSAR_CopernicusCZ_2022-11-28.pdf\" target=\"_blank\" rel=\"noreferrer noopener\">prezentace<\/a> <\/td><\/tr><tr><td><a href=\"https:\/\/copernicus.chmi.cz\/wp-content\/uploads\/2022\/11\/Abstrakt_Labohy_WfS.pdf\" target=\"_blank\" rel=\"noreferrer noopener\">Vyu\u017eit\u00ed AI pro p\u0159ekon\u00e1n\u00ed limit\u016f dat Copernicus<\/a><br><em>Jan Laboh\u00fd, Roman Bohovic, World from Space<\/em><br>\u25ba <a href=\"https:\/\/copernicus.chmi.cz\/wp-content\/uploads\/2022\/12\/Bohovic_2022-11-29-CUF-WfS.pdf\" target=\"_blank\" rel=\"noreferrer noopener\">prezentace<\/a><\/td><\/tr><tr><td><a href=\"https:\/\/copernicus.chmi.cz\/wp-content\/uploads\/2022\/11\/Abstrakt_Bodnarova_SZIF.pdf\" target=\"_blank\" rel=\"noreferrer noopener\">Zapojen\u00ed SZIF do projekt\u016f zam\u011b\u0159en\u00fdch na d\u00e1lkov\u00fd pr\u016fzkum Zem\u011b<\/a><br><em>Renata Bodn\u00e1rov\u00e1, Lucie \u0160avelkov\u00e1, St\u00e1tn\u00ed zem\u011bd\u011blsk\u00fd interven\u010dn\u00ed fond<\/em><br>\u25ba <a href=\"https:\/\/copernicus.chmi.cz\/wp-content\/uploads\/2022\/12\/10_Bodnarova_Savelkova_Shrnuti_projektu_SZIF_CUF_29_11_2022_final.pdf\" target=\"_blank\" rel=\"noreferrer noopener\">prezentace<\/a><\/td><\/tr><tr><td><a href=\"https:\/\/copernicus.chmi.cz\/wp-content\/uploads\/2022\/11\/Abstrakt_Zizala_VUMOP.pdf\" target=\"_blank\" rel=\"noreferrer noopener\">Data Sentinel ve v\u00fdzkumu p\u016fdn\u00ed eroze a mapov\u00e1n\u00ed p\u016fd<\/a><br><em>Daniel \u017d\u00ed\u017eala, V\u00fdzkumn\u00fd \u00fastav meliorac\u00ed a ochrany p\u016fdy<\/em><br>\u25ba <a href=\"https:\/\/copernicus.chmi.cz\/wp-content\/uploads\/2022\/11\/11_Zizala_DataSentinelVeVyzkumuPudniErozeAMapovaniPud.pdf\" target=\"_blank\" rel=\"noreferrer noopener\">prezentace<\/a> <\/td><\/tr><tr><td><a href=\"https:\/\/copernicus.chmi.cz\/wp-content\/uploads\/2022\/11\/Abstrakt_Strnadova_CGS.pdf\" target=\"_blank\" rel=\"noreferrer noopener\">Vyu\u017eit\u00ed dat Copernicus pro geov\u011bdn\u00ed aplikace<\/a><br><em>Veronika Strnadov\u00e1, \u010cesk\u00e1 geologick\u00e1 slu\u017eba<\/em><br>\u25ba <a href=\"https:\/\/copernicus.chmi.cz\/wp-content\/uploads\/2022\/11\/12_Strnadova_Presentation_CZ_Space_Week_22.pptx\" target=\"_blank\" rel=\"noreferrer noopener\">prezentace<\/a> <\/td><\/tr><tr><td><\/td><\/tr><tr><td><strong>13:15 &#8211; 13:30<br>Z\u00e1v\u011br konference<\/strong><\/td><\/tr><\/tbody><\/table><\/figure>\n<\/div><!-- \/wp:table-->","protected":false},"excerpt":{"rendered":"<p>POND\u011aL\u00cd 28. 11. 2022 8:00 &#8211; 9:30Registrace a k\u00e1va9:30 &#8211; 10:00\u00davodn\u00ed sekceData DPZ ve slu\u017eb\u00e1ch nejen \u017eivotn\u00edho prost\u0159ed\u00edMiroslav Havr\u00e1nek, \u0159editel CENIA\u25ba prezentace10:00 &#8211; 10:30P\u0159est\u00e1vka10:30 &#8211; 12:00I. blok: Program Copernicus v&nbsp;&hellip;<\/p>\n","protected":false},"author":6,"featured_media":0,"parent":0,"menu_order":0,"comment_status":"closed","ping_status":"closed","template":"pro\/page-templates\/full-width-page.php","meta":{"footnotes":""},"class_list":["post-3940","page","type-page","status-publish","hentry"],"_links":{"self":[{"href":"https:\/\/copernicus.chmi.cz\/index.php\/wp-json\/wp\/v2\/pages\/3940","targetHints":{"allow":["GET"]}}],"collection":[{"href":"https:\/\/copernicus.chmi.cz\/index.php\/wp-json\/wp\/v2\/pages"}],"about":[{"href":"https:\/\/copernicus.chmi.cz\/index.php\/wp-json\/wp\/v2\/types\/page"}],"author":[{"embeddable":true,"href":"https:\/\/copernicus.chmi.cz\/index.php\/wp-json\/wp\/v2\/users\/6"}],"replies":[{"embeddable":true,"href":"https:\/\/copernicus.chmi.cz\/index.php\/wp-json\/wp\/v2\/comments?post=3940"}],"version-history":[{"count":25,"href":"https:\/\/copernicus.chmi.cz\/index.php\/wp-json\/wp\/v2\/pages\/3940\/revisions"}],"predecessor-version":[{"id":4100,"href":"https:\/\/copernicus.chmi.cz\/index.php\/wp-json\/wp\/v2\/pages\/3940\/revisions\/4100"}],"wp:attachment":[{"href":"https:\/\/copernicus.chmi.cz\/index.php\/wp-json\/wp\/v2\/media?parent=3940"}],"curies":[{"name":"wp","href":"https:\/\/api.w.org\/{rel}","templated":true}]}}