

{"id":367,"date":"2020-05-22T12:54:36","date_gmt":"2020-05-22T10:54:36","guid":{"rendered":"https:\/\/copernicus.chmi.cz\/?page_id=367"},"modified":"2020-11-18T13:51:46","modified_gmt":"2020-11-18T12:51:46","slug":"in-situ-komponenta","status":"publish","type":"page","link":"https:\/\/copernicus.chmi.cz\/index.php\/o-copernicu\/infrastruktura\/in-situ-komponenta\/","title":{"rendered":"In-situ komponenta"},"content":{"rendered":"<div class=\"breadcrumbs align  wp-block-bcn-breadcrumb-trail has-text-color has-background\" vocab=\"https:\/\/schema.org\/\" typeof=\"BreadcrumbList\">\n\t<span><\/span>\n\t<span property=\"itemListElement\" typeof=\"ListItem\"><a property=\"item\" typeof=\"WebPage\" title=\"P\u0159ej\u00edt na Copernicus CR.\" href=\"https:\/\/copernicus.chmi.cz\" class=\"home\" ><span property=\"name\">Copernicus CR<\/span><\/a><meta property=\"position\" content=\"1\"><\/span> &gt; <span property=\"itemListElement\" typeof=\"ListItem\"><a property=\"item\" typeof=\"WebPage\" title=\"P\u0159ej\u00edt na Novinky.\" href=\"https:\/\/copernicus.chmi.cz\/index.php\/novinky\/\" class=\"post post-page\" ><span property=\"name\">Novinky<\/span><\/a><meta property=\"position\" content=\"2\"><\/span> &gt; <span property=\"itemListElement\" typeof=\"ListItem\"><a property=\"item\" typeof=\"WebPage\" title=\"P\u0159ej\u00edt na Blog.\" href=\"https:\/\/copernicus.chmi.cz\/index.php\/novinky\/blog\/\" class=\"post-root post post-post\" aria-current=\"page\"><span property=\"name\">Blog<\/span><\/a><meta property=\"position\" content=\"3\"><\/span><\/div>\n\n\n\n<div data-label=\"Content\" data-id=\"content--1\" data-export-id=\"content-5-materialis\" data-category=\"content\" class=\"content-5m content-section-spacing-large content-section dark-text\" id=\"content-1\" style=\"background-color: rgba(255, 255, 255, 0); background-image: none;\"><div class=\"gridContainer\"> <div class=\"row\"><div class=\"col-xs-12 col-sm-8 col-sm-offset-2 space-bottom text-center col-padding-small-xs\" data-type=\"column\"> <\/div> <div class=\"col-xs-12 text-center large\" data-type=\"column\"> <img decoding=\"async\" class=\"custom-image\" src=\"https:\/\/copernicus.chmi.cz\/wp-content\/uploads\/2020\/06\/cropped-image_large-1-e1592911131707.png\"><h2 class=\"\">In-situ komponenta<\/h2><p class=\"lead\" style=\"text-align: justify;\">Program Copernicus je tvo\u0159en t\u0159emi komponentami: slu\u017ebami, kosmickou komponentou a in-situ komponentou.\n<br><br>In-situ komponenta je zalo\u017eena na infrastruktu\u0159e pozemn\u00edch m\u011b\u0159\u00edc\u00edch stanic, kter\u00e9 jsou spravov\u00e1ny n\u00e1rodn\u00edmi ve\u0159ejn\u00fdmi institucemi \u010dlensk\u00fdch st\u00e1tu EU.Koordinaci t\u011bchto instituc\u00ed m\u00e1 na starost&nbsp;<a href=\"https:\/\/www.eea.europa.eu\" target=\"_blank\" data-mce-selected=\"inline-boundary\" rel=\"noopener noreferrer\" class=\"\">EEA<\/a>.\nHlavn\u00ed funkc\u00ed komponenty in-situ je p\u0159edev\u0161\u00edm dopln\u011bn\u00ed st\u00e1vaj\u00edc\u00ed s\u00edt\u011b infrastruktury tam, kde m\u011b\u0159en\u00ed a data chyb\u00ed, zaji\u0161t\u011bn\u00ed dlouhodob\u00e9 udr\u017eitelnosti slu\u017eeb a rovn\u011b\u017e p\u0159\u00edstupu k dat\u016fm a informac\u00edm. Slu\u017eby pot\u0159ebuj\u00ed in-situ data pro validaci, dopln\u011bn\u00ed, kontrolu a up\u0159esn\u011bn\u00ed dat z\u00edskan\u00fdch z DPZ.<br><br>Data, kter\u00e1 in-situ nab\u00edz\u00ed se daj\u00ed rozd\u011blit na data z pozemn\u00edch, mo\u0159sk\u00fdch a vzdu\u0161n\u00fdch <b>monitorovac\u00edch za\u0159\u00edzen\u00ed a na geoprostorov\u00e1 referen\u010dn\u00ed data.<\/b><br><b>\nMonitorovac\u00ed infrastruktura<\/b><br>Data in-situ jsou z\u00edsk\u00e1v\u00e1na monitorovac\u00edmi syst\u00e9my, jako jsou senzory um\u00edst\u011bn\u00e9 na b\u0159ez\u00edch \u0159ek, nesen\u00e9 na pov\u011btrnostn\u00edch balonech, letadlech nebo dronech, ta\u017een\u00e9 lod\u011bmi p\u0159es mo\u0159e a un\u00e1\u0161en\u00e9 na plov\u00e1c\u00edch nebo b\u00f3j\u00edch v oce\u00e1nu. Hlavn\u00edmi u\u017eivateli tohoto typu dat jsou slu\u017eby pro monitorov\u00e1n\u00ed atmosf\u00e9ry, mo\u0159sk\u00e9ho prost\u0159ed\u00ed a slu\u017eba pro klimatick\u00e9 zm\u011bny. Monitorovac\u00ed infrastruktura je tematicky rozd\u011blen\u00e1 na 4 oblasti: meteorologie, klimatick\u00e9 podm\u00ednky, oce\u00e1nografie a atmosf\u00e9rick\u00e9 slo\u017een\u00ed<br>\n<br><b>\nGeoprostorov\u00e1 data<\/b><br>Hlavn\u00edmi u\u017eivateli jsou slu\u017eby pro monitorov\u00e1n\u00ed \u00fazem\u00ed, pro krizov\u00e9 \u0159\u00edzen\u00ed a pro bezpe\u010dnost. Geoprostorov\u00e1 data jsou v r\u00e1mci in-situ komponenty programu Copernicus rozd\u011blena do 7 tematick\u00fdch oblast\u00ed: s\u00eddla, pr\u016fmysl, technick\u00e1 infrastruktura, hydrografie, dopravn\u00ed infrastruktura, krajinn\u00fd pokryv, statistiky o obyvatelstvu. Tato t\u00e9mata koresponduj\u00ed s okruhy z p\u0159\u00edloh I. II. a III. sm\u011brnice&nbsp;<a href=\"https:\/\/inspire.ec.europa.eu\" target=\"_blank\" data-mce-selected=\"inline-boundary\" rel=\"noopener noreferrer\" class=\"\">INSPIRE<\/a>.\n<br>\n<br><b>P\u0159\u00edstup k dat\u016fm<\/b><br>Vzhledem k r\u016fznorodosti in-situ dat existuj\u00ed r\u016fzn\u00ed poskytovatel\u00e9 a r\u016fzn\u00e9 platformy, kde jednotliv\u00e9 slu\u017eby programu Copernicus mohou data z\u00edsk\u00e1vat.\n<br><br>\u2022 Meteorologick\u00e1 a hydrologick\u00e1 data jsou poskytov\u00e1ny evropsk\u00fdmi organizacemi&nbsp;<a href=\"https:\/\/www.eumetnet.eu\" target=\"_blank\" data-mce-selected=\"inline-boundary\" rel=\"noopener noreferrer\" class=\"\">EUMETNET<\/a>&nbsp;a&nbsp;<a href=\"https:\/\/www.ecomet.eu\" target=\"_blank\" data-mce-selected=\"inline-boundary\" rel=\"noopener noreferrer\" class=\"\">ECOMET.<\/a><br>\n\u2022\tOce\u00e1nografick\u00e1 data poskytuj\u00ed evropsk\u00e9 organizace&nbsp;<a href=\"https:\/\/www.seadatanet.org\" target=\"_blank\" data-mce-selected=\"inline-boundary\" rel=\"noopener noreferrer\" class=\"\">SeaDataNet<\/a>&nbsp;(Pan-european Infrastructure For Ocean &amp; Marine Data Management) a platformy&nbsp;<a href=\"http:\/\/eurogoos.eu\/regional-operational-oceanographic-systems\/#:~:text=Regional%20Operational%20Oceanographic%20Systems%20(ROOS),Systems%20(ROOS)%20in%20Europe.&amp;text=Working%20hand%20in%20hand%2C%20EuroGOOS,ocean%20observing%2C%20forecasting%20and%20services.\" target=\"_blank\" data-mce-selected=\"inline-boundary\" rel=\"noopener noreferrer\" class=\"\">ROOS<\/a>&nbsp;(Regional Operational Oceanographic Systems).<br>\n\u2022\tGeoprostorov\u00e1 data jsou jednotliv\u00fdm slu\u017eb\u00e1m poskytov\u00e1na prost\u0159ednictv\u00edm katalogu&nbsp;<a href=\"https:\/\/corda.eea.europa.eu\/SitePages\/About.aspx\" target=\"_blank\" data-mce-selected=\"inline-boundary\" rel=\"noopener noreferrer\" class=\"\">CORDA<\/a>.<\/p> <a class=\"button big mdc-elevation--z3 color1 mdc-ripple-upgraded\" href=\"\/\/insitu.copernicus.eu\" target=\"_self\" data-cp-link=\"1\" data-icon=\"\" rel=\"noopener noreferrer\">V\u00edce informac\u00ed<\/a><\/div> <\/div><\/div> <\/div>\n","protected":false},"excerpt":{"rendered":"","protected":false},"author":6,"featured_media":0,"parent":197,"menu_order":0,"comment_status":"closed","ping_status":"closed","template":"pro\/page-templates\/full-width-page.php","meta":{"footnotes":""},"class_list":["post-367","page","type-page","status-publish","hentry"],"_links":{"self":[{"href":"https:\/\/copernicus.chmi.cz\/index.php\/wp-json\/wp\/v2\/pages\/367","targetHints":{"allow":["GET"]}}],"collection":[{"href":"https:\/\/copernicus.chmi.cz\/index.php\/wp-json\/wp\/v2\/pages"}],"about":[{"href":"https:\/\/copernicus.chmi.cz\/index.php\/wp-json\/wp\/v2\/types\/page"}],"author":[{"embeddable":true,"href":"https:\/\/copernicus.chmi.cz\/index.php\/wp-json\/wp\/v2\/users\/6"}],"replies":[{"embeddable":true,"href":"https:\/\/copernicus.chmi.cz\/index.php\/wp-json\/wp\/v2\/comments?post=367"}],"version-history":[{"count":8,"href":"https:\/\/copernicus.chmi.cz\/index.php\/wp-json\/wp\/v2\/pages\/367\/revisions"}],"predecessor-version":[{"id":2228,"href":"https:\/\/copernicus.chmi.cz\/index.php\/wp-json\/wp\/v2\/pages\/367\/revisions\/2228"}],"up":[{"embeddable":true,"href":"https:\/\/copernicus.chmi.cz\/index.php\/wp-json\/wp\/v2\/pages\/197"}],"wp:attachment":[{"href":"https:\/\/copernicus.chmi.cz\/index.php\/wp-json\/wp\/v2\/media?parent=367"}],"curies":[{"name":"wp","href":"https:\/\/api.w.org\/{rel}","templated":true}]}}