

{"id":3275,"date":"2022-01-12T11:22:28","date_gmt":"2022-01-12T10:22:28","guid":{"rendered":"https:\/\/copernicus.chmi.cz\/?page_id=3275"},"modified":"2023-03-22T08:50:34","modified_gmt":"2023-03-22T07:50:34","slug":"informace-o-zpracovani-cookies","status":"publish","type":"page","link":"https:\/\/copernicus.chmi.cz\/index.php\/informace-o-zpracovani-cookies\/","title":{"rendered":"Informace o zpracov\u00e1n\u00ed cookies"},"content":{"rendered":"<!-- wp:paragraph--><div class=\"gridContainer\">\n<p>Tato webov\u00e1 str\u00e1nka pou\u017e\u00edv\u00e1 ke sv\u00e9mu fungov\u00e1n\u00ed cookies. Jedn\u00e1 se o kr\u00e1tk\u00e9 textov\u00e9 soubory, kter\u00e9 n\u00e1\u0161 server do\u010dasn\u011b umis\u0165uje do Va\u0161eho za\u0159\u00edzen\u00ed, na kter\u00e9m tento web pou\u017e\u00edv\u00e1te.<\/p>\n<\/div><!-- \/wp:paragraph-->\n\n<!-- wp:paragraph--><div class=\"gridContainer\">\n<p>Kliknut\u00edm na tla\u010d\u00edtko \u201eZam\u00edtnout v\u0161e\u201c souhlas\u00edte pouze s pou\u017eit\u00edm nezbytn\u00fdch cookies pro z\u00e1kladn\u00ed funk\u010dnost tohoto webu. Tla\u010d\u00edtkem \u201eP\u0159ijmout v\u0161e\u201c, souhlas\u00edte s pou\u017eit\u00edm v\u0161ech cookies a kliknut\u00edm na tla\u010d\u00edtko \u201eNastaven\u00ed\u201c m\u016f\u017eete sv\u00e9 volby p\u0159izp\u016fsobit.<\/p>\n<\/div><!-- \/wp:paragraph-->\n\n<!-- wp:table--><div class=\"gridContainer\">\n<figure class=\"wp-block-table\"><table><thead><tr><th> N\u00c1ZEV COOKIE:<\/th><th>TYP:<\/th><th> D\u00c9LKA TRV\u00c1N\u00cd:<\/th><th> POPIS:<\/th><\/tr><\/thead><tbody><tr><td> cookielawinfo-checkbox-advertisement <\/td><td>NEZBYTN\u00dd<\/td><td>  1 ROK  <\/td><td> Tuto cookie generuje GDPR Cookie Consent plugin. Slou\u017e\u00ed k zapamatov\u00e1n\u00ed u\u017eivatelsk\u00fdch nastaven\u00ed pro kategorii \u201eMarketingov\u00e9\u201c. <\/td><\/tr><tr><td> cookielawinfo-checkbox-analytics <\/td><td> NEZBYTN\u00dd <\/td><td>  1 ROK  <\/td><td> Tuto cookie generuje GDPR Cookie Consent plugin. Slou\u017e\u00ed k zapamatov\u00e1n\u00ed u\u017eivatelsk\u00fdch nastaven\u00ed pro kategorii \u201eAnalytick\u00e9\u201c. <\/td><\/tr><tr><td> cookielawinfo-checkbox-functional <\/td><td> NEZBYTN\u00dd <\/td><td>  1 ROK  <\/td><td> Tuto cookie generuje GDPR Cookie Consent plugin. Slou\u017e\u00ed k zapamatov\u00e1n\u00ed u\u017eivatelsk\u00fdch nastaven\u00ed pro kategorii \u201eFunk\u010dn\u00ed\u201c. <\/td><\/tr><tr><td> cookielawinfo-checkbox-necessary <\/td><td> NEZBYTN\u00dd <\/td><td>  1 ROK  <\/td><td> Tuto cookie generuje GDPR Cookie Consent plugin. Slou\u017e\u00ed k zapamatov\u00e1n\u00ed u\u017eivatelsk\u00fdch nastaven\u00ed pro kategorii \u201eNezbytn\u00e9\u201c. <\/td><\/tr><tr><td> viewed_cookie_policy <\/td><td> NEZBYTN\u00dd <\/td><td>  1 ROK  <\/td><td> Tuto cookie generuje GDPR Cookie Consent plugin. Slou\u017e\u00ed k zapamatov\u00e1n\u00ed zda u\u017eivatel schv\u00e1lil, nebo zam\u00edtnul pou\u017eit\u00ed cookies. Nejsou zde ulo\u017eena \u017e\u00e1dn\u00e1 osobn\u00ed data. <\/td><\/tr><tr><td> CookieLawInfoConsent <\/td><td> NEZBYTN\u00dd <\/td><td>  1 ROK  <\/td><td>  Tuto cookie generuje GDPR Cookie Consent plugin. Slou\u017e\u00ed k zapamatov\u00e1n\u00ed u\u017eivatelsk\u00fdch nastaven\u00ed  <\/td><\/tr><tr><td>fr<\/td><td>MARKETINGOV\u00dd<\/td><td>3 M\u011aS\u00cdCE<\/td><td> Tuto cookie pou\u017e\u00edv\u00e1  Facebook pro zobrazov\u00e1n\u00ed relevantn\u00ed reklamy zji\u0161t\u011bn\u00e9 ze sledov\u00e1n\u00edm chov\u00e1n\u00ed u\u017eivatel\u016f na webu, kter\u00e9 maj\u00ed Facebook pixel nebo soci\u00e1ln\u00ed plugin Facebooku.<\/td><\/tr><tr><td>sb<\/td><td>FUNK\u010cN\u00cd<\/td><td>2 ROKY<\/td><td>  Tuto cookie pou\u017e\u00edv\u00e1  Facebook ke kontrole sv\u00fdch funkc\u00ed, shroma\u017e\u010fov\u00e1n\u00ed jazykov\u00fdch nastaven\u00ed a sd\u00edlen\u00ed str\u00e1nek.<\/td><\/tr><\/tbody><\/table><\/figure>\n<\/div><!-- \/wp:table-->","protected":false},"excerpt":{"rendered":"<p>Tato webov\u00e1 str\u00e1nka pou\u017e\u00edv\u00e1 ke sv\u00e9mu fungov\u00e1n\u00ed cookies. Jedn\u00e1 se o kr\u00e1tk\u00e9 textov\u00e9 soubory, kter\u00e9 n\u00e1\u0161 server do\u010dasn\u011b umis\u0165uje do Va\u0161eho za\u0159\u00edzen\u00ed, na kter\u00e9m tento web pou\u017e\u00edv\u00e1te. Kliknut\u00edm na tla\u010d\u00edtko&nbsp;&hellip;<\/p>\n","protected":false},"author":6,"featured_media":0,"parent":0,"menu_order":0,"comment_status":"closed","ping_status":"closed","template":"","meta":{"footnotes":""},"class_list":["post-3275","page","type-page","status-publish","hentry"],"_links":{"self":[{"href":"https:\/\/copernicus.chmi.cz\/index.php\/wp-json\/wp\/v2\/pages\/3275","targetHints":{"allow":["GET"]}}],"collection":[{"href":"https:\/\/copernicus.chmi.cz\/index.php\/wp-json\/wp\/v2\/pages"}],"about":[{"href":"https:\/\/copernicus.chmi.cz\/index.php\/wp-json\/wp\/v2\/types\/page"}],"author":[{"embeddable":true,"href":"https:\/\/copernicus.chmi.cz\/index.php\/wp-json\/wp\/v2\/users\/6"}],"replies":[{"embeddable":true,"href":"https:\/\/copernicus.chmi.cz\/index.php\/wp-json\/wp\/v2\/comments?post=3275"}],"version-history":[{"count":4,"href":"https:\/\/copernicus.chmi.cz\/index.php\/wp-json\/wp\/v2\/pages\/3275\/revisions"}],"predecessor-version":[{"id":3304,"href":"https:\/\/copernicus.chmi.cz\/index.php\/wp-json\/wp\/v2\/pages\/3275\/revisions\/3304"}],"wp:attachment":[{"href":"https:\/\/copernicus.chmi.cz\/index.php\/wp-json\/wp\/v2\/media?parent=3275"}],"curies":[{"name":"wp","href":"https:\/\/api.w.org\/{rel}","templated":true}]}}