

{"id":310,"date":"2020-05-21T10:13:34","date_gmt":"2020-05-21T08:13:34","guid":{"rendered":"https:\/\/copernicus.chmi.cz\/?page_id=310"},"modified":"2020-11-18T13:52:33","modified_gmt":"2020-11-18T12:52:33","slug":"pozemni-segment","status":"publish","type":"page","link":"https:\/\/copernicus.chmi.cz\/index.php\/o-copernicu\/infrastruktura\/kosmicka-komponenta\/pozemni-segment\/","title":{"rendered":"Pozemn\u00ed segment"},"content":{"rendered":"<div class=\"breadcrumbs align  wp-block-bcn-breadcrumb-trail has-text-color has-background\" vocab=\"https:\/\/schema.org\/\" typeof=\"BreadcrumbList\">\n\t<span><\/span>\n\t<span property=\"itemListElement\" typeof=\"ListItem\"><a property=\"item\" typeof=\"WebPage\" title=\"P\u0159ej\u00edt na Copernicus CR.\" href=\"https:\/\/copernicus.chmi.cz\" class=\"home\" ><span property=\"name\">Copernicus CR<\/span><\/a><meta property=\"position\" content=\"1\"><\/span> &gt; <span property=\"itemListElement\" typeof=\"ListItem\"><a property=\"item\" typeof=\"WebPage\" title=\"P\u0159ej\u00edt na Novinky.\" href=\"https:\/\/copernicus.chmi.cz\/index.php\/novinky\/\" class=\"post post-page\" ><span property=\"name\">Novinky<\/span><\/a><meta property=\"position\" content=\"2\"><\/span> &gt; <span property=\"itemListElement\" typeof=\"ListItem\"><a property=\"item\" typeof=\"WebPage\" title=\"P\u0159ej\u00edt na Blog.\" href=\"https:\/\/copernicus.chmi.cz\/index.php\/novinky\/blog\/\" class=\"post-root post post-post\" aria-current=\"page\"><span property=\"name\">Blog<\/span><\/a><meta property=\"position\" content=\"3\"><\/span><\/div>\n\n\n\n<div data-label=\"Content\" data-id=\"content--1\" data-export-id=\"content-5-materialis\" data-category=\"content\" class=\"content-5m content-section-spacing-large content-section dark-text\" id=\"content-1\" style=\"background-color: rgb(255, 255, 255);\"><div class=\"gridContainer\"> <div class=\"row\"><div class=\"col-xs-12 col-sm-8 col-sm-offset-2 space-bottom text-center col-padding-small-xs\" data-type=\"column\"> <\/div> <div class=\"col-xs-12 text-center large\" data-type=\"column\"> <h2 class=\"\">Pozemn\u00ed segment<\/h2><p class=\"lead\" style=\"text-align: justify;\">Pozemn\u00ed segment je sou\u010d\u00e1st\u00ed kosmick\u00e9 komponenty a je ur\u010den k \u0159\u00edzen\u00ed dru\u017eic, p\u0159enosu, zpracov\u00e1n\u00ed, distribuci a archivaci jimi po\u0159\u00edzen\u00fdch dat. Vybudov\u00e1n\u00ed pozemn\u00edho segmentu zahrnuje vybudov\u00e1n\u00ed segmentu pro pr\u00e1ci s dru\u017eicov\u00fdmi daty a segmentu pro letov\u00e9 operace. Zvl\u00e1\u0161tn\u00ed d\u016fraz je kladen na dostupnost dat v t\u00e9m\u011b\u0159 re\u00e1ln\u00e9m \u010dase a p\u0159\u00edstup k historick\u00fdm dat\u016fm v\u0161ech dru\u017eic.<br>\nSv\u016fj vlastn\u00ed pozemn\u00ed segment m\u00e1 \/ bude m\u00edt ka\u017ed\u00e1 z dru\u017eic Sentinel, stejn\u011b jako jej maj\u00ed p\u0159isp\u011bvatelsk\u00e9 mise. Pozemn\u00ed segment a p\u0159\u00edstup k dat\u016fm Copernicus koordinuje&nbsp;<a href=\"http:\/\/www.esa.int\/Applications\/Observing_the_Earth\/Copernicus\/Ground_Segment_overview\" target=\"_blank\" data-mce-selected=\"inline-boundary\" rel=\"noopener noreferrer\">ESA<\/a>&nbsp;a&nbsp;<a href=\"https:\/\/www.eumetsat.int\/website\/home\/Satellites\/GroundSegment\/index.html\" target=\"_blank\" data-mce-selected=\"inline-boundary\" rel=\"noopener noreferrer\">EUMETSAT\ufeff<\/a>. Dopl\u0148kem pozemn\u00edho segmentu m\u00e1 b\u00fdt tzv.&nbsp;<a href=\"https:\/\/collgs.czechspaceportal.cz\" target=\"_blank\" data-mce-selected=\"inline-boundary\" rel=\"noopener noreferrer\" class=\"\">Sentinel Collaborative Ground Segment<\/a>&nbsp;v n\u011bkter\u00fdch \u010dlensk\u00fdch st\u00e1tech v\u010detn\u011b \u010cR, kter\u00fd m\u00e1 umo\u017enit lep\u0161\u00ed p\u0159\u00edstup k dat\u016fm Sentinel pro jejich dal\u0161\u00ed vyu\u017eit\u00ed.&nbsp;<\/p> <\/div> <\/div><\/div> <\/div>\n","protected":false},"excerpt":{"rendered":"","protected":false},"author":6,"featured_media":0,"parent":227,"menu_order":0,"comment_status":"closed","ping_status":"closed","template":"pro\/page-templates\/full-width-page.php","meta":{"footnotes":""},"class_list":["post-310","page","type-page","status-publish","hentry"],"_links":{"self":[{"href":"https:\/\/copernicus.chmi.cz\/index.php\/wp-json\/wp\/v2\/pages\/310","targetHints":{"allow":["GET"]}}],"collection":[{"href":"https:\/\/copernicus.chmi.cz\/index.php\/wp-json\/wp\/v2\/pages"}],"about":[{"href":"https:\/\/copernicus.chmi.cz\/index.php\/wp-json\/wp\/v2\/types\/page"}],"author":[{"embeddable":true,"href":"https:\/\/copernicus.chmi.cz\/index.php\/wp-json\/wp\/v2\/users\/6"}],"replies":[{"embeddable":true,"href":"https:\/\/copernicus.chmi.cz\/index.php\/wp-json\/wp\/v2\/comments?post=310"}],"version-history":[{"count":8,"href":"https:\/\/copernicus.chmi.cz\/index.php\/wp-json\/wp\/v2\/pages\/310\/revisions"}],"predecessor-version":[{"id":2229,"href":"https:\/\/copernicus.chmi.cz\/index.php\/wp-json\/wp\/v2\/pages\/310\/revisions\/2229"}],"up":[{"embeddable":true,"href":"https:\/\/copernicus.chmi.cz\/index.php\/wp-json\/wp\/v2\/pages\/227"}],"wp:attachment":[{"href":"https:\/\/copernicus.chmi.cz\/index.php\/wp-json\/wp\/v2\/media?parent=310"}],"curies":[{"name":"wp","href":"https:\/\/api.w.org\/{rel}","templated":true}]}}