

{"id":300,"date":"2020-05-20T15:22:21","date_gmt":"2020-05-20T13:22:21","guid":{"rendered":"https:\/\/copernicus.chmi.cz\/?page_id=300"},"modified":"2020-11-18T13:52:55","modified_gmt":"2020-11-18T12:52:55","slug":"prispevatelske-mise","status":"publish","type":"page","link":"https:\/\/copernicus.chmi.cz\/index.php\/o-copernicu\/infrastruktura\/kosmicka-komponenta\/prispevatelske-mise\/","title":{"rendered":"P\u0159isp\u011bvatelsk\u00e9 mise"},"content":{"rendered":"<div class=\"breadcrumbs align  wp-block-bcn-breadcrumb-trail has-text-color has-background\" vocab=\"https:\/\/schema.org\/\" typeof=\"BreadcrumbList\">\n\t<span><\/span>\n\t<span property=\"itemListElement\" typeof=\"ListItem\"><a property=\"item\" typeof=\"WebPage\" title=\"P\u0159ej\u00edt na Copernicus CR.\" href=\"https:\/\/copernicus.chmi.cz\" class=\"home\" ><span property=\"name\">Copernicus CR<\/span><\/a><meta property=\"position\" content=\"1\"><\/span> &gt; <span property=\"itemListElement\" typeof=\"ListItem\"><a property=\"item\" typeof=\"WebPage\" title=\"P\u0159ej\u00edt na Novinky.\" href=\"https:\/\/copernicus.chmi.cz\/index.php\/novinky\/\" class=\"post post-page\" ><span property=\"name\">Novinky<\/span><\/a><meta property=\"position\" content=\"2\"><\/span> &gt; <span property=\"itemListElement\" typeof=\"ListItem\"><a property=\"item\" typeof=\"WebPage\" title=\"P\u0159ej\u00edt na Blog.\" href=\"https:\/\/copernicus.chmi.cz\/index.php\/novinky\/blog\/\" class=\"post-root post post-post\" aria-current=\"page\"><span property=\"name\">Blog<\/span><\/a><meta property=\"position\" content=\"3\"><\/span><\/div>\n\n\n\n<div data-label=\"Content\" data-id=\"content--1\" data-export-id=\"content-5-materialis\" data-category=\"content\" class=\"content-5m content-section-spacing-large content-section dark-text\" id=\"content-1\" style=\"background-color: rgba(255, 255, 255, 0); background-image: none;\"><div class=\"gridContainer\"> <div class=\"row\"><div class=\"col-xs-12 col-sm-8 col-sm-offset-2 space-bottom text-center col-padding-small-xs\" data-type=\"column\"> <\/div> <div class=\"col-xs-12 text-center large\" data-type=\"column\"> <h2 class=\"\">P\u0159isp\u011bvatelsk\u00e9 mise<\/h2><p class=\"lead\" style=\"text-align: justify;\">Program Copernicus benefituje tak\u00e9 z ji\u017e existuj\u00edc\u00ed vesm\u00edrn\u00e9 infrastruktury, kter\u00e1 byla vybudov\u00e1na Evropskou vesm\u00edrnou agentura (ESA), Evropskou organizac\u00ed pro vyu\u017e\u00edv\u00e1n\u00ed meteorologick\u00fdch dru\u017eic (EUMETSAT), jednotliv\u00fdmi \u010dleny EU, jin\u00fdmi st\u00e1ty a komer\u010dn\u00edmi subjekty. Dru\u017eice p\u0159isp\u011bvatelsk\u00fdch mis\u00ed dopl\u0148uj\u00ed dru\u017eice Sentinel a jejich data jsou d\u016fle\u017eit\u00e1 p\u0159edev\u0161\u00edm pro slu\u017eby Copernicus.<br>\nP\u0159isp\u011bvatelsk\u00fdch mis\u00ed je v sou\u010dasn\u00e9 dob\u011b p\u0159ibli\u017en\u011b 30 (v\u010detn\u011b pl\u00e1novan\u00fdch mis\u00ed). D\u011bl\u00ed se do t\u011bchto kategori\u00ed:\n<br><br>\n\u2022\tRadar se syntetickou aperturou (SAR) na pozorov\u00e1n\u00ed pevniny a mo\u0159\u00ed dnem i noc\u00ed<br>\n\u2022\tOptick\u00e9 sn\u00edma\u010de pro sledov\u00e1n\u00ed aktivity na pevnin\u011b a dynamiky oce\u00e1n\u016f<br>\n\u2022\tV\u00fd\u0161kom\u011bry pro m\u011b\u0159en\u00ed hladiny mo\u0159e<br>\n\u2022\tRadiometry pro monitorov\u00e1n\u00ed teploty pevniny a oce\u00e1n\u016f<br>\n\u2022\tSpektrometry pro m\u011b\u0159en\u00ed kvality ovzdu\u0161\u00ed.<\/p> <a class=\"button null color1 mdc-ripple-upgraded\" href=\"\/\/www.esa.int\/Applications\/Observing_the_Earth\/Copernicus\/Contributing_missions_overview\" target=\"_self\" data-cp-link=\"1\" data-icon=\"\" rel=\"noopener noreferrer\">V\u00edce informac\u00ed<\/a><\/div> <\/div><\/div> <\/div>\n","protected":false},"excerpt":{"rendered":"","protected":false},"author":6,"featured_media":0,"parent":227,"menu_order":0,"comment_status":"closed","ping_status":"closed","template":"pro\/page-templates\/full-width-page.php","meta":{"footnotes":""},"class_list":["post-300","page","type-page","status-publish","hentry"],"_links":{"self":[{"href":"https:\/\/copernicus.chmi.cz\/index.php\/wp-json\/wp\/v2\/pages\/300","targetHints":{"allow":["GET"]}}],"collection":[{"href":"https:\/\/copernicus.chmi.cz\/index.php\/wp-json\/wp\/v2\/pages"}],"about":[{"href":"https:\/\/copernicus.chmi.cz\/index.php\/wp-json\/wp\/v2\/types\/page"}],"author":[{"embeddable":true,"href":"https:\/\/copernicus.chmi.cz\/index.php\/wp-json\/wp\/v2\/users\/6"}],"replies":[{"embeddable":true,"href":"https:\/\/copernicus.chmi.cz\/index.php\/wp-json\/wp\/v2\/comments?post=300"}],"version-history":[{"count":7,"href":"https:\/\/copernicus.chmi.cz\/index.php\/wp-json\/wp\/v2\/pages\/300\/revisions"}],"predecessor-version":[{"id":2230,"href":"https:\/\/copernicus.chmi.cz\/index.php\/wp-json\/wp\/v2\/pages\/300\/revisions\/2230"}],"up":[{"embeddable":true,"href":"https:\/\/copernicus.chmi.cz\/index.php\/wp-json\/wp\/v2\/pages\/227"}],"wp:attachment":[{"href":"https:\/\/copernicus.chmi.cz\/index.php\/wp-json\/wp\/v2\/media?parent=300"}],"curies":[{"name":"wp","href":"https:\/\/api.w.org\/{rel}","templated":true}]}}