

{"id":2493,"date":"2021-04-01T10:50:59","date_gmt":"2021-04-01T08:50:59","guid":{"rendered":"https:\/\/copernicus.chmi.cz\/?page_id=2493"},"modified":"2021-05-24T09:20:39","modified_gmt":"2021-05-24T07:20:39","slug":"webinar-o-sluzbe-programu-copernicus-pro-monitorovani-atmosfery","status":"publish","type":"page","link":"https:\/\/copernicus.chmi.cz\/index.php\/webinar-o-sluzbe-programu-copernicus-pro-monitorovani-atmosfery\/","title":{"rendered":"Webin\u00e1\u0159 o slu\u017eb\u011b programu Copernicus pro monitorov\u00e1n\u00ed atmosf\u00e9ry"},"content":{"rendered":"<div  data-label=\"Content\" data-id=\"content--3\" data-export-id=\"content-14-materialis\" data-category=\"content\" class=\"content-14m content-section-spacing-large content-section\" id=\"content-3\" style=\"background-color: rgb(255, 255, 255);\"><div  class=\"gridContainer\"> <div  class=\"row middle-xs space-bottom-large\"><div  class=\"col-md-5 col-xs-12 col-sm-6 content-left-sm space-bottom-xs-large\" data-type=\"column\"> <h2  class=\"\" style=\"text-align: left;\">Webin\u00e1\u0159 o slu\u017eb\u011b programu Copernicus pro monitorov\u00e1n\u00ed atmosf\u00e9ry<\/h2> <p  class=\"\">Webin\u00e1\u0159 zam\u011b\u0159en\u00fd na slu\u017ebu pro monitorov\u00e1n\u00ed atmosf\u00e9ry (CAMS),   prob\u011bhl 13. kv\u011btna od 13h a po\u0159\u00e1dala ho CENIA ve spolupr\u00e1ci s \u010cesk\u00fdm hydrometeorologick\u00fdm \u00fastavem. \u00da\u010dastn\u00edci se na webin\u00e1\u0159i dozv\u011bd\u011bli na jak\u00e9 oblasti se zam\u011b\u0159uje slu\u017eba programu Copernicus pro monitorov\u00e1n\u00ed atmosf\u00e9ry, d\u00e1le jak se vyu\u017e\u00edvaj\u00ed meteorologick\u00e9 dru\u017eice pro monitorov\u00e1n\u00ed celkov\u00e9ho sloupce ozonu a jak se vyu\u017e\u00edvaj\u00ed k monitorov\u00e1n\u00ed \u010distoty ovzdu\u0161\u00ed.<\/p><\/div> <div  class=\"col-md-6 col-md-offset-1 col-xs-12 col-sm-6\"> <img decoding=\"async\"  class=\"mdc-elevation--z9\" src=\"https:\/\/copernicus.chmi.cz\/wp-content\/uploads\/2021\/05\/FB-a-web-1.jpg\"><\/div> <\/div> <div  class=\"row middle-xs top-sm spaced-cols content-left-sm\" data-type=\"row\"> <div  class=\"col-md-3 col-sm-6 col-xs-12 border-top-color1 padding-first-el\" data-type=\"column\"> <h5  class=\"\">Program Copernicus a slu\u017eba CAMS<\/h5> <p  class=\"\"><span  style=\"font-style: italic;\">Nina Liberda, CENIA<\/span><\/p><a class=\"link\" href=\"\/\/copernicus.chmi.cz\/wp-content\/uploads\/2021\/05\/webinar-CAMS_uvodni-prezentace_na-web.pdf\" target=\"_self\" data-cp-link=\"1\" rel=\"noopener\">Prezentace zde<\/a><\/div> <div  class=\"col-md-3 col-sm-6 col-xs-12 padding-first-el border-top-color1\" data-type=\"column\"><h5  class=\"\">Vyu\u017eit\u00ed dat z programu Copernicu pro monitorov\u00e1n\u00ed oz\u00f3nu<\/h5> <p  class=\"\"><span  style=\"font-style: italic;\">Jind\u0159ich \u0160\u0165\u00e1stka, \u010cHM\u00da<\/span><\/p><a class=\"link\" href=\"https:\/\/copernicus.chmi.cz\/wp-content\/uploads\/2021\/05\/CAMS_Stastka.pdf\" target=\"_self\" data-cp-link=\"1\" rel=\"noopener\">Prezentace zde<\/a><\/div> <div  class=\"col-md-3 col-sm-6 col-xs-12 padding-first-el border-top-color1\" data-type=\"column\"><h5  class=\"\">Vyu\u017eit\u00ed dru\u017eicov\u00fdch dat o kvalit\u011b ovzdu\u0161\u00ed<\/h5> <p  class=\"\"><span  style=\"font-style: italic;\">J\u00e1chym Brzezina, \u010cHM\u00da<\/span><\/p><a class=\"link\" href=\"\/\/copernicus.chmi.cz\/wp-content\/uploads\/2021\/05\/prezentace_J-Brzezina.pdf\" target=\"_self\" data-cp-link=\"1\" rel=\"noopener\">Prezentace zde<\/a><\/div> <div  class=\"col-md-3 col-sm-6 col-xs-12 padding-first-el border-top-color1\" data-type=\"column\"><h5  class=\"\">V\u00edce informac\u00ed a u\u017eite\u010dn\u00e9 odkazy<\/h5> <a class=\"link\" href=\"\/\/copernicus.chmi.cz\/wp-content\/uploads\/2021\/05\/Uzitecne-odkazy_CAMS.pdf\" target=\"_self\" data-cp-link=\"1\" rel=\"noopener\">Prezentace zde<\/a><\/div> <\/div> <div  class=\"row row-last\"> <div  class=\"col-xs-12\" data-type=\"column\"> <\/div> <\/div><\/div> <\/div><div  data-label=\"Content\" data-id=\"content--4\" data-export-id=\"content-11\" data-category=\"content\" class=\"content-11 content-section content-section-spacing-large dark-text\" id=\"content-4\" style=\"background-color: rgba(255, 255, 255, 0); background-image: none;\"><div  class=\"gridContainer\"> <div  class=\"row text-center\"><div  class=\"section-title-col\" data-type=\"column\"> <h2  class=\"\">Z\u00e1znam webin\u00e1\u0159e<\/h2> <p  class=\"lead\" style=\"text-align: left;\"><b >Program:<\/b>\n<br >\n00:08:55 <b >Program Copernicus a slu\u017eba CAMS <\/b>(N. Liberda, CENIA)<br >\n00:27:14 <b >Vyu\u017eit\u00ed dat Copernicus pro monitorov\u00e1n\u00ed celkov\u00e9ho sloupce ozonu<\/b> (J. \u0160\u0165\u00e1stka, \u010cHM\u00da)<br >\n00:51:20 <b >Vyu\u017eit\u00ed dru\u017eicov\u00fdch dat o kvalit\u011b ovzdu\u0161\u00ed<\/b> (J. Brzezina, \u010cHM\u00da)<br >\n01:18:18 <b >Sout\u011b\u017e<\/b><br >\n01:26:01 <b >Ot\u00e1zky a odpov\u011bdi<\/b><\/p><\/div> <\/div> <div  class=\"row center-xs middle-xs\"> <div  class=\"col-sm-9\"> <div  class=\"border-radius-8 lightbox-video lightbox-video-tall dark-overlay mdc-elevation--z10 flexbox middle-xs center-xs\" data-type=\"group\" data-bg=\"image\" style=\"background-image: url(&quot;https:\/\/copernicus.chmi.cz\/wp-content\/uploads\/2021\/05\/FB-a-web-1.jpg&quot;);\"> <a  data-fancybox=\"\" data-video-lightbox=\"true\" href=\"https:\/\/www.youtube.com\/watch?v=67Pg1dvn46E\" class=\"\"> <i  data-cp-mdi=\"true\" class=\"mdi icon video-icon mdi-play-circle color7\"><\/i><\/a> <\/div><\/div> <\/div><\/div> <\/div>","protected":false},"excerpt":{"rendered":"","protected":false},"author":6,"featured_media":0,"parent":0,"menu_order":0,"comment_status":"closed","ping_status":"closed","template":"pro\/page-templates\/full-width-page.php","meta":{"footnotes":""},"class_list":["post-2493","page","type-page","status-publish","hentry"],"_links":{"self":[{"href":"https:\/\/copernicus.chmi.cz\/index.php\/wp-json\/wp\/v2\/pages\/2493","targetHints":{"allow":["GET"]}}],"collection":[{"href":"https:\/\/copernicus.chmi.cz\/index.php\/wp-json\/wp\/v2\/pages"}],"about":[{"href":"https:\/\/copernicus.chmi.cz\/index.php\/wp-json\/wp\/v2\/types\/page"}],"author":[{"embeddable":true,"href":"https:\/\/copernicus.chmi.cz\/index.php\/wp-json\/wp\/v2\/users\/6"}],"replies":[{"embeddable":true,"href":"https:\/\/copernicus.chmi.cz\/index.php\/wp-json\/wp\/v2\/comments?post=2493"}],"version-history":[{"count":9,"href":"https:\/\/copernicus.chmi.cz\/index.php\/wp-json\/wp\/v2\/pages\/2493\/revisions"}],"predecessor-version":[{"id":2584,"href":"https:\/\/copernicus.chmi.cz\/index.php\/wp-json\/wp\/v2\/pages\/2493\/revisions\/2584"}],"wp:attachment":[{"href":"https:\/\/copernicus.chmi.cz\/index.php\/wp-json\/wp\/v2\/media?parent=2493"}],"curies":[{"name":"wp","href":"https:\/\/api.w.org\/{rel}","templated":true}]}}