

{"id":2478,"date":"2021-04-01T09:48:54","date_gmt":"2021-04-01T07:48:54","guid":{"rendered":"https:\/\/copernicus.chmi.cz\/?page_id=2478"},"modified":"2021-04-12T10:23:27","modified_gmt":"2021-04-12T08:23:27","slug":"webinar-o-sluzbe-programu-copernicus-pro-monitorovani-uzemi","status":"publish","type":"page","link":"https:\/\/copernicus.chmi.cz\/index.php\/webinar-o-sluzbe-programu-copernicus-pro-monitorovani-uzemi\/","title":{"rendered":"Webin\u00e1\u0159 o slu\u017eb\u011b programu Copernicus pro monitorov\u00e1n\u00ed \u00fazem\u00ed"},"content":{"rendered":"<div  data-label=\"Content\" data-id=\"content--2\" data-export-id=\"content-14-materialis\" data-category=\"content\" class=\"content-14m content-section-spacing-large content-section dark-text\" id=\"content-2\" style=\"background-color: rgb(255, 255, 255); background-image: none;\"><div  class=\"gridContainer\"> <div  class=\"row middle-xs space-bottom-large\"><div  class=\"col-md-5 col-xs-12 col-sm-6 content-left-sm space-bottom-xs-large\" data-type=\"column\"> <h2  class=\"\" style=\"text-align: left;\">Webin\u00e1\u0159 o slu\u017eb\u011b programu Copernicus pro monitorov\u00e1n\u00ed \u00fazem\u00ed<\/h2> <p  class=\"\" style=\"text-align: justify;\"><span  style=\"font-weight: 400;\">Webin\u00e1\u0159 o slu\u017eb\u011b programu Copernicus pro monitorov\u00e1n\u00ed \u00fazem\u00ed se uskute\u010dnil ve st\u0159edu 24. b\u0159ezna 2021 od 13:00 do 14:30. V r\u00e1mci semin\u00e1\u0159e byla z\u00e1stupcem \u010cesk\u00e9 geologick\u00e9 slu\u017eby \u00fa\u010dastn\u00edk\u016fm p\u0159edstavena nov\u00e1 slu\u017eba European Ground Motion. Prezentaci o vybran\u00fdch produktech slu\u017eby Copernicus pro monitorov\u00e1n\u00ed \u00fazem\u00ed a jejich vyu\u017eit\u00ed pot\u00e9 p\u0159ednesli z\u00e1stupci CENIA.<\/span><span  id=\"_mce_caret\" data-mce-bogus=\"1\" data-mce-type=\"format-caret\"><span  style=\"font-weight: 400;\">\ufeff<\/span><\/span><\/p><\/div> <div  class=\"col-md-6 col-md-offset-1 col-xs-12 col-sm-6\"> <img decoding=\"async\"  class=\"mdc-elevation--z9\" src=\"https:\/\/copernicus.chmi.cz\/wp-content\/uploads\/2021\/04\/Pozvanka_FB_twitter.jpg\"><\/div> <\/div> <div  class=\"row middle-xs top-sm spaced-cols content-left-sm\" data-type=\"row\">  <div  class=\"col-md-3 col-sm-6 col-xs-12 padding-first-el border-top-color1\" data-type=\"column\"><h5  class=\"\">Co je program Copernicus?\n<\/h5> <p  class=\"\">Nina Liberda\n<br ><span  style=\"font-style: italic;\">CENIA<\/span><\/p><a class=\"link\" href=\"https:\/\/copernicus.chmi.cz\/wp-content\/uploads\/2021\/04\/webinar-CLMS_uvodni-prezentace_na-web.pdf\" target=\"_blank\" data-cp-link=\"1\" rel=\"noopener\">Prezentace zde<\/a><\/div> <div  class=\"col-md-3 col-sm-6 col-xs-12 padding-first-el border-top-color1\" data-type=\"column\"><h5  class=\"\">The European Ground Motion Service<\/h5> <p  class=\"\">Veronika Strnadov\u00e1\n<br >\n<span  style=\"font-style: italic;\">\u010cesk\u00e1 geologick\u00e1 slu\u017eba<\/span><\/p><a class=\"link\" href=\"\/\/copernicus.chmi.cz\/wp-content\/uploads\/2021\/04\/The-European-Ground-Motion-Service-EGMSFIN.pdf\" target=\"_blank\" data-cp-link=\"1\" rel=\"noopener\">Prezentace zde<\/a><\/div>  <div  class=\"col-md-3 col-sm-6 col-xs-12 padding-first-el border-top-color1\" data-type=\"column\"><h5  class=\"\">Land Cover and Land Use Mapping<\/h5> <p  class=\"\">Lud\u011bk Hlou\u0161ek\n<br ><span  style=\"font-style: italic;\">CENIA<\/span><\/p><a class=\"link\" href=\"\/\/copernicus.chmi.cz\/wp-content\/uploads\/2021\/04\/Land-Cover-and-Land-Use-Mapping.pdf\" target=\"_blank\" data-cp-link=\"1\" rel=\"noopener\">Prezentace zde<\/a><\/div><div  class=\"col-md-3 col-sm-6 col-xs-12 padding-first-el border-top-color1\" data-type=\"column\"><h5  class=\"\">Glob\u00e1ln\u00ed komponenta slu\u017eby CLMS<\/h5> <p  class=\"\">Jana Ba\u0161istov\u00e1\n<br ><span  style=\"font-style: italic;\">CENIA<\/span><\/p><a class=\"link\" href=\"\/\/copernicus.chmi.cz\/wp-content\/uploads\/2021\/04\/CLMs_Jana_basistova-na_web.pdf\" target=\"_blank\" data-cp-link=\"1\" rel=\"noopener\">Prezentace zde<\/a><\/div><div  class=\"col-md-3 col-sm-6 col-xs-12 padding-first-el border-top-color1\" data-type=\"column\"><h5  class=\"\">V\u00edce informac\u00ed a u\u017eite\u010dn\u00e9 odkazy<br >\n<\/h5> <a class=\"link\" href=\"https:\/\/copernicus.chmi.cz\/wp-content\/uploads\/2021\/04\/odkazy.pdf\" target=\"_blank\" data-cp-link=\"1\" rel=\"noopener\">Prezentace zde<\/a><\/div><\/div> <div  class=\"row row-last\"> <div  class=\"col-xs-12\" data-type=\"column\"> <\/div> <\/div><\/div> <\/div><div  data-label=\"Content\" data-id=\"content--3\" data-export-id=\"content-11\" data-category=\"content\" class=\"content-11 content-section content-section-spacing-large dark-text\" id=\"content-3\" style=\"background-color: rgba(255, 255, 255, 0); background-image: none;\"><div  class=\"gridContainer\"> <div  class=\"row text-center\"><div  class=\"section-title-col\" data-type=\"column\"> <h2  class=\"\">Z\u00e1znam webin\u00e1\u0159e<\/h2> <p  class=\"lead\" style=\"text-align: left;\"><b >Program:<\/b><br >\n00:05:46\u200b <b >\u00davodn\u00ed prezentace<\/b> (N. Liberda, CENIA)<br >\n00:17:55\u200b <b >Slu\u017eba European Ground Motion Service<\/b> (V. Strnadov\u00e1, \u010cGS)<br >\n00:34:05\u200b <b >Land Cover and Land Use Mapping<\/b> (L. Hlou\u0161ek, CENIA)<br >\n01:01:33\u200b <b >Glob\u00e1ln\u00ed komponenta<\/b> (J. Ba\u0161istov\u00e1, N. Liberda, CENIA)<br >\n01:26:51\u200b <b >Ot\u00e1zky a odpov\u011bdi<\/b><\/p><\/div> <\/div> <div  class=\"row center-xs middle-xs\"> <div  class=\"col-sm-9\"> <div  class=\"border-radius-8 lightbox-video lightbox-video-tall dark-overlay mdc-elevation--z10 flexbox middle-xs center-xs\" data-type=\"group\" data-bg=\"image\" style=\"background-image: url(&quot;https:\/\/copernicus.chmi.cz\/wp-content\/uploads\/2021\/04\/Pozvanka_FB_twitter.jpg&quot;);\"> <a  data-fancybox=\"\" data-video-lightbox=\"true\" href=\"https:\/\/www.youtube.com\/watch?v=yVgnHhpBk14\" class=\"\"> <i  data-cp-mdi=\"true\" class=\"mdi icon video-icon mdi-play-circle color7\"><\/i><\/a> <\/div><\/div> <\/div><\/div> <\/div>","protected":false},"excerpt":{"rendered":"","protected":false},"author":6,"featured_media":0,"parent":0,"menu_order":0,"comment_status":"closed","ping_status":"closed","template":"pro\/page-templates\/full-width-page.php","meta":{"footnotes":""},"class_list":["post-2478","page","type-page","status-publish","hentry"],"_links":{"self":[{"href":"https:\/\/copernicus.chmi.cz\/index.php\/wp-json\/wp\/v2\/pages\/2478","targetHints":{"allow":["GET"]}}],"collection":[{"href":"https:\/\/copernicus.chmi.cz\/index.php\/wp-json\/wp\/v2\/pages"}],"about":[{"href":"https:\/\/copernicus.chmi.cz\/index.php\/wp-json\/wp\/v2\/types\/page"}],"author":[{"embeddable":true,"href":"https:\/\/copernicus.chmi.cz\/index.php\/wp-json\/wp\/v2\/users\/6"}],"replies":[{"embeddable":true,"href":"https:\/\/copernicus.chmi.cz\/index.php\/wp-json\/wp\/v2\/comments?post=2478"}],"version-history":[{"count":8,"href":"https:\/\/copernicus.chmi.cz\/index.php\/wp-json\/wp\/v2\/pages\/2478\/revisions"}],"predecessor-version":[{"id":2523,"href":"https:\/\/copernicus.chmi.cz\/index.php\/wp-json\/wp\/v2\/pages\/2478\/revisions\/2523"}],"wp:attachment":[{"href":"https:\/\/copernicus.chmi.cz\/index.php\/wp-json\/wp\/v2\/media?parent=2478"}],"curies":[{"name":"wp","href":"https:\/\/api.w.org\/{rel}","templated":true}]}}