

{"id":227,"date":"2020-05-13T12:10:08","date_gmt":"2020-05-13T10:10:08","guid":{"rendered":"https:\/\/copernicus.chmi.cz\/?page_id=227"},"modified":"2020-08-04T10:26:01","modified_gmt":"2020-08-04T08:26:01","slug":"kosmicka-komponenta","status":"publish","type":"page","link":"https:\/\/copernicus.chmi.cz\/index.php\/o-copernicu\/infrastruktura\/kosmicka-komponenta\/","title":{"rendered":"Kosmick\u00e1 komponenta"},"content":{"rendered":"\n<div data-label=\"Content\" data-id=\"content--1\" data-export-id=\"content-13-materialis\" data-category=\"content\" class=\"content-13m content-section dark-text\" id=\"content-1\" style=\"background-color: rgba(255, 255, 255, 0); background-image: none;\"><div class=\"gridContainer\"> <div class=\"row middle-md middle-xs\"><div class=\"col-md-6 col-xs-12 col-sm-6 bag-image mdc-elevation--z0\" data-bg=\"image\" style=\"background-image: url(&quot;https:\/\/copernicus.chmi.cz\/wp-content\/uploads\/2020\/05\/cropped-310095-Sentinel_family-1-e1590148406601-1.jpg&quot;);\"><\/div> <div class=\"col-md-5 col-md-offset-1 col-xs-12 col-sm-6 content-left-sm full-col-right-padding first-xs last-sm col-padding\" data-type=\"column\">   <h2 class=\"\">Kosmick\u00e1 komponenta<\/h2><p class=\"space-top-small\" style=\"text-align: left;\"><span style=\"font-weight: 300;\">Kosmick\u00e1 komponenta programu Copernicus se skl\u00e1d\u00e1 ze skupiny dru\u017eic Sentinel a dru\u017eic p\u0159isp\u00edvaj\u00edc\u00edch mis\u00ed, kter\u00e9 jsou provozov\u00e1ny n\u00e1rodn\u00edmi, evropsk\u00fdmi a mezin\u00e1rodn\u00edmi organizacemi.\n<\/span><br><br><span style=\"font-weight: 300;\">\nSpr\u00e1vu a provoz kosmick\u00e9 slo\u017eky infrastruktury pro program Copernicus koordinuje Evropsk\u00e1 kosmick\u00e1 agentura (ESA) ve spolupr\u00e1ci s Evropskou organizac\u00ed pro vyu\u017e\u00edv\u00e1n\u00ed meteorologick\u00fdch dru\u017eic (EUMETSAT). Evropsk\u00e1 kosmick\u00e1 agentura (ESA) odpov\u00edd\u00e1 za v\u00fdvoj kosmick\u00e9 komponenty programu Copernicus a provozuje satelity Sentinel-1, Sentinel-2 a Sentinel-5P. EUMETSAT odpov\u00edd\u00e1 za provoz dru\u017eic Sentinel-3 a bude tak\u00e9 provozovat a dod\u00e1vat produkty z dru\u017eic Sentinel-4, -5 a -6. Mise Senitnel-4, -5 a -5 Prekurzor jsou koncipov\u00e1ny jako dopl\u0148kov\u00e9 prvky konstelace slou\u017e\u00edc\u00ed specifick\u00fdm pot\u0159eb\u00e1m Slu\u017eby programu Copernicus pro monitorov\u00e1n\u00ed atmosf\u00e9ry (CAMS). ESA a EUMETSAT tak\u00e9 koordinuj\u00ed sb\u011br dat z v\u00edce ne\u017e 30 satelit\u016f p\u0159isp\u00edvaj\u00edc\u00edch mis\u00ed.\n<\/span><br><br><span style=\"font-weight: 300;\">\nKosmickou komponentu tvo\u0159\u00ed:<\/span><\/p> <a class=\"button null mdc-ripple-upgraded mdc-elevation--z6 color11\" href=\"https:\/\/copernicus.chmi.cz\/index.php\/skupina-druzic-sentinel\" target=\"_self\" data-cp-link=\"1\" data-icon=\"\" rel=\"noopener noreferrer\">Skupina dru\u017eic Sentinel<\/a><a class=\"button null mdc-ripple-upgraded mdc-elevation--z6 color11\" href=\"https:\/\/copernicus.chmi.cz\/index.php\/prispevatelske-mise\" target=\"_self\" data-cp-link=\"1\" data-icon=\"\" rel=\"noopener noreferrer\" style=\"--mdc-ripple-fg-size: 113.916px; --mdc-ripple-fg-scale: 1.79104; --mdc-ripple-fg-translate-start: 28.8078px, -42.3172px; --mdc-ripple-fg-translate-end: 37.9719px, -36.9578px;\">P\u0159isp\u011bvatelsk\u00e9 mise<\/a><a class=\"button null mdc-ripple-upgraded mdc-elevation--z6 color11\" href=\"https:\/\/copernicus.chmi.cz\/index.php\/pozemni-segment\" target=\"_self\" data-cp-link=\"1\" data-icon=\"\" rel=\"noopener noreferrer\">Pozemn\u00ed segment<\/a><\/div> <\/div><\/div> <\/div>\n","protected":false},"excerpt":{"rendered":"","protected":false},"author":6,"featured_media":0,"parent":197,"menu_order":0,"comment_status":"closed","ping_status":"closed","template":"pro\/page-templates\/full-width-page.php","meta":{"footnotes":""},"class_list":["post-227","page","type-page","status-publish","hentry"],"_links":{"self":[{"href":"https:\/\/copernicus.chmi.cz\/index.php\/wp-json\/wp\/v2\/pages\/227","targetHints":{"allow":["GET"]}}],"collection":[{"href":"https:\/\/copernicus.chmi.cz\/index.php\/wp-json\/wp\/v2\/pages"}],"about":[{"href":"https:\/\/copernicus.chmi.cz\/index.php\/wp-json\/wp\/v2\/types\/page"}],"author":[{"embeddable":true,"href":"https:\/\/copernicus.chmi.cz\/index.php\/wp-json\/wp\/v2\/users\/6"}],"replies":[{"embeddable":true,"href":"https:\/\/copernicus.chmi.cz\/index.php\/wp-json\/wp\/v2\/comments?post=227"}],"version-history":[{"count":34,"href":"https:\/\/copernicus.chmi.cz\/index.php\/wp-json\/wp\/v2\/pages\/227\/revisions"}],"predecessor-version":[{"id":2065,"href":"https:\/\/copernicus.chmi.cz\/index.php\/wp-json\/wp\/v2\/pages\/227\/revisions\/2065"}],"up":[{"embeddable":true,"href":"https:\/\/copernicus.chmi.cz\/index.php\/wp-json\/wp\/v2\/pages\/197"}],"wp:attachment":[{"href":"https:\/\/copernicus.chmi.cz\/index.php\/wp-json\/wp\/v2\/media?parent=227"}],"curies":[{"name":"wp","href":"https:\/\/api.w.org\/{rel}","templated":true}]}}