

{"id":197,"date":"2020-05-13T11:06:22","date_gmt":"2020-05-13T09:06:22","guid":{"rendered":"https:\/\/copernicus.chmi.cz\/?page_id=197"},"modified":"2023-02-09T10:27:27","modified_gmt":"2023-02-09T09:27:27","slug":"infrastruktura","status":"publish","type":"page","link":"https:\/\/copernicus.chmi.cz\/index.php\/o-copernicu\/infrastruktura\/","title":{"rendered":"Infrastruktura"},"content":{"rendered":"<div  data-label=\"Content\" data-id=\"content--1\" data-export-id=\"content-1-materialis\" data-category=\"content\" class=\"content-1-materialis content-section content-section-spacing-large dark-text\" id=\"content-1\" style=\"background-color: rgba(255, 255, 255, 0); background-image: none;\" data-section-ov=\"1\"><div  class=\"\"><div  data-section-title-area=\"true\" class=\"row text-center\">   <div  class=\"section-title-col\" data-type=\"column\">              <h2  class=\"\">Infrastruktura<\/h2><a class=\"button null mdc-ripple-upgraded mdc-elevation--z6 color11\" href=\"https:\/\/copernicus.chmi.cz\/index.php\/kosmicka-komponenta\" target=\"_self\" data-cp-link=\"1\" data-icon=\"\" rel=\"noopener noreferrer\">Kosmick\u00e1 komponenta<\/a><a class=\"button null mdc-ripple-upgraded mdc-elevation--z6 color11\" href=\"https:\/\/copernicus.chmi.cz\/index.php\/in-situ-komponenta\" target=\"_self\" data-cp-link=\"1\" data-icon=\"\" rel=\"noopener noreferrer\">In-situ komponenta<\/a><a class=\"button null mdc-ripple-upgraded mdc-elevation--z6 color11\" href=\"https:\/\/copernicus.chmi.cz\/index.php\/sluzby\" target=\"_self\" data-cp-link=\"1\" data-icon=\"\" rel=\"noopener noreferrer\">Slu\u017eby programu Copernicus<\/a><p  class=\"lead\" style=\"text-align: justify;\"><b >Kosmick\u00e1 komponenta<\/b><br >Informace programu Copernicus jsou vytv\u00e1\u0159eny na z\u00e1klad\u011b dru\u017eicov\u00fdch dat (kosmick\u00e1 komponenta) a pozemn\u00edch m\u011b\u0159en\u00ed (in-situ komponenta).<b ><\/b><span  style=\"font-weight: 700;\"><a href=\"https:\/\/copernicus.chmi.cz\/index.php\/kosmicka-komponenta?preview_id=227&amp;preview_nonce=b2a4ff785a&amp;preview=true\" target=\"_blank\" data-mce-selected=\"inline-boundary\" rel=\"noopener noreferrer\">&nbsp;<\/a><\/span><br >\nHlavn\u00ed kosmickou komponentou programu je skupina dru\u017eic Sentinel. V roce 2014 byla Evropskou uni\u00ed vypu\u0161t\u011bna prvn\u00ed dru\u017eice Sentinel \u2013 Sentinel 1A, \u010d\u00edm\u017e zapo\u010dal proces, b\u011bhem kter\u00e9ho bude do roku 2030 vypu\u0161t\u011bno na ob\u011b\u017enou dr\u00e1hu Zem\u011b p\u0159ibli\u017en\u011b 20 dru\u017eic. V\u0161echny dru\u017eice Sentinel spl\u0148uj\u00ed vysok\u00e9 n\u00e1roky na sb\u011br konzistentn\u00edch a nez\u00e1visl\u00fdch \u00fadaj\u016f pro slu\u017ebu Copernicus.<br >\nProgram Copernicus tak\u00e9 benefituje z ji\u017e existuj\u00edc\u00ed vesm\u00edrn\u00e9 infrastruktury, kter\u00e1 byla vybudov\u00e1na Evropskou vesm\u00edrnou agentura (ESA), Evropskou organizac\u00ed pro vyu\u017e\u00edv\u00e1n\u00ed meteorologick\u00fdch dru\u017eic (EUMETSAT), \u010dlensk\u00fdmi st\u00e1ty EU, dal\u0161\u00edmi st\u00e1ty i komer\u010dn\u00edmi subjekty.\n<br ><br ><b >In-situ komponenta<\/b><br >\nNezbytnou sou\u010d\u00e1st\u00ed programu Copernicus je s\u00ed\u0165 pozemn\u00edch m\u011b\u0159\u00edc\u00edch za\u0159\u00edzen\u00ed na zemi, ve vzduchu i ve vodn\u00edm prost\u0159ed\u00ed. In-situ (tzn. m\u00edstn\u00ed nebo na m\u00edst\u011b) komponentu zaji\u0161\u0165uj\u00ed pro \u00fa\u010dely programu Copernicus jednotliv\u00e9 \u010dlensk\u00e9 st\u00e1ty. Infrastrukturu t\u00e9to komponenty spravuje velk\u00e9 mno\u017estv\u00ed n\u00e1rodn\u00edch ve\u0159ejn\u00fdch instituc\u00ed. M\u011b\u0159\u00edc\u00ed za\u0159\u00edzen\u00ed jsou um\u00edst\u011bna nap\u0159\u00edklad na b\u0159ez\u00edch \u0159ek, jsou neseny meteorologick\u00fdmi bal\u00f3ny vzduchem, ta\u017een\u00e9 lo\u010fmi po mo\u0159i nebo plavou v oce\u00e1nu. \u00dadaje z in-situ komponenty se pou\u017e\u00edvaj\u00ed p\u0159ev\u00e1\u017en\u011b pro validaci dru\u017eicov\u00fdch dat, \u010di jejich p\u0159\u00edpadn\u00e9 dopln\u011bn\u00ed, co\u017e je kl\u00ed\u010dov\u00e9 pro poskytov\u00e1n\u00ed spolehliv\u00fdch a konzistentn\u00edch \u00fadaj\u016f.\n<br ><br ><b >Slu\u017eby programu Copernicus<\/b><br >\nHlavn\u00edm \u00fa\u010delem jednotliv\u00fdch slu\u017eeb programu Copernicus je kombinace dru\u017eicov\u00fdch dat s daty z komponenty in-situ a jejich transformace na informace nebo produkty, kter\u00e9 jsou aplikovateln\u00e9 v&nbsp;nejr\u016fzn\u011bj\u0161\u00edch oblastech. Data jsou zpracov\u00e1na, analyzov\u00e1na, integrov\u00e1na do dal\u0161\u00edch zdroj\u016f a n\u00e1sledn\u011b ov\u011b\u0159ov\u00e1na. Soubory dat jsou archivov\u00e1ny a postupn\u011b upravov\u00e1ny tak, aby byly kompatibiln\u00ed a lehce vyhledateln\u00e9, co\u017e umo\u017e\u0148uje jejich ov\u011b\u0159ov\u00e1n\u00ed, porovn\u00e1v\u00e1n\u00ed v pr\u016fb\u011bhu \u010dasu, pozorov\u00e1n\u00ed zm\u011bn a hled\u00e1n\u00ed souvislost\u00ed. Je tak mo\u017en\u00e9 z\u00edskat velice p\u0159esn\u00e9 p\u0159edpov\u011bdi a modely t\u00fdkaj\u00edc\u00ed se nap\u0159\u00edklad ovzdu\u0161\u00ed nebo oce\u00e1n\u016f.<br >\nV\u00fd\u0161e popsan\u00fdm \u00fakon\u016fm, kter\u00e9 zvy\u0161uj\u00ed hodnotu dat a m\u011bn\u00ed je na cenn\u00e9 informace, se v\u011bnuj\u00ed jednotliv\u00e9 slu\u017eby programu Copernicus, kter\u00e9 pokr\u00fdvaj\u00ed \u0161est hlavn\u00edch tematick\u00fdch oblast\u00ed:\n<\/p>   <\/div><\/div> <div  class=\"row middle-xs\"><div  class=\"col-xs-12 col-md-5 text-center-sm col-padding-small\" data-type=\"column\"> <\/div> <div  class=\"col-xs-12 col-md-6 col-md-offset-1\" data-type=\"column\"><\/div> <\/div><\/div> <\/div><div  data-label=\"Portfolio\" data-id=\"portfolio--2\" data-export-id=\"portfolio-6\" data-category=\"portfolio\" class=\"portfolio-6 content-section content-section-spacing-large\" id=\"portfolio-2\" style=\"background-color: rgba(255, 255, 255, 0); background-image: none;\"><div  class=\"gridContainer\"> <div  class=\"row text-center\"><div  class=\"section-title-col\" data-type=\"column\">  <\/div> <\/div> <div  class=\"row space-bottom spaced-cols\" data-type=\"row\"> <div  class=\"col-xs-12 col-sm-4 text-center\"> <div  class=\"card mdc-elevation--z3 no-padding \"> <div  data-hover-fx=\"portfolio-5\" class=\"contentswap-effect contentswap-overlay\" style=\"float: none; margin: 0px; width: 100%;\"> <div  class=\"initial-image\" style=\"float: none; margin: 0px;\"> <img decoding=\"async\"  data-size=\"381x254\" src=\"https:\/\/copernicus.chmi.cz\/wp-content\/uploads\/2020\/05\/cropped-sandro-mattei-SLmVVwfH9Ig-unsplash-10.jpg\"><\/div> <div  class=\"overlay bg-color-gray\" style=\"display: block; transition: opacity 800ms ease 0s; -webkit-transition-timing-function: ease; -moz-transition-timing-function: ease; -o-transition-timing-function: ease; transition-timing-function: ease;\"><\/div> <div  class=\"swap-inner col-xs-12\" style=\"display: block; transition: all 800ms ease 0s; background-color: rgba(0, 0, 0, 0); margin-top: 0px;\"> <div  class=\"row full-height-row middle-xs middle-sm\"> <div  class=\"col-xs-12 text-center content-holder\"> <a href=\"https:\/\/copernicus.chmi.cz\/index.php\/uzemi\" target=\"_self\" rel=\"noopener noreferrer\"><i  class=\"mdi icon portfolio-icon mdi-magnify color7\" aria-hidden=\"true\"><\/i><\/a><\/div> <\/div><\/div> <\/div> <div  class=\"col-padding col-xs-12\" data-type=\"column\"> <h4  class=\"\">\u00dazem\u00ed<\/h4> <a class=\"link\" href=\"https:\/\/copernicus.chmi.cz\/index.php\/uzemi\" target=\"_self\" data-cp-link=\"1\" rel=\"noopener noreferrer\">V\u00edce informac\u00ed \u25ba<\/a><\/div> <\/div><\/div> <div  class=\"col-xs-12 col-sm-4 text-center\"><div  class=\"card mdc-elevation--z3 no-padding \"> <div  data-hover-fx=\"portfolio-5\" class=\"contentswap-effect contentswap-overlay\" style=\"float: none; margin: 0px; width: 100%;\"><div  class=\"initial-image\" style=\"float: none; margin: 0px;\"> <img decoding=\"async\"  data-size=\"381x254\" src=\"https:\/\/copernicus.chmi.cz\/wp-content\/uploads\/2020\/05\/cropped-actionvance-t7EL2iG3jMc-unsplash-1-scaled-10.jpg\"><\/div> <div  class=\"overlay bg-color-gray\" style=\"display: block; transition: opacity 800ms ease 0s; -webkit-transition-timing-function: ease; -moz-transition-timing-function: ease; -o-transition-timing-function: ease; transition-timing-function: ease;\"><\/div> <div  class=\"swap-inner col-xs-12\" style=\"display: block; transition: all 800ms ease 0s; background-color: rgba(0, 0, 0, 0); margin-top: 0px;\"> <div  class=\"row full-height-row middle-xs middle-sm\"> <div  class=\"col-xs-12 text-center content-holder\" data-preview-empty=\"1\"> <a href=\"https:\/\/copernicus.chmi.cz\/index.php\/sluzba-programu-copernicus-pro-monitorovani-atmosfery\" target=\"_self\" rel=\"noopener noreferrer\"><i  class=\"mdi icon portfolio-icon mdi-magnify color7\" aria-hidden=\"true\"><\/i><\/a><\/div> <\/div><\/div> <\/div> <div  class=\"col-padding col-xs-12\" data-type=\"column\"> <h4  class=\"\">Atmosf\u00e9ra<\/h4> <a class=\"link\" href=\"https:\/\/copernicus.chmi.cz\/index.php\/sluzba-programu-copernicus-pro-monitorovani-atmosfery\" target=\"_self\" data-cp-link=\"1\" rel=\"noopener noreferrer\">V\u00edce informac\u00ed \u25ba<\/a><\/div> <\/div><\/div> <div  class=\"col-xs-12 col-sm-4 text-center\"><div  class=\"card mdc-elevation--z3 no-padding \"> <div  data-hover-fx=\"portfolio-5\" class=\"contentswap-effect contentswap-overlay\" style=\"float: none; margin: 0px; width: 100%;\"><div  class=\"initial-image\" style=\"float: none; margin: 0px;\"> <img decoding=\"async\"  data-size=\"381x254\" src=\"https:\/\/copernicus.chmi.cz\/wp-content\/uploads\/2020\/05\/cropped-justin-campbell-FacLsqkeX4w-unsplash-1-5.jpg\"><\/div> <div  class=\"overlay bg-color-gray\" style=\"display: block; transition: opacity 800ms ease 0s; -webkit-transition-timing-function: ease; -moz-transition-timing-function: ease; -o-transition-timing-function: ease; transition-timing-function: ease;\"><\/div> <div  class=\"swap-inner col-xs-12\" style=\"display: block; transition: all 800ms ease 0s; background-color: rgba(0, 0, 0, 0); margin-top: 0px;\"> <div  class=\"row full-height-row middle-xs middle-sm\"> <div  class=\"col-xs-12 text-center content-holder\" data-preview-empty=\"1\"> <a href=\"https:\/\/copernicus.chmi.cz\/index.php\/bezpecnost\" target=\"_self\" rel=\"noopener noreferrer\"><i  class=\"mdi icon portfolio-icon mdi-magnify color7\" aria-hidden=\"true\"><\/i><\/a><\/div> <\/div><\/div> <\/div> <div  class=\"col-padding col-xs-12\" data-type=\"column\"> <h4  class=\"\">Bezpe\u010dnost<\/h4> <a class=\"link\" href=\"https:\/\/copernicus.chmi.cz\/index.php\/bezpecnost\" target=\"_self\" data-cp-link=\"1\" rel=\"noopener noreferrer\">V\u00edce informac\u00ed \u25ba<\/a><\/div> <\/div><\/div> <div  class=\"col-xs-12 col-sm-4 text-center\"> <div  class=\"card mdc-elevation--z3 no-padding \"> <div  data-hover-fx=\"portfolio-5\" class=\"contentswap-effect contentswap-overlay\" style=\"float: none; margin: 0px; width: 100%;\"> <div  class=\"initial-image\" style=\"float: none; margin: 0px;\"> <img decoding=\"async\"  data-size=\"381x254\" src=\"https:\/\/copernicus.chmi.cz\/wp-content\/uploads\/2020\/05\/cropped-cassie-matias-VSGEH7tKiUg-unsplash-scaled-11.jpg\"><\/div> <div  class=\"overlay bg-color-gray\" style=\"display: block; transition: opacity 800ms ease 0s; -webkit-transition-timing-function: ease; -moz-transition-timing-function: ease; -o-transition-timing-function: ease; transition-timing-function: ease;\"><\/div> <div  class=\"swap-inner col-xs-12\" style=\"display: block; transition: all 800ms ease 0s; background-color: rgba(0, 0, 0, 0); margin-top: 0px;\"> <div  class=\"row full-height-row middle-xs middle-sm\"> <div  class=\"col-xs-12 text-center content-holder\" data-preview-empty=\"1\"> <a href=\"https:\/\/copernicus.chmi.cz\/index.php\/klimaticke-zmeny\" target=\"_self\" rel=\"noopener noreferrer\"><i  class=\"mdi icon portfolio-icon mdi-magnify color7\" aria-hidden=\"true\"><\/i><\/a><\/div> <\/div><\/div> <\/div> <div  class=\"col-padding col-xs-12\" data-type=\"column\"> <h4  class=\"\">Klimatick\u00e9 zm\u011bny<\/h4> <a class=\"link\" href=\"https:\/\/copernicus.chmi.cz\/index.php\/klimaticke-zmeny\" target=\"_self\" data-cp-link=\"1\" rel=\"noopener noreferrer\">V\u00edce informac\u00ed \u25ba<\/a><\/div> <\/div><\/div><div  class=\"col-xs-12 col-sm-4 text-center\"> <div  class=\"card mdc-elevation--z3 no-padding \"> <div  data-hover-fx=\"portfolio-5\" class=\"contentswap-effect contentswap-overlay\" style=\"float: none; margin: 0px; width: 100%;\"> <div  class=\"initial-image\" style=\"float: none; margin: 0px;\"> <img decoding=\"async\"  data-size=\"381x254\" src=\"https:\/\/copernicus.chmi.cz\/wp-content\/uploads\/2020\/05\/cropped-kelly-sikkema-_whs7FPfkwQ-unsplash-scaled-8.jpg\"><\/div> <div  class=\"overlay bg-color-gray\" style=\"display: block; transition: opacity 800ms ease 0s; -webkit-transition-timing-function: ease; -moz-transition-timing-function: ease; -o-transition-timing-function: ease; transition-timing-function: ease;\"><\/div> <div  class=\"swap-inner col-xs-12\" style=\"display: block; transition: all 800ms ease 0s; background-color: rgba(0, 0, 0, 0); margin-top: 0px;\"> <div  class=\"row full-height-row middle-xs middle-sm\"> <div  class=\"col-xs-12 text-center content-holder\" data-preview-empty=\"1\"> <a href=\"https:\/\/copernicus.chmi.cz\/index.php\/krizove-rizeni\" target=\"_self\" rel=\"noopener noreferrer\"><i  class=\"mdi icon portfolio-icon mdi-magnify color7\" aria-hidden=\"true\"><\/i><\/a><\/div> <\/div><\/div> <\/div> <div  class=\"col-padding col-xs-12\" data-type=\"column\"> <h4  class=\"\">Krizov\u00e9 \u0159\u00edzen\u00ed<\/h4> <a class=\"link\" href=\"https:\/\/copernicus.chmi.cz\/index.php\/krizove-rizeni\" target=\"_self\" data-cp-link=\"1\" rel=\"noopener noreferrer\">V\u00edce informac\u00ed \u25ba<\/a><\/div> <\/div><\/div><div  class=\"col-xs-12 col-sm-4 text-center\"> <div  class=\"card mdc-elevation--z3 no-padding \"> <div  data-hover-fx=\"portfolio-5\" class=\"contentswap-effect contentswap-overlay\" style=\"float: none; margin: 0px; width: 100%;\"> <div  class=\"initial-image\" style=\"float: none; margin: 0px;\"> <img decoding=\"async\"  data-size=\"381x254\" src=\"https:\/\/copernicus.chmi.cz\/wp-content\/uploads\/2020\/05\/cropped-willian-justen-de-vasconcellos-nlKZC_YlQtc-unsplash-scaled-9.jpg\"><\/div> <div  class=\"overlay bg-color-gray\" style=\"display: block; transition: opacity 800ms ease 0s; -webkit-transition-timing-function: ease; -moz-transition-timing-function: ease; -o-transition-timing-function: ease; transition-timing-function: ease;\"><\/div> <div  class=\"swap-inner col-xs-12\" style=\"display: block; transition: all 800ms ease 0s; background-color: rgba(0, 0, 0, 0); margin-top: 0px;\"> <div  class=\"row full-height-row middle-xs middle-sm\"> <div  class=\"col-xs-12 text-center content-holder\" data-preview-empty=\"1\"> <a href=\"https:\/\/copernicus.chmi.cz\/index.php\/morske-prostredi\" target=\"_self\" rel=\"noopener noreferrer\"><i  class=\"mdi icon portfolio-icon mdi-magnify color7\" aria-hidden=\"true\"><\/i><\/a><\/div> <\/div><\/div> <\/div> <div  class=\"col-padding col-xs-12\" data-type=\"column\"> <h4  class=\"\">Mo\u0159sk\u00e9 prost\u0159ed\u00ed<\/h4> <a class=\"link\" href=\"https:\/\/copernicus.chmi.cz\/index.php\/morske-prostredi\" target=\"_self\" data-cp-link=\"1\" rel=\"noopener noreferrer\">V\u00edce informac\u00ed \u25ba<\/a><\/div> <\/div><\/div><\/div> <div  class=\"row\"> <div  data-type=\"column\" class=\"col-xs-12 text-center\"> <\/div> <\/div><\/div> <\/div>","protected":false},"excerpt":{"rendered":"","protected":false},"author":6,"featured_media":0,"parent":15,"menu_order":0,"comment_status":"closed","ping_status":"closed","template":"pro\/page-templates\/full-width-page.php","meta":{"footnotes":""},"class_list":["post-197","page","type-page","status-publish","hentry"],"_links":{"self":[{"href":"https:\/\/copernicus.chmi.cz\/index.php\/wp-json\/wp\/v2\/pages\/197","targetHints":{"allow":["GET"]}}],"collection":[{"href":"https:\/\/copernicus.chmi.cz\/index.php\/wp-json\/wp\/v2\/pages"}],"about":[{"href":"https:\/\/copernicus.chmi.cz\/index.php\/wp-json\/wp\/v2\/types\/page"}],"author":[{"embeddable":true,"href":"https:\/\/copernicus.chmi.cz\/index.php\/wp-json\/wp\/v2\/users\/6"}],"replies":[{"embeddable":true,"href":"https:\/\/copernicus.chmi.cz\/index.php\/wp-json\/wp\/v2\/comments?post=197"}],"version-history":[{"count":34,"href":"https:\/\/copernicus.chmi.cz\/index.php\/wp-json\/wp\/v2\/pages\/197\/revisions"}],"predecessor-version":[{"id":4258,"href":"https:\/\/copernicus.chmi.cz\/index.php\/wp-json\/wp\/v2\/pages\/197\/revisions\/4258"}],"up":[{"embeddable":true,"href":"https:\/\/copernicus.chmi.cz\/index.php\/wp-json\/wp\/v2\/pages\/15"}],"wp:attachment":[{"href":"https:\/\/copernicus.chmi.cz\/index.php\/wp-json\/wp\/v2\/media?parent=197"}],"curies":[{"name":"wp","href":"https:\/\/api.w.org\/{rel}","templated":true}]}}