

{"id":18,"date":"2020-05-06T12:36:27","date_gmt":"2020-05-06T10:36:27","guid":{"rendered":"https:\/\/copernicus.chmi.cz\/?page_id=18"},"modified":"2023-10-03T13:42:40","modified_gmt":"2023-10-03T11:42:40","slug":"pristup-k-datum","status":"publish","type":"page","link":"https:\/\/copernicus.chmi.cz\/index.php\/pristup-k-datum\/","title":{"rendered":"P\u0159\u00edstup k dat\u016fm"},"content":{"rendered":"<!-- wp:extendstudio\/materialis--><div  id=\"content-1\" class=\"content-5m content-section-spacing-large content-section dark-text\" style=\"background-color: #ffffff;\" data-label=\"Content\" data-id=\"content--1\" data-export-id=\"content-5-materialis\" data-category=\"content\">\n<div  class=\"gridContainer\">\n<div  class=\"row\">\n<div  class=\"col-xs-12 col-sm-8 col-sm-offset-2 space-bottom text-center col-padding-small-xs\" data-type=\"column\"><\/div>\n<div  class=\"col-xs-12 text-center large\" data-type=\"column\">\n<h2  class=\"space-bottom\">P\u0159\u00edstup k dat\u016fm<\/h2>\n<p  class=\"lead\" style=\"text-align: justify;\">Program Copernicus je zalo\u017een na konstelaci dru\u017eic, kter\u00e9 prov\u00e1d\u011bj\u00ed velk\u00fd po\u010det denn\u00edch pozorov\u00e1n\u00ed, jako\u017e i na celosv\u011btov\u00e9 s\u00edti tis\u00edc\u016f pozemn\u00edch, vzdu\u0161n\u00fdch a n\u00e1mo\u0159n\u00edch \u010didel, s jejich\u017e pomoc\u00ed vytv\u00e1\u0159\u00ed velmi podrobn\u00e9 sn\u00edmky Zem\u011b. D\u00edky technologick\u00e9mu v\u00fdvoji, zejm\u00e9na pokud jde o dostupnost a p\u0159\u00edstupnost, se program Copernicus stal nejv\u011bt\u0161\u00edm poskytovatelem dat na sv\u011bt\u011b, jen\u017e v sou\u010dasnosti vyprodukuje 16 terabyt\u016f dat denn\u011b.\n<br >\n<br >\nP\u0159ev\u00e1\u017en\u00e1 v\u011bt\u0161ina dat a informac\u00ed, kter\u00e9 poskytuje vesm\u00edrn\u00e1 infrastruktura Copernicus a slu\u017eby programu Copernicus, je zp\u0159\u00edstupn\u011bna a poskytov\u00e1na v\u0161em ob\u010dan\u016fm a organizac\u00edm po cel\u00e9m sv\u011bt\u011b na z\u00e1klad\u011b bezplatn\u00e9ho, pln\u00e9ho a voln\u00e9ho p\u0159\u00edstupu. Data a informace poskytovan\u00e9 slu\u017ebou Copernicus jsou u\u017eivatel\u016fm zp\u0159\u00edstupn\u011bny prost\u0159ednictv\u00edm webov\u00fdch str\u00e1nek p\u0159\u00edslu\u0161n\u00e9 slu\u017eby (dle zam\u011b\u0159en\u00ed na p\u016fdu, ovzdu\u0161\u00ed, klimatickou zm\u011bnu, bezpe\u010dnost, krizov\u00e9 \u0159\u00edzen\u00ed a mo\u0159sk\u00e9 prost\u0159ed\u00ed). Ve v\u011bt\u0161in\u011b p\u0159\u00edpad\u016f lze data a informace prohl\u00ed\u017eet bez p\u0159edchoz\u00ed registrace, pouze pro stahov\u00e1n\u00ed je registrace v\u017edy vy\u017eadov\u00e1na. \n<br >\n<br >Data z dru\u017eic Sentinel dod\u00e1van\u00e1 ESA jsou do konce \u0159\u00edjna 2023 p\u0159\u00edstupn\u00e1 prost\u0159ednictv\u00edm Copernicus Open Access Hub a nov\u00e9ho Copernicus Data Space Ecosystem. K dat\u016fm z dru\u017eic Sentinel dod\u00e1van\u00fdch organizac\u00ed EUMETSAT lze p\u0159istupovat prost\u0159ednictv\u00edm Data Store. Pro usnadn\u011bn\u00ed a standardizaci p\u0159\u00edstupu k dat\u016fm Evropsk\u00e1 komise financovala zaveden\u00ed p\u011bti cloudov\u00fdch platforem, kter\u00e9 poskytuj\u00ed centralizovan\u00fd p\u0159\u00edstup k dat\u016fm a informac\u00edm programu Copernicus a tak\u00e9 k n\u00e1stroj\u016fm pro jejich zpracov\u00e1n\u00ed. Tyto platformy jsou zn\u00e1m\u00e9 jako DIAS neboli Data and Information Access Services (Slu\u017eby pro p\u0159\u00edstup k dat\u016fm a informac\u00edm).\n<br ><\/p>\n<a class=\"button null mdc-ripple-upgraded big color1\" href=\"https:\/\/copernicus.chmi.cz\/index.php\/dias\" target=\"_self\" rel=\"noopener noreferrer\" data-cp-link=\"1\" data-icon=\"\">DIAS<\/a>\n<a class=\"button null big color1 mdc-ripple-upgraded\" href=\"\/\/dataspace.copernicus.eu\" target=\"_blank\" rel=\"noopener\" data-cp-link=\"1\" data-icon=\"\">Copernicus Data Space Ecosystem<\/a><a class=\"button null mdc-ripple-upgraded big color1\" href=\"https:\/\/copernicus.chmi.cz\/index.php\/konvencni-uloziste-pro-pristup-k-datum\" target=\"_self\" rel=\"noopener noreferrer\" data-cp-link=\"1\" data-icon=\"\">Konven\u010dn\u00ed ulo\u017ei\u0161t\u011b<\/a>\n\n<a class=\"button big null color1 mdc-ripple-upgraded\" href=\"\/\/data.eumetsat.int\/extended?query=&amp;filter=eumetsatDataPolicy__Copernicus\" target=\"_blank\" rel=\"noopener\" data-cp-link=\"1\" data-icon=\"\">EUMETSAT Data Store<\/a>\n\n<\/div>\n<\/div>\n<\/div>\n<\/div><!-- \/wp:extendstudio\/materialis-->","protected":false},"excerpt":{"rendered":"<p>P\u0159\u00edstup k dat\u016fm Program Copernicus je zalo\u017een na konstelaci dru\u017eic, kter\u00e9 prov\u00e1d\u011bj\u00ed velk\u00fd po\u010det denn\u00edch pozorov\u00e1n\u00ed, jako\u017e i na celosv\u011btov\u00e9 s\u00edti tis\u00edc\u016f pozemn\u00edch, vzdu\u0161n\u00fdch a n\u00e1mo\u0159n\u00edch \u010didel, s jejich\u017e pomoc\u00ed&nbsp;&hellip;<\/p>\n","protected":false},"author":6,"featured_media":0,"parent":0,"menu_order":0,"comment_status":"closed","ping_status":"closed","template":"pro\/page-templates\/full-width-page.php","meta":{"footnotes":""},"class_list":["post-18","page","type-page","status-publish","hentry"],"_links":{"self":[{"href":"https:\/\/copernicus.chmi.cz\/index.php\/wp-json\/wp\/v2\/pages\/18","targetHints":{"allow":["GET"]}}],"collection":[{"href":"https:\/\/copernicus.chmi.cz\/index.php\/wp-json\/wp\/v2\/pages"}],"about":[{"href":"https:\/\/copernicus.chmi.cz\/index.php\/wp-json\/wp\/v2\/types\/page"}],"author":[{"embeddable":true,"href":"https:\/\/copernicus.chmi.cz\/index.php\/wp-json\/wp\/v2\/users\/6"}],"replies":[{"embeddable":true,"href":"https:\/\/copernicus.chmi.cz\/index.php\/wp-json\/wp\/v2\/comments?post=18"}],"version-history":[{"count":17,"href":"https:\/\/copernicus.chmi.cz\/index.php\/wp-json\/wp\/v2\/pages\/18\/revisions"}],"predecessor-version":[{"id":4737,"href":"https:\/\/copernicus.chmi.cz\/index.php\/wp-json\/wp\/v2\/pages\/18\/revisions\/4737"}],"wp:attachment":[{"href":"https:\/\/copernicus.chmi.cz\/index.php\/wp-json\/wp\/v2\/media?parent=18"}],"curies":[{"name":"wp","href":"https:\/\/api.w.org\/{rel}","templated":true}]}}