

{"id":1766,"date":"2020-07-27T13:45:45","date_gmt":"2020-07-27T11:45:45","guid":{"rendered":"https:\/\/copernicus.chmi.cz\/?page_id=1766"},"modified":"2020-11-18T11:16:49","modified_gmt":"2020-11-18T10:16:49","slug":"moznosti-vyuziti-dat-z-dalkoveho-pruzkumu-zeme-v-uzemnim-rozvoji","status":"publish","type":"page","link":"https:\/\/copernicus.chmi.cz\/index.php\/uzivatelske-a-konference-a-seminare\/moznosti-vyuziti-dat-z-dalkoveho-pruzkumu-zeme-v-uzemnim-rozvoji\/","title":{"rendered":"Mo\u017enosti vyu\u017eit\u00ed dat z d\u00e1lkov\u00e9ho pr\u016fzkumu Zem\u011b v \u00fazemn\u00edm rozvoji"},"content":{"rendered":"<div class=\"breadcrumbs align  wp-block-bcn-breadcrumb-trail has-text-color has-background\" vocab=\"https:\/\/schema.org\/\" typeof=\"BreadcrumbList\">\n\t<span><\/span>\n\t<span property=\"itemListElement\" typeof=\"ListItem\"><a property=\"item\" typeof=\"WebPage\" title=\"P\u0159ej\u00edt na Copernicus CR.\" href=\"https:\/\/copernicus.chmi.cz\" class=\"home\" ><span property=\"name\">Copernicus CR<\/span><\/a><meta property=\"position\" content=\"1\"><\/span> &gt; <span property=\"itemListElement\" typeof=\"ListItem\"><a property=\"item\" typeof=\"WebPage\" title=\"P\u0159ej\u00edt na Novinky.\" href=\"https:\/\/copernicus.chmi.cz\/index.php\/novinky\/\" class=\"post post-page\" ><span property=\"name\">Novinky<\/span><\/a><meta property=\"position\" content=\"2\"><\/span> &gt; <span property=\"itemListElement\" typeof=\"ListItem\"><a property=\"item\" typeof=\"WebPage\" title=\"P\u0159ej\u00edt na Blog.\" href=\"https:\/\/copernicus.chmi.cz\/index.php\/novinky\/blog\/\" class=\"post-root post post-post\" aria-current=\"page\"><span property=\"name\">Blog<\/span><\/a><meta property=\"position\" content=\"3\"><\/span><\/div>\n\n\n\n<div data-label=\"Content\" data-id=\"content--1\" data-export-id=\"content-5-materialis\" data-category=\"content\" class=\"content-5m content-section-spacing-large content-section dark-text\" id=\"content-1\" style=\"background-color: rgb(255, 255, 255);\"><div class=\"gridContainer\"> <div class=\"row\"><div class=\"col-xs-12 col-sm-8 col-sm-offset-2 space-bottom text-center col-padding-small-xs\" data-type=\"column\"> <\/div> <div class=\"col-xs-12 text-center large\" data-type=\"column\"><h2 class=\"space-bottom\">Mo\u017enosti vyu\u017eit\u00ed dat z d\u00e1lkov\u00e9ho pr\u016fzkumu Zem\u011b v \u00fazemn\u00edm rozvoji<\/h2> <p class=\"lead\" style=\"text-align: left;\">N\u00e1rodn\u00ed sekretari\u00e1t GEO\/Copernicus uspo\u0159\u00e1dal v r\u00e1mci sv\u00e9 osv\u011btov\u00e9 \u010dinnosti dne 23. 6. 2016 semin\u00e1\u0159 pro u\u017eivatele ze sektoru uzemn\u00edho rozovje.\n<br><b>\nDatum:<\/b> 23. \u010dervna 2016<br><b>\nM\u00edsto kon\u00e1n\u00ed<\/b>: Ministerstvo pro m\u00edstn\u00ed rozvoj, Letensk\u00e1 3, Praha 1<br><b>\nT\u00e9ma semin\u00e1\u0159e:<\/b> \u00fazemn\u00ed rozvoj<br><b>\nOrganiz\u00e1to\u0159i:\t<\/b>N\u00e1rodn\u00ed sekretari\u00e1t GEO\/Copernicus za spolupr\u00e1ce, Ministerstva \u017eivotn\u00edho prost\u0159ed\u00ed,Ministerstva dopravy, Ministerstva pro m\u00edstn\u00ed rozvoj, P\u0159\u00edrodov\u011bdeck\u00e9 fakulty Univerzity Karlovy v Praze a GISAT s.r.o.<\/p> <\/div> <\/div><\/div> <\/div>\n\n\n<!-- wp:heading {\"align\":\"center\"}--><div class=\"gridContainer\">\n<h2 class=\"has-text-align-center\">Prezentace<\/h2>\n<\/div><!-- \/wp:heading-->\n\n<!-- wp:paragraph--><div class=\"gridContainer\">\n<p>Kate\u0159ina Nohelov\u00e1 (Ministerstvo \u017eivotn\u00edho prost\u0159ed\u00ed):&nbsp;&nbsp;<a href=\"https:\/\/copernicus.chmi.cz\/wp-content\/uploads\/2020\/07\/semin\u00e1\u0159-MMR_prezentace-Nohelov\u00e1.pdf\" class=\"customize-unpreviewable\">Program Copernicus<\/a><\/p>\n<\/div><!-- \/wp:paragraph-->\n\n<!-- wp:paragraph--><div class=\"gridContainer\">\n<p>Ond\u0159ej \u0160v\u00e1b (Ministerstvo dopravy):&nbsp;<a href=\"https:\/\/copernicus.chmi.cz\/wp-content\/uploads\/2020\/07\/semin\u00e1\u0159-MMR_prezentace-\u0160v\u00e1b.pdf\" class=\"customize-unpreviewable\">Kosmick\u00e1 komponenta Copernicus a dostupnost dat<\/a><\/p>\n<\/div><!-- \/wp:paragraph-->\n\n<!-- wp:paragraph--><div class=\"gridContainer\">\n<p>Tom\u00e1\u0161 Soukup, Kate\u0159ina Jupov\u00e1 (GISAT s.r.o.):&nbsp;<a href=\"https:\/\/copernicus.chmi.cz\/wp-content\/uploads\/2020\/07\/semin\u00e1\u0159-MMR_prezentace-GISAT_Soukup_Jupov\u00e1.pdf\" class=\"customize-unpreviewable\">Vyu\u017eit\u00ed slu\u017eeb Copernicus, uk\u00e1zky aplikac\u00ed, potenci\u00e1l vyu\u017eit\u00ed<\/a><\/p>\n<\/div><!-- \/wp:paragraph-->\n\n<!-- wp:paragraph--><div class=\"gridContainer\">\n<p>P\u0159emysl \u0160tych (P\u0159F UK Praha):&nbsp;<a href=\"https:\/\/copernicus.chmi.cz\/wp-content\/uploads\/2020\/07\/semin\u00e1\u0159-MMR_prezentace-\u0160tych.pdf\" class=\"customize-unpreviewable\">Copernicus slu\u017eby \u2013 Land monitoring, mo\u017enosti vyu\u017eit\u00ed datov\u00fdch produkt\u016f<\/a><\/p>\n<\/div><!-- \/wp:paragraph-->\n\n\n<div data-label=\"Content\" data-id=\"content--2\" data-export-id=\"content-5-materialis\" data-category=\"content\" class=\"content-5m content-section-spacing-large content-section\" id=\"content-2\" style=\"background-color: rgba(255, 255, 255, 0); background-image: none;\"><div class=\"gridContainer\"> <div class=\"row\"><div class=\"col-xs-12 col-sm-8 col-sm-offset-2 space-bottom text-center col-padding-small-xs\" data-type=\"column\"> <\/div> <div class=\"col-xs-12 text-center large\" data-type=\"column\">  <a class=\"button big mdc-elevation--z3 color1\" href=\"\/\/copernicus.chmi.cz\/wp-content\/uploads\/2020\/07\/seminar-MMR_program-23-06-2016-1.pdf\" target=\"_self\" data-cp-link=\"1\" data-icon=\"\" rel=\"noopener noreferrer\">Program semin\u00e1\u0159e<\/a><\/div> <\/div><\/div> <\/div>\n","protected":false},"excerpt":{"rendered":"<p>Prezentace Kate\u0159ina Nohelov\u00e1 (Ministerstvo \u017eivotn\u00edho prost\u0159ed\u00ed):&nbsp;&nbsp;Program Copernicus Ond\u0159ej \u0160v\u00e1b (Ministerstvo dopravy):&nbsp;Kosmick\u00e1 komponenta Copernicus a dostupnost dat Tom\u00e1\u0161 Soukup, Kate\u0159ina Jupov\u00e1 (GISAT s.r.o.):&nbsp;Vyu\u017eit\u00ed slu\u017eeb Copernicus, uk\u00e1zky aplikac\u00ed, potenci\u00e1l vyu\u017eit\u00ed P\u0159emysl \u0160tych&nbsp;&hellip;<\/p>\n","protected":false},"author":6,"featured_media":0,"parent":909,"menu_order":0,"comment_status":"closed","ping_status":"closed","template":"pro\/page-templates\/full-width-page.php","meta":{"footnotes":""},"class_list":["post-1766","page","type-page","status-publish","hentry"],"_links":{"self":[{"href":"https:\/\/copernicus.chmi.cz\/index.php\/wp-json\/wp\/v2\/pages\/1766","targetHints":{"allow":["GET"]}}],"collection":[{"href":"https:\/\/copernicus.chmi.cz\/index.php\/wp-json\/wp\/v2\/pages"}],"about":[{"href":"https:\/\/copernicus.chmi.cz\/index.php\/wp-json\/wp\/v2\/types\/page"}],"author":[{"embeddable":true,"href":"https:\/\/copernicus.chmi.cz\/index.php\/wp-json\/wp\/v2\/users\/6"}],"replies":[{"embeddable":true,"href":"https:\/\/copernicus.chmi.cz\/index.php\/wp-json\/wp\/v2\/comments?post=1766"}],"version-history":[{"count":6,"href":"https:\/\/copernicus.chmi.cz\/index.php\/wp-json\/wp\/v2\/pages\/1766\/revisions"}],"predecessor-version":[{"id":2222,"href":"https:\/\/copernicus.chmi.cz\/index.php\/wp-json\/wp\/v2\/pages\/1766\/revisions\/2222"}],"up":[{"embeddable":true,"href":"https:\/\/copernicus.chmi.cz\/index.php\/wp-json\/wp\/v2\/pages\/909"}],"wp:attachment":[{"href":"https:\/\/copernicus.chmi.cz\/index.php\/wp-json\/wp\/v2\/media?parent=1766"}],"curies":[{"name":"wp","href":"https:\/\/api.w.org\/{rel}","templated":true}]}}