

{"id":1748,"date":"2020-07-27T09:52:18","date_gmt":"2020-07-27T07:52:18","guid":{"rendered":"https:\/\/copernicus.chmi.cz\/?page_id=1748"},"modified":"2020-11-18T11:17:04","modified_gmt":"2020-11-18T10:17:04","slug":"moznosti-vyuziti-dat-z-dalkoveho-pruzkumu-zeme-v-zemedelstvi","status":"publish","type":"page","link":"https:\/\/copernicus.chmi.cz\/index.php\/uzivatelske-a-konference-a-seminare\/moznosti-vyuziti-dat-z-dalkoveho-pruzkumu-zeme-v-zemedelstvi\/","title":{"rendered":"Mo\u017enosti vyu\u017eit\u00ed dat z d\u00e1lkov\u00e9ho pr\u016fzkumu Zem\u011b v zem\u011bd\u011blstv\u00ed"},"content":{"rendered":"<div class=\"breadcrumbs align  wp-block-bcn-breadcrumb-trail has-text-color has-background\" vocab=\"https:\/\/schema.org\/\" typeof=\"BreadcrumbList\">\n\t<span><\/span>\n\t<span property=\"itemListElement\" typeof=\"ListItem\"><a property=\"item\" typeof=\"WebPage\" title=\"P\u0159ej\u00edt na Copernicus CR.\" href=\"https:\/\/copernicus.chmi.cz\" class=\"home\" ><span property=\"name\">Copernicus CR<\/span><\/a><meta property=\"position\" content=\"1\"><\/span> &gt; <span property=\"itemListElement\" typeof=\"ListItem\"><a property=\"item\" typeof=\"WebPage\" title=\"P\u0159ej\u00edt na Novinky.\" href=\"https:\/\/copernicus.chmi.cz\/index.php\/novinky\/\" class=\"post post-page\" ><span property=\"name\">Novinky<\/span><\/a><meta property=\"position\" content=\"2\"><\/span> &gt; <span property=\"itemListElement\" typeof=\"ListItem\"><a property=\"item\" typeof=\"WebPage\" title=\"P\u0159ej\u00edt na Blog.\" href=\"https:\/\/copernicus.chmi.cz\/index.php\/novinky\/blog\/\" class=\"post-root post post-post\" aria-current=\"page\"><span property=\"name\">Blog<\/span><\/a><meta property=\"position\" content=\"3\"><\/span><\/div>\n\n\n<div class=\"breadcrumbs align  wp-block-bcn-breadcrumb-trail has-text-color has-background\" vocab=\"https:\/\/schema.org\/\" typeof=\"BreadcrumbList\">\n\t<span><\/span>\n\t<span property=\"itemListElement\" typeof=\"ListItem\"><a property=\"item\" typeof=\"WebPage\" title=\"P\u0159ej\u00edt na Copernicus CR.\" href=\"https:\/\/copernicus.chmi.cz\" class=\"home\" ><span property=\"name\">Copernicus CR<\/span><\/a><meta property=\"position\" content=\"1\"><\/span> &gt; <span property=\"itemListElement\" typeof=\"ListItem\"><a property=\"item\" typeof=\"WebPage\" title=\"P\u0159ej\u00edt na Novinky.\" href=\"https:\/\/copernicus.chmi.cz\/index.php\/novinky\/\" class=\"post post-page\" ><span property=\"name\">Novinky<\/span><\/a><meta property=\"position\" content=\"2\"><\/span> &gt; <span property=\"itemListElement\" typeof=\"ListItem\"><a property=\"item\" typeof=\"WebPage\" title=\"P\u0159ej\u00edt na Blog.\" href=\"https:\/\/copernicus.chmi.cz\/index.php\/novinky\/blog\/\" class=\"post-root post post-post\" aria-current=\"page\"><span property=\"name\">Blog<\/span><\/a><meta property=\"position\" content=\"3\"><\/span><\/div>\n\n\n\n<div data-label=\"Content\" data-id=\"content--1\" data-export-id=\"content-5-materialis\" data-category=\"content\" class=\"content-5m content-section-spacing-large content-section dark-text\" id=\"content-1\" style=\"background-color: rgb(255, 255, 255);\"><div class=\"gridContainer\"> <div class=\"row\"><div class=\"col-xs-12 col-sm-8 col-sm-offset-2 space-bottom text-center col-padding-small-xs\" data-type=\"column\"> <\/div> <div class=\"col-xs-12 text-center large\" data-type=\"column\"><h2 class=\"space-bottom\">Mo\u017enosti vyu\u017eit\u00ed dat z d\u00e1lkov\u00e9ho pr\u016fzkumu Zem\u011b v zem\u011bd\u011blstv\u00ed<\/h2> <p class=\"lead\" style=\"text-align: left;\">N\u00e1rodn\u00ed sekretari\u00e1t GEO\/Copernicus uspo\u0159\u00e1dal v r\u00e1mci sv\u00e9 osv\u011btov\u00e9 \u010dinnosti dne 15. 11. 2016 semin\u00e1\u0159 pro u\u017eivatele ze sektoru zem\u011bd\u011blstv\u00ed (zejm\u00e9na odborn\u00e9 \u00fatvary MZe a resortn\u00ed organizace MZe).\n\n<br><br><b>\nDatum:<\/b> 15. listopadu 2016<br><b>\nM\u00edsto kon\u00e1n\u00ed:<\/b> Ministerstvo zem\u011bd\u011blstv\u00ed, T\u011b\u0161nov 65\/17, Praha 1<br><b>\nT\u00e9ma semin\u00e1\u0159e:<\/b> zem\u011bd\u011blstv\u00ed<br><b>\nOrganiz\u00e1to\u0159i:<\/b>\tN\u00e1rodn\u00ed sekretari\u00e1t GEO\/Copernicus, Ministerstvo \u017eivotn\u00edho prost\u0159ed\u00ed, Ministerstvo zem\u011bd\u011blstv\u00ed.<\/p> <\/div> <\/div><\/div> <\/div>\n\n\n<!-- wp:heading {\"align\":\"center\"}--><div class=\"gridContainer\">\n<h2 class=\"has-text-align-center\">Prezentace<\/h2>\n<\/div><!-- \/wp:heading-->\n\n<!-- wp:paragraph--><div class=\"gridContainer\">\n<p><\/p>\n<\/div><!-- \/wp:paragraph-->\n\n<!-- wp:paragraph--><div class=\"gridContainer\">\n<p>Martin Havl\u00ed\u010dek (Ministerstvo zem\u011bd\u011blstv\u00ed):&nbsp;<a href=\"https:\/\/copernicus.chmi.cz\/wp-content\/uploads\/2020\/07\/semin\u00e1\u0159-MZe_prezentace-Havl\u00ed\u010dek_MZe.pdf\" class=\"customize-unpreviewable\">Program Copernicus a jeho potenci\u00e1l v oblasti zem\u011bd\u011blstv\u00ed<\/a><\/p>\n<\/div><!-- \/wp:paragraph-->\n\n<!-- wp:paragraph--><div class=\"gridContainer\">\n<p>Ond\u0159ej \u0160v\u00e1b (Ministerstvo dopravy):&nbsp;<a href=\"https:\/\/copernicus.chmi.cz\/wp-content\/uploads\/2020\/07\/semin\u00e1\u0159-MZe_prezentace-\u0160v\u00e1b_MD.pdf\" class=\"customize-unpreviewable\">Kosmick\u00e1 komponenta Copernicus, dostupnost dat Sentinel, pozemn\u00ed segment<\/a><\/p>\n<\/div><!-- \/wp:paragraph-->\n\n<!-- wp:paragraph--><div class=\"gridContainer\">\n<p>P\u0159emysl \u0160tych (P\u0159F UK Praha):<a href=\"https:\/\/copernicus.chmi.cz\/wp-content\/uploads\/2020\/07\/semin\u00e1\u0159-MZe_prezentace-\u0160tych_P\u0159FUKPraha.pdf\" class=\"customize-unpreviewable\">&nbsp;Copernicus slu\u017eby \u2013 Land monitoring, mo\u017enosti vyu\u017eit\u00ed datov\u00fdch produkt\u016f v zem\u011bd\u011blstv\u00ed<\/a><\/p>\n<\/div><!-- \/wp:paragraph-->\n\n<!-- wp:paragraph--><div class=\"gridContainer\">\n<p>Adam Zlot\u00fd (CleverMaps, a. s.):&nbsp;<a href=\"https:\/\/copernicus.chmi.cz\/wp-content\/uploads\/2020\/07\/semin\u00e1\u0159-MZe_prezentace-Zlot\u00fd_CleverMaps.pdf\" class=\"customize-unpreviewable\">Vyu\u017eit\u00ed Sentinel dat v priv\u00e1tn\u00edm zem\u011bd\u011blsk\u00e9m sektoru<\/a><\/p>\n<\/div><!-- \/wp:paragraph-->\n\n<!-- wp:paragraph--><div class=\"gridContainer\">\n<p>Lucie \u0160avelkov\u00e1 (St\u00e1tn\u00ed zem\u011bd\u011blsk\u00fd interven\u010dn\u00ed fond):&nbsp;<a href=\"https:\/\/copernicus.chmi.cz\/wp-content\/uploads\/2020\/07\/semin\u00e1\u0159-MZe_prezentace-\u0160avelkov\u00e1_SZIF.pdf\" class=\"customize-unpreviewable\">Prezentace projektu CZAgri Copernicus (CZECH AGRI Copernicus Project from the user\u00b4s point of view)<\/a><\/p>\n<\/div><!-- \/wp:paragraph-->\n\n<!-- wp:paragraph--><div class=\"gridContainer\">\n<p>Petr Luke\u0161 (\u00dastav pro hospod\u00e1\u0159skou \u00fapravu les\u016f):&nbsp;<a class=\"customize-unpreviewable\" href=\"https:\/\/copernicus.chmi.cz\/wp-content\/uploads\/2020\/07\/semin\u00e1\u0159-MZe_prezentace-Luke\u0161_\u00daH\u00daL.pdf\">Potenci\u00e1l satelitn\u00edch dat Sentinel-2 pro hodnocen\u00ed zdravotn\u00edho stavu lesa<\/a><\/p>\n<\/div><!-- \/wp:paragraph-->\n\n<!-- wp:paragraph--><div class=\"gridContainer\">\n<p><\/p>\n<\/div><!-- \/wp:paragraph-->\n\n<!-- wp:paragraph--><div class=\"gridContainer\">\n<p><\/p>\n<\/div><!-- \/wp:paragraph-->\n\n<!-- wp:paragraph--><div class=\"gridContainer\">\n<p><\/p>\n<\/div><!-- \/wp:paragraph-->\n\n\n<div data-label=\"Content\" data-id=\"content--2\" data-export-id=\"content-5-materialis\" data-category=\"content\" class=\"content-5m content-section-spacing-large content-section\" id=\"content-2\" style=\"background-color: rgba(255, 255, 255, 0); background-image: none;\"><div class=\"gridContainer\"> <div class=\"row\"><div class=\"col-xs-12 col-sm-8 col-sm-offset-2 space-bottom text-center col-padding-small-xs\" data-type=\"column\"><a class=\"button null color1\" href=\"#\/\/copernicus.chmi.cz\/wp-content\/uploads\/2020\/07\/osvetovy_seminar_MZe_program.pdf\" target=\"_self\" data-cp-link=\"1\" data-icon=\"\" rel=\"noopener noreferrer\">Program semin\u00e1\u0159e<\/a> <\/div> <div class=\"col-xs-12 text-center large\" data-type=\"column\">  <a class=\"button mdc-elevation--z3 color1\" href=\"#\/\/copernicus.chmi.cz\/wp-content\/uploads\/2020\/07\/osvetovy_seminar_MZe_15_11_2016_summary_report_final.pdf\" target=\"_self\" data-cp-link=\"1\" data-icon=\"\" rel=\"noopener noreferrer\">Z\u00e1kladn\u00ed informace ze semin\u00e1\u0159e<\/a><\/div> <\/div><\/div> <\/div>\n","protected":false},"excerpt":{"rendered":"<p>Prezentace Martin Havl\u00ed\u010dek (Ministerstvo zem\u011bd\u011blstv\u00ed):&nbsp;Program Copernicus a jeho potenci\u00e1l v oblasti zem\u011bd\u011blstv\u00ed Ond\u0159ej \u0160v\u00e1b (Ministerstvo dopravy):&nbsp;Kosmick\u00e1 komponenta Copernicus, dostupnost dat Sentinel, pozemn\u00ed segment P\u0159emysl \u0160tych (P\u0159F UK Praha):&nbsp;Copernicus slu\u017eby \u2013&nbsp;&hellip;<\/p>\n","protected":false},"author":6,"featured_media":0,"parent":909,"menu_order":0,"comment_status":"closed","ping_status":"closed","template":"pro\/page-templates\/full-width-page.php","meta":{"footnotes":""},"class_list":["post-1748","page","type-page","status-publish","hentry"],"_links":{"self":[{"href":"https:\/\/copernicus.chmi.cz\/index.php\/wp-json\/wp\/v2\/pages\/1748","targetHints":{"allow":["GET"]}}],"collection":[{"href":"https:\/\/copernicus.chmi.cz\/index.php\/wp-json\/wp\/v2\/pages"}],"about":[{"href":"https:\/\/copernicus.chmi.cz\/index.php\/wp-json\/wp\/v2\/types\/page"}],"author":[{"embeddable":true,"href":"https:\/\/copernicus.chmi.cz\/index.php\/wp-json\/wp\/v2\/users\/6"}],"replies":[{"embeddable":true,"href":"https:\/\/copernicus.chmi.cz\/index.php\/wp-json\/wp\/v2\/comments?post=1748"}],"version-history":[{"count":8,"href":"https:\/\/copernicus.chmi.cz\/index.php\/wp-json\/wp\/v2\/pages\/1748\/revisions"}],"predecessor-version":[{"id":2223,"href":"https:\/\/copernicus.chmi.cz\/index.php\/wp-json\/wp\/v2\/pages\/1748\/revisions\/2223"}],"up":[{"embeddable":true,"href":"https:\/\/copernicus.chmi.cz\/index.php\/wp-json\/wp\/v2\/pages\/909"}],"wp:attachment":[{"href":"https:\/\/copernicus.chmi.cz\/index.php\/wp-json\/wp\/v2\/media?parent=1748"}],"curies":[{"name":"wp","href":"https:\/\/api.w.org\/{rel}","templated":true}]}}