

{"id":16,"date":"2020-05-06T12:36:27","date_gmt":"2020-05-06T10:36:27","guid":{"rendered":"https:\/\/copernicus.chmi.cz\/?page_id=16"},"modified":"2020-11-18T13:54:03","modified_gmt":"2020-11-18T12:54:03","slug":"sluzby","status":"publish","type":"page","link":"https:\/\/copernicus.chmi.cz\/index.php\/o-copernicu\/infrastruktura\/sluzby\/","title":{"rendered":"Slu\u017eby"},"content":{"rendered":"<div class=\"breadcrumbs align  wp-block-bcn-breadcrumb-trail has-text-color has-background\" vocab=\"https:\/\/schema.org\/\" typeof=\"BreadcrumbList\">\n\t<span><\/span>\n\t<span property=\"itemListElement\" typeof=\"ListItem\"><a property=\"item\" typeof=\"WebPage\" title=\"P\u0159ej\u00edt na Copernicus CR.\" href=\"https:\/\/copernicus.chmi.cz\" class=\"home\" ><span property=\"name\">Copernicus CR<\/span><\/a><meta property=\"position\" content=\"1\"><\/span> &gt; <span property=\"itemListElement\" typeof=\"ListItem\"><a property=\"item\" typeof=\"WebPage\" title=\"P\u0159ej\u00edt na Novinky.\" href=\"https:\/\/copernicus.chmi.cz\/index.php\/novinky\/\" class=\"post post-page\" ><span property=\"name\">Novinky<\/span><\/a><meta property=\"position\" content=\"2\"><\/span> &gt; <span property=\"itemListElement\" typeof=\"ListItem\"><a property=\"item\" typeof=\"WebPage\" title=\"P\u0159ej\u00edt na Blog.\" href=\"https:\/\/copernicus.chmi.cz\/index.php\/novinky\/blog\/\" class=\"post-root post post-post\" aria-current=\"page\"><span property=\"name\">Blog<\/span><\/a><meta property=\"position\" content=\"3\"><\/span><\/div>\n\n\n\n<div data-label=\"Content\" data-id=\"content--1\" data-export-id=\"content-5-materialis\" data-category=\"content\" class=\"content-5m content-section-spacing-large content-section dark-text\" id=\"content-1\" style=\"background-color: rgba(255, 255, 255, 0); background-image: none;\"><div class=\"gridContainer\"> <div class=\"row\"><div class=\"col-xs-12 col-sm-8 col-sm-offset-2 space-bottom text-center col-padding-small-xs\" data-type=\"column\"> <\/div> <div class=\"col-xs-12 text-center large\" data-type=\"column\"><h2 class=\"space-bottom\">Slu\u017eby programu Copernicus<\/h2> <p class=\"lead\" style=\"text-align: justify;\">Slu\u017eby programu Copernicus jsou vytv\u00e1\u0159eny na z\u00e1klad\u011b&nbsp;<a href=\"https:\/\/copernicus.chmi.cz\/index.php\/kosmicka-komponenta\" target=\"_blank\" data-mce-selected=\"inline-boundary\" rel=\"noopener noreferrer\"> dru\u017eicov\u00fdch dat&nbsp;<\/a>a&nbsp;<a href=\"https:\/\/copernicus.chmi.cz\/index.php\/in-situ-komponenta\" target=\"_blank\" data-mce-selected=\"inline-boundary\" rel=\"noopener noreferrer\"> pozemn\u00edch m\u011b\u0159en\u00ed&nbsp;<\/a>(tzv. in-situ data). Slu\u017eby transformuj\u00ed z\u00edskan\u00e1 data na informace nebo produkty, kter\u00e9 jsou aplikovateln\u00e9 v&nbsp;nejr\u016fzn\u011bj\u0161\u00edch oblastech. Data jsou zpracov\u00e1na, analyzov\u00e1na, integrov\u00e1na do dal\u0161\u00edch zdroj\u016f a n\u00e1sledn\u011b ov\u011b\u0159ov\u00e1na. Soubory dat jsou archivov\u00e1ny a postupn\u011b upravov\u00e1ny tak, aby byly kompatibiln\u00ed a lehce vyhledateln\u00e9, co\u017e umo\u017e\u0148uje jejich ov\u011b\u0159ov\u00e1n\u00ed, porovn\u00e1v\u00e1n\u00ed v pr\u016fb\u011bhu \u010dasu, pozorov\u00e1n\u00ed zm\u011bn a hled\u00e1n\u00ed souvislost\u00ed. Je tak mo\u017en\u00e9 z\u00edskat velice p\u0159esn\u00e9 p\u0159edpov\u011bdi a modely.<br>\nV\u00fd\u0161e popsan\u00fdm \u00fakon\u016fm, kter\u00e9 zvy\u0161uj\u00ed hodnotu dat a m\u011bn\u00ed je na cenn\u00e9 informace, se v\u011bnuj\u00ed jednotliv\u00e9 slu\u017eby programu Copernicus, kter\u00e9 pokr\u00fdvaj\u00ed \u0161est hlavn\u00edch tematick\u00fdch oblast\u00ed.<\/p> <\/div> <\/div><\/div> <\/div>\n\n\n\n<div data-label=\"Portfolio\" data-id=\"portfolio--2\" data-export-id=\"portfolio-6\" data-category=\"portfolio\" class=\"portfolio-6 content-section content-section-spacing-large\" id=\"portfolio-2\" style=\"background-color: rgba(255, 255, 255, 0); background-image: none;\"><div class=\"gridContainer\"> <div class=\"row text-center\"><div class=\"section-title-col\" data-type=\"column\"> <h2 class=\"\">Slu\u017eby<\/h2> <\/div> <\/div> <div class=\"row space-bottom spaced-cols\" data-type=\"row\"> <div class=\"col-xs-12 col-sm-4 text-center\"> <div class=\"card mdc-elevation--z3 no-padding \"> <div data-hover-fx=\"portfolio-5\" class=\"contentswap-effect contentswap-overlay\" style=\"float: none; margin: 0px; width: 100%;\"> <div class=\"initial-image\" style=\"float: none; margin: 0px;\"> <img decoding=\"async\" data-size=\"381x254\" src=\"https:\/\/copernicus.chmi.cz\/wp-content\/uploads\/2020\/05\/cropped-sandro-mattei-SLmVVwfH9Ig-unsplash-9.jpg\"><\/div> <div class=\"overlay bg-color8\" style=\"display: block; transition: opacity 800ms ease 0s; -webkit-transition-timing-function: ease; -moz-transition-timing-function: ease; -o-transition-timing-function: ease; transition-timing-function: ease;\"><\/div> <div class=\"swap-inner col-xs-12\" style=\"display: block; transition: all 800ms ease 0s; background-color: rgba(0, 0, 0, 0); margin-top: 0px;\"> <div class=\"row full-height-row middle-xs middle-sm\"> <div class=\"col-xs-12 text-center content-holder\" data-preview-empty=\"1\"> <a href=\"https:\/\/copernicus.chmi.cz\/index.php\/uzemi\" target=\"_self\" rel=\"noopener noreferrer\"><i class=\"mdi icon portfolio-icon mdi-magnify color7\" aria-hidden=\"true\"><\/i><\/a><\/div> <\/div><\/div> <\/div> <div class=\"col-padding col-xs-12\" data-type=\"column\"> <h4 class=\"\">\u00dazem\u00ed<\/h4> <a class=\"link\" href=\"https:\/\/copernicus.chmi.cz\/index.php\/uzemi\" target=\"_self\" data-cp-link=\"1\" rel=\"noopener noreferrer\">V\u00edce informac\u00ed \u25ba<\/a><\/div> <\/div><\/div> <div class=\"col-xs-12 col-sm-4 text-center\"><div class=\"card mdc-elevation--z3 no-padding \"> <div data-hover-fx=\"portfolio-5\" class=\"contentswap-effect contentswap-overlay\" style=\"float: none; margin: 0px; width: 100%;\"><div class=\"initial-image\" style=\"float: none; margin: 0px;\"> <img decoding=\"async\" data-size=\"381x254\" src=\"https:\/\/copernicus.chmi.cz\/wp-content\/uploads\/2020\/05\/cropped-actionvance-t7EL2iG3jMc-unsplash-1-scaled-9.jpg\"><\/div> <div class=\"overlay bg-color8\" style=\"display: block; transition: opacity 800ms ease 0s; -webkit-transition-timing-function: ease; -moz-transition-timing-function: ease; -o-transition-timing-function: ease; transition-timing-function: ease;\"><\/div> <div class=\"swap-inner col-xs-12\" style=\"display: block; transition: all 800ms ease 0s; background-color: rgba(0, 0, 0, 0); margin-top: 0px;\"> <div class=\"row full-height-row middle-xs middle-sm\"> <div class=\"col-xs-12 text-center content-holder\" data-preview-empty=\"1\"> <a href=\"https:\/\/copernicus.chmi.cz\/index.php\/sluzba-programu-copernicus-pro-monitorovani-atmosfery\" target=\"_self\" rel=\"noopener noreferrer\"><i class=\"mdi icon portfolio-icon mdi-magnify color7\" aria-hidden=\"true\"><\/i><\/a><\/div> <\/div><\/div> <\/div> <div class=\"col-padding col-xs-12\" data-type=\"column\"> <h4 class=\"\">Atmosf\u00e9ra<\/h4> <a class=\"link\" href=\"https:\/\/copernicus.chmi.cz\/index.php\/sluzba-programu-copernicus-pro-monitorovani-atmosfery\" target=\"_self\" data-cp-link=\"1\" rel=\"noopener noreferrer\">V\u00edce informac\u00ed \u25ba<\/a><\/div> <\/div><\/div> <div class=\"col-xs-12 col-sm-4 text-center\"><div class=\"card mdc-elevation--z3 no-padding \"> <div data-hover-fx=\"portfolio-5\" class=\"contentswap-effect contentswap-overlay\" style=\"float: none; margin: 0px; width: 100%;\"><div class=\"initial-image\" style=\"float: none; margin: 0px;\"> <img decoding=\"async\" data-size=\"381x254\" src=\"https:\/\/copernicus.chmi.cz\/wp-content\/uploads\/2020\/05\/cropped-justin-campbell-FacLsqkeX4w-unsplash-1-4.jpg\"><\/div> <div class=\"overlay bg-color8\" style=\"display: block; transition: opacity 800ms ease 0s; -webkit-transition-timing-function: ease; -moz-transition-timing-function: ease; -o-transition-timing-function: ease; transition-timing-function: ease;\"><\/div> <div class=\"swap-inner col-xs-12\" style=\"display: block; transition: all 800ms ease 0s; background-color: rgba(0, 0, 0, 0); margin-top: 0px;\"> <div class=\"row full-height-row middle-xs middle-sm\"> <div class=\"col-xs-12 text-center content-holder\" data-preview-empty=\"1\"> <a href=\"https:\/\/copernicus.chmi.cz\/index.php\/bezpecnost\" target=\"_self\" rel=\"noopener noreferrer\"><i class=\"mdi icon portfolio-icon mdi-magnify color7\" aria-hidden=\"true\"><\/i><\/a><\/div> <\/div><\/div> <\/div> <div class=\"col-padding col-xs-12\" data-type=\"column\"> <h4 class=\"\">Bezpe\u010dnost<\/h4> <a class=\"link\" href=\"https:\/\/copernicus.chmi.cz\/index.php\/bezpecnost\" target=\"_self\" data-cp-link=\"1\" rel=\"noopener noreferrer\">V\u00edce informac\u00ed \u25ba<\/a><\/div> <\/div><\/div> <div class=\"col-xs-12 col-sm-4 text-center\"> <div class=\"card mdc-elevation--z3 no-padding \"> <div data-hover-fx=\"portfolio-5\" class=\"contentswap-effect contentswap-overlay\" style=\"float: none; margin: 0px; width: 100%;\"> <div class=\"initial-image\" style=\"float: none; margin: 0px;\"> <img decoding=\"async\" data-size=\"381x254\" src=\"https:\/\/copernicus.chmi.cz\/wp-content\/uploads\/2020\/05\/cropped-cassie-matias-VSGEH7tKiUg-unsplash-scaled-10.jpg\"><\/div> <div class=\"overlay bg-color8\" style=\"display: block; transition: opacity 800ms ease 0s; -webkit-transition-timing-function: ease; -moz-transition-timing-function: ease; -o-transition-timing-function: ease; transition-timing-function: ease;\"><\/div> <div class=\"swap-inner col-xs-12\" style=\"display: block; transition: all 800ms ease 0s; background-color: rgba(0, 0, 0, 0); margin-top: 0px;\"> <div class=\"row full-height-row middle-xs middle-sm\"> <div class=\"col-xs-12 text-center content-holder\"> <a href=\"https:\/\/copernicus.chmi.cz\/index.php\/klimaticke-zmeny\" target=\"_self\" rel=\"noopener noreferrer\"><i class=\"mdi icon portfolio-icon mdi-magnify color7\" aria-hidden=\"true\"><\/i><\/a><\/div> <\/div><\/div> <\/div> <div class=\"col-padding col-xs-12\" data-type=\"column\"> <h4 class=\"\">Klimatick\u00e9 zm\u011bny<\/h4> <a class=\"link\" href=\"https:\/\/copernicus.chmi.cz\/index.php\/klimaticke-zmeny\" target=\"_self\" data-cp-link=\"1\" rel=\"noopener noreferrer\">V\u00edce informac\u00ed \u25ba<\/a><\/div> <\/div><\/div><div class=\"col-xs-12 col-sm-4 text-center\"> <div class=\"card mdc-elevation--z3 no-padding \"> <div data-hover-fx=\"portfolio-5\" class=\"contentswap-effect contentswap-overlay\" style=\"float: none; margin: 0px; width: 100%;\"> <div class=\"initial-image\" style=\"float: none; margin: 0px;\"> <img decoding=\"async\" data-size=\"381x254\" src=\"https:\/\/copernicus.chmi.cz\/wp-content\/uploads\/2020\/05\/cropped-kelly-sikkema-_whs7FPfkwQ-unsplash-scaled-7.jpg\"><\/div> <div class=\"overlay bg-color8\" style=\"display: block; transition: opacity 800ms ease 0s; -webkit-transition-timing-function: ease; -moz-transition-timing-function: ease; -o-transition-timing-function: ease; transition-timing-function: ease;\"><\/div> <div class=\"swap-inner col-xs-12\" style=\"display: block; transition: all 800ms ease 0s; background-color: rgba(0, 0, 0, 0); margin-top: 0px;\"> <div class=\"row full-height-row middle-xs middle-sm\"> <div class=\"col-xs-12 text-center content-holder\"> <a href=\"https:\/\/copernicus.chmi.cz\/index.php\/krizove-rizeni\" target=\"_self\" rel=\"noopener noreferrer\"><i class=\"mdi icon portfolio-icon mdi-magnify color7\" aria-hidden=\"true\"><\/i><\/a><\/div> <\/div><\/div> <\/div> <div class=\"col-padding col-xs-12\" data-type=\"column\"> <h4 class=\"\">Krizov\u00e9 \u0159\u00edzen\u00ed<\/h4> <a class=\"link\" href=\"https:\/\/copernicus.chmi.cz\/index.php\/krizove-rizeni\" target=\"_self\" data-cp-link=\"1\" rel=\"noopener noreferrer\">V\u00edce informac\u00ed \u25ba<\/a><\/div> <\/div><\/div><div class=\"col-xs-12 col-sm-4 text-center\"> <div class=\"card mdc-elevation--z3 no-padding \"> <div data-hover-fx=\"portfolio-5\" class=\"contentswap-effect contentswap-overlay\" style=\"float: none; margin: 0px; width: 100%;\"> <div class=\"initial-image\" style=\"float: none; margin: 0px;\"> <img decoding=\"async\" data-size=\"381x254\" src=\"https:\/\/copernicus.chmi.cz\/wp-content\/uploads\/2020\/05\/cropped-willian-justen-de-vasconcellos-nlKZC_YlQtc-unsplash-scaled-8.jpg\"><\/div> <div class=\"overlay bg-color8\" style=\"display: block; transition: opacity 800ms ease 0s; -webkit-transition-timing-function: ease; -moz-transition-timing-function: ease; -o-transition-timing-function: ease; transition-timing-function: ease;\"><\/div> <div class=\"swap-inner col-xs-12\" style=\"display: block; transition: all 800ms ease 0s; background-color: rgba(0, 0, 0, 0); margin-top: 0px;\"> <div class=\"row full-height-row middle-xs middle-sm\"> <div class=\"col-xs-12 text-center content-holder\"> <a href=\"https:\/\/copernicus.chmi.cz\/index.php\/morske-prostredi\" target=\"_self\" rel=\"noopener noreferrer\"><i class=\"mdi icon portfolio-icon mdi-magnify color7\" aria-hidden=\"true\"><\/i><\/a><\/div> <\/div><\/div> <\/div> <div class=\"col-padding col-xs-12\" data-type=\"column\"> <h4 class=\"\">Mo\u0159sk\u00e9 prost\u0159ed\u00ed<\/h4> <a class=\"link\" href=\"https:\/\/copernicus.chmi.cz\/index.php\/morske-prostredi\" target=\"_self\" data-cp-link=\"1\" rel=\"noopener noreferrer\">V\u00edce informac\u00ed \u25ba<\/a><\/div> <\/div><\/div><\/div> <div class=\"row\"> <div data-type=\"column\" class=\"col-xs-12 text-center\"> <\/div> <\/div><\/div> <\/div>\n","protected":false},"excerpt":{"rendered":"","protected":false},"author":6,"featured_media":0,"parent":197,"menu_order":0,"comment_status":"closed","ping_status":"closed","template":"pro\/page-templates\/full-width-page.php","meta":{"footnotes":""},"class_list":["post-16","page","type-page","status-publish","hentry"],"_links":{"self":[{"href":"https:\/\/copernicus.chmi.cz\/index.php\/wp-json\/wp\/v2\/pages\/16","targetHints":{"allow":["GET"]}}],"collection":[{"href":"https:\/\/copernicus.chmi.cz\/index.php\/wp-json\/wp\/v2\/pages"}],"about":[{"href":"https:\/\/copernicus.chmi.cz\/index.php\/wp-json\/wp\/v2\/types\/page"}],"author":[{"embeddable":true,"href":"https:\/\/copernicus.chmi.cz\/index.php\/wp-json\/wp\/v2\/users\/6"}],"replies":[{"embeddable":true,"href":"https:\/\/copernicus.chmi.cz\/index.php\/wp-json\/wp\/v2\/comments?post=16"}],"version-history":[{"count":20,"href":"https:\/\/copernicus.chmi.cz\/index.php\/wp-json\/wp\/v2\/pages\/16\/revisions"}],"predecessor-version":[{"id":2232,"href":"https:\/\/copernicus.chmi.cz\/index.php\/wp-json\/wp\/v2\/pages\/16\/revisions\/2232"}],"up":[{"embeddable":true,"href":"https:\/\/copernicus.chmi.cz\/index.php\/wp-json\/wp\/v2\/pages\/197"}],"wp:attachment":[{"href":"https:\/\/copernicus.chmi.cz\/index.php\/wp-json\/wp\/v2\/media?parent=16"}],"curies":[{"name":"wp","href":"https:\/\/api.w.org\/{rel}","templated":true}]}}