

{"id":1456,"date":"2020-07-22T16:03:22","date_gmt":"2020-07-22T14:03:22","guid":{"rendered":"https:\/\/copernicus.chmi.cz\/?page_id=1456"},"modified":"2020-11-18T11:25:36","modified_gmt":"2020-11-18T10:25:36","slug":"konvencni-uloziste-pro-pristup-k-datum","status":"publish","type":"page","link":"https:\/\/copernicus.chmi.cz\/index.php\/pristup-k-datum\/konvencni-uloziste-pro-pristup-k-datum\/","title":{"rendered":"Konven\u010dn\u00ed \u00falo\u017ei\u0161t\u011b pro p\u0159\u00edstup k dat\u016fm"},"content":{"rendered":"<div class=\"breadcrumbs align  wp-block-bcn-breadcrumb-trail has-text-color has-background\" vocab=\"https:\/\/schema.org\/\" typeof=\"BreadcrumbList\">\n\t<span><\/span>\n\t<span property=\"itemListElement\" typeof=\"ListItem\"><a property=\"item\" typeof=\"WebPage\" title=\"P\u0159ej\u00edt na Copernicus CR.\" href=\"https:\/\/copernicus.chmi.cz\" class=\"home\" ><span property=\"name\">Copernicus CR<\/span><\/a><meta property=\"position\" content=\"1\"><\/span> &gt; <span property=\"itemListElement\" typeof=\"ListItem\"><a property=\"item\" typeof=\"WebPage\" title=\"P\u0159ej\u00edt na Novinky.\" href=\"https:\/\/copernicus.chmi.cz\/index.php\/novinky\/\" class=\"post post-page\" ><span property=\"name\">Novinky<\/span><\/a><meta property=\"position\" content=\"2\"><\/span> &gt; <span property=\"itemListElement\" typeof=\"ListItem\"><a property=\"item\" typeof=\"WebPage\" title=\"P\u0159ej\u00edt na Blog.\" href=\"https:\/\/copernicus.chmi.cz\/index.php\/novinky\/blog\/\" class=\"post-root post post-post\" aria-current=\"page\"><span property=\"name\">Blog<\/span><\/a><meta property=\"position\" content=\"3\"><\/span><\/div>\n\n\n\n<div data-label=\"Content\" data-id=\"content--1\" data-export-id=\"content-6-materialis\" data-category=\"content\" class=\"content-6m content-section-spacing-large content-section dark-text\" id=\"content-1\" style=\"background-color: rgb(255, 255, 255);\"><div class=\"gridContainer\"> <div class=\"row\"><div class=\"section-title-col large\" data-type=\"column\"> <h2 class=\"space-bottom\">Konven\u010dn\u00ed ulo\u017ei\u0161t\u011b pro p\u0159\u00edstup k dat\u016fm\n<br>\n<\/h2> <h4 class=\"\" style=\"text-align: left;\">P\u0159\u00edstupov\u00e9 body k dat\u016fm z dru\u017eic Sentinel pod spr\u00e1vou agentury ESA:<\/h4><p class=\"\" style=\"text-align: left;\"><span><b>\u00dalo\u017ei\u0161t\u011b Copernicus s otev\u0159en\u00fdm p\u0159\u00edstupem<\/b><\/span><\/p><p class=\"\" style=\"text-align: justify;\"><span style=\"font-weight: 300;\">Tento port\u00e1l, d\u0159\u00edve zn\u00e1m\u00fd jako v\u011bdeck\u00e9 \u00falo\u017ei\u0161t\u011b dat z dru\u017eic Sentinel, poskytuje p\u0159\u00edstup k dat\u016fm z dru\u017eic Sentinel prost\u0159ednictv\u00edm dvou r\u016fzn\u00fdch typ\u016f rozhran\u00ed: interaktivn\u00edho grafick\u00e9ho rozhran\u00ed a rozhran\u00ed API.  Ob\u011b tato rozhran\u00ed umo\u017e\u0148uj\u00ed u\u017eivatel\u016fm nastavit r\u016fzn\u00e9 parametry (geografickou oblast, \u010das, typ produktu apod.) za \u00fa\u010delem up\u0159esn\u011bn\u00ed vyhled\u00e1v\u00e1n\u00ed v archivu produkt\u016f.<\/span><br><span style=\"font-weight: 300;\">\nTento port\u00e1l bude rovn\u011b\u017e poskytovat p\u0159\u00edstup k dat\u016fm vytvo\u0159en\u00fdm budouc\u00edmi misemi Sentinel, a\u017e budou k dispozici.<\/span><\/p><a class=\"button null big mdc-elevation--z3 color1 mdc-ripple-upgraded\" href=\"\/\/scihub.copernicus.eu\" target=\"_self\" data-cp-link=\"1\" data-icon=\"\" rel=\"noopener noreferrer\">SCI hub<\/a><p class=\"\" style=\"text-align: left;\"><span><b>\n<br>\n<br>Spolupracuj\u00edc\u00ed pozemn\u00ed segment Sentinel<\/b><\/span><\/p><p class=\"\" style=\"text-align: justify;\"><span style=\"font-weight: 300;\">Spolupracuj\u00edc\u00ed pozemn\u00ed segment Sentinel (tzv. Sentinel Collaborative Ground Segment, CollGS) je iniciativou Evropsk\u00e9 kosmick\u00e9 agentury (ESA) k pos\u00edlen\u00ed robustnosti pozemn\u00edho segmentu dru\u017eic Sentinel za \u00fa\u010delem maxim\u00e1ln\u00edho mo\u017en\u00e9ho vyu\u017eit\u00ed dat (dru\u017eicov\u00fdch sn\u00edmk\u016f), kter\u00e9 budou tyto dru\u017eice poskytovat. Dru\u017eice Sentinel jsou pak p\u00e1te\u0159n\u00ed sou\u010d\u00e1st\u00ed evropsk\u00e9ho programu Copernicus pro monitorov\u00e1n\u00ed \u017eivotn\u00edho prost\u0159ed\u00ed a bezpe\u010dnosti, jeho\u017e c\u00edlem je poskytov\u00e1n\u00ed v\u010dasn\u00fdch a p\u0159esn\u00fdch informac\u00ed pro podporu rozhodov\u00e1n\u00ed v t\u011bchto oblastech.<\/span><\/p><a class=\"button null mdc-ripple-upgraded big mdc-elevation--z3 color1\" href=\"https:\/\/collgs.czechspaceportal.cz\" target=\"_self\" data-cp-link=\"1\" data-icon=\"\" rel=\"noopener noreferrer\">CollGS<\/a><\/div> <\/div> <div class=\"row\"> <div class=\"col-xs-12 col-sm-8 col-sm-offset-2 space-bottom text-center\" data-type=\"column\"> <\/div> <div class=\"col-xs-12 space-top text-center\" data-type=\"column\"><\/div> <\/div><\/div> <\/div>\n\n\n\n<div data-label=\"Content\" data-id=\"content--1\" data-export-id=\"content-6-materialis\" data-category=\"content\" class=\"content-6m content-section-spacing-large content-section dark-text\" id=\"content-1\" style=\"background-color: rgb(255, 255, 255);\"><div class=\"gridContainer\"> <div class=\"row\"><div class=\"section-title-col large\" data-type=\"column\">  <p class=\"\" style=\"text-align: left;\"><span><b>\n<br>\n<br>P\u0159\u00edstup k dat\u016fm kosmick\u00e9 slo\u017eky programu Copernicus (CSCDA)<\/b><\/span><\/p><p class=\"\" style=\"text-align: justify;\"><span style=\"font-weight: 300;\">Tento port\u00e1l poskytuje p\u0159\u00edstup k p\u0159isp\u011bvatelsk\u00fdm mis\u00edm, kter\u00e9 jsou programu Copernicus poskytov\u00e1ny za obchodn\u00edch podm\u00ednek, a proto je podle licen\u010dn\u00edch pr\u00e1v pr\u00e1vo na p\u0159\u00edstup k t\u011bmto \u00fadaj\u016fm a na jejich stahov\u00e1n\u00ed omezeno na ve\u0159ejn\u00e9 org\u00e1ny, evropsk\u00e9 projekty a slu\u017eby programu Copernicus.<\/span><\/p><a class=\"button null big mdc-elevation--z3 color1 mdc-ripple-upgraded\" href=\"\/\/spacedata.copernicus.eu\/web\/cscda\/home\" target=\"_self\" data-cp-link=\"1\" data-icon=\"\" rel=\"noopener noreferrer\">CSCDA<\/a><p class=\"\" style=\"text-align: left;\">\n<br>\n<br>\n<br>Dva p\u0159\u00edstupov\u00e9 body k dat\u016fm z dru\u017eic Sentinel \u0159\u00edd\u00ed organizace EUMETSAT:<\/p><p class=\"\" style=\"text-align: left;\"><b>EUMETCast<\/b><\/p><p class=\"\" style=\"text-align: justify;\"><span style=\"font-weight: 300;\">Prost\u0159ednictv\u00edm EUMETCastu lze distribuovat ve\u0161ker\u00e1 data o \u017eivotn\u00edm prost\u0159ed\u00ed v jak\u00e9mkoli form\u00e1tu. Tato platforma poskytuje p\u0159es 380 r\u016fzn\u00fdch soubor\u016f produkt\u016f v\u010detn\u011b vlastn\u00edch dru\u017eicov\u00fdch dat EUMETSATu, \u00fadaj\u016f programu Copernicus o mo\u0159sk\u00e9m prost\u0159ed\u00ed a atmosf\u00e9\u0159e a \u0161irokou nab\u00eddku produkt\u016f t\u0159et\u00edch stran.<\/span><\/p><a class=\"button null big color1 mdc-ripple-upgraded\" href=\"\/\/www.eumetsat.int\/website\/home\/Data\/DataDelivery\/EUMETCast\/index.html\" target=\"_self\" data-cp-link=\"1\" data-icon=\"\" rel=\"noopener noreferrer\">EUMETCast<\/a><p class=\"\" style=\"text-align: left;\"><b>\n<br>\n<br>\n<br>P\u0159\u00edstup k dat\u016fm online programu Copernicus (CODA)<\/b><\/p><p class=\"\" style=\"text-align: justify;\"><span style=\"font-weight: 300;\">Webov\u00e1 slu\u017eba Sentinel-3 CODA (p\u0159\u00edstup k dat\u016fm online programu Copernicus) poskytuje bezplatn\u00fd a otev\u0159en\u00fd p\u0159\u00edstup k produkt\u016fm mise Sentinel-3 prost\u0159ednictv\u00edm dvan\u00e1ctim\u011bs\u00ed\u010dn\u00edho pr\u016fb\u011b\u017en\u011b aktualizovan\u00e9ho archivu s p\u0159\u00edstupem k \u00fadaj\u016fm o mo\u0159sk\u00e9m prost\u0159ed\u00ed na \u00farovni 1 a na \u00farovni 2 s r\u016fznou dobou odezvy (v t\u00e9m\u011b\u0159 re\u00e1ln\u00e9m \u010dase, v kr\u00e1tk\u00e9m kritick\u00e9m \u010dase, z hlediska \u010dasu nekritick\u00e9). P\u0159\u00edstup je poskytov\u00e1n bu\u010f prost\u0159ednictv\u00edm u\u017eivatelsk\u00e9ho rozhran\u00ed CODA nebo prost\u0159ednictv\u00edm rozhran\u00ed API CODA.  Jak u\u017eivatelsk\u00e1 rozhran\u00ed, tak rozhran\u00ed API umo\u017e\u0148uj\u00ed u\u017eivatel\u016fm nastavit r\u016fzn\u00e9 parametry (geografickou oblast, \u010das, typ produktu apod.) za \u00fa\u010delem up\u0159esn\u011bn\u00ed jejich vyhled\u00e1v\u00e1n\u00ed v archivu produkt\u016f. V p\u0159\u00edpad\u011b, \u017ee u\u017eivatel\u00e9 pot\u0159ebuj\u00ed data star\u0161\u00ed ne\u017e jeden rok, mohou vyu\u017e\u00edt datov\u00e9 centrum EUMETSAT.<\/span><\/p><a class=\"button null mdc-ripple-upgraded big color1\" href=\"https:\/\/coda.eumetsat.int\/#\/home\" target=\"_self\" data-cp-link=\"1\" data-icon=\"\" rel=\"noopener noreferrer\">CODA<\/a><\/div> <\/div> <div class=\"row\"> <div class=\"col-xs-12 col-sm-8 col-sm-offset-2 space-bottom text-center\" data-type=\"column\"> <img decoding=\"async\" class=\"mdc-elevation--z13 rounded\" src=\"https:\/\/copernicus.chmi.cz\/wp-content\/uploads\/2020\/07\/konven\u010dn\u00ed-ulo\u017eist\u0161-2020-07-23-092812.png\"><\/div> <div class=\"col-xs-12 space-top text-center\" data-type=\"column\"><\/div> <\/div><\/div> <\/div>\n\n\n\n<div data-label=\"Content\" data-id=\"content--1\" data-export-id=\"content-6-materialis\" data-category=\"content\" class=\"content-6m content-section-spacing-large content-section dark-text\" id=\"content-1\" style=\"background-color: rgb(255, 255, 255);\"><div class=\"gridContainer\"> <div class=\"row\"><div class=\"section-title-col large\" data-type=\"column\">  <\/div> <\/div> <div class=\"row\"> <div class=\"col-xs-12 col-sm-8 col-sm-offset-2 space-bottom text-center\" data-type=\"column\"> <\/div> <div class=\"col-xs-12 space-top text-center\" data-type=\"column\"><\/div> <\/div><\/div> <\/div>\n\n\n\n<div data-label=\"Content\" data-id=\"content--2\" data-export-id=\"content-5-materialis\" data-category=\"content\" class=\"content-5m content-section-spacing-large content-section\" id=\"content-2\" style=\"background-color: rgba(255, 255, 255, 0); background-image: none;\"><div class=\"gridContainer\"> <div class=\"row\"><div class=\"col-xs-12 col-sm-8 col-sm-offset-2 space-bottom text-center col-padding-small-xs\" data-type=\"column\"> <\/div> <div class=\"col-xs-12 text-center large\" data-type=\"column\"><h2 class=\"space-bottom\">Informace a produkty z jednotliv\u00fdch slu\u017eeb<\/h2>  <\/div> <\/div><\/div> <\/div>\n\n\n\n<div data-label=\"Overlappable\" data-id=\"overlappable--1\" data-export-id=\"overlappable-4\" data-category=\"overlappable\" class=\"overlappable-4 content-section content-section-spacing-large\" data-overlap=\"true\" id=\"overlappable-1\" style=\"background-color: rgb(255, 255, 255);\"><div class=\"gridContainer\"> <div data-type=\"row\" class=\"row spaced-cols text-center\"><div class=\"col-xs-12 col-sm-4 col-md-2 \"> <i class=\"mdi icon aligncenter mdi-elevation-decline reverse round big color1\"><\/i> <div data-type=\"column\" class=\"\">  <a class=\"button null color1 outline mdc-ripple-upgraded\" href=\"\/\/land.copernicus.eu\/product-portfolio\/overview\" target=\"_self\" data-cp-link=\"1\" data-icon=\"\" rel=\"noopener noreferrer\">\u00dazem\u00ed<\/a><\/div> <\/div> <div class=\"col-xs-12 col-sm-4 col-md-2 \"> <i class=\"mdi icon aligncenter mdi-weather-cloudy reverse round big color1\"><\/i> <div data-type=\"column\" class=\"\"> <a class=\"button null color1 outline mdc-ripple-upgraded\" href=\"\/\/atmosphere.copernicus.eu\" target=\"_self\" data-cp-link=\"1\" data-icon=\"\" rel=\"noopener noreferrer\">Atmosf\u00e9ra<\/a><\/div> <\/div> <div class=\"col-xs-12 col-sm-4 col-md-2 \"> <i class=\"mdi icon aligncenter mdi-earth reverse round big color1\"><\/i> <div data-type=\"column\" class=\"\"> <a class=\"button null mdc-ripple-upgraded color1 outline\" href=\"\/\/climate.copernicus.eu\" target=\"_self\" data-cp-link=\"1\" data-icon=\"\" rel=\"noopener noreferrer\">Zm\u011bna klimatu<\/a><\/div> <\/div><div class=\"col-xs-12 col-sm-4 col-md-2 \"> <i class=\"mdi icon aligncenter mdi-alert reverse round big color1\"><\/i> <div data-type=\"column\" class=\"\">  <a class=\"button null color1 outline mdc-ripple-upgraded\" href=\"\/\/emergency.copernicus.eu\" target=\"_self\" data-cp-link=\"1\" data-icon=\"\" rel=\"noopener noreferrer\">Krizov\u00e9 \u0159\u00edzen\u00ed<\/a><\/div> <\/div><div class=\"col-xs-12 col-sm-4 col-md-2 \"> <i class=\"mdi icon aligncenter mdi-shield-outline reverse round big color1\"><\/i> <div data-type=\"column\" class=\"\">  <a class=\"button null color1 outline mdc-ripple-upgraded\" href=\"https:\/\/copernicus.chmi.cz\/index.php\/bezpecnost\" target=\"_self\" data-cp-link=\"1\" data-icon=\"\" rel=\"noopener noreferrer\">Bezpe\u010dnost<\/a><\/div> <\/div><div class=\"col-xs-12 col-sm-4 col-md-2 \"> <i class=\"mdi icon aligncenter mdi-waves reverse round big color1\"><\/i> <div data-type=\"column\" class=\"\">  <a class=\"button null color1 outline mdc-ripple-upgraded\" href=\"\/\/marine.copernicus.eu\" target=\"_self\" data-cp-link=\"1\" data-icon=\"\" rel=\"noopener noreferrer\">Mo\u0159sk\u00e9 prost\u0159ed\u00ed<\/a><\/div> <\/div><\/div> <\/div><\/div>\n\n\n<p><!-- CloudPress Companion Preview Data START --><\/p>\n\n<!-- wp:paragraph--><div class=\"gridContainer\">\n<p><\/p>\n<\/div><!-- \/wp:paragraph-->","protected":false},"excerpt":{"rendered":"","protected":false},"author":6,"featured_media":0,"parent":18,"menu_order":0,"comment_status":"closed","ping_status":"closed","template":"pro\/page-templates\/full-width-page.php","meta":{"footnotes":""},"class_list":["post-1456","page","type-page","status-publish","hentry"],"_links":{"self":[{"href":"https:\/\/copernicus.chmi.cz\/index.php\/wp-json\/wp\/v2\/pages\/1456","targetHints":{"allow":["GET"]}}],"collection":[{"href":"https:\/\/copernicus.chmi.cz\/index.php\/wp-json\/wp\/v2\/pages"}],"about":[{"href":"https:\/\/copernicus.chmi.cz\/index.php\/wp-json\/wp\/v2\/types\/page"}],"author":[{"embeddable":true,"href":"https:\/\/copernicus.chmi.cz\/index.php\/wp-json\/wp\/v2\/users\/6"}],"replies":[{"embeddable":true,"href":"https:\/\/copernicus.chmi.cz\/index.php\/wp-json\/wp\/v2\/comments?post=1456"}],"version-history":[{"count":20,"href":"https:\/\/copernicus.chmi.cz\/index.php\/wp-json\/wp\/v2\/pages\/1456\/revisions"}],"predecessor-version":[{"id":2226,"href":"https:\/\/copernicus.chmi.cz\/index.php\/wp-json\/wp\/v2\/pages\/1456\/revisions\/2226"}],"up":[{"embeddable":true,"href":"https:\/\/copernicus.chmi.cz\/index.php\/wp-json\/wp\/v2\/pages\/18"}],"wp:attachment":[{"href":"https:\/\/copernicus.chmi.cz\/index.php\/wp-json\/wp\/v2\/media?parent=1456"}],"curies":[{"name":"wp","href":"https:\/\/api.w.org\/{rel}","templated":true}]}}