

{"id":1412,"date":"2020-07-22T14:10:06","date_gmt":"2020-07-22T12:10:06","guid":{"rendered":"https:\/\/copernicus.chmi.cz\/?page_id=1412"},"modified":"2023-09-19T14:51:31","modified_gmt":"2023-09-19T12:51:31","slug":"neswletter","status":"publish","type":"page","link":"https:\/\/copernicus.chmi.cz\/index.php\/novinky\/neswletter\/","title":{"rendered":"Neswletter"},"content":{"rendered":"<!-- wp:extendstudio\/materialis--><div  data-label=\"Features\" data-id=\"features--3\" data-export-id=\"features-12\" data-category=\"features\" class=\"features-12 content-section content-section-spacing-large dark-text\" id=\"features-3\" style=\"background-color: rgb(245, 250, 253);\"><div  class=\"gridContainer\"> <div  class=\"row text-center\"><div  class=\"section-title-col\" data-type=\"column\"> <h2  class=\"\">Copernicus Newsletter<\/h2> <p  class=\"lead\">Od \u0159\u00edjna roku 2020 se obnovilo vyd\u00e1v\u00e1n\u00ed Newsletter\u016f, kter\u00e9 shrnuj\u00ed nejd\u016fle\u017eit\u011bj\u0161\u00ed zpr\u00e1vy a akce v oblasti Copernicus, GEO a DPZ. Pokud chcete b\u00fdt v obraze a dost\u00e1vat pravideln\u00e9 d\u00e1vky informac\u00ed t\u00fdkaj\u00edc\u00ed se programu Copernicus, p\u0159ihlaste se pro odb\u011br Newsletter\u016f na \u00favodn\u00ed str\u00e1nce!<\/p><\/div> <\/div> <div  class=\"row spaced-cols\" data-type=\"row\"> <div  class=\"col-xs-12 col-sm-6\"> <div  class=\"row\"> <div  class=\"col-xs-12 col-sm-fit icon-column no-padding\" data-fixed=\"true\"> <i  class=\"mdi icon mdi-information-variant bordered round small color1\"><\/i> <\/div> <div  class=\"col-xs-12 col-sm\" data-type=\"column\"> <h5  class=\"color1\">Copernicus Newsletter \u0159\u00edjen 2020<\/h5> <a class=\"button null mdc-ripple-upgraded small color1 outline\" href=\"\/\/copernicus.chmi.cz\/wp-content\/uploads\/2020\/12\/COPERNICUS01_se_sablonou.pdf\" target=\"_blank\" data-cp-link=\"1\" data-icon=\"\" rel=\"noopener\">Dokument<\/a><\/div> <\/div><\/div>    <div  class=\"col-xs-12 col-sm-6\"> <div  class=\"row\"> <div  class=\"col-xs-12 col-sm-fit icon-column no-padding\" data-fixed=\"true\"> <i  class=\"mdi icon mdi-information-variant bordered round small color1\"><\/i> <\/div> <div  class=\"col-xs-12 col-sm\" data-type=\"column\"> <h5  class=\"color1\">Copernicus Newsletter b\u0159ezen 2021<\/h5> <a class=\"button null mdc-ripple-upgraded small color1 outline\" href=\"https:\/\/copernicus.chmi.cz\/wp-content\/uploads\/2021\/04\/COPERNICUS_03.pdf\" target=\"_blank\" data-cp-link=\"1\" data-icon=\"\" rel=\"noopener\">Dokument<\/a><\/div> <\/div><\/div><div  class=\"col-xs-12 col-sm-6\"> <div  class=\"row\"> <div  class=\"col-xs-12 col-sm-fit icon-column no-padding\" data-fixed=\"true\"> <i  class=\"mdi icon mdi-information-variant bordered round small color1\"><\/i> <\/div> <div  class=\"col-xs-12 col-sm\" data-type=\"column\"> <h5  class=\"color1\">Copernicus Newsletter \u00fanor 2022<\/h5> <a class=\"button null mdc-ripple-upgraded small color1 outline\" href=\"https:\/\/copernicus.chmi.cz\/wp-content\/uploads\/2022\/03\/copernicus_01_2022.pdf\" target=\"_blank\" data-cp-link=\"1\" data-icon=\"\" rel=\"noopener\">Dokument<\/a><\/div> <\/div><\/div><div  class=\"col-xs-12 col-sm-6\"> <div  class=\"row\"> <div  class=\"col-xs-12 col-sm-fit icon-column no-padding\" data-fixed=\"true\"> <i  class=\"mdi icon mdi-information-variant bordered round small color1\"><\/i> <\/div> <div  class=\"col-xs-12 col-sm\" data-type=\"column\"> <h5  class=\"color1\">Copernicus Newsletter \u010derven 2022<\/h5> <a class=\"button null mdc-ripple-upgraded small color1 outline\" href=\"https:\/\/copernicus.chmi.cz\/wp-content\/uploads\/2022\/07\/Copernicus_02_2022.html\" target=\"_blank\" data-cp-link=\"1\" data-icon=\"\" rel=\"noopener\">Dokument<\/a><\/div> <\/div><\/div><div  class=\"col-xs-12 col-sm-6\"> <div  class=\"row\"> <div  class=\"col-xs-12 col-sm-fit icon-column no-padding\" data-fixed=\"true\"> <i  class=\"mdi icon mdi-information-variant bordered round small color1\"><\/i> <\/div> <div  class=\"col-xs-12 col-sm\" data-type=\"column\"> <h5  class=\"color1\">Copernicus Newsletter srpen 2022<\/h5> <a class=\"button null mdc-ripple-upgraded small color1 outline\" href=\"https:\/\/copernicus.chmi.cz\/wp-content\/uploads\/2023\/09\/konference_2022_08.html\" target=\"_blank\" data-cp-link=\"1\" data-icon=\"\" rel=\"noopener\">Dokument<\/a><\/div> <\/div><\/div><div  class=\"col-xs-12 col-sm-6\"> <div  class=\"row\"> <div  class=\"col-xs-12 col-sm-fit icon-column no-padding\" data-fixed=\"true\"> <i  class=\"mdi icon mdi-information-variant bordered round small color1\"><\/i> <\/div> <div  class=\"col-xs-12 col-sm\" data-type=\"column\"> <h5  class=\"color1\">Copernicus Newsletter listopad 2022<\/h5> <a class=\"button null mdc-ripple-upgraded small color1 outline\" href=\"https:\/\/copernicus.chmi.cz\/wp-content\/uploads\/2023\/09\/konference_2022_11.html\" target=\"_blank\" data-cp-link=\"1\" data-icon=\"\" rel=\"noopener\">Dokument<\/a><\/div> <\/div><\/div><div  class=\"col-xs-12 col-sm-6\"> <div  class=\"row\"> <div  class=\"col-xs-12 col-sm-fit icon-column no-padding\" data-fixed=\"true\"> <i  class=\"mdi icon mdi-information-variant bordered round small color1\"><\/i> <\/div> <div  class=\"col-xs-12 col-sm\" data-type=\"column\"> <h5  class=\"color1\">Copernicus Newsletter prosinec 2022<\/h5> <a class=\"button null mdc-ripple-upgraded small color1 outline\" href=\"https:\/\/copernicus.chmi.cz\/wp-content\/uploads\/2023\/09\/konference_2022_12.html\" target=\"_blank\" data-cp-link=\"1\" data-icon=\"\" rel=\"noopener\">Dokument<\/a><\/div> <\/div><\/div><div  class=\"col-xs-12 col-sm-6\"> <div  class=\"row\"> <div  class=\"col-xs-12 col-sm-fit icon-column no-padding\" data-fixed=\"true\"> <i  class=\"mdi icon mdi-information-variant bordered round small color1\"><\/i> <\/div> <div  class=\"col-xs-12 col-sm\" data-type=\"column\"> <h5  class=\"color1\">Copernicus Newsletter \u00fanor 2023\n<\/h5> <a class=\"button null mdc-ripple-upgraded small color1 outline\" href=\"https:\/\/copernicus.chmi.cz\/wp-content\/uploads\/2023\/09\/copernicus01_2023_KH.html\" target=\"_blank\" data-cp-link=\"1\" data-icon=\"\" rel=\"noopener\">Dokument<\/a><\/div> <\/div><\/div><div  class=\"col-xs-12 col-sm-6\"> <div  class=\"row\"> <div  class=\"col-xs-12 col-sm-fit icon-column no-padding\" data-fixed=\"true\"> <i  class=\"mdi icon mdi-information-variant bordered round small color1\"><\/i> <\/div> <div  class=\"col-xs-12 col-sm\" data-type=\"column\"> <h5  class=\"color1\">Copernicus Newsletter kv\u011bten 2023<\/h5> <a class=\"button null mdc-ripple-upgraded small color1 outline\" href=\"https:\/\/copernicus.chmi.cz\/wp-content\/uploads\/2023\/09\/copernicus02_2023.html\" target=\"_blank\" data-cp-link=\"1\" data-icon=\"\" rel=\"noopener\">Dokument<\/a><\/div> <\/div><\/div><div  class=\"col-xs-12 col-sm-6\"> <div  class=\"row\"> <div  class=\"col-xs-12 col-sm-fit icon-column no-padding\" data-fixed=\"true\"> <i  class=\"mdi icon mdi-information-variant bordered round small color1\"><\/i> <\/div> <div  class=\"col-xs-12 col-sm\" data-type=\"column\"> <h5  class=\"color1\">Copernicus Newsletter srpen 2023<\/h5> <a class=\"button null mdc-ripple-upgraded small color1 outline\" href=\"https:\/\/copernicus.chmi.cz\/wp-content\/uploads\/2023\/09\/inspirujmese_CUF_2023_01_2023.html\" target=\"_blank\" data-cp-link=\"1\" data-icon=\"\" rel=\"noopener\">Dokument<\/a><\/div> <\/div><\/div><\/div><\/div> <\/div><!-- \/wp:extendstudio\/materialis--><!-- wp:extendstudio\/materialis--><div  data-label=\"Features\" data-id=\"features--2\" data-export-id=\"features-12\" data-category=\"features\" class=\"features-12 content-section content-section-spacing-large dark-text\" id=\"features-2\" style=\"background-color: rgba(255, 255, 255, 0); background-image: none;\"><div  class=\"gridContainer\"> <div  class=\"row text-center\"><div  class=\"section-title-col\" data-type=\"column\">  <\/div> <\/div> <div  class=\"row spaced-cols\" data-type=\"row\"> <div  class=\"col-xs-12 col-sm-6 col-md-4 \"> <div  class=\"row\"> <div  class=\"col-xs-12 col-sm-fit icon-column no-padding\" data-fixed=\"true\"> <i  class=\"mdi icon mdi-information-variant bordered round small color1\"><\/i> <\/div> <div  class=\"col-xs-12 col-sm\" data-type=\"column\"> <h5  class=\"color1\">Copernicus Newsletter \u010d.3\/2015<\/h5> <a class=\"button null small color1 outline mdc-ripple-upgraded\" href=\"\/\/copernicus.chmi.cz\/wp-content\/uploads\/2020\/07\/Copernicus_newsletter_3_2015-1.pdf\" target=\"_self\" data-cp-link=\"1\" data-icon=\"\" rel=\"noopener noreferrer\">Dokument<\/a><\/div> <\/div><\/div> <div  class=\"col-xs-12 col-sm-6 col-md-4 \"><div  class=\"row\"> <div  class=\"col-xs-12 col-sm-fit icon-column no-padding\" data-fixed=\"true\"><i  class=\"mdi icon mdi-information-variant bordered round small color1\"><\/i><\/div> <div  class=\"col-xs-12 col-sm\" data-type=\"column\"><h5  class=\"color1\">Copernicus Newsletter \u010d.2\/2015<\/h5> <a class=\"button null small color1 outline mdc-ripple-upgraded\" href=\"\/\/copernicus.chmi.cz\/wp-content\/uploads\/2020\/07\/Copernicus_newsletter_2_2015-1.pdf\" target=\"_self\" data-cp-link=\"1\" data-icon=\"\" rel=\"noopener noreferrer\">Dokument<\/a><\/div> <\/div><\/div> <div  class=\"col-xs-12 col-sm-6 col-md-4 \"><div  class=\"row\"> <div  class=\"col-xs-12 col-sm-fit icon-column no-padding\" data-fixed=\"true\"><i  class=\"mdi icon mdi-information-variant bordered round small color1\"><\/i><\/div> <div  class=\"col-xs-12 col-sm\" data-type=\"column\"><h5  class=\"color1\">Copernicus Newsletter \u010d.1\/2015<\/h5> <a class=\"button null small color1 outline mdc-ripple-upgraded\" href=\"\/\/copernicus.chmi.cz\/wp-content\/uploads\/2020\/07\/Copernicus_newsletter_1_2015.pdf\" target=\"_self\" data-cp-link=\"1\" data-icon=\"\" rel=\"noopener noreferrer\">Dokument<\/a><\/div> <\/div><\/div> <div  class=\"col-xs-12 col-sm-6 col-md-4 \"><div  class=\"row\"> <div  class=\"col-xs-12 col-sm-fit icon-column no-padding\" data-fixed=\"true\"><i  class=\"mdi icon mdi-information-variant bordered round small color1\"><\/i><\/div> <div  class=\"col-xs-12 col-sm\" data-type=\"column\"><h5  class=\"color1\">Copernicus Newsletter souhrn za rok 2014<\/h5> <a class=\"button null small color1 outline mdc-ripple-upgraded\" href=\"\/\/copernicus.chmi.cz\/wp-content\/uploads\/2020\/07\/Copernicus_newsletter_souhrn_2014.pdf\" target=\"_self\" data-cp-link=\"1\" data-icon=\"\" rel=\"noopener noreferrer\">Dokument<\/a><\/div> <\/div><\/div> <div  class=\"col-xs-12 col-sm-6 col-md-4 \"> <div  class=\"row\"> <div  class=\"col-xs-12 col-sm-fit icon-column no-padding\" data-fixed=\"true\"> <i  class=\"mdi icon mdi-information-variant bordered round small color1\"><\/i> <\/div> <div  class=\"col-xs-12 col-sm\" data-type=\"column\"> <h5  class=\"color1\">Copernicus Newsletter \u010d.4\/2014<\/h5> <a class=\"button null mdc-ripple-upgraded small color1 outline\" href=\"\/\/copernicus.chmi.cz\/wp-content\/uploads\/2020\/07\/Copernicus_newsletter_4_2014.pdf\" target=\"_self\" data-cp-link=\"1\" data-icon=\"\" rel=\"noopener noreferrer\">Dokument<\/a><\/div> <\/div><\/div><div  class=\"col-xs-12 col-sm-6 col-md-4 \"> <div  class=\"row\"> <div  class=\"col-xs-12 col-sm-fit icon-column no-padding\" data-fixed=\"true\"> <i  class=\"mdi icon mdi-information-variant bordered round small color1\"><\/i> <\/div> <div  class=\"col-xs-12 col-sm\" data-type=\"column\"> <h5  class=\"color1\">Copernicus Newsletter \u010d.3\/2014<\/h5> <a class=\"button null mdc-ripple-upgraded small color1 outline\" href=\"\/\/copernicus.chmi.cz\/wp-content\/uploads\/2020\/07\/Copernicus_newsletter_3_2014.pdf\" target=\"_self\" data-cp-link=\"1\" data-icon=\"\" rel=\"noopener noreferrer\">Dokument<\/a><\/div> <\/div><\/div><div  class=\"col-xs-12 col-sm-6 col-md-4 \"> <div  class=\"row\"> <div  class=\"col-xs-12 col-sm-fit icon-column no-padding\" data-fixed=\"true\"> <i  class=\"mdi icon mdi-information-variant bordered round small color1\"><\/i> <\/div> <div  class=\"col-xs-12 col-sm\" data-type=\"column\"> <h5  class=\"color1\">Copernicus Newsletter \u010d.2\/2014<\/h5> <a class=\"button null mdc-ripple-upgraded small color1 outline\" href=\"\/\/copernicus.chmi.cz\/wp-content\/uploads\/2020\/07\/Copernicus_newsletter_2_2014.pdf\" target=\"_self\" data-cp-link=\"1\" data-icon=\"\" rel=\"noopener noreferrer\">Dokument<\/a><\/div> <\/div><\/div><div  class=\"col-xs-12 col-sm-6 col-md-4 \"> <div  class=\"row\"> <div  class=\"col-xs-12 col-sm-fit icon-column no-padding\" data-fixed=\"true\"> <i  class=\"mdi icon mdi-information-variant bordered round small color1\"><\/i> <\/div> <div  class=\"col-xs-12 col-sm\" data-type=\"column\"> <h5  class=\"color1\">GMES \u010d.1\/2014<\/h5> <a class=\"button null mdc-ripple-upgraded small color1 outline\" href=\"\/\/copernicus.chmi.cz\/wp-content\/uploads\/2020\/07\/GMES_Newsletter_1_2014.pdf\" target=\"_self\" data-cp-link=\"1\" data-icon=\"\" rel=\"noopener noreferrer\">Dokument<\/a><\/div> <\/div><\/div><div  class=\"col-xs-12 col-sm-6 col-md-4 \"> <div  class=\"row\"> <div  class=\"col-xs-12 col-sm-fit icon-column no-padding\" data-fixed=\"true\"> <i  class=\"mdi icon mdi-information-variant bordered round small color1\"><\/i> <\/div> <div  class=\"col-xs-12 col-sm\" data-type=\"column\"> <h5  class=\"color1\">GMES \u010d.4\/2013<\/h5> <a class=\"button null mdc-ripple-upgraded small color1 outline\" href=\"\/\/copernicus.chmi.cz\/wp-content\/uploads\/2020\/07\/GMES_newsletter_04_2013.pdf\" target=\"_self\" data-cp-link=\"1\" data-icon=\"\" rel=\"noopener noreferrer\">Dokument<\/a><\/div> <\/div><\/div><div  class=\"col-xs-12 col-sm-6 col-md-4 \"> <div  class=\"row\"> <div  class=\"col-xs-12 col-sm-fit icon-column no-padding\" data-fixed=\"true\"> <i  class=\"mdi icon mdi-information-variant bordered round small color1\"><\/i> <\/div> <div  class=\"col-xs-12 col-sm\" data-type=\"column\"> <h5  class=\"color1\">GMES \u010d.3\/2013<\/h5> <a class=\"button null mdc-ripple-upgraded small color1 outline\" href=\"\/\/copernicus.chmi.cz\/wp-content\/uploads\/2020\/07\/GMES_newsletter_03_2013.pdf\" target=\"_self\" data-cp-link=\"1\" data-icon=\"\" rel=\"noopener noreferrer\">Dokument<\/a><\/div> <\/div><\/div><div  class=\"col-xs-12 col-sm-6 col-md-4 \"> <div  class=\"row\"> <div  class=\"col-xs-12 col-sm-fit icon-column no-padding\" data-fixed=\"true\"> <i  class=\"mdi icon mdi-information-variant bordered round small color1\"><\/i> <\/div> <div  class=\"col-xs-12 col-sm\" data-type=\"column\"> <h5  class=\"color1\">GMES \u010d.2\/2013<\/h5> <a class=\"button null mdc-ripple-upgraded small color1 outline\" href=\"\/\/copernicus.chmi.cz\/wp-content\/uploads\/2020\/07\/GMES_newsletter_02_2013.pdf\" target=\"_self\" data-cp-link=\"1\" data-icon=\"\" rel=\"noopener noreferrer\">Dokument<\/a><\/div> <\/div><\/div><div  class=\"col-xs-12 col-sm-6 col-md-4 \"> <div  class=\"row\"> <div  class=\"col-xs-12 col-sm-fit icon-column no-padding\" data-fixed=\"true\"> <i  class=\"mdi icon mdi-information-variant bordered round small color1\"><\/i> <\/div> <div  class=\"col-xs-12 col-sm\" data-type=\"column\"> <h5  class=\"color1\">GMES \u010d.1\/2013<\/h5> <a class=\"button null mdc-ripple-upgraded small color1 outline\" href=\"\/\/copernicus.chmi.cz\/wp-content\/uploads\/2020\/07\/GMES_newsletter_01_2013.pdf\" target=\"_self\" data-cp-link=\"1\" data-icon=\"\" rel=\"noopener noreferrer\">Dokument<\/a><\/div> <\/div><\/div><div  class=\"col-xs-12 col-sm-6 col-md-4 \"> <div  class=\"row\"> <div  class=\"col-xs-12 col-sm-fit icon-column no-padding\" data-fixed=\"true\"> <i  class=\"mdi icon mdi-information-variant bordered round small color1\"><\/i> <\/div> <div  class=\"col-xs-12 col-sm\" data-type=\"column\"> <h5  class=\"color1\">GMES \u010d.4\/2012<\/h5> <a class=\"button null mdc-ripple-upgraded small color1 outline\" href=\"\/\/copernicus.chmi.cz\/wp-content\/uploads\/2020\/07\/GMES_newsletter_04_2012.pdf\" target=\"_self\" data-cp-link=\"1\" data-icon=\"\" rel=\"noopener noreferrer\">Dokument<\/a><\/div> <\/div><\/div><div  class=\"col-xs-12 col-sm-6 col-md-4 \"> <div  class=\"row\"> <div  class=\"col-xs-12 col-sm-fit icon-column no-padding\" data-fixed=\"true\"> <i  class=\"mdi icon mdi-information-variant bordered round small color1\"><\/i> <\/div> <div  class=\"col-xs-12 col-sm\" data-type=\"column\"> <h5  class=\"color1\">GMES \u010d.3\/2012<\/h5> <a class=\"button null mdc-ripple-upgraded small color1 outline\" href=\"\/\/copernicus.chmi.cz\/wp-content\/uploads\/2020\/07\/GMES_newsletter_03_2012.pdf\" target=\"_self\" data-cp-link=\"1\" data-icon=\"\" rel=\"noopener noreferrer\">Dokument<\/a><\/div> <\/div><\/div><div  class=\"col-xs-12 col-sm-6 col-md-4 \"> <div  class=\"row\"> <div  class=\"col-xs-12 col-sm-fit icon-column no-padding\" data-fixed=\"true\"> <i  class=\"mdi icon mdi-information-variant bordered round small color1\"><\/i> <\/div> <div  class=\"col-xs-12 col-sm\" data-type=\"column\"> <h5  class=\"color1\">GMES \u010d.2\/2012<\/h5> <a class=\"button null mdc-ripple-upgraded small color1 outline\" href=\"\/\/copernicus.chmi.cz\/wp-content\/uploads\/2020\/07\/GMES_newsletter_02_2012.pdf\" target=\"_self\" data-cp-link=\"1\" data-icon=\"\" rel=\"noopener noreferrer\">Dokument<\/a><\/div> <\/div><\/div><div  class=\"col-xs-12 col-sm-6 col-md-4 \"> <div  class=\"row\"> <div  class=\"col-xs-12 col-sm-fit icon-column no-padding\" data-fixed=\"true\"> <i  class=\"mdi icon mdi-information-variant bordered round small color1\"><\/i> <\/div> <div  class=\"col-xs-12 col-sm\" data-type=\"column\"> <h5  class=\"color1\">GMES \u010d.1\/2012<\/h5> <a class=\"button null mdc-ripple-upgraded small color1 outline\" href=\"\/\/copernicus.chmi.cz\/wp-content\/uploads\/2020\/07\/GMES_newsletter_01_2012.pdf\" target=\"_self\" data-cp-link=\"1\" data-icon=\"\" rel=\"noopener noreferrer\">Dokument<\/a><\/div> <\/div><\/div><div  class=\"col-xs-12 col-sm-6 col-md-4 \"> <div  class=\"row\"> <div  class=\"col-xs-12 col-sm-fit icon-column no-padding\" data-fixed=\"true\"> <i  class=\"mdi icon mdi-information-variant bordered round small color1\"><\/i> <\/div> <div  class=\"col-xs-12 col-sm\" data-type=\"column\"> <h5  class=\"color1\">GMES \u010d.4\/2011<\/h5> <a class=\"button null mdc-ripple-upgraded small color1 outline\" href=\"\/\/copernicus.chmi.cz\/wp-content\/uploads\/2020\/07\/GMES-newsletter-04_2011.pdf\" target=\"_self\" data-cp-link=\"1\" data-icon=\"\" rel=\"noopener noreferrer\">Dokument<\/a><\/div> <\/div><\/div><div  class=\"col-xs-12 col-sm-6 col-md-4 \"> <div  class=\"row\"> <div  class=\"col-xs-12 col-sm-fit icon-column no-padding\" data-fixed=\"true\"> <i  class=\"mdi icon mdi-information-variant bordered round small color1\"><\/i> <\/div> <div  class=\"col-xs-12 col-sm\" data-type=\"column\"> <h5  class=\"color1\">GMES \u010d.3\/2011<\/h5> <a class=\"button null mdc-ripple-upgraded small color1 outline\" href=\"\/\/copernicus.chmi.cz\/wp-content\/uploads\/2020\/07\/GMES-newsletter-03_2011-1.pdf\" target=\"_self\" data-cp-link=\"1\" data-icon=\"\" rel=\"noopener noreferrer\">Dokument<\/a><\/div> <\/div><\/div><div  class=\"col-xs-12 col-sm-6 col-md-4 \"> <div  class=\"row\"> <div  class=\"col-xs-12 col-sm-fit icon-column no-padding\" data-fixed=\"true\"> <i  class=\"mdi icon mdi-information-variant bordered round small color1\"><\/i> <\/div> <div  class=\"col-xs-12 col-sm\" data-type=\"column\"> <h5  class=\"color1\">GMES \u010d.2\/2011<\/h5> <a class=\"button null mdc-ripple-upgraded small color1 outline\" href=\"\/\/copernicus.chmi.cz\/wp-content\/uploads\/2020\/07\/GMES_newsletter_02_2011.pdf\" target=\"_self\" data-cp-link=\"1\" data-icon=\"\" rel=\"noopener noreferrer\">Dokument<\/a><\/div> <\/div><\/div><div  class=\"col-xs-12 col-sm-6 col-md-4 \"> <div  class=\"row\"> <div  class=\"col-xs-12 col-sm-fit icon-column no-padding\" data-fixed=\"true\"> <i  class=\"mdi icon mdi-information-variant bordered round small color1\"><\/i> <\/div> <div  class=\"col-xs-12 col-sm\" data-type=\"column\"> <h5  class=\"color1\">GMES \u010d.1\/2011<\/h5> <a class=\"button null mdc-ripple-upgraded small color1 outline\" href=\"\/\/copernicus.chmi.cz\/wp-content\/uploads\/2020\/07\/GMES-newsletter-01_2011.pdf\" target=\"_self\" data-cp-link=\"1\" data-icon=\"\" rel=\"noopener noreferrer\">Dokument<\/a><\/div> <\/div><\/div><\/div><\/div> <\/div><!-- \/wp:extendstudio\/materialis-->","protected":false},"excerpt":{"rendered":"<p>Copernicus Newsletter Od \u0159\u00edjna roku 2020 se obnovilo vyd\u00e1v\u00e1n\u00ed Newsletter\u016f, kter\u00e9 shrnuj\u00ed nejd\u016fle\u017eit\u011bj\u0161\u00ed zpr\u00e1vy a akce v oblasti Copernicus, GEO a DPZ. Pokud chcete b\u00fdt v obraze a dost\u00e1vat pravideln\u00e9&nbsp;&hellip;<\/p>\n","protected":false},"author":6,"featured_media":0,"parent":19,"menu_order":0,"comment_status":"closed","ping_status":"closed","template":"pro\/page-templates\/full-width-page.php","meta":{"footnotes":""},"class_list":["post-1412","page","type-page","status-publish","hentry"],"_links":{"self":[{"href":"https:\/\/copernicus.chmi.cz\/index.php\/wp-json\/wp\/v2\/pages\/1412","targetHints":{"allow":["GET"]}}],"collection":[{"href":"https:\/\/copernicus.chmi.cz\/index.php\/wp-json\/wp\/v2\/pages"}],"about":[{"href":"https:\/\/copernicus.chmi.cz\/index.php\/wp-json\/wp\/v2\/types\/page"}],"author":[{"embeddable":true,"href":"https:\/\/copernicus.chmi.cz\/index.php\/wp-json\/wp\/v2\/users\/6"}],"replies":[{"embeddable":true,"href":"https:\/\/copernicus.chmi.cz\/index.php\/wp-json\/wp\/v2\/comments?post=1412"}],"version-history":[{"count":14,"href":"https:\/\/copernicus.chmi.cz\/index.php\/wp-json\/wp\/v2\/pages\/1412\/revisions"}],"predecessor-version":[{"id":4683,"href":"https:\/\/copernicus.chmi.cz\/index.php\/wp-json\/wp\/v2\/pages\/1412\/revisions\/4683"}],"up":[{"embeddable":true,"href":"https:\/\/copernicus.chmi.cz\/index.php\/wp-json\/wp\/v2\/pages\/19"}],"wp:attachment":[{"href":"https:\/\/copernicus.chmi.cz\/index.php\/wp-json\/wp\/v2\/media?parent=1412"}],"curies":[{"name":"wp","href":"https:\/\/api.w.org\/{rel}","templated":true}]}}