

{"id":1366,"date":"2020-07-22T09:15:32","date_gmt":"2020-07-22T07:15:32","guid":{"rendered":"https:\/\/copernicus.chmi.cz\/?page_id=1366"},"modified":"2020-11-18T11:16:19","modified_gmt":"2020-11-18T10:16:19","slug":"8-ceske-uzivatelske-forum-copernicus","status":"publish","type":"page","link":"https:\/\/copernicus.chmi.cz\/index.php\/uzivatelske-a-konference-a-seminare\/8-ceske-uzivatelske-forum-copernicus\/","title":{"rendered":"8. \u010cESK\u00c9 U\u017dIVATELSK\u00c9 F\u00d3RUM COPERNICUS"},"content":{"rendered":"<div class=\"breadcrumbs align  wp-block-bcn-breadcrumb-trail has-text-color has-background\" vocab=\"https:\/\/schema.org\/\" typeof=\"BreadcrumbList\">\n\t<span><\/span>\n\t<span property=\"itemListElement\" typeof=\"ListItem\"><a property=\"item\" typeof=\"WebPage\" title=\"P\u0159ej\u00edt na Copernicus CR.\" href=\"https:\/\/copernicus.chmi.cz\" class=\"home\" ><span property=\"name\">Copernicus CR<\/span><\/a><meta property=\"position\" content=\"1\"><\/span> &gt; <span property=\"itemListElement\" typeof=\"ListItem\"><a property=\"item\" typeof=\"WebPage\" title=\"P\u0159ej\u00edt na Novinky.\" href=\"https:\/\/copernicus.chmi.cz\/index.php\/novinky\/\" class=\"post post-page\" ><span property=\"name\">Novinky<\/span><\/a><meta property=\"position\" content=\"2\"><\/span> &gt; <span property=\"itemListElement\" typeof=\"ListItem\"><a property=\"item\" typeof=\"WebPage\" title=\"P\u0159ej\u00edt na Blog.\" href=\"https:\/\/copernicus.chmi.cz\/index.php\/novinky\/blog\/\" class=\"post-root post post-post\" aria-current=\"page\"><span property=\"name\">Blog<\/span><\/a><meta property=\"position\" content=\"3\"><\/span><\/div>\n\n\n\n<div data-label=\"Content\" data-id=\"content--1\" data-export-id=\"content-5-materialis\" data-category=\"content\" class=\"content-5m content-section-spacing-large content-section dark-text\" id=\"content-1\" style=\"background-color: rgb(255, 255, 255);\"><div class=\"gridContainer\"> <div class=\"row\"><div class=\"col-xs-12 col-sm-8 col-sm-offset-2 space-bottom text-center col-padding-small-xs\" data-type=\"column\"> <\/div> <div class=\"col-xs-12 text-center large\" data-type=\"column\"><img decoding=\"async\" class=\"custom-image\" src=\"https:\/\/copernicus.chmi.cz\/wp-content\/uploads\/2020\/07\/8CUF_leaflet_new-venue_NTK.png\"><h2 class=\"space-bottom\">8. \u010cESK\u00c9 U\u017dIVATELSK\u00c9 F\u00d3RUM COPERNICUS<\/h2> <p class=\"lead\" style=\"text-align: left;\"><b>Datum:&nbsp;<\/b> 25. \u2013 26. \u010dervna 2019<br><b>\nM\u00edsto:<\/b>&nbsp; N\u00e1rodn\u00ed technick\u00e1 knihovna<br><b>\nOrganiz\u00e1to\u0159i:\n<\/b><br>\n\t\t\tMinisterstvo \u017eivotn\u00edho prost\u0159ed\u00ed \u010cR<br>\n\t\t\tMinisterstvo dopravy \u010cR\n<br>\u00da\u0159ad vl\u00e1dy \u010cesk\u00e9 republiky\n<br>CzechInvest\n<br>ESA BIC Prague\n<br>ESA ESERO<br>\n<br>Konference pro u\u017eivatelskou komunitu programu Evropsk\u00e9 komise, Evropsk\u00e9 kosmick\u00e9 agentury a partner\u016f pro monitoring \u017eivotn\u00edho prost\u0159ed\u00ed a bezpe\u010dnosti Copernicus se v \u010cesk\u00e9 republice kon\u00e1 ji\u017e od roku 2012 za \u00fa\u010delem propojen\u00ed \u0161irok\u00e9ho spektra u\u017eivatel\u016f na n\u00e1rodn\u00ed \u00farovni z \u0159ad st\u00e1tn\u00ed spr\u00e1vy, akademick\u00e9ho, podnikatelsk\u00e9ho sektoru ale i ve\u0159ejnosti.\n<br><br>\nOsm\u00fd ro\u010dn\u00edk \u010cesk\u00e9ho u\u017eivatelsk\u00e9ho f\u00f3ra Copernicus se kon\u00e1 ve dnech 25. \u2013 26. \u010dervna 2019 v Praze v N\u00e1rodn\u00ed technick\u00e9 knihovn\u011b. Na organizaci se pod\u00edl\u00ed spole\u010dn\u011b Ministerstvo \u017eivotn\u00edho prost\u0159ed\u00ed \u010cR, Ministerstvo dopravy \u010cR, CzechInvest \u2013 ESA BIC Prague a ESA ESERO \u010cesk\u00e1 republika. Pr\u00e1v\u011b zapojen\u00ed vzd\u011bl\u00e1vac\u00ed kancel\u00e1\u0159e ESA ESERO \u010cR znamen\u00e1 pro 8. \u010desk\u00e9 u\u017eivatelsk\u00e9 f\u00f3rum Copernicus zcela nov\u00fd koncept spolupr\u00e1ce. Nov\u011b zapoj\u00edme tak\u00e9 na\u0161i mladou generaci \u017e\u00e1k\u016f ze z\u00e1kladn\u00edch a st\u0159edn\u00edch \u0161kol. Mezi mezin\u00e1rodn\u00edmi \u0159e\u010dn\u00edky se tradi\u010dn\u011b objev\u00ed p\u0159edn\u00ed z\u00e1stupci na vysok\u00e9 \u00farovni z Evropsk\u00e9 komise DG-GROW, Copernicus Unit, Evropsk\u00e9 kosmick\u00e9 agentury ESA a proto\u017ee n\u00e1rodn\u00ed komunita aktivn\u00edch u\u017eivatel\u016f rok od roku roste, objev\u00ed se vedle zn\u00e1m\u00fdch tv\u00e1\u0159\u00ed, tak\u00e9 zcela nov\u00e9, zejm\u00e9na z podnikatelsk\u00e9ho, startupov\u00e9ho prost\u0159ed\u00ed.<\/p> <a class=\"button big mdc-elevation--z3 color1 mdc-ripple-upgraded\" href=\"\/\/copernicus.chmi.cz\/wp-content\/uploads\/2020\/07\/Agenda.pdf\" target=\"_self\" data-cp-link=\"1\" data-icon=\"\" rel=\"noopener noreferrer\">Program<\/a><a class=\"button null big color1 mdc-ripple-upgraded\" href=\"\/\/www.czechspaceyear.com\/8-ceske-uzivatelske-forum-copernicus-foto\" target=\"_self\" data-cp-link=\"1\" data-icon=\"\" rel=\"noopener noreferrer\">Fotografie<\/a><\/div> <\/div><\/div> <\/div>\n\n\n\n<div data-label=\"Content\" data-id=\"content--2\" data-export-id=\"content-15-materialis\" data-category=\"content\" class=\"content-15m content-section content-section-spacing-large\" id=\"content-2\" style=\"background-color: rgba(46, 134, 211, 0.098); background-image: none;\"><div class=\"gridContainer\"> <div class=\"row middle-sm\"><div class=\"col-md-6 col-xs-12 col-sm-6 content-left-sm\" data-type=\"column\"> <div class=\"row\"><div class=\"col-xs-12\" data-type=\"column\"> <h2 class=\"space-bottom\" style=\"text-align: left;\">Prezentace<\/h2> <\/div> <\/div> <div class=\"row space-top spaced-cols\" data-type=\"row\" data-max-items=\"3\"> <div class=\"col-sm-6 col-xs-12 col-md-12\" data-type=\"column\"> <h5 class=\"\">ECMWF<\/h5> <p class=\"\"><a href=\"https:\/\/copernicus.chmi.cz\/wp-content\/uploads\/2020\/07\/8-CUF-2019_DAY1_02_ECMWF_Vincent-Henri-Peuch_Recent-Successes-with-Copernicus-Services-at-ECMWF.pptx.pdf\" target=\"_blank\" data-mce-selected=\"inline-boundary\" rel=\"noopener noreferrer\" class=\"\">Vincent-Henri-Peuch, Recent Successes with Copernicus Services at ECMWF\ufeff<\/a><\/p><\/div> <div class=\"col-sm-6 col-xs-12 col-md-12\" data-type=\"column\"><h5 class=\"\">ESERO<\/h5> <p class=\"\"><a href=\"https:\/\/copernicus.chmi.cz\/wp-content\/uploads\/2020\/07\/8-CUF-2019_DAY1_05_ESERO_Jan-Spratek_Copernicus-Academy.pdf\" target=\"_blank\" data-mce-selected=\"inline-boundary\" rel=\"noopener noreferrer\" class=\"\">Jan-Spratek Copernicus-Academy<\/a><\/p><\/div> <div class=\"col-sm-6 col-xs-12 col-md-12\" data-type=\"column\"><h5 class=\"\">SAB-Aerospace<\/h5> <p class=\"\"><a href=\"https:\/\/copernicus.chmi.cz\/wp-content\/uploads\/2020\/07\/8-CUF-2019_DAY1_06_SAB-Aerospace_Petr-Kapoun_On-Board-Data-Processing.pdf\" target=\"_blank\" data-mce-selected=\"inline-boundary\" rel=\"noopener noreferrer\" class=\"\">Petr-Kapoun On Board Data Processing<\/a><\/p><\/div> <div class=\"col-sm-6 col-xs-12 col-md-12\" data-type=\"column\"><h5 class=\"\">SpaceKnow<\/h5> <p class=\"\"><a href=\"https:\/\/copernicus.chmi.cz\/wp-content\/uploads\/2020\/07\/8-CUF-2019_DAY1_07_SpaceKnow_Nikola-Jajcay_Um\u011bl\u00e1-inteligence-v-DPZ.pdf\" target=\"_blank\" data-mce-selected=\"inline-boundary\" rel=\"noopener noreferrer\" class=\"\">Nikola Jajcay Um\u011bl\u00e1 inteligence v DPZ<\/a><\/p><\/div> <div class=\"col-sm-6 col-xs-12 col-md-12\" data-type=\"column\"> <h5 class=\"\">Space System<\/h5> <p class=\"\"><a href=\"https:\/\/copernicus.chmi.cz\/wp-content\/uploads\/2020\/07\/8-CUF-2019_DAY1_08_Space-System-Czech_Daniel-\u0160tefl_Blockchain-v-EO.pdf\" target=\"_blank\" data-mce-selected=\"inline-boundary\" rel=\"noopener noreferrer\" class=\"\">Daniel \u0160tefl Blockchain v EO<\/a><\/p><\/div><div class=\"col-sm-6 col-xs-12 col-md-12\" data-type=\"column\"> <h5 class=\"\">ESA<\/h5> <p class=\"\"><a href=\"https:\/\/copernicus.chmi.cz\/wp-content\/uploads\/2020\/07\/8-CUF-2019_DAY1_01_ESA_Iarla-Kilbane-Dawe_EO-and-AI.pdf\" target=\"_blank\" data-mce-selected=\"inline-boundary\" rel=\"noopener noreferrer\" class=\"\">Iarla Kilbane Dawe EO and AI<\/a><\/p><\/div><div class=\"col-sm-6 col-xs-12 col-md-12\" data-type=\"column\"> <h5 class=\"\">Windy<\/h5> <p class=\"\"><a href=\"https:\/\/copernicus.chmi.cz\/wp-content\/uploads\/2020\/07\/8-CUF-2019_DAY1_03_Windy_Tom\u00e1\u0161-Slavkovsk\u00fd_Copernicus-CAMS-on-Windy-App.pdf\" target=\"_blank\" data-mce-selected=\"inline-boundary\" rel=\"noopener noreferrer\" class=\"\">Tom\u00e1\u0161 Slavkovsk\u00fd Copernicus-CAMS on Windy App<\/a><\/p><\/div><div class=\"col-sm-6 col-xs-12 col-md-12\" data-type=\"column\"> <h5 class=\"\">MD<\/h5> <p class=\"\"><a href=\"https:\/\/copernicus.chmi.cz\/wp-content\/uploads\/2020\/07\/8-CUF-2019_DAY1_04_MD_Ond\u0159ej-\u0160v\u00e1b_Nov\u00e9-dru\u017eice-pro-Copernicus.pptx.pdf\" target=\"_blank\" data-mce-selected=\"inline-boundary\" rel=\"noopener noreferrer\" class=\"\">Ond\u0159ej-\u0160v\u00e1b Nov\u00e9 dru\u017eice pro Copernicus<\/a><\/p><\/div><div class=\"col-sm-6 col-xs-12 col-md-12\" data-type=\"column\"> <h5 class=\"\">GISAT<\/h5> <p class=\"\"><a href=\"https:\/\/copernicus.chmi.cz\/wp-content\/uploads\/2020\/07\/8-CUF-2019_DAY1_09_GISAT_Lubo\u0161-Ku\u010dera_Modelov\u00e1n\u00ed-tepeln\u00e9ho-stresu-ve-m\u011bstech-via-Copernicus.pdf\" target=\"_blank\" data-mce-selected=\"inline-boundary\" rel=\"noopener noreferrer\" class=\"\">Lubo\u0161-Ku\u010dera Modelov\u00e1n\u00ed tepeln\u00e9ho stresu ve m\u011bstech via Copernicus<\/a><\/p><\/div><div class=\"col-sm-6 col-xs-12 col-md-12\" data-type=\"column\"> <h5 class=\"\">VZL\u00da<\/h5> <p class=\"\"><a href=\"https:\/\/copernicus.chmi.cz\/wp-content\/uploads\/2020\/07\/8-CUF-2019_DAY1_10_VZL\u00da_Zbyn\u011bk-\u0160ediv\u00fd_Perspektivy-mal\u00fdch-dru\u017eic.pdf\" target=\"_blank\" data-mce-selected=\"inline-boundary\" rel=\"noopener noreferrer\" class=\"\">Zbyn\u011bk \u0160ediv\u00fd Perspektivy mal\u00fdch dru\u017eic<\/a><\/p><\/div><div class=\"col-sm-6 col-xs-12 col-md-12\" data-type=\"column\"> <h5 class=\"\">MD<\/h5> <p class=\"\"><a href=\"https:\/\/copernicus.chmi.cz\/wp-content\/uploads\/2020\/07\/8-CUF-2019_DAY1_11_MD_Ond\u0159ej-\u0160v\u00e1b_Dosavadn\u00ed-p\u0159ehled-u\u017eivatelsk\u00fdch-po\u017eadavk\u016f.pdf\" target=\"_blank\" data-mce-selected=\"inline-boundary\" rel=\"noopener noreferrer\" class=\"\">Ond\u0159ej \u0160v\u00e1b Dosavadn\u00ed p\u0159ehled u\u017eivatelsk\u00fdch po\u017eadavk\u016f<\/a><\/p><\/div><div class=\"col-sm-6 col-xs-12 col-md-12\" data-type=\"column\"> <h5 class=\"\">\u010cZ\u00da<\/h5> <p class=\"\"><a href=\"https:\/\/copernicus.chmi.cz\/wp-content\/uploads\/2020\/07\/8-CUF-2019_DAY1_12_\u010cZU_David-Moravec_panelov\u00e1-diskuze_user-needs.pdf\" target=\"_blank\" data-mce-selected=\"inline-boundary\" rel=\"noopener noreferrer\" class=\"\">David Moravec panelov\u00e1 diskuze user needs<\/a><\/p><\/div><div class=\"col-sm-6 col-xs-12 col-md-12\" data-type=\"column\"> <h5 class=\"\"><span style=\"font-weight: 500;\">EK<\/span><\/h5> <p class=\"\"><a href=\"https:\/\/copernicus.chmi.cz\/wp-content\/uploads\/2020\/07\/8-CUF-2019_DAY2_01_CSO_St\u00e9phane-Ourevitch_Copernicus-an-EU-Success-Story.pdf\" target=\"_blank\" data-mce-selected=\"inline-boundary\" rel=\"noopener noreferrer\" class=\"\">St\u00e9phane Ourevitch Copernicus an EU Success Story<\/a><\/p><\/div><div class=\"col-sm-6 col-xs-12 col-md-12\" data-type=\"column\"> <h5 class=\"\">Windy<\/h5> <p class=\"\"><a href=\"https:\/\/copernicus.chmi.cz\/wp-content\/uploads\/2020\/07\/8-CUF-2019_DAY2_01_CSO_St\u00e9phane-Ourevitch_Copernicus-an-EU-Success-Story.pdf\" target=\"_blank\" data-mce-selected=\"inline-boundary\" rel=\"noopener noreferrer\" class=\"\">Tom\u00e1\u0161 Slavkovks\u00fd CAMS Global Air Quality Data and Forecasts on Windy<\/a><\/p><\/div><div class=\"col-sm-6 col-xs-12 col-md-12\" data-type=\"column\"> <h5 class=\"\">World from Space<\/h5> <p class=\"\">Jan Laboh\u00fd Satelitn\u00ed n\u00e1stroje pro udr\u017eiteln\u00e1 m\u011bsta<\/p><\/div><div class=\"col-sm-6 col-xs-12 col-md-12\" data-type=\"column\"> <h5 class=\"\">Stratosyst<\/h5> <p class=\"\"><a href=\"https:\/\/copernicus.chmi.cz\/wp-content\/uploads\/2020\/07\/8-CUF-2019_DAY2_04_Stratosyst_Ji\u0159\u00ed-Pavl\u00edk_HAPS-Services-from-Stratosphere.pdf\" target=\"_blank\" data-mce-selected=\"inline-boundary\" rel=\"noopener noreferrer\" class=\"\">Ji\u0159\u00ed Pavl\u00edk HAPS Services from Stratosphere<\/a><\/p><\/div><div class=\"col-sm-6 col-xs-12 col-md-12\" data-type=\"column\"> <h5 class=\"\">Remote Cult<\/h5> <p class=\"\"><a href=\"https:\/\/copernicus.chmi.cz\/wp-content\/uploads\/2020\/07\/8-CUF-2019_DAY2_05_Remote-Cult_Jan-Chytr\u00fd_Monitorovac\u00ed-syst\u00e9m-pro-v\u00fdvoj-kultivac\u00ed.pdf\" target=\"_blank\" data-mce-selected=\"inline-boundary\" rel=\"noopener noreferrer\" class=\"\">Jan Chytr\u00fd Monitorovac\u00ed syst\u00e9m pro v\u00fdvoj kultivac\u00ed<\/a><\/p><\/div><div class=\"col-sm-6 col-xs-12 col-md-12\" data-type=\"column\"> <h5 class=\"\">Sky Maps<\/h5> <p class=\"\">Korn\u00e9l-Cz\u00edria_Precizn\u00ed-zem\u011bd\u011blstv\u00ed-a-DPZ<\/p><\/div><div class=\"col-sm-6 col-xs-12 col-md-12\" data-type=\"column\"> <h5 class=\"\">Up Vision<\/h5> <p class=\"\"><a href=\"https:\/\/copernicus.chmi.cz\/wp-content\/uploads\/2020\/07\/8-CUF-2019_DAY2_07_UpVision_Jakub-Karas_Trendy-v-UAV.pdf\" target=\"_blank\" data-mce-selected=\"inline-boundary\" rel=\"noopener noreferrer\" class=\"\">Jakub Karas Trendy v UAV<\/a><\/p><\/div><div class=\"col-sm-6 col-xs-12 col-md-12\" data-type=\"column\"> <h5 class=\"\">TC-AV<\/h5> <p class=\"\"><a href=\"https:\/\/copernicus.chmi.cz\/wp-content\/uploads\/2020\/07\/8-CUF-2019_DAY2_08_TC-AV_Ond\u0159ej-Mirovsk\u00fd_H2020_Space.pdf\" target=\"_blank\" data-mce-selected=\"inline-boundary\" rel=\"noopener noreferrer\" class=\"\">Ond\u0159ej Mirovsk\u00fd H2020 Space<\/a><\/p><\/div><div class=\"col-sm-6 col-xs-12 col-md-12\" data-type=\"column\"> <h5 class=\"\">MD<\/h5> <p class=\"\"><a href=\"https:\/\/copernicus.chmi.cz\/wp-content\/uploads\/2020\/07\/8-CUF-2019_DAY2_09_MD_Ond\u0159ej-\u0160v\u00e1b_Programy-ESA-pro-pozorov\u00e1n\u00ed-Zem\u011b-2019plus.pdf\" target=\"_blank\" data-mce-selected=\"inline-boundary\" rel=\"noopener noreferrer\" class=\"\">Ond\u0159ej \u0160v\u00e1b Programy ESA pro pozorov\u00e1n\u00ed Zem\u011b 2019 plus<\/a><\/p><\/div><div class=\"col-sm-6 col-xs-12 col-md-12\" data-type=\"column\"> <h5 class=\"\">MZe<\/h5> <p class=\"\"><a href=\"https:\/\/copernicus.chmi.cz\/wp-content\/uploads\/2020\/07\/8-CUF-2019_DAY2_10_MZe_Martin-Havl\u00ed\u010dek_Copernicus_Galileo-a-zem\u011bd\u011blstv\u00ed.pdf\" target=\"_blank\" data-mce-selected=\"inline-boundary\" rel=\"noopener noreferrer\" class=\"\">Martin Havl\u00ed\u010dek Copernicus Galileo a zem\u011bd\u011blstv\u00ed<\/a><\/p><\/div><div class=\"col-sm-6 col-xs-12 col-md-12\" data-type=\"column\"> <h5 class=\"\">ESA-BIC Prague<\/h5> <p class=\"\"><a href=\"https:\/\/copernicus.chmi.cz\/wp-content\/uploads\/2020\/07\/8-CUF-2019_DAY2_11_ESA-BIC-Prague_Jana-\u0160motkov\u00e1_Startup-with-Space.pdf\" target=\"_blank\" data-mce-selected=\"inline-boundary\" rel=\"noopener noreferrer\" class=\"\">Jana \u0160motkov\u00e1 Startup with Space<\/a><\/p><\/div><div class=\"col-sm-6 col-xs-12 col-md-12\" data-type=\"column\"> <h5 class=\"\">CESNET<\/h5> <p class=\"\"><a href=\"https:\/\/copernicus.chmi.cz\/wp-content\/uploads\/2020\/07\/8-CUF-2019_DAY2_12_Cesnet_Zden\u011bk-\u0160ustr_\u010cesk\u00fd-n\u00e1rodn\u00ed-uzel-CollGS.pdf\" target=\"_blank\" data-mce-selected=\"inline-boundary\" rel=\"noopener noreferrer\" class=\"\">Zden\u011bk \u0160ustr \u010cesk\u00fd n\u00e1rodn\u00ed uzel CollGS<\/a><\/p><\/div><div class=\"col-sm-6 col-xs-12 col-md-12\" data-type=\"column\"> <h5 class=\"\">ArcData<\/h5> <p class=\"\"><a href=\"https:\/\/copernicus.chmi.cz\/wp-content\/uploads\/2020\/07\/8-CUF-2019_DAY2_13_ArcData_Inka-Tesa\u0159ov\u00e1_SW-nadstavba-CollGS.pdf\" target=\"_blank\" data-mce-selected=\"inline-boundary\" rel=\"noopener noreferrer\" class=\"\">Inka Tesa\u0159ov\u00e1 SW nadstavba CollGS<\/a><\/p><\/div><div class=\"col-sm-6 col-xs-12 col-md-12\" data-type=\"column\"> <h5 class=\"\">Plan4All<\/h5> <p class=\"\"><a href=\"https:\/\/copernicus.chmi.cz\/wp-content\/uploads\/2020\/07\/8-CUF-2019_DAY1_02_ECMWF_Vincent-Henri-Peuch_Recent-Successes-with-Copernicus-Services-at-ECMWF.pptx.pdf\" target=\"_blank\" data-mce-selected=\"inline-boundary\" rel=\"noopener noreferrer\" class=\"\"><\/a><a href=\"https:\/\/copernicus.chmi.cz\/wp-content\/uploads\/2020\/07\/8-CUF-2019_DAY2_14_Plan4All_Daniel-Beran_Zku\u0161enosti-s-vyu\u017eit\u00edm-CollGS.pdf\" target=\"_blank\" data-mce-selected=\"inline-boundary\" rel=\"noopener noreferrer\" class=\"\">Daniel Beran Zku\u0161enosti s vyu\u017eit\u00edm CollGS<\/a><\/p><\/div><\/div> <div class=\"row\"> <div class=\"col-xs-12\" data-type=\"column\"> <\/div> <\/div><\/div> <div class=\"col-md-6 col-xs-12 col-sm-6\"> <img decoding=\"async\" class=\"mdc-elevation--z9 rounded\" src=\"https:\/\/copernicus.chmi.cz\/wp-content\/uploads\/2020\/07\/cropped-leaflets.jpg\"><\/div> <\/div><\/div> <\/div>\n","protected":false},"excerpt":{"rendered":"","protected":false},"author":6,"featured_media":0,"parent":909,"menu_order":0,"comment_status":"closed","ping_status":"closed","template":"pro\/page-templates\/full-width-page.php","meta":{"footnotes":""},"class_list":["post-1366","page","type-page","status-publish","hentry"],"_links":{"self":[{"href":"https:\/\/copernicus.chmi.cz\/index.php\/wp-json\/wp\/v2\/pages\/1366","targetHints":{"allow":["GET"]}}],"collection":[{"href":"https:\/\/copernicus.chmi.cz\/index.php\/wp-json\/wp\/v2\/pages"}],"about":[{"href":"https:\/\/copernicus.chmi.cz\/index.php\/wp-json\/wp\/v2\/types\/page"}],"author":[{"embeddable":true,"href":"https:\/\/copernicus.chmi.cz\/index.php\/wp-json\/wp\/v2\/users\/6"}],"replies":[{"embeddable":true,"href":"https:\/\/copernicus.chmi.cz\/index.php\/wp-json\/wp\/v2\/comments?post=1366"}],"version-history":[{"count":8,"href":"https:\/\/copernicus.chmi.cz\/index.php\/wp-json\/wp\/v2\/pages\/1366\/revisions"}],"predecessor-version":[{"id":2221,"href":"https:\/\/copernicus.chmi.cz\/index.php\/wp-json\/wp\/v2\/pages\/1366\/revisions\/2221"}],"up":[{"embeddable":true,"href":"https:\/\/copernicus.chmi.cz\/index.php\/wp-json\/wp\/v2\/pages\/909"}],"wp:attachment":[{"href":"https:\/\/copernicus.chmi.cz\/index.php\/wp-json\/wp\/v2\/media?parent=1366"}],"curies":[{"name":"wp","href":"https:\/\/api.w.org\/{rel}","templated":true}]}}