

{"id":1236,"date":"2020-07-21T14:50:18","date_gmt":"2020-07-21T12:50:18","guid":{"rendered":"https:\/\/copernicus.chmi.cz\/?page_id=1236"},"modified":"2023-03-22T08:50:36","modified_gmt":"2023-03-22T07:50:36","slug":"5-ceske-uzivatelske-forum-copernicus","status":"publish","type":"page","link":"https:\/\/copernicus.chmi.cz\/index.php\/uzivatelske-a-konference-a-seminare\/5-ceske-uzivatelske-forum-copernicus\/","title":{"rendered":"5. \u010desk\u00e9 u\u017eivatelsk\u00e9 f\u00f3rum Copernicus"},"content":{"rendered":"<div class=\"breadcrumbs align  wp-block-bcn-breadcrumb-trail has-text-color has-background\" vocab=\"https:\/\/schema.org\/\" typeof=\"BreadcrumbList\">\n\t<span><\/span>\n\t<span property=\"itemListElement\" typeof=\"ListItem\"><a property=\"item\" typeof=\"WebPage\" title=\"P\u0159ej\u00edt na Copernicus CR.\" href=\"https:\/\/copernicus.chmi.cz\" class=\"home\" ><span property=\"name\">Copernicus CR<\/span><\/a><meta property=\"position\" content=\"1\"><\/span> &gt; <span property=\"itemListElement\" typeof=\"ListItem\"><a property=\"item\" typeof=\"WebPage\" title=\"P\u0159ej\u00edt na Novinky.\" href=\"https:\/\/copernicus.chmi.cz\/index.php\/novinky\/\" class=\"post post-page\" ><span property=\"name\">Novinky<\/span><\/a><meta property=\"position\" content=\"2\"><\/span> &gt; <span property=\"itemListElement\" typeof=\"ListItem\"><a property=\"item\" typeof=\"WebPage\" title=\"P\u0159ej\u00edt na Blog.\" href=\"https:\/\/copernicus.chmi.cz\/index.php\/novinky\/blog\/\" class=\"post-root post post-post\" aria-current=\"page\"><span property=\"name\">Blog<\/span><\/a><meta property=\"position\" content=\"3\"><\/span><\/div>\n\n\n\n<div data-label=\"Content\" data-id=\"content--1\" data-export-id=\"content-5-materialis\" data-category=\"content\" class=\"content-5m content-section-spacing-large content-section dark-text\" id=\"content-1\" style=\"background-color: rgb(255, 255, 255);\"><div class=\"gridContainer\"> <div class=\"row\"><div class=\"col-xs-12 col-sm-8 col-sm-offset-2 space-bottom text-center col-padding-small-xs\" data-type=\"column\"><img decoding=\"async\" class=\"custom-image\" src=\"https:\/\/copernicus.chmi.cz\/wp-content\/uploads\/2020\/07\/konference-5.png\"> <\/div> <div class=\"col-xs-12 text-center large\" data-type=\"column\"><h2 class=\"space-bottom\">5. \u010desk\u00e9 u\u017eivatelsk\u00e9 f\u00f3rum Copernicus<\/h2> <h4 class=\"\">Doprovodn\u00e1 akce konference Living Planet Symposium<\/h4><p class=\"lead\" style=\"text-align: justify;\"><b>Datum:<\/b> 10. kv\u011btna 2016<br><b>\nM\u00edsto kon\u00e1n\u00ed:<\/b> Praha, kongresov\u00e9 centrum<br><b>\nT\u00e9ma konference:<\/b> zem\u011bd\u011blstv\u00ed a lesnictv\u00ed<br><b>\nOrganiz\u00e1to\u0159i:\t<\/b>Ministerstvo \u017eivotn\u00edho prost\u0159ed\u00ed, Ministerstvo dopravy, CENIA, \u010desk\u00e1 informa\u010dn\u00ed agentura \u017eivotn\u00edho prost\u0159ed\u00ed.<br><b>\nJazyk: <\/b>\u010ce\u0161tina<br><b>\nPoplatek:<\/b> Po p\u0159edchoz\u00ed registraci je vstup na konferenci zdarma\n<br><br>\nMinisterstvo \u017eivotn\u00edho prost\u0159ed\u00ed ve spolupr\u00e1ci s Ministerstvem dopravy a CENIA, \u010deskou informa\u010dn\u00ed agenturou \u017eivotn\u00edho prost\u0159ed\u00ed si V\u00e1s dovoluje pozvat na 5. ro\u010dn\u00edk \u010desk\u00e9ho u\u017eivatelsk\u00e9ho f\u00f3ra Copernicus. Tento ro\u010dn\u00edk konference se uskute\u010dn\u00ed v r\u00e1mci Living Planet Symposium \u2013 presti\u017en\u00ed mezin\u00e1rodn\u00ed konference zam\u011b\u0159en\u00e9 na pozorov\u00e1n\u00ed Zem\u011b, kterou organizuje Evropsk\u00e1 kosmick\u00e1 agentura (ESA) ve dnech 9. \u2013 13. kv\u011btna 2016.<br>\n5. ro\u010dn\u00edk konference bude zam\u011b\u0159en\u00fd na vyu\u017e\u00edv\u00e1n\u00ed dru\u017eicov\u00fdch dat v oblasti zem\u011bd\u011blstv\u00ed a lesnictv\u00ed. Registrace v\u010detn\u011b mo\u017enosti p\u0159ihl\u00e1\u0161en\u00ed vlastn\u00edho p\u0159\u00edsp\u011bvku je mo\u017en\u00e1 na str\u00e1nk\u00e1ch N\u00e1rodn\u00edho sekretari\u00e1tu GEO\/Copernicus od prosince 2015.<\/p> <a class=\"button null big color1 mdc-ripple-upgraded\" href=\"\/\/copernicus.chmi.cz\/wp-content\/uploads\/2020\/07\/konference-5-Program-Copernicus_E.pdf\" target=\"_self\" data-cp-link=\"1\" data-icon=\"\" rel=\"noopener noreferrer\">Program<\/a><a class=\"button null big color1 mdc-ripple-upgraded\" href=\"\/\/copernicus-konference2016.rajce.idnes.cz\" target=\"_self\" data-cp-link=\"1\" data-icon=\"\" rel=\"noopener noreferrer\">Fotografie<\/a><a class=\"button null big color1 mdc-ripple-upgraded\" href=\"\/\/copernicus.chmi.cz\/wp-content\/uploads\/2020\/07\/konference-5-5CUF_abstrakty_CZ_20-4-2016.pdf\" target=\"_self\" data-cp-link=\"1\" data-icon=\"\" rel=\"noopener noreferrer\">Abstrakty<\/a><\/div> <\/div><\/div> <\/div>\n\n\n\n<div data-label=\"Content\" data-id=\"content--2\" data-export-id=\"content-15-materialis\" data-category=\"content\" class=\"content-15m content-section content-section-spacing-large\" id=\"content-2\" style=\"background-color: rgb(245, 250, 253);\"><div class=\"gridContainer\"> <div class=\"row middle-sm\"><div class=\"col-md-6 col-xs-12 col-sm-6 content-left-sm\" data-type=\"column\"> <div class=\"row\"><div class=\"col-xs-12\" data-type=\"column\"> <h2 class=\"space-bottom\">Prezentace<\/h2> <\/div> <\/div> <div class=\"row space-top spaced-cols\" data-type=\"row\" data-max-items=\"3\"> <div class=\"col-sm-6 col-xs-12 col-md-12\" data-type=\"column\"> <h5 class=\"\">Sekce 1: Copernicus v evropsk\u00e9m kontextu<\/h5> <p class=\"\"><a href=\"https:\/\/copernicus.chmi.cz\/wp-content\/uploads\/2020\/07\/Konference-5-1_FACCHINI_Mauro.pdf\" target=\"_blank\" data-mce-selected=\"inline-boundary\" rel=\"noopener noreferrer\" class=\"\">Mauro Facchini (Evropsk\u00e1 komise, DG GROW): Copernicus Programme and Services: opportunities for the agriculture and forestry sectors<\/a><\/p><\/div> <div class=\"col-sm-6 col-xs-12 col-md-12\" data-type=\"column\"> <p class=\"\"><a href=\"https:\/\/copernicus.chmi.cz\/wp-content\/uploads\/2020\/07\/Konference-5-2_HOERSCH_Bianca.pdf\" target=\"_blank\" data-mce-selected=\"inline-boundary\" rel=\"noopener noreferrer\" class=\"\">Bianca Hoersch (ESA-ESRIN): What does the Sentinel 2 offer (not only) to agriculture?<\/a><\/p><\/div> <div class=\"col-sm-6 col-xs-12 col-md-12\" data-type=\"column\"> <p class=\"\"><a href=\"https:\/\/copernicus.chmi.cz\/wp-content\/uploads\/2020\/07\/konference-5-3_PEUCH_Vincent-Henri.pdf\" target=\"_blank\" data-mce-selected=\"inline-boundary\" rel=\"noopener noreferrer\" class=\"\">Vincent-Henri Peuch (European Centre for Medium-Range Weather Forecasts): An update on CAMS and C3S: opportunities for the agriculture and forestry sectors<\/a><\/p><\/div> <div class=\"col-sm-6 col-xs-12 col-md-12\" data-type=\"column\"> <p class=\"\"><a href=\"https:\/\/copernicus.chmi.cz\/wp-content\/uploads\/2020\/07\/Konference-5-4_SVAB_Ondrej.pdf\" target=\"_blank\" data-mce-selected=\"inline-boundary\" rel=\"noopener noreferrer\" class=\"\">Ond\u0159ej \u0160v\u00e1b (Ministerstvo dopravy): Copernicus v \u010cR \u2013 vize 2016+<\/a><\/p><\/div> <div class=\"col-sm-6 col-xs-12 col-md-12\" data-type=\"column\"> <h5 class=\"\">Sekce 2: Vyu\u017eit\u00ed dat Sentinel v zem\u011bd\u011blstv\u00ed<\/h5> <p class=\"\"><a href=\"https:\/\/copernicus.chmi.cz\/wp-content\/uploads\/2020\/07\/konference-5-5_HAVLICEK_Martin.pdf\" target=\"_blank\" data-mce-selected=\"inline-boundary\" rel=\"noopener noreferrer\" class=\"\">Martin Havl\u00ed\u010dek (Ministerstvo zem\u011bd\u011blstv\u00ed): Vyu\u017eit\u00ed dru\u017eicov\u00fdch dat v rezortu Ministerstva zem\u011bd\u011blstv\u00ed<\/a><\/p><\/div><div class=\"col-sm-6 col-xs-12 col-md-12\" data-type=\"column\">  <p class=\"\">Ond\u0159ej Krym (St\u00e1tn\u00ed zem\u011bd\u011blsk\u00fd interven\u010dn\u00ed fond): Vyu\u017eit\u00ed d\u00e1lkov\u00e9ho pr\u016fzkumu Zem\u011b a dal\u0161\u00edch technologi\u00ed na SZIF<\/p><\/div><div class=\"col-sm-6 col-xs-12 col-md-12\" data-type=\"column\">  <p class=\"\"><a href=\"https:\/\/copernicus.chmi.cz\/wp-content\/uploads\/2020\/07\/konference-5-7_KU\u010cERA_Lubo\u0161.pdf\" target=\"_blank\" data-mce-selected=\"inline-boundary\" rel=\"noopener noreferrer\" class=\"\">Lubo\u0161 Ku\u010dera, V\u00e1clav Vobora (GISAT): DROMAS \u2013 monitoring zem\u011bd\u011blsk\u00fdch plodin s vyu\u017eit\u00edm dat Sentinel<\/a><\/p><\/div><div class=\"col-sm-6 col-xs-12 col-md-12\" data-type=\"column\">  <p class=\"\"><a href=\"https:\/\/copernicus.chmi.cz\/wp-content\/uploads\/2020\/07\/konference-5-8_KU\u010cERA_Lubo\u0161.pdf\" target=\"_blank\" data-mce-selected=\"inline-boundary\" rel=\"noopener noreferrer\" class=\"\">Lubo\u0161 Ku\u010dera, V\u00e1clav Vobora (GISAT): CzechAgri \u2013 Monitoring zem\u011bd\u011blsk\u00fdch plodin pomoc\u00ed dru\u017eicov\u00fdch dat Sentinel v \u010cesk\u00e9 republice<\/a><\/p><\/div><div class=\"col-sm-6 col-xs-12 col-md-12\" data-type=\"column\"> <h5 class=\"\">Sekce 3: Data Sentinel pro sledov\u00e1n\u00ed krajiny<\/h5> <p class=\"\"><a href=\"https:\/\/copernicus.chmi.cz\/wp-content\/uploads\/2020\/07\/konference-5-9_LUKAS_Vojtech.pdf\" target=\"_blank\" data-mce-selected=\"inline-boundary\" data-cp-link=\"1\" rel=\"noopener noreferrer\" class=\"\">Vojt\u011bch Lukas (Mendelova univerzita Brno), Tom\u00e1\u0161 \u0158ezn\u00edk (Masarykova univerzita Brno), Karel Charv\u00e1t, \u0160\u00e1rka Hor\u00e1kov\u00e1 (Wirelessinfo): Integrace  faremn\u00edch  z\u00e1znam\u016f  a  dat  DPZ  pro  precizn\u00ed  zem\u011bd\u011blstv\u00ed  pomoc\u00ed  cloudov\u00e9 platformy FOODIE<\/a><\/p><\/div><div class=\"col-sm-6 col-xs-12 col-md-12\" data-type=\"column\">  <p class=\"\"><a href=\"https:\/\/copernicus.chmi.cz\/wp-content\/uploads\/2020\/07\/konference-5-10_LUKES_Petr.pdf\" target=\"_blank\" rel=\"noopener noreferrer\" class=\"\">Petr Luke\u0161 (\u00dastav pro hospod\u00e1\u0159skou \u00fapravu les\u016f): Hodnocen\u00ed zdravotn\u00edho stavu les\u016f \u2013 potenci\u00e1l \u010dasov\u00fdch \u0159ad<\/a><\/p><\/div><div class=\"col-sm-6 col-xs-12 col-md-12\" data-type=\"column\">  <p class=\"\"><a href=\"https:\/\/copernicus.chmi.cz\/wp-content\/uploads\/2020\/07\/Konference-5-11_MOZNY_Martin.pdf\" target=\"_blank\" data-mce-selected=\"inline-boundary\" rel=\"noopener noreferrer\" data-cp-link=\"1\">\ufeffMartin Mo\u017en\u00fd (\u010cesk\u00fd hydrometeorologick\u00fd \u00fastav): Mo\u017enosti vyu\u017eit\u00ed dru\u017eicov\u00fdch dat pro p\u0159edpov\u011b\u010f rizika po\u017e\u00e1r\u016f ve voln\u00e9 krajin\u011b<\/a><span id=\"_mce_caret\" data-mce-bogus=\"1\" data-mce-type=\"format-caret\"><span style=\"text-decoration: line-through;\">\ufeff<\/span><\/span><\/p><\/div><div class=\"col-sm-6 col-xs-12 col-md-12\" data-type=\"column\">  <p class=\"\"><a href=\"https:\/\/copernicus.chmi.cz\/wp-content\/uploads\/2020\/07\/Konference-5-12_ZIZALA_Daniel.pdf\" target=\"_blank\" data-mce-selected=\"inline-boundary\" rel=\"noopener noreferrer\" data-cp-link=\"1\">\ufeffDaniel \u017d\u00ed\u017eala (V\u00fdzkumn\u00fd \u00fastav meliorac\u00ed a ochrany p\u016fdy, v.v.i.): Vyu\u017eit\u00ed dat d\u00e1lkov\u00e9ho pr\u016fzkumu Zem\u011b pro monitoring erozn\u00edho po\u0161kozen\u00ed p\u016fd<\/a><\/p><\/div><div class=\"col-sm-6 col-xs-12 col-md-12\" data-type=\"column\">  <p class=\"\">Veronika Kopa\u010dkov\u00e1 (\u010cesk\u00e1 geologick\u00e1 slu\u017eba): Vyu\u017eit\u00ed dat d\u00e1lkov\u00e9ho pr\u016fzkumu Zem\u011b a programu Copernicus v r\u00e1mci mezin\u00e1rodn\u00edch projekt\u016f a aktivit GEO na \u010cesk\u00e9 geologick\u00e9 slu\u017eb\u011b<\/p><\/div><div class=\"col-sm-6 col-xs-12 col-md-12\" data-type=\"column\"> <h5 class=\"\">Sekce 4: U\u017eivatelsk\u00e1 praxe<\/h5> <p class=\"\">Siri Jodha Singh Khalsa (CzechGlobe): The Second Decade of GEOSS: Perspectives on the GEO Strategic Plan 2016-2025<\/p><\/div><div class=\"col-sm-6 col-xs-12 col-md-12\" data-type=\"column\">  <p class=\"\">Michal Kraus (Rost\u011bnice, a.s.): Vyu\u017eit\u00ed dru\u017eicov\u00fdch technologi\u00ed v zem\u011bd\u011blsk\u00e9 prvov\u00fdrob\u011b<\/p><\/div><\/div> <div class=\"row\"> <div class=\"col-xs-12\" data-type=\"column\"> <\/div> <\/div><\/div> <div class=\"col-md-6 col-xs-12 col-sm-6\"> <img decoding=\"async\" class=\"mdc-elevation--z9 rounded\" src=\"https:\/\/copernicus.chmi.cz\/wp-content\/uploads\/2020\/07\/cropped-the-climate-reality-project-Hb6uWq0i4MI-unsplash-scaled-1.jpg\"><\/div> <\/div><\/div> <\/div>\n","protected":false},"excerpt":{"rendered":"","protected":false},"author":6,"featured_media":0,"parent":909,"menu_order":0,"comment_status":"closed","ping_status":"closed","template":"pro\/page-templates\/full-width-page.php","meta":{"footnotes":""},"class_list":["post-1236","page","type-page","status-publish","hentry"],"_links":{"self":[{"href":"https:\/\/copernicus.chmi.cz\/index.php\/wp-json\/wp\/v2\/pages\/1236","targetHints":{"allow":["GET"]}}],"collection":[{"href":"https:\/\/copernicus.chmi.cz\/index.php\/wp-json\/wp\/v2\/pages"}],"about":[{"href":"https:\/\/copernicus.chmi.cz\/index.php\/wp-json\/wp\/v2\/types\/page"}],"author":[{"embeddable":true,"href":"https:\/\/copernicus.chmi.cz\/index.php\/wp-json\/wp\/v2\/users\/6"}],"replies":[{"embeddable":true,"href":"https:\/\/copernicus.chmi.cz\/index.php\/wp-json\/wp\/v2\/comments?post=1236"}],"version-history":[{"count":7,"href":"https:\/\/copernicus.chmi.cz\/index.php\/wp-json\/wp\/v2\/pages\/1236\/revisions"}],"predecessor-version":[{"id":2217,"href":"https:\/\/copernicus.chmi.cz\/index.php\/wp-json\/wp\/v2\/pages\/1236\/revisions\/2217"}],"up":[{"embeddable":true,"href":"https:\/\/copernicus.chmi.cz\/index.php\/wp-json\/wp\/v2\/pages\/909"}],"wp:attachment":[{"href":"https:\/\/copernicus.chmi.cz\/index.php\/wp-json\/wp\/v2\/media?parent=1236"}],"curies":[{"name":"wp","href":"https:\/\/api.w.org\/{rel}","templated":true}]}}