

{"id":1153,"date":"2020-07-20T10:39:12","date_gmt":"2020-07-20T08:39:12","guid":{"rendered":"https:\/\/copernicus.chmi.cz\/?page_id=1153"},"modified":"2023-03-22T08:50:36","modified_gmt":"2023-03-22T07:50:36","slug":"3-narodni-forum-uzivatelu-programu-copernicus","status":"publish","type":"page","link":"https:\/\/copernicus.chmi.cz\/index.php\/uzivatelske-a-konference-a-seminare\/3-narodni-forum-uzivatelu-programu-copernicus\/","title":{"rendered":"3. n\u00e1rodn\u00ed f\u00f3rum u\u017eivatel\u016f programu Copernicus"},"content":{"rendered":"<div class=\"breadcrumbs align  wp-block-bcn-breadcrumb-trail has-text-color has-background\" vocab=\"https:\/\/schema.org\/\" typeof=\"BreadcrumbList\">\n\t<span><\/span>\n\t<span property=\"itemListElement\" typeof=\"ListItem\"><a property=\"item\" typeof=\"WebPage\" title=\"P\u0159ej\u00edt na Copernicus CR.\" href=\"https:\/\/copernicus.chmi.cz\" class=\"home\" ><span property=\"name\">Copernicus CR<\/span><\/a><meta property=\"position\" content=\"1\"><\/span> &gt; <span property=\"itemListElement\" typeof=\"ListItem\"><a property=\"item\" typeof=\"WebPage\" title=\"P\u0159ej\u00edt na Novinky.\" href=\"https:\/\/copernicus.chmi.cz\/index.php\/novinky\/\" class=\"post post-page\" ><span property=\"name\">Novinky<\/span><\/a><meta property=\"position\" content=\"2\"><\/span> &gt; <span property=\"itemListElement\" typeof=\"ListItem\"><a property=\"item\" typeof=\"WebPage\" title=\"P\u0159ej\u00edt na Blog.\" href=\"https:\/\/copernicus.chmi.cz\/index.php\/novinky\/blog\/\" class=\"post-root post post-post\" aria-current=\"page\"><span property=\"name\">Blog<\/span><\/a><meta property=\"position\" content=\"3\"><\/span><\/div>\n\n\n\n<div data-label=\"Content\" data-id=\"content--1\" data-export-id=\"content-5-materialis\" data-category=\"content\" class=\"content-5m content-section-spacing-large content-section dark-text\" id=\"content-1\" style=\"background-color: rgb(255, 255, 255);\"><div class=\"gridContainer\"> <div class=\"row\"><div class=\"col-xs-12 col-sm-8 col-sm-offset-2 space-bottom text-center col-padding-small-xs\" data-type=\"column\"> <\/div> <div class=\"col-xs-12 text-center large\" data-type=\"column\"><h2 class=\"space-bottom\">3. n\u00e1rodn\u00ed f\u00f3rum u\u017eivatel\u016f programu Copernicus<\/h2> <p class=\"lead\" style=\"text-align: justify;\">Na 10 th &#8211; 11 th \u010dervna 2014 3 rd Copernicus National User Forum, letos zam\u011b\u0159il na \u00fadaj\u00edch SAR a Copernicus navazuj\u00edc\u00edch slu\u017eeb, se konal v Praze v prostor\u00e1ch Ministerstva dopravy. Konference, po\u0159\u00e1dan\u00e9 ve spolupr\u00e1ci s CENIA, \u010ceskou informa\u010dn\u00ed agenturou \u017eivotn\u00edho prost\u0159ed\u00ed, Ministerstvem dopravy \u010cR a Ministerstvem \u017eivotn\u00edho prost\u0159ed\u00ed \u010cesk\u00e9 republiky, se z\u00fa\u010dastnilo v\u00edce ne\u017e 100 n\u00e1v\u0161t\u011bvn\u00edk\u016f. Letos byla tato akce uspo\u0159\u00e1d\u00e1na jako vedlej\u0161\u00ed akce konference European Space Solutions .<br>\nHlavn\u00edm t\u00e9matem konference bylo zah\u00e1jen\u00ed prvn\u00edho Kopern\u00edka dru\u017eice Sentinel-1A (na 3 rd dubna 2014). N\u00e1v\u0161t\u011bvn\u00edci se sezn\u00e1mili se z\u00e1klady dat spole\u010dnosti Sentinel a hlavn\u00edmi obory jej\u00edho vyu\u017eit\u00ed a z\u00edskali p\u0159ehled o z\u00e1kladn\u00edch principech jej\u00edho zpracov\u00e1n\u00ed. Sentinel 1 byl tak\u00e9 porovn\u00e1n se st\u00e1vaj\u00edc\u00edmi satelity SAR a jejich produkty (TerraSAR-X a KOMPSAT-5).\n\n<br><br>Pozorov\u00e1n\u00ed Zem\u011b je jedn\u00edm z nejprogresivn\u011bj\u0161\u00edch odv\u011btv\u00ed vesm\u00edrn\u00fdch aktivit. Dal\u0161\u00ed zrychlen\u00ed rozvoje tohoto sektoru lze o\u010dek\u00e1vat v souvislosti s voln\u00fdm a otev\u0159en\u00fdm p\u0159\u00edstupem k dat\u016fm spole\u010dnosti Sentinel. V reakci na rostouc\u00ed konkurenceschopnost na trhu postupn\u011b klesaj\u00ed ceny satelitn\u00edch sn\u00edmk\u016f, kter\u00e9 tvo\u0159\u00ed podstatnou \u010d\u00e1st ceny nab\u00edzen\u00fdch slu\u017eeb. K tomuto trendu v n\u011bkter\u00fdch p\u0159\u00edpadech v\u00fdznamn\u011b p\u0159isp\u011bje Copernicus. Jednou z p\u0159etrv\u00e1vaj\u00edc\u00edch p\u0159ek\u00e1\u017eek rychl\u00e9ho rozvoje tohoto odv\u011btv\u00ed je n\u00edzk\u00e1 informovanost o potenci\u00e1lu a mo\u017enostech d\u00e1lkov\u00e9ho pr\u016fzkumu. P\u0159ipravovan\u00e1 voln\u011b dostupn\u00e1 data a zvy\u0161ov\u00e1n\u00ed informovanosti potenci\u00e1ln\u00edch u\u017eivatel\u016f by m\u011bla tuto p\u0159ek\u00e1\u017eku v budoucnu minimalizovat. Dal\u0161\u00edmu rozvoji vyu\u017e\u00edv\u00e1n\u00ed dat d\u00e1lkov\u00e9ho pr\u016fzkumu v \u010cesk\u00e9 republice br\u00e1n\u00ed relativn\u011b n\u00edzk\u00e1 ochota financovat nebo spolufinancovat rozvoj slu\u017eeb ze soukrom\u00fdch zdroj\u016f. To nasti\u0148uje d\u016fle\u017eit\u00fd p\u0159edm\u011bt pro dal\u0161\u00ed diskuse a z\u016fst\u00e1v\u00e1 velkou v\u00fdzvou pro z\u00fa\u010dastn\u011bn\u00e9 strany a kl\u00ed\u010dov\u00e9 hr\u00e1\u010de na trhu. Hlavn\u00edm d\u016fvodem tohoto sou\u010dasn\u00e9ho stavu je omezen\u00e9 portfolio u\u017eivatel\u016f z d\u016fvodu ceny slu\u017eeb. Alarmuj\u00edc\u00ed skute\u010dnost\u00ed, pokud jde o vyu\u017eit\u00ed \u00fadaj\u016f z v\u011bdeck\u00fdch satelitn\u00edch mis\u00ed, je skute\u010dnost, \u017ee a\u010dkoli je Evropa hlavn\u00edm investorem do tohoto odv\u011btv\u00ed, \u00fadaje z t\u011bchto mis\u00ed se pou\u017e\u00edvaj\u00ed v\u011bt\u0161inou mimo Evropu. To nasti\u0148uje d\u016fle\u017eit\u00fd p\u0159edm\u011bt pro dal\u0161\u00ed diskuse a z\u016fst\u00e1v\u00e1 velkou v\u00fdzvou pro z\u00fa\u010dastn\u011bn\u00e9 strany a kl\u00ed\u010dov\u00e9 hr\u00e1\u010de na trhu. Hlavn\u00edm d\u016fvodem tohoto sou\u010dasn\u00e9ho stavu je omezen\u00e9 portfolio u\u017eivatel\u016f z d\u016fvodu ceny slu\u017eeb. Alarmuj\u00edc\u00ed skute\u010dnost\u00ed, pokud jde o vyu\u017eit\u00ed \u00fadaj\u016f z v\u011bdeck\u00fdch satelitn\u00edch mis\u00ed, je skute\u010dnost, \u017ee a\u010dkoli je Evropa hlavn\u00edm investorem do tohoto odv\u011btv\u00ed, \u00fadaje z t\u011bchto mis\u00ed se pou\u017e\u00edvaj\u00ed v\u011bt\u0161inou mimo Evropu. To nasti\u0148uje d\u016fle\u017eit\u00fd p\u0159edm\u011bt pro dal\u0161\u00ed diskuse a z\u016fst\u00e1v\u00e1 velkou v\u00fdzvou pro z\u00fa\u010dastn\u011bn\u00e9 strany a kl\u00ed\u010dov\u00e9 hr\u00e1\u010de na trhu. Hlavn\u00edm d\u016fvodem tohoto sou\u010dasn\u00e9ho stavu je omezen\u00e9 portfolio u\u017eivatel\u016f v d\u016fsledku stanoven\u00ed ceny slu\u017eeb. Alarmuj\u00edc\u00ed skute\u010dnost\u00ed, pokud jde o vyu\u017eit\u00ed \u00fadaj\u016f z v\u011bdeck\u00fdch satelitn\u00edch mis\u00ed, je skute\u010dnost, \u017ee a\u010dkoli je Evropa hlavn\u00edm investorem do tohoto odv\u011btv\u00ed, \u00fadaje z t\u011bchto mis\u00ed se pou\u017e\u00edvaj\u00ed v\u011bt\u0161inou mimo Evropu.\n<br>\n<br>N\u00e1sledn\u00e9 slu\u017eby &#8211; aplikace postaven\u00e9 na z\u00e1klad\u011b dru\u017eicov\u00fdch dat p\u0159ev\u00e1\u017en\u011b z komer\u010dn\u00edho sektoru &#8211; hraj\u00ed kl\u00ed\u010dovou roli pro v\u00fdvoj Copernicus v \u010cesk\u00e9 republice. Financov\u00e1n\u00ed t\u011bchto slu\u017eeb v\u0161ak z\u016fst\u00e1v\u00e1 kl\u00ed\u010dovou ot\u00e1zkou. Toto t\u00e9ma bylo p\u0159edstaveno prvn\u00ed den konference a po n\u011bm n\u00e1sledovaly \u017eiv\u00e9 diskuse. Horizont 2020 jako jeden z mo\u017en\u00fdch zdroj\u016f financov\u00e1n\u00ed na evropsk\u00e9 \u00farovni je \u00fazce spojen s programem Copernicus. Dal\u0161\u00ed p\u0159\u00edle\u017eitost je d\u00e1na nov\u00fdm r\u00e1mcem opera\u010dn\u00edch program\u016f na obdob\u00ed 2014 &#8211; 2020. Specifick\u00e9 c\u00edle t\u011bchto program\u016f podporuj\u00ed v\u00fdvoj aplikac\u00ed zalo\u017een\u00fdch na datech Copernicus (nap\u0159. Opera\u010dn\u00ed program Transport II) nebo obecn\u011b vyu\u017eit\u00ed satelitn\u00ed data hlavn\u011b pro monitorov\u00e1n\u00ed \u017eivotn\u00edho prost\u0159ed\u00ed. Dal\u0161\u00ed p\u0159\u00edle\u017eitosti na n\u00e1rodn\u00ed \u00farovni nab\u00edzej\u00ed n\u011bkter\u00e9 n\u00e1stroje Technologick\u00e9 agentury \u010cR ve sv\u00fdch programech EPSILON a DELTA. Sout\u011b\u017e Copernicus Masters, kter\u00e1 podporuje v\u00fdvoj aplikac\u00ed zalo\u017een\u00fdch na satelitn\u00edch datech, tak\u00e9 poskytuje p\u0159\u00edle\u017eitost pro studenty a nov\u00e9 obchodn\u00ed za\u010d\u00ednaj\u00edc\u00ed podniky \/ podniky.\n<br>\n<br>V roce 2014 program Copernicus nyn\u00ed vstupuje do sv\u00e9 provozn\u00ed f\u00e1ze. Pr\u00e1vn\u00ed r\u00e1mec pro jeho fungov\u00e1n\u00ed je d\u00e1na nov\u00fdm na\u0159\u00edzen\u00edm \u010d 377\/2014 Evropsk\u00e9ho parlamentu a Rady ze dne 3. rd dubna 2014, kter\u00fdm se zav\u00e1d\u00ed program Copernicus. Copernicus m\u00e1 nyn\u00ed sv\u016fj vlastn\u00ed zdroj financov\u00e1n\u00ed a po dlouh\u00fdch p\u0159\u00edprav\u00e1ch m\u00e1 tak\u00e9 vlastn\u00ed kapacitu pro pozorov\u00e1n\u00ed Zem\u011b.<br>\n3 rd Copernicus National User Forum s sebou p\u0159inesl rozs\u00e1hl\u00fd p\u0159ehled o potenci\u00e1lu p\u0159edev\u0161\u00edm dat SAR Kopern\u00edka a jeho mo\u017en\u00fdch aplikac\u00ed. Konference nab\u00eddla mo\u017en\u00e1 propojen\u00ed nap\u0159\u00ed\u010d ve\u0159ejn\u00fdm sektorem, akademickou sf\u00e9rou a soukromou sf\u00e9rou na n\u00e1rodn\u00ed i mezin\u00e1rodn\u00ed \u00farovni. Bylo p\u0159edstaveno mnoho t\u00e9mat, kter\u00e1 provokovaly my\u0161len\u00ed, a zah\u00e1jily diskuse o ot\u00e1zce Copernicus. N\u011bkter\u00e9 ot\u00e1zky v\u0161ak z\u016fst\u00e1vaj\u00ed nezodpov\u011bzeny, tak\u017ee je v\u00fdzvou, jak koncov\u00ed u\u017eivatel\u00e9 p\u0159ijmou v\u0161echna data a informace a vyu\u017eij\u00ed nab\u00edzen\u00fdch p\u0159\u00edle\u017eitost\u00ed. Doufejme, \u017ee p\u0159\u00ed\u0161t\u00ed ro\u010dn\u00edk konference n\u00e1m pom\u016f\u017ee naj\u00edt odpov\u011b\u010f na n\u011bkter\u00e9 z t\u011bchto d\u016fle\u017eit\u00fdch ot\u00e1zek.<\/p> <a class=\"button big mdc-elevation--z3 color1\" href=\"\/\/copernicus-konference2014.rajce.idnes.cz\" target=\"_self\" data-cp-link=\"1\" data-icon=\"\" rel=\"noopener noreferrer\">Fotografie<\/a><\/div> <\/div><\/div> <\/div>\n\n\n\n<div data-label=\"Content\" data-id=\"content--2\" data-export-id=\"content-15-materialis\" data-category=\"content\" class=\"content-15m content-section content-section-spacing-large\" id=\"content-2\" style=\"background-color: rgb(245, 250, 253);\"><div class=\"gridContainer\"> <div class=\"row middle-sm\"><div class=\"col-md-6 col-xs-12 col-sm-6 content-left-sm\" data-type=\"column\"> <div class=\"row\"><div class=\"col-xs-12\" data-type=\"column\"> <h2 class=\"space-bottom\">Prezentace<\/h2> <\/div> <\/div> <div class=\"row space-top spaced-cols\" data-type=\"row\" data-max-items=\"3\"> <div class=\"col-sm-6 col-xs-12 col-md-12\" data-type=\"column\"> <h5 class=\"\">1. sekce: Copernicus v \u010cesk\u00e9 republice (CZ)<\/h5> <p class=\"\">Lenka Hlad\u00edkov\u00e1 (CENIA): Evropsk\u00fd program Copernicus: Vstup do provozn\u00ed f\u00e1ze<\/p><\/div> <div class=\"col-sm-6 col-xs-12 col-md-12\" data-type=\"column\"> <p class=\"\">Ond\u0159ej \u0160v\u00e1b (Ministerstvo dopravy): Stru\u010dn\u00fd p\u0159ehled trend\u016f v pozorov\u00e1n\u00ed Zem\u011b<\/p><\/div> <div class=\"col-sm-6 col-xs-12 col-md-12\" data-type=\"column\"> <p class=\"\">Ond\u0159ej Mirovsk\u00fd (Technologick\u00e9 centrum AV \u010cR): Vesm\u00edr v programu Horizont 2020<\/p><\/div> <div class=\"col-sm-6 col-xs-12 col-md-12\" data-type=\"column\"> <p class=\"\">Ond\u0159ej \u0160v\u00e1b (Ministerstvo dopravy): Finan\u010dn\u00ed n\u00e1stroje na podporu rozvoje programu Copernicus v \u010cesk\u00e9 republice<\/p><\/div> <div class=\"col-sm-6 col-xs-12 col-md-12\" data-type=\"column\"> <h5 class=\"\">Sekce 2: Copernicus v Evrop\u011b (EN)<\/h5> <p class=\"\">Lenka Hlad\u00edkov\u00e1 (CENIA): Evropsk\u00fd program Copernicus: Vstup do provozn\u00ed f\u00e1ze<\/p><\/div><div class=\"col-sm-6 col-xs-12 col-md-12\" data-type=\"column\"> <h5 class=\"\">1. sekce: Copernicus v \u010cesk\u00e9 republice (CZ)<\/h5> <p class=\"\">Peter Zeil (Evropsk\u00e1 komise): Copernicus &#8211; sou\u010dasn\u00fd stav a v\u00fdzvy<\/p><\/div><div class=\"col-sm-6 col-xs-12 col-md-12\" data-type=\"column\">  <p class=\"\">Giancarlo Filippazzo (Evropsk\u00e1 kosmick\u00e1 agentura): \u010cinnosti ESA pro Copernicus: zam\u011b\u0159en\u00ed na Sentinel \u2013 1<\/p><\/div><div class=\"col-sm-6 col-xs-12 col-md-12\" data-type=\"column\">  <p class=\"\">Hans Dufourmont (Evropsk\u00e1 agentura pro \u017eivotn\u00ed prost\u0159ed\u00ed): \u010cinnosti EHP v Copernicus<\/p><\/div><div class=\"col-sm-6 col-xs-12 col-md-12\" data-type=\"column\">  <p class=\"\">Ulrike Daniels (Anwendungszentrum GmbH Oberpfaffenhofen): The Copernicus Masters &#8211; ud\u011blen\u00ed n\u00e1sledn\u00e9ho v\u00fdvoje aplikac\u00ed<\/p><\/div><div class=\"col-sm-6 col-xs-12 col-md-12\" data-type=\"column\"> <h5 class=\"\">Sekce 3: Radarov\u00e1 data a aplikace I (CZ \/ EN \/ SK)<\/h5> <p class=\"\">Jana Sou\u010dkov\u00e1 (Univerzita Karlova v Praze): Radarov\u00e1 data minul\u00e1 i sou\u010dasn\u00e1<\/p><\/div><div class=\"col-sm-6 col-xs-12 col-md-12\" data-type=\"column\">  <p class=\"\">Minyo Hong (Satrec Initiative): \u00davod do KOMPSAT-5<\/p><\/div><div class=\"col-sm-6 col-xs-12 col-md-12\" data-type=\"column\">  <p class=\"\">George Vozikis (Airbus DS &#8211; GeoIntelligence): Vylep\u0161en\u00ed TerraSAR-X v nov\u00e9 \u00e9\u0159e Sentinel<\/p><\/div><div class=\"col-sm-6 col-xs-12 col-md-12\" data-type=\"column\">  <p class=\"\">Juraj Pap\u010do (Slovensk\u00e9 vysok\u00e9 u\u010den\u00ed technick\u00e9 v Bratislav\u011b): Vyu\u017eit\u00ed dat SAR na Slovensku<\/p><\/div><div class=\"col-sm-6 col-xs-12 col-md-12\" data-type=\"column\">  <p class=\"\">Pavel \u0160\u00edstek (\u010cesk\u00fd telekomunika\u010dn\u00ed \u00fa\u0159ad): P\u0159erozd\u011blen\u00ed r\u00e1diov\u00e9ho spektra ve vztahu k radarov\u00fdm mis\u00edm<\/p><\/div><div class=\"col-sm-6 col-xs-12 col-md-12\" data-type=\"column\"> <h5 class=\"\">Sekce 4: Pokryt\u00ed krajiny \/ vyu\u017eit\u00ed \u00fazem\u00ed (CZ)<\/h5> <p class=\"\">Jana Ba\u0161istov\u00e1 (CENIA): Corine Land Cover 2012: Hodnocen\u00ed a p\u0159edb\u011b\u017en\u00e9 v\u00fdsledky<\/p><\/div><div class=\"col-sm-6 col-xs-12 col-md-12\" data-type=\"column\">  <p class=\"\">Jan Kolomazn\u00edk (GISAT): Copernicus Land Services: P\u0159ehled sou\u010dasn\u00e9ho stavu<\/p><\/div><div class=\"col-sm-6 col-xs-12 col-md-12\" data-type=\"column\">  <p class=\"\">Jan Pacina (UJEP): Rekonstrukce zanikl\u00e9 krajiny v \u010desk\u00fdch pohrani\u010dn\u00edch oblastech<\/p><\/div><div class=\"col-sm-6 col-xs-12 col-md-12\" data-type=\"column\">  <\/div><div class=\"col-sm-6 col-xs-12 col-md-12\" data-type=\"column\"> <h5 class=\"\">Sekce 5: D\u00e1lkov\u00e9 sn\u00edm\u00e1n\u00ed pro krizov\u00e9 \u0159\u00edzen\u00ed (CZ)<\/h5> <p class=\"\">Old\u0159ich Ma\u0161\u00edn (Pardubick\u00fd kraj): Vyu\u017eit\u00ed slu\u017eby krizov\u00e9ho \u0159\u00edzen\u00ed Copernicus pro cvi\u010den\u00ed zam\u011bstnanc\u016f v Pardubick\u00e9m kraji<\/p><\/div><div class=\"col-sm-6 col-xs-12 col-md-12\" data-type=\"column\">  <p class=\"\">Lena Halounov\u00e1 (\u010cesk\u00e9 vysok\u00e9 u\u010den\u00ed technick\u00e9 v Praze): Vyu\u017eit\u00ed radarov\u00fdch dat pro mapov\u00e1n\u00ed povodn\u00ed<\/p><\/div><div class=\"col-sm-6 col-xs-12 col-md-12\" data-type=\"column\">  <p class=\"\">Jan Helebrant (N\u00e1rodn\u00ed radia\u010dn\u00ed ochrann\u00fd \u00fastav): Mo\u017en\u00e9 vyu\u017eit\u00ed GMES \/ Copernicus k \u0159e\u0161en\u00ed p\u0159\u00ed\u010din radia\u010dn\u00edch hav\u00e1ri\u00ed<\/p><\/div><div class=\"col-sm-6 col-xs-12 col-md-12\" data-type=\"column\"> <h5 class=\"\">Sekce 6: Radarov\u00e1 data a aplikace II (CZ)<\/h5> <p class=\"\">Jan Kolomazn\u00edk (GISAT): Vyu\u017eit\u00ed dat optick\u00e9ho a SAR d\u00e1lkov\u00e9ho pr\u016fzkumu v doprav\u011b<\/p><\/div><div class=\"col-sm-6 col-xs-12 col-md-12\" data-type=\"column\">  <p class=\"\">Jan Mi\u0161urec (\u010cesk\u00fd geologick\u00fd pr\u016fzkum): Mo\u017enosti detekce vertik\u00e1ln\u00edch pohyb\u016f zem\u011b pomoc\u00ed dlouhodob\u00e9 \u010dasov\u00e9 \u0159ady satelitn\u00edch sn\u00edmk\u016f<\/p><\/div><div class=\"col-sm-6 col-xs-12 col-md-12\" data-type=\"column\">  <p class=\"\">Milan Lazeck\u00fd (V\u0160B-TUO): Potenci\u00e1l interferometrie SAR p\u0159i hodnocen\u00ed negativn\u00edch dopad\u016f poklesu t\u011b\u017eby<\/p><\/div><div class=\"col-sm-6 col-xs-12 col-md-12\" data-type=\"column\">  <\/div><div class=\"col-sm-6 col-xs-12 col-md-12\" data-type=\"column\"> <h5 class=\"\">Sekce 7: Praktick\u00fd workshop (CZ)<\/h5> <p class=\"\">P\u0159emysl \u0160tych (Univerzita Karlova v Praze): Projekt EOPOWER &#8211; vzd\u011bl\u00e1v\u00e1n\u00ed, marketing a v\u00fdvoj v oblasti d\u00e1lkov\u00e9ho pr\u016fzkumu<\/p><\/div><div class=\"col-sm-6 col-xs-12 col-md-12\" data-type=\"column\">  <p class=\"\">Jana Sou\u010dkov\u00e1 (Univerzita Karlova v Praze): \u00davod do zpracov\u00e1n\u00ed radarov\u00fdch dat<\/p><\/div><div class=\"col-sm-6 col-xs-12 col-md-12\" data-type=\"column\">  <\/div><\/div> <div class=\"row\"> <div class=\"col-xs-12\" data-type=\"column\"> <\/div> <\/div><\/div> <div class=\"col-md-6 col-xs-12 col-sm-6\"> <img decoding=\"async\" class=\"mdc-elevation--z9 rounded\" src=\"https:\/\/copernicus.chmi.cz\/wp-content\/uploads\/2020\/07\/cropped-alex-litvin-MAYsdoYpGuk-unsplash-scaled-1.jpg\"><\/div> <\/div><\/div> <\/div>\n\n\n\n<div data-label=\"Content\" data-id=\"content--3\" data-export-id=\"content-15-materialis\" data-category=\"content\" class=\"content-15m content-section content-section-spacing-large\" id=\"content-3\" style=\"background-color: rgb(255, 255, 255);\"><div class=\"gridContainer\"> <div class=\"row middle-sm\"><div class=\"col-md-6 col-xs-12 col-sm-6 content-left-sm\" data-type=\"column\"> <div class=\"row\"><div class=\"col-xs-12\" data-type=\"column\"> <h2 class=\"space-bottom\">Projekty a aplikace<\/h2> <\/div> <\/div> <div class=\"row space-top spaced-cols\" data-type=\"row\" data-max-items=\"3\"> <div class=\"col-sm-6 col-xs-12 col-md-12\" data-type=\"column\"> <h5 class=\"\">Vyu\u017eit\u00ed slu\u017eby krizov\u00e9ho \u0159\u00edzen\u00ed Copernicus pro cvi\u010den\u00ed zam\u011bstnanc\u016f v Pardubick\u00e9m kraji (Old\u0159ich Ma\u0161\u00edn, Pardubick\u00fd kraj)<\/h5> <\/div> <div class=\"col-sm-6 col-xs-12 col-md-12\" data-type=\"column\"><h5 class=\"\">Mo\u017enosti detekce vertik\u00e1ln\u00edch pohyb\u016f zem\u011b (Jan Mi\u0161urec, \u010cesk\u00fd geologick\u00fd pr\u016fzkum)&nbsp;<\/h5> <\/div> <div class=\"col-sm-6 col-xs-12 col-md-12\" data-type=\"column\"><h5 class=\"\">Copernicus Masters (Ulrike Daniels, Anwendungszentrum GmbH Oberpfaffenhofen)<\/h5> <\/div> <div class=\"col-sm-6 col-xs-12 col-md-12\" data-type=\"column\"><h5 class=\"\">Projekt eENVplus (Jarmila Cik\u00e1nkov\u00e1, CENIA)<\/h5> <\/div> <div class=\"col-sm-6 col-xs-12 col-md-12\" data-type=\"column\"> <h5 class=\"\">D\u00e1lkov\u00e9 sn\u00edm\u00e1n\u00ed (Lubo\u0161 Morav\u010d\u00edk, \u010cesk\u00fd hydrometeorologick\u00fd \u00fastav)&nbsp;<\/h5> <\/div><div class=\"col-sm-6 col-xs-12 col-md-12\" data-type=\"column\"> <h5 class=\"\">Historie meteorologie a klimatologie v \u010cesk\u00e9 republice (Lubo\u0161 Morav\u010d\u00edk, \u010cesk\u00fd hydrometeorologick\u00fd \u00fastav)<\/h5> <\/div><div class=\"col-sm-6 col-xs-12 col-md-12\" data-type=\"column\"> <h5 class=\"\">Mo\u017en\u00e9 vyu\u017eit\u00ed GMES \/ Copernicus k \u0159e\u0161en\u00ed p\u0159\u00ed\u010din radia\u010dn\u00edch hav\u00e1ri\u00ed (Jan Helebrant, N\u00e1rodn\u00ed \u00fastav radia\u010dn\u00ed ochrany)<\/h5> <\/div><div class=\"col-sm-6 col-xs-12 col-md-12\" data-type=\"column\"> <h5 class=\"\">Projekt EOPOWER &#8211; vzd\u011bl\u00e1v\u00e1n\u00ed, marketing a v\u00fdvoj v oblasti d\u00e1lkov\u00e9ho pr\u016fzkumu (P\u0159emysl \u0160tych, Univerzita Karlova v Praze)<\/h5> <\/div><div class=\"col-sm-6 col-xs-12 col-md-12\" data-type=\"column\"> <h5 class=\"\">Projekt EnviSec (David Va\u010dk\u00e1\u0159, CzechGlobe)<\/h5> <\/div><\/div> <div class=\"row\"> <div class=\"col-xs-12\" data-type=\"column\"> <\/div> <\/div><\/div> <div class=\"col-md-6 col-xs-12 col-sm-6\"> <img decoding=\"async\" class=\"mdc-elevation--z9 rounded\" src=\"https:\/\/copernicus.chmi.cz\/wp-content\/uploads\/2020\/07\/cropped-drmakete-lab-hsg538WrP0Y-unsplash.jpg\"><\/div> <\/div><\/div> <\/div>\n","protected":false},"excerpt":{"rendered":"","protected":false},"author":6,"featured_media":0,"parent":909,"menu_order":0,"comment_status":"closed","ping_status":"closed","template":"pro\/page-templates\/full-width-page.php","meta":{"footnotes":""},"class_list":["post-1153","page","type-page","status-publish","hentry"],"_links":{"self":[{"href":"https:\/\/copernicus.chmi.cz\/index.php\/wp-json\/wp\/v2\/pages\/1153","targetHints":{"allow":["GET"]}}],"collection":[{"href":"https:\/\/copernicus.chmi.cz\/index.php\/wp-json\/wp\/v2\/pages"}],"about":[{"href":"https:\/\/copernicus.chmi.cz\/index.php\/wp-json\/wp\/v2\/types\/page"}],"author":[{"embeddable":true,"href":"https:\/\/copernicus.chmi.cz\/index.php\/wp-json\/wp\/v2\/users\/6"}],"replies":[{"embeddable":true,"href":"https:\/\/copernicus.chmi.cz\/index.php\/wp-json\/wp\/v2\/comments?post=1153"}],"version-history":[{"count":7,"href":"https:\/\/copernicus.chmi.cz\/index.php\/wp-json\/wp\/v2\/pages\/1153\/revisions"}],"predecessor-version":[{"id":2215,"href":"https:\/\/copernicus.chmi.cz\/index.php\/wp-json\/wp\/v2\/pages\/1153\/revisions\/2215"}],"up":[{"embeddable":true,"href":"https:\/\/copernicus.chmi.cz\/index.php\/wp-json\/wp\/v2\/pages\/909"}],"wp:attachment":[{"href":"https:\/\/copernicus.chmi.cz\/index.php\/wp-json\/wp\/v2\/media?parent=1153"}],"curies":[{"name":"wp","href":"https:\/\/api.w.org\/{rel}","templated":true}]}}