

{"id":1117,"date":"2020-07-16T16:44:25","date_gmt":"2020-07-16T14:44:25","guid":{"rendered":"https:\/\/copernicus.chmi.cz\/?page_id=1117"},"modified":"2023-03-22T08:50:36","modified_gmt":"2023-03-22T07:50:36","slug":"1-ceske-uzivatelske-forum-copernicus","status":"publish","type":"page","link":"https:\/\/copernicus.chmi.cz\/index.php\/uzivatelske-a-konference-a-seminare\/1-ceske-uzivatelske-forum-copernicus\/","title":{"rendered":"1. \u010desk\u00e9 u\u017eivatelsk\u00e9 f\u00f3rum Copernicus"},"content":{"rendered":"<p><!-- CloudPress Companion Preview Data START --><\/p>\n\n<div class=\"breadcrumbs align  wp-block-bcn-breadcrumb-trail has-text-color has-background\" vocab=\"https:\/\/schema.org\/\" typeof=\"BreadcrumbList\">\n\t<span><\/span>\n\t<span property=\"itemListElement\" typeof=\"ListItem\"><a property=\"item\" typeof=\"WebPage\" title=\"P\u0159ej\u00edt na Copernicus CR.\" href=\"https:\/\/copernicus.chmi.cz\" class=\"home\" ><span property=\"name\">Copernicus CR<\/span><\/a><meta property=\"position\" content=\"1\"><\/span> &gt; <span property=\"itemListElement\" typeof=\"ListItem\"><a property=\"item\" typeof=\"WebPage\" title=\"P\u0159ej\u00edt na Novinky.\" href=\"https:\/\/copernicus.chmi.cz\/index.php\/novinky\/\" class=\"post post-page\" ><span property=\"name\">Novinky<\/span><\/a><meta property=\"position\" content=\"2\"><\/span> &gt; <span property=\"itemListElement\" typeof=\"ListItem\"><a property=\"item\" typeof=\"WebPage\" title=\"P\u0159ej\u00edt na Blog.\" href=\"https:\/\/copernicus.chmi.cz\/index.php\/novinky\/blog\/\" class=\"post-root post post-post\" aria-current=\"page\"><span property=\"name\">Blog<\/span><\/a><meta property=\"position\" content=\"3\"><\/span><\/div>\n\n\n\n<div data-label=\"Content\" data-id=\"content--1\" data-export-id=\"content-5-materialis\" data-category=\"content\" class=\"content-5m content-section-spacing-large content-section dark-text\" id=\"content-1\" style=\"background-color: rgb(255, 255, 255);\"><div class=\"gridContainer\"> <div class=\"row\"><div class=\"col-xs-12 col-sm-8 col-sm-offset-2 space-bottom text-center col-padding-small-xs\" data-type=\"column\"> <\/div> <div class=\"col-xs-12 text-center large\" data-type=\"column\"><h2 class=\"space-bottom\">1. n\u00e1rodn\u00ed u\u017eivatelsk\u00e9 f\u00f3rum GMES<\/h2> <p class=\"lead\" style=\"text-align: justify;\">Ve dnech 29. \u2013 30. kv\u011btna 2012 se v prostor\u00e1ch Ministerstva dopravy v Praze konala prvn\u00ed n\u00e1rodn\u00ed konference v\u011bnovan\u00e1 u\u017eivatel\u016fm GMES. Konferenci po\u0159\u00e1dala CENIA, \u010cesk\u00e1 agentura pro \u017eivotn\u00ed prost\u0159ed\u00ed ve spolupr\u00e1ci s Ministerstvem dopravy as podporou N\u00e1rodn\u00edho sekretari\u00e1tu GEOSS \/ GMES, Ministerstva \u017eivotn\u00edho prost\u0159ed\u00ed \u010cesk\u00e9 republiky a Ministerstva \u0161kolstv\u00ed, ml\u00e1de\u017ee a t\u011blov\u00fdchovy. Hlavn\u00edm c\u00edlem t\u00e9to akce bylo informovat a motivovat \u010desk\u00e9 u\u017eivatelsk\u00e9 komunity p\u0159i vyu\u017e\u00edv\u00e1n\u00ed dat a slu\u017eeb GMES a diskutovat o po\u017eadavc\u00edch na \u00fadaje GMES, jejich poskytov\u00e1n\u00ed, sd\u00edlen\u00ed a jejich praktick\u00e9 vyu\u017eit\u00ed v souladu s pot\u0159ebami u\u017eivatel\u016f.\n<br>\n<br>\nPrvn\u00ed den konference byl rozd\u011blen do t\u0159\u00ed sekc\u00ed \u2013 dv\u011b v \u010desk\u00e9m jazyce a jedna v angli\u010dtin\u011b. Prvn\u00ed \u010d\u00e1st byla zam\u011b\u0159ena na celkov\u00e9 nahl\u00e9dnut\u00ed do programu GMES. V anglick\u00e9 sekci hostili z\u00e1stupci evropsk\u00fdch instituc\u00ed. Cel\u00e1 \u010d\u00e1st t\u00e9to sekce byla moderov\u00e1na z\u00e1stupcem Evropsk\u00e9 komise p\u0159edsednictva GMES \u2013 panem Miguelem Rochou de Gouveia. Pan\u00ed Alessandra Tassa z Evropsk\u00e9 kosmick\u00e9 agentury (ESA) se zm\u00ednila o vesm\u00edrn\u00e9 slo\u017ece GMES. Prezentaci zam\u011b\u0159enou na komponentu GMES in-situ p\u0159edstavila Karla Acosta z Evropsk\u00e9 agentury pro \u017eivotn\u00ed prost\u0159ed\u00ed (EEA) a GIO EMS p\u0159edstavil Jan Kucera ze Spole\u010dn\u00e9ho v\u00fdzkumn\u00e9ho st\u0159ediska (JRC). Sou\u010d\u00e1st\u00ed t\u00e9to sekce byly tak\u00e9 prezentace zam\u011b\u0159en\u00e9 na n\u00e1rodn\u00ed postupy v GMES. Prvn\u00ed ofici\u00e1ln\u00ed vyhl\u00e1\u0161en\u00ed v\u00edt\u011bze sout\u011b\u017ee GMES Masters 2012 provedla Lara Schaflinger z Anwendungszentrum GmbH Oberpfaffenhofen. T\u0159et\u00ed \u010d\u00e1st se zab\u00fdvala prax\u00ed GMES v \u010cesk\u00e9 republice. Prezentace tak\u00e9 zm\u00ednily problematick\u00e9 ot\u00e1zky datov\u00e9 politiky a financov\u00e1n\u00ed GMES po roce 2013.\n<br>\n<br>Prvn\u00ed polovina druh\u00e9ho konferen\u010dn\u00edho dne byla rozd\u011blena do 5 paraleln\u00edch sekc\u00ed v\u011bnovan\u00fdch diskuzi o tematick\u00fdch ot\u00e1zk\u00e1ch slu\u017eeb GMES (p\u016fda, atmosf\u00e9ra a zm\u011bna klimatu, nouzov\u00e9 a bezpe\u010dnostn\u00ed) a GEOSS. Odpoledne prob\u011bhl workshop geoland2. Po celou konferenci byla spojen\u00e1 sout\u011b\u017e o nejlep\u0161\u00ed plak\u00e1t.<br>\nKonference se z\u00fa\u010dastnilo t\u00e9m\u011b\u0159 100 host\u016f nejen z ve\u0159ejn\u00e9ho sektoru, akademick\u00e9 a v\u00fdzkumn\u00e9 sf\u00e9ry, ale i ze soukrom\u00e9ho sektoru. P\u0159esto\u017ee se jednalo o n\u00e1rodn\u00ed konferenci, z\u00fa\u010dastnili se j\u00ed tak\u00e9 z\u00e1stupci sousedn\u00edch zem\u00ed, nap\u0159\u00edklad N\u011bmecka, Rakouska, Polska a Slovenska, n\u011bkte\u0159\u00ed z nich s vlastn\u00ed prezentac\u00ed.\n<br>\n<br>N\u00e1v\u0161t\u011bvn\u00edci konference se dohodli, \u017ee hlavn\u00edm p\u0159\u00ednosem GMES pro \u010desk\u00e9 u\u017eivatele je otev\u0159en\u00fd a voln\u00fd p\u0159\u00edstup k dat\u016fm, kter\u00fd zapln\u00ed mezery v budouc\u00ed dostupnosti dat. Konference prok\u00e1zala p\u0159ipravenost, anga\u017eovanost a z\u00e1jem \u010desk\u00fdch u\u017eivatel\u016f o nab\u00edzen\u00e9 slu\u017eby GMES.<\/p> <\/div> <\/div><\/div> <\/div>\n\n\n\n<div data-label=\"Content\" data-id=\"content--4\" data-export-id=\"content-6-materialis\" data-category=\"content\" class=\"content-6m content-section-spacing-large content-section\" id=\"content-4\" style=\"background-color: rgb(245, 250, 253);\"><div class=\"gridContainer\"> <div class=\"row\"><div class=\"section-title-col large\" data-type=\"column\"> <h2 class=\"space-bottom\">Program<\/h2> <\/div> <\/div> <div class=\"row\"> <div class=\"col-xs-12 col-sm-8 col-sm-offset-2 space-bottom text-center\" data-type=\"column\"> <img decoding=\"async\" class=\"mdc-elevation--z13 rounded\" src=\"https:\/\/copernicus.chmi.cz\/wp-content\/uploads\/2020\/07\/cropped-GMES.png\"><\/div> <div class=\"col-xs-12 space-top text-center\" data-type=\"column\"><a class=\"button null big color1 mdc-ripple-upgraded\" href=\"\/\/copernicus.chmi.cz\/wp-content\/uploads\/2020\/07\/Program-1.-ceske-UF-GMES-ENG.pdf\" target=\"_self\" data-cp-link=\"1\" data-icon=\"\" rel=\"noopener noreferrer\">Program a informace<\/a><a class=\"button null big color1 mdc-ripple-upgraded\" href=\"\/\/gmes-konference2012.rajce.idnes.cz\" target=\"_self\" data-cp-link=\"1\" data-icon=\"\" rel=\"noopener noreferrer\">Fotografie<\/a><\/div> <\/div><\/div> <\/div>\n\n\n\n<div data-label=\"Content\" data-id=\"content--2\" data-export-id=\"content-15-materialis\" data-category=\"content\" class=\"content-15m content-section content-section-spacing-large dark-text\" id=\"content-2\" style=\"background-color: rgba(255, 255, 255, 0); background-image: none;\"><div class=\"gridContainer\"> <div class=\"row middle-sm\"><div class=\"col-md-6 col-xs-12 col-sm-6 content-left-sm\" data-type=\"column\"> <div class=\"row\"><div class=\"col-xs-12\" data-type=\"column\"> <h2 class=\"space-bottom\">Prezentace<\/h2> <\/div> <\/div> <div class=\"row space-top spaced-cols\" data-type=\"row\" data-max-items=\"3\"> <div class=\"col-sm-6 col-xs-12 col-md-12\" data-type=\"column\"> <h5 class=\"\">Sekce 1<\/h5> <p class=\"\">Simona Losmanov\u00e1 (CENIA): GMES pro u\u017eivatele v \u010cesk\u00e9 republice<\/p><\/div>  <div class=\"col-sm-6 col-xs-12 col-md-12\" data-type=\"column\"> <p class=\"\">Ond\u0159ej \u0160v\u00e1b (Ministerstvo dopravy): Kosmick\u00e9 aktivity v \u010cR<\/p><\/div> <div class=\"col-sm-6 col-xs-12 col-md-12\" data-type=\"column\"> <p class=\"\">Ji\u0159\u00ed Hradec (CENIA): Evropsk\u00e9 horizont\u00e1ln\u00ed datov\u00e9 politiky a p\u0159\u00edstup k jejich dat\u016fm<\/p><\/div> <div class=\"col-sm-6 col-xs-12 col-md-12\" data-type=\"column\">  <p class=\"\">Zden\u011bk Prouza (S\u00daRO): GMES a radia\u010dn\u00ed bezpe\u010dnost<\/p><\/div><div class=\"col-sm-6 col-xs-12 col-md-12\" data-type=\"column\"> <h5 class=\"\">Sekce 2<\/h5> <p class=\"\">Miguel Rocha de Gouveia (\u00fa\u0159ad GMES): Glob\u00e1ln\u00ed monitorov\u00e1n\u00ed \u017eivotn\u00edho prost\u0159ed\u00ed a bezpe\u010dnosti<\/p><\/div><div class=\"col-sm-6 col-xs-12 col-md-12\" data-type=\"column\">  <p class=\"\">Alessandra Tassa (ESA): Komponenta GMES Space<\/p><\/div><div class=\"col-sm-6 col-xs-12 col-md-12\" data-type=\"column\">  <p class=\"\">Karla Acosta (GISC \u2013 EHP): koordinace GMES na m\u00edst\u011b<\/p><\/div><div class=\"col-sm-6 col-xs-12 col-md-12\" data-type=\"column\">  <p class=\"\">Jan Ku\u010dera (JRC): JRC a GMES<\/p><\/div><div class=\"col-sm-6 col-xs-12 col-md-12\" data-type=\"column\">  <p class=\"\">Simona Losmanov\u00e1 (CENIA): GMES pro u\u017eivatele v \u010cesk\u00e9 republice<\/p><\/div><div class=\"col-sm-6 col-xs-12 col-md-12\" data-type=\"column\"> <h5 class=\"\">Sekce 3<\/h5> <p class=\"\">Zbyn\u011bk Stein (CENIA): Environment\u00e1ln\u00ed bezpe\u010dnost (EnviSec)<\/p><\/div><div class=\"col-sm-6 col-xs-12 col-md-12\" data-type=\"column\">  <p class=\"\">Milan Lazeck\u00fd (V\u0160B-TU Ostrava): Aplikace dru\u017eicov\u00e9 radarov\u00e9 interferometrie<\/p><\/div><div class=\"col-sm-6 col-xs-12 col-md-12\" data-type=\"column\">  <p class=\"\">Ond\u0159ej \u0160v\u00e1b (Ministerstvo dopravy): Aktivity pozorov\u00e1n\u00ed Zem\u011b ve sdru\u017een\u00ed region\u016f vyu\u017e\u00edvaj\u00edc\u00ed kosmick\u00e9 technologie (NEREUS)<\/p><\/div><div class=\"col-sm-6 col-xs-12 col-md-12\" data-type=\"column\">  <p class=\"\">Eli\u0161ka Bradov\u00e1 (Hl. M. Praha): Zku\u0161enosti s vyu\u017eit\u00edm dat Urban Atlasu pro pot\u0159eby \u00fazemn\u00edho pl\u00e1nov\u00e1n\u00ed v Praze<\/p><\/div><div class=\"col-sm-6 col-xs-12 col-md-12\" data-type=\"column\">  <p class=\"\">Tom\u00e1\u0161 Soukup (GISAT): \u010cesk\u00e1 stopa v projektech GMES<\/p><\/div><div class=\"col-sm-6 col-xs-12 col-md-12\" data-type=\"column\">  <p class=\"\">Ond\u0159ej Mirovsk\u00fd (M\u0160MT): V\u011bda a v\u00fdzkum v GMES, finance, projekty 7. RP<\/p><\/div><\/div> <div class=\"row\"> <div class=\"col-xs-12\" data-type=\"column\"> <\/div> <\/div><\/div> <div class=\"col-md-6 col-xs-12 col-sm-6\"> <img decoding=\"async\" class=\"mdc-elevation--z9 rounded\" src=\"https:\/\/copernicus.chmi.cz\/wp-content\/uploads\/2020\/07\/cropped-joao-cruz-IkEpl3JkVqU-unsplash-scaled-1.jpg\"><\/div> <\/div><\/div> <\/div>\n\n\n\n<div data-label=\"Content\" data-id=\"content--3\" data-export-id=\"content-15-materialis\" data-category=\"content\" class=\"content-15m content-section content-section-spacing-large dark-text\" id=\"content-3\" style=\"background-color: rgb(245, 250, 253); background-image: none;\"><div class=\"gridContainer\"> <div class=\"row middle-sm\"><div class=\"col-md-6 col-xs-12 col-sm-6 content-left-sm\" data-type=\"column\"> <div class=\"row\"><div class=\"col-xs-12\" data-type=\"column\"> <h2 class=\"space-bottom\">Workshopy<\/h2> <p class=\"\">Druh\u00fd den konference bylo mo\u017en\u00e9 si vybrat mezi 5 tematick\u00fdmi workshopy:<\/p><\/div> <\/div> <div class=\"row space-top spaced-cols\" data-type=\"row\" data-max-items=\"3\"> <div class=\"col-sm-6 col-xs-12 col-md-12\" data-type=\"column\"> <h5 class=\"\">P\u0159ist\u00e1t<\/h5> <\/div> <div class=\"col-sm-6 col-xs-12 col-md-12\" data-type=\"column\"><h5 class=\"\">Atmosf\u00e9ra a zm\u011bna klimatu<\/h5> <\/div> <div class=\"col-sm-6 col-xs-12 col-md-12\" data-type=\"column\"><h5 class=\"\">Nouzov\u00fd<\/h5> <\/div> <div class=\"col-sm-6 col-xs-12 col-md-12\" data-type=\"column\"><h5 class=\"\">Bezpe\u010dnostn\u00ed<\/h5> <\/div> <div class=\"col-sm-6 col-xs-12 col-md-12\" data-type=\"column\"> <h5 class=\"\">GEOSS<\/h5> <\/div><\/div> <div class=\"row\"> <div class=\"col-xs-12\" data-type=\"column\"> <\/div> <\/div><\/div> <div class=\"col-md-6 col-xs-12 col-sm-6\"> <img decoding=\"async\" class=\"mdc-elevation--z9 rounded\" src=\"https:\/\/copernicus.chmi.cz\/wp-content\/uploads\/2020\/07\/cropped-you-x-ventures-m2TU2gfqSeE-unsplash-scaled-1.jpg\"><\/div> <\/div><\/div> <\/div>\n","protected":false},"excerpt":{"rendered":"","protected":false},"author":6,"featured_media":0,"parent":909,"menu_order":0,"comment_status":"closed","ping_status":"closed","template":"pro\/page-templates\/full-width-page.php","meta":{"footnotes":""},"class_list":["post-1117","page","type-page","status-publish","hentry"],"_links":{"self":[{"href":"https:\/\/copernicus.chmi.cz\/index.php\/wp-json\/wp\/v2\/pages\/1117","targetHints":{"allow":["GET"]}}],"collection":[{"href":"https:\/\/copernicus.chmi.cz\/index.php\/wp-json\/wp\/v2\/pages"}],"about":[{"href":"https:\/\/copernicus.chmi.cz\/index.php\/wp-json\/wp\/v2\/types\/page"}],"author":[{"embeddable":true,"href":"https:\/\/copernicus.chmi.cz\/index.php\/wp-json\/wp\/v2\/users\/6"}],"replies":[{"embeddable":true,"href":"https:\/\/copernicus.chmi.cz\/index.php\/wp-json\/wp\/v2\/comments?post=1117"}],"version-history":[{"count":6,"href":"https:\/\/copernicus.chmi.cz\/index.php\/wp-json\/wp\/v2\/pages\/1117\/revisions"}],"predecessor-version":[{"id":2213,"href":"https:\/\/copernicus.chmi.cz\/index.php\/wp-json\/wp\/v2\/pages\/1117\/revisions\/2213"}],"up":[{"embeddable":true,"href":"https:\/\/copernicus.chmi.cz\/index.php\/wp-json\/wp\/v2\/pages\/909"}],"wp:attachment":[{"href":"https:\/\/copernicus.chmi.cz\/index.php\/wp-json\/wp\/v2\/media?parent=1117"}],"curies":[{"name":"wp","href":"https:\/\/api.w.org\/{rel}","templated":true}]}}