

{"id":1092,"date":"2020-07-16T14:06:26","date_gmt":"2020-07-16T12:06:26","guid":{"rendered":"https:\/\/copernicus.chmi.cz\/?page_id=1092"},"modified":"2020-11-18T14:14:30","modified_gmt":"2020-11-18T13:14:30","slug":"doprava","status":"publish","type":"page","link":"https:\/\/copernicus.chmi.cz\/index.php\/o-copernicu\/oblasti-a-priklady-vyuziti\/doprava\/","title":{"rendered":"Doprava"},"content":{"rendered":"<div class=\"breadcrumbs align  wp-block-bcn-breadcrumb-trail has-text-color has-background\" vocab=\"https:\/\/schema.org\/\" typeof=\"BreadcrumbList\">\n\t<span><\/span>\n\t<span property=\"itemListElement\" typeof=\"ListItem\"><a property=\"item\" typeof=\"WebPage\" title=\"P\u0159ej\u00edt na Copernicus CR.\" href=\"https:\/\/copernicus.chmi.cz\" class=\"home\" ><span property=\"name\">Copernicus CR<\/span><\/a><meta property=\"position\" content=\"1\"><\/span> &gt; <span property=\"itemListElement\" typeof=\"ListItem\"><a property=\"item\" typeof=\"WebPage\" title=\"P\u0159ej\u00edt na Novinky.\" href=\"https:\/\/copernicus.chmi.cz\/index.php\/novinky\/\" class=\"post post-page\" ><span property=\"name\">Novinky<\/span><\/a><meta property=\"position\" content=\"2\"><\/span> &gt; <span property=\"itemListElement\" typeof=\"ListItem\"><a property=\"item\" typeof=\"WebPage\" title=\"P\u0159ej\u00edt na Blog.\" href=\"https:\/\/copernicus.chmi.cz\/index.php\/novinky\/blog\/\" class=\"post-root post post-post\" aria-current=\"page\"><span property=\"name\">Blog<\/span><\/a><meta property=\"position\" content=\"3\"><\/span><\/div>\n\n\n\n<div data-label=\"Content\" data-id=\"content--1\" data-export-id=\"content-5-materialis\" data-category=\"content\" class=\"content-5m content-section-spacing-large content-section dark-text\" id=\"content-1\" style=\"background-color: rgb(255, 255, 255);\"><div class=\"gridContainer\"> <div class=\"row\"><div class=\"col-xs-12 col-sm-8 col-sm-offset-2 space-bottom text-center col-padding-small-xs\" data-type=\"column\"> <\/div> <div class=\"col-xs-12 text-center large\" data-type=\"column\"><h2 class=\"space-bottom\">Doprava<\/h2> <p class=\"lead\" style=\"text-align: justify;\">Doprava je d\u016fle\u017eit\u00fdm odv\u011btv\u00edm hospod\u00e1\u0159stv\u00ed EU. Pro dopravce, vl\u00e1dy a m\u00edstn\u00ed org\u00e1ny je prioritou zajistit bezpe\u010dnost cestuj\u00edc\u00edch.<br>\nP\u0159\u00edrodn\u00ed nebezpe\u010d\u00ed, jako jsou sope\u010dn\u00e9 v\u00fdbuchy nebo v\u00fdskyt mo\u0159sk\u00e9 ledov\u00e9ho pokryvu, mohou naru\u0161it \u010di zbrzdit dopravn\u00ed toky a p\u0159ivodit tak zna\u010dn\u00e9 ekonomick\u00e9 dopady. Obavy vzbuzuj\u00ed rovn\u011b\u017e bezpe\u010dnostn\u00ed hrozby, nap\u0159\u00edklad pir\u00e1tstv\u00ed. Program Copernicus nab\u00edz\u00ed v ot\u00e1zk\u00e1ch dopravy a bezpe\u010dnosti celou \u0159adu \u0159e\u0161en\u00ed.\n<br><br>\nV p\u0159\u00edpad\u011b n\u00e1mo\u0159n\u00ed dopravy mohou nap\u0159\u00edklad informace o proudech, kter\u00e9 poskytuje program Copernicus, podporovat slu\u017eby sm\u011brov\u00e1n\u00ed lod\u00ed. Tak\u00e9 informace o mo\u0159sk\u00e9m ledov\u00e9m pokryvu mohou p\u0159isp\u011bt k v\u00fdrazn\u00e9mu zlep\u0161en\u00ed bezpe\u010dnosti navigace v arktick\u00fdch oblastech.\n<br>\n<br>\n<b>P\u0159\u00edklad vyu\u017eit\u00ed:<\/b><\/p> <\/div> <\/div><\/div> <\/div>\n\n\n\n<div data-label=\"Content\" data-id=\"content--2\" data-export-id=\"content-11\" data-category=\"content\" class=\"content-11 content-section content-section-spacing-large\" id=\"content-2\" style=\"background-color: rgba(255, 255, 255, 0); background-image: none;\"><div class=\"gridContainer\"> <div class=\"row text-center\"><div class=\"section-title-col\" data-type=\"column\">  <\/div> <\/div> <div class=\"row center-xs middle-xs\"> <div class=\"col-sm-9\"> <div class=\"border-radius-8 lightbox-video lightbox-video-tall dark-overlay mdc-elevation--z10 flexbox middle-xs center-xs\" data-type=\"group\" data-bg=\"image\" style=\"background-image: url(&quot;https:\/\/copernicus.chmi.cz\/wp-content\/uploads\/2020\/05\/Sentinel-2_pillars.jpg&quot;);\"> <a data-fancybox=\"\" data-video-lightbox=\"true\" href=\"https:\/\/www.youtube.com\/watch?time_continue=54&amp;v=5sMK_DYOmfo&amp;feature=emb_logo\"> <i data-cp-mdi=\"true\" class=\"mdi icon video-icon mdi-play-circle color7\"><\/i><\/a> <\/div><\/div> <\/div><\/div> <\/div>\n","protected":false},"excerpt":{"rendered":"","protected":false},"author":6,"featured_media":0,"parent":940,"menu_order":0,"comment_status":"closed","ping_status":"closed","template":"pro\/page-templates\/full-width-page.php","meta":{"footnotes":""},"class_list":["post-1092","page","type-page","status-publish","hentry"],"_links":{"self":[{"href":"https:\/\/copernicus.chmi.cz\/index.php\/wp-json\/wp\/v2\/pages\/1092","targetHints":{"allow":["GET"]}}],"collection":[{"href":"https:\/\/copernicus.chmi.cz\/index.php\/wp-json\/wp\/v2\/pages"}],"about":[{"href":"https:\/\/copernicus.chmi.cz\/index.php\/wp-json\/wp\/v2\/types\/page"}],"author":[{"embeddable":true,"href":"https:\/\/copernicus.chmi.cz\/index.php\/wp-json\/wp\/v2\/users\/6"}],"replies":[{"embeddable":true,"href":"https:\/\/copernicus.chmi.cz\/index.php\/wp-json\/wp\/v2\/comments?post=1092"}],"version-history":[{"count":3,"href":"https:\/\/copernicus.chmi.cz\/index.php\/wp-json\/wp\/v2\/pages\/1092\/revisions"}],"predecessor-version":[{"id":2241,"href":"https:\/\/copernicus.chmi.cz\/index.php\/wp-json\/wp\/v2\/pages\/1092\/revisions\/2241"}],"up":[{"embeddable":true,"href":"https:\/\/copernicus.chmi.cz\/index.php\/wp-json\/wp\/v2\/pages\/940"}],"wp:attachment":[{"href":"https:\/\/copernicus.chmi.cz\/index.php\/wp-json\/wp\/v2\/media?parent=1092"}],"curies":[{"name":"wp","href":"https:\/\/api.w.org\/{rel}","templated":true}]}}