

{"id":1080,"date":"2020-07-16T13:46:55","date_gmt":"2020-07-16T11:46:55","guid":{"rendered":"https:\/\/copernicus.chmi.cz\/?page_id=1080"},"modified":"2020-11-18T14:13:58","modified_gmt":"2020-11-18T13:13:58","slug":"cestovni-ruch","status":"publish","type":"page","link":"https:\/\/copernicus.chmi.cz\/index.php\/o-copernicu\/oblasti-a-priklady-vyuziti\/cestovni-ruch\/","title":{"rendered":"Cestovn\u00ed ruch"},"content":{"rendered":"<div class=\"breadcrumbs align  wp-block-bcn-breadcrumb-trail has-text-color has-background\" vocab=\"https:\/\/schema.org\/\" typeof=\"BreadcrumbList\">\n\t<span><\/span>\n\t<span property=\"itemListElement\" typeof=\"ListItem\"><a property=\"item\" typeof=\"WebPage\" title=\"P\u0159ej\u00edt na Copernicus CR.\" href=\"https:\/\/copernicus.chmi.cz\" class=\"home\" ><span property=\"name\">Copernicus CR<\/span><\/a><meta property=\"position\" content=\"1\"><\/span> &gt; <span property=\"itemListElement\" typeof=\"ListItem\"><a property=\"item\" typeof=\"WebPage\" title=\"P\u0159ej\u00edt na Novinky.\" href=\"https:\/\/copernicus.chmi.cz\/index.php\/novinky\/\" class=\"post post-page\" ><span property=\"name\">Novinky<\/span><\/a><meta property=\"position\" content=\"2\"><\/span> &gt; <span property=\"itemListElement\" typeof=\"ListItem\"><a property=\"item\" typeof=\"WebPage\" title=\"P\u0159ej\u00edt na Blog.\" href=\"https:\/\/copernicus.chmi.cz\/index.php\/novinky\/blog\/\" class=\"post-root post post-post\" aria-current=\"page\"><span property=\"name\">Blog<\/span><\/a><meta property=\"position\" content=\"3\"><\/span><\/div>\n\n\n\n<div data-label=\"Content\" data-id=\"content--1\" data-export-id=\"content-5-materialis\" data-category=\"content\" class=\"content-5m content-section-spacing-large content-section dark-text\" id=\"content-1\" style=\"background-color: rgb(255, 255, 255);\"><div class=\"gridContainer\"> <div class=\"row\"><div class=\"col-xs-12 col-sm-8 col-sm-offset-2 space-bottom text-center col-padding-small-xs\" data-type=\"column\"> <\/div> <div class=\"col-xs-12 text-center large\" data-type=\"column\"><h2 class=\"space-bottom\">Cestovn\u00ed ruch<\/h2> <p class=\"lead\" style=\"text-align: justify;\">D\u00edky funkci monitorov\u00e1n\u00ed \u017eivotn\u00edho prost\u0159ed\u00ed lze program Copernicus vyu\u017e\u00edt v oblasti cestovn\u00edho ruchu.<br>\nNap\u0159\u00edklad kvalitn\u011bj\u0161\u00ed sledov\u00e1n\u00ed v\u00fdskytu populac\u00ed med\u00faz nebo odhalov\u00e1n\u00ed \u0161\u00ed\u0159en\u00ed vodn\u00edch \u0159as m\u016f\u017ee zabr\u00e1nit mo\u017en\u00fdm negativn\u00edm dopad\u016fm na \u010dinnosti spojen\u00e9 s cestovn\u00edm ruchem.<br>\nObecn\u011bji je syst\u00e9m Copernicus schopen podporovat prov\u00e1d\u011bn\u00ed slu\u017eeb monitorov\u00e1n\u00ed kvality pob\u0159e\u017en\u00edch vod, kter\u00e9 zase mohou pomoci org\u00e1n\u016fm ve\u0159ejn\u00e9 spr\u00e1vy zv\u00fd\u0161it ochranu vod ke koup\u00e1n\u00ed.\n<br>\n<br><b>P\u0159\u00edklad vyu\u017eit\u00ed:<\/b><\/p> <\/div> <\/div><\/div> <\/div>\n\n\n<!-- wp:image {\"id\":1087,\"width\":325,\"height\":166,\"sizeSlug\":\"large\"}--><div class=\"gridContainer\">\n<figure class=\"wp-block-image size-large is-resized\"><a class=\"customize-unpreviewable\" href=\"http:\/\/136.156.132.169\/c3s-mtmsi\/\"><img fetchpriority=\"high\" decoding=\"async\" src=\"https:\/\/copernicus.chmi.cz\/wp-content\/uploads\/2020\/07\/sn\u00edh-1024x523.png\" alt=\"\" class=\"wp-image-1087\" width=\"325\" height=\"166\" srcset=\"https:\/\/copernicus.chmi.cz\/wp-content\/uploads\/2020\/07\/sn\u00edh-1024x523.png 1024w, https:\/\/copernicus.chmi.cz\/wp-content\/uploads\/2020\/07\/sn\u00edh-300x153.png 300w, https:\/\/copernicus.chmi.cz\/wp-content\/uploads\/2020\/07\/sn\u00edh-768x392.png 768w, https:\/\/copernicus.chmi.cz\/wp-content\/uploads\/2020\/07\/sn\u00edh-1536x785.png 1536w, https:\/\/copernicus.chmi.cz\/wp-content\/uploads\/2020\/07\/sn\u00edh-1232x629.png 1232w, https:\/\/copernicus.chmi.cz\/wp-content\/uploads\/2020\/07\/sn\u00edh.png 1905w\" sizes=\"(max-width: 325px) 100vw, 325px\" \/><\/a><figcaption>Mountain Tourism Meteorological &amp; Snow Indicators (Slu\u017eba C3S)<\/figcaption><\/figure>\n<\/div><!-- \/wp:image-->","protected":false},"excerpt":{"rendered":"","protected":false},"author":6,"featured_media":0,"parent":940,"menu_order":0,"comment_status":"closed","ping_status":"closed","template":"pro\/page-templates\/full-width-page.php","meta":{"footnotes":""},"class_list":["post-1080","page","type-page","status-publish","hentry"],"_links":{"self":[{"href":"https:\/\/copernicus.chmi.cz\/index.php\/wp-json\/wp\/v2\/pages\/1080","targetHints":{"allow":["GET"]}}],"collection":[{"href":"https:\/\/copernicus.chmi.cz\/index.php\/wp-json\/wp\/v2\/pages"}],"about":[{"href":"https:\/\/copernicus.chmi.cz\/index.php\/wp-json\/wp\/v2\/types\/page"}],"author":[{"embeddable":true,"href":"https:\/\/copernicus.chmi.cz\/index.php\/wp-json\/wp\/v2\/users\/6"}],"replies":[{"embeddable":true,"href":"https:\/\/copernicus.chmi.cz\/index.php\/wp-json\/wp\/v2\/comments?post=1080"}],"version-history":[{"count":7,"href":"https:\/\/copernicus.chmi.cz\/index.php\/wp-json\/wp\/v2\/pages\/1080\/revisions"}],"predecessor-version":[{"id":2240,"href":"https:\/\/copernicus.chmi.cz\/index.php\/wp-json\/wp\/v2\/pages\/1080\/revisions\/2240"}],"up":[{"embeddable":true,"href":"https:\/\/copernicus.chmi.cz\/index.php\/wp-json\/wp\/v2\/pages\/940"}],"wp:attachment":[{"href":"https:\/\/copernicus.chmi.cz\/index.php\/wp-json\/wp\/v2\/media?parent=1080"}],"curies":[{"name":"wp","href":"https:\/\/api.w.org\/{rel}","templated":true}]}}