

{"id":1065,"date":"2020-07-16T08:55:04","date_gmt":"2020-07-16T06:55:04","guid":{"rendered":"https:\/\/copernicus.chmi.cz\/?page_id=1065"},"modified":"2020-11-18T14:13:34","modified_gmt":"2020-11-18T13:13:34","slug":"bezpecnost-a-ochrana","status":"publish","type":"page","link":"https:\/\/copernicus.chmi.cz\/index.php\/o-copernicu\/oblasti-a-priklady-vyuziti\/bezpecnost-a-ochrana\/","title":{"rendered":"Bezpe\u010dnost a obrana"},"content":{"rendered":"<div class=\"breadcrumbs align  wp-block-bcn-breadcrumb-trail has-text-color has-background\" vocab=\"https:\/\/schema.org\/\" typeof=\"BreadcrumbList\">\n\t<span><\/span>\n\t<span property=\"itemListElement\" typeof=\"ListItem\"><a property=\"item\" typeof=\"WebPage\" title=\"P\u0159ej\u00edt na Copernicus CR.\" href=\"https:\/\/copernicus.chmi.cz\" class=\"home\" ><span property=\"name\">Copernicus CR<\/span><\/a><meta property=\"position\" content=\"1\"><\/span> &gt; <span property=\"itemListElement\" typeof=\"ListItem\"><a property=\"item\" typeof=\"WebPage\" title=\"P\u0159ej\u00edt na Novinky.\" href=\"https:\/\/copernicus.chmi.cz\/index.php\/novinky\/\" class=\"post post-page\" ><span property=\"name\">Novinky<\/span><\/a><meta property=\"position\" content=\"2\"><\/span> &gt; <span property=\"itemListElement\" typeof=\"ListItem\"><a property=\"item\" typeof=\"WebPage\" title=\"P\u0159ej\u00edt na Blog.\" href=\"https:\/\/copernicus.chmi.cz\/index.php\/novinky\/blog\/\" class=\"post-root post post-post\" aria-current=\"page\"><span property=\"name\">Blog<\/span><\/a><meta property=\"position\" content=\"3\"><\/span><\/div>\n\n\n\n<div data-label=\"Content\" data-id=\"content--1\" data-export-id=\"content-5-materialis\" data-category=\"content\" class=\"content-5m content-section-spacing-large content-section dark-text\" id=\"content-1\" style=\"background-color: rgb(255, 255, 255);\"><div class=\"gridContainer\"> <div class=\"row\"><div class=\"col-xs-12 col-sm-8 col-sm-offset-2 space-bottom text-center col-padding-small-xs\" data-type=\"column\"> <\/div> <div class=\"col-xs-12 text-center large\" data-type=\"column\"><h2 class=\"space-bottom\">Bezpe\u010dnost a obrana<\/h2> <p class=\"lead\" style=\"text-align: justify;\">Program Copernicus podporuje reakci EU na n\u011bkolik bezpe\u010dnostn\u00edch v\u00fdzev.\n<br><br>\nPom\u00e1h\u00e1 zlep\u0161ovat ostrahu hranic EU s c\u00edlem omezit neleg\u00e1ln\u00ed p\u0159ist\u011bhovalectv\u00ed a zachra\u0148ovat v\u00edce \u017eivot\u016f na mo\u0159i. Podporuje tak\u00e9 vn\u011bj\u0161\u00ed \u010dinnost EU t\u00edm, \u017ee poskytuje rozhodovac\u00edm org\u00e1n\u016fm geoinformace o vzd\u00e1len\u00fdch a t\u011b\u017eko p\u0159\u00edstupn\u00fdch oblastech, kde jsou v s\u00e1zce bezpe\u010dnostn\u00ed ot\u00e1zky.\n<br><br>\nV oblasti n\u00e1mo\u0159n\u00edho dohledu p\u0159isp\u00edv\u00e1 program Copernicus k bezpe\u010dnosti navigace, podporuje kontrolu rybolovu a vym\u00e1h\u00e1n\u00ed pr\u00e1va a pom\u00e1h\u00e1 bojovat proti zne\u010di\u0161t\u011bn\u00ed mo\u0159\u00ed.\n<br><br>\nM\u016f\u017ee tak\u00e9 p\u0159isp\u00edvat k monitorov\u00e1n\u00ed kritick\u00fdch infrastruktur, jako jsou elektr\u00e1rny, t\u011b\u017eebn\u00ed plo\u0161iny na \u0161ir\u00e9m mo\u0159i, r\u016fzn\u00e9 typy potrub\u00ed atd.\n<br>\n<br><b>P\u0159\u00edklady vyu\u017eit\u00ed:<\/b><\/p> <\/div> <\/div><\/div> <\/div>\n\n\n<!-- wp:image {\"id\":1076,\"width\":312,\"height\":427,\"sizeSlug\":\"large\"}--><div class=\"gridContainer\">\n<figure class=\"wp-block-image size-large is-resized\"><a href=\"http:\/\/www.emsa.europa.eu\/copernicus\/cms-cases\/item\/3683-maritime-safety-security-short-notice-request-to-ascertain-location-of-a-drifting-vessel-2.html\"><img fetchpriority=\"high\" decoding=\"async\" src=\"https:\/\/copernicus.chmi.cz\/wp-content\/uploads\/2020\/07\/drug16-133525.png\" alt=\"\" class=\"wp-image-1076\" width=\"312\" height=\"427\" srcset=\"https:\/\/copernicus.chmi.cz\/wp-content\/uploads\/2020\/07\/drug16-133525.png 724w, https:\/\/copernicus.chmi.cz\/wp-content\/uploads\/2020\/07\/drug16-133525-219x300.png 219w\" sizes=\"(max-width: 312px) 100vw, 312px\" \/><\/a><figcaption>Protidrogov\u00e1 operace, 2017<\/figcaption><\/figure>\n<\/div><!-- \/wp:image-->\n\n<!-- wp:image {\"id\":1074,\"width\":306,\"height\":420,\"sizeSlug\":\"large\"}--><div class=\"gridContainer\">\n<figure class=\"wp-block-image size-large is-resized\"><a href=\"https:\/\/copernicus.chmi.cz\/wp-content\/uploads\/2020\/07\/fish-2020-07-16-114728.png\"><img decoding=\"async\" src=\"https:\/\/copernicus.chmi.cz\/wp-content\/uploads\/2020\/07\/fish-2020-07-16-114728.png\" alt=\"\" class=\"wp-image-1074\" width=\"306\" height=\"420\" srcset=\"https:\/\/copernicus.chmi.cz\/wp-content\/uploads\/2020\/07\/fish-2020-07-16-114728.png 729w, https:\/\/copernicus.chmi.cz\/wp-content\/uploads\/2020\/07\/fish-2020-07-16-114728-218x300.png 218w\" sizes=\"(max-width: 306px) 100vw, 306px\" \/><\/a><figcaption>Dokument se zobraz\u00ed po kliknut\u00ed na obr\u00e1zek.<\/figcaption><\/figure>\n<\/div><!-- \/wp:image-->","protected":false},"excerpt":{"rendered":"","protected":false},"author":6,"featured_media":0,"parent":940,"menu_order":0,"comment_status":"closed","ping_status":"closed","template":"pro\/page-templates\/full-width-page.php","meta":{"footnotes":""},"class_list":["post-1065","page","type-page","status-publish","hentry"],"_links":{"self":[{"href":"https:\/\/copernicus.chmi.cz\/index.php\/wp-json\/wp\/v2\/pages\/1065","targetHints":{"allow":["GET"]}}],"collection":[{"href":"https:\/\/copernicus.chmi.cz\/index.php\/wp-json\/wp\/v2\/pages"}],"about":[{"href":"https:\/\/copernicus.chmi.cz\/index.php\/wp-json\/wp\/v2\/types\/page"}],"author":[{"embeddable":true,"href":"https:\/\/copernicus.chmi.cz\/index.php\/wp-json\/wp\/v2\/users\/6"}],"replies":[{"embeddable":true,"href":"https:\/\/copernicus.chmi.cz\/index.php\/wp-json\/wp\/v2\/comments?post=1065"}],"version-history":[{"count":8,"href":"https:\/\/copernicus.chmi.cz\/index.php\/wp-json\/wp\/v2\/pages\/1065\/revisions"}],"predecessor-version":[{"id":2239,"href":"https:\/\/copernicus.chmi.cz\/index.php\/wp-json\/wp\/v2\/pages\/1065\/revisions\/2239"}],"up":[{"embeddable":true,"href":"https:\/\/copernicus.chmi.cz\/index.php\/wp-json\/wp\/v2\/pages\/940"}],"wp:attachment":[{"href":"https:\/\/copernicus.chmi.cz\/index.php\/wp-json\/wp\/v2\/media?parent=1065"}],"curies":[{"name":"wp","href":"https:\/\/api.w.org\/{rel}","templated":true}]}}