

{"id":1052,"date":"2020-07-16T08:32:33","date_gmt":"2020-07-16T06:32:33","guid":{"rendered":"https:\/\/copernicus.chmi.cz\/?page_id=1052"},"modified":"2020-11-18T14:17:21","modified_gmt":"2020-11-18T13:17:21","slug":"rizeni-katastrof","status":"publish","type":"page","link":"https:\/\/copernicus.chmi.cz\/index.php\/o-copernicu\/oblasti-a-priklady-vyuziti\/rizeni-katastrof\/","title":{"rendered":"\u0158\u00edzen\u00ed katastrof"},"content":{"rendered":"<div class=\"breadcrumbs align  wp-block-bcn-breadcrumb-trail has-text-color has-background\" vocab=\"https:\/\/schema.org\/\" typeof=\"BreadcrumbList\">\n\t<span><\/span>\n\t<span property=\"itemListElement\" typeof=\"ListItem\"><a property=\"item\" typeof=\"WebPage\" title=\"P\u0159ej\u00edt na Copernicus CR.\" href=\"https:\/\/copernicus.chmi.cz\" class=\"home\" ><span property=\"name\">Copernicus CR<\/span><\/a><meta property=\"position\" content=\"1\"><\/span> &gt; <span property=\"itemListElement\" typeof=\"ListItem\"><a property=\"item\" typeof=\"WebPage\" title=\"P\u0159ej\u00edt na Novinky.\" href=\"https:\/\/copernicus.chmi.cz\/index.php\/novinky\/\" class=\"post post-page\" ><span property=\"name\">Novinky<\/span><\/a><meta property=\"position\" content=\"2\"><\/span> &gt; <span property=\"itemListElement\" typeof=\"ListItem\"><a property=\"item\" typeof=\"WebPage\" title=\"P\u0159ej\u00edt na Blog.\" href=\"https:\/\/copernicus.chmi.cz\/index.php\/novinky\/blog\/\" class=\"post-root post post-post\" aria-current=\"page\"><span property=\"name\">Blog<\/span><\/a><meta property=\"position\" content=\"3\"><\/span><\/div>\n\n\n\n<div data-label=\"Content\" data-id=\"content--1\" data-export-id=\"content-5-materialis\" data-category=\"content\" class=\"content-5m content-section-spacing-large content-section dark-text\" id=\"content-1\" style=\"background-color: rgb(255, 255, 255);\"><div class=\"gridContainer\"> <div class=\"row\"><div class=\"col-xs-12 col-sm-8 col-sm-offset-2 space-bottom text-center col-padding-small-xs\" data-type=\"column\"> <\/div> <div class=\"col-xs-12 text-center large\" data-type=\"column\"><h2 class=\"space-bottom\">\u0158\u00edzen\u00ed katastrof a poji\u0161\u0165ovnictv\u00ed<\/h2> <p class=\"lead\" style=\"text-align: justify;\">Ka\u017ed\u00fdm rokem jsou stovky milion\u016f osob p\u0159\u00edmo zasa\u017eeny p\u0159\u00edrodn\u00edmi katastrofami, technick\u00fdmi nebo pr\u016fmyslov\u00fdmi hav\u00e1riemi a humanit\u00e1rn\u00edmi krizemi. Zem\u011b na jihu Evropy nap\u0159\u00edklad pravideln\u011b \u010del\u00ed rozs\u00e1hl\u00fdm po\u017e\u00e1r\u016fm vegetace, zat\u00edmco st\u0159edn\u00ed Evropu \u010dasto postihuj\u00ed velk\u00e9 povodn\u011b.\n<br><br>\nProgram Copernicus podporuje org\u00e1ny ve\u0159ejn\u00e9 spr\u00e1vy ve v\u0161ech f\u00e1z\u00edch \u0159\u00edzen\u00ed katastrof. M\u016f\u017ee p\u0159isp\u00edvat k p\u0159ipravenosti a prevenci t\u00edm, \u017ee poskytuje data, je\u017e pom\u00e1haj\u00ed identifikovat rizika a p\u0159edch\u00e1zet ztr\u00e1t\u00e1m na \u017eivotech i na majetku. B\u011bhem z\u00e1sahov\u00fdch akc\u00ed podporuje d\u00edky sv\u00fdm produkt\u016fm (nap\u0159. map\u00e1m vyzna\u010duj\u00edc\u00edm zaplaven\u00e9 oblasti) operace v oblasti civiln\u00ed ochrany. Identifikuje se tak rozsah katastrofy  a \u00farove\u0148 po\u0161kozen\u00ed (nap\u0159. zni\u010den\u00e9 budovy v p\u0159\u00edpad\u011b zem\u011bt\u0159esen\u00ed). Ve f\u00e1zi obnovy pom\u00e1h\u00e1 monitorovat st\u0159edn\u011bdob\u00e9 a dlouhodob\u00e9 dopady na \u017eivotn\u00ed prost\u0159ed\u00ed, lidskou bezpe\u010dnost a hospod\u00e1\u0159stv\u00ed a jejich v\u00fdvoj.\n<br><br>\nPozorov\u00e1n\u00ed Zem\u011b se vyu\u017e\u00edv\u00e1 tak\u00e9 v odv\u011btv\u00ed poji\u0161\u0165ovnictv\u00ed. Lze je vyu\u017e\u00edt k aktualizaci, ov\u011b\u0159ov\u00e1n\u00ed a kalibraci rizikov\u00fdch model\u016f. Pom\u00e1h\u00e1 odhadnout ztr\u00e1ty v p\u0159\u00edpad\u011b, \u017ee dojde ke katastrof\u011b. Lze je vyu\u017e\u00edt rovn\u011b\u017e k v\u00fdpo\u010dtu index\u016f, kter\u00e9 se pot\u00e9 zohledn\u00ed p\u0159i v\u00fdpo\u010dtu \u010d\u00e1stek od\u0161kodn\u011bn\u00ed, kter\u00e9 m\u00e1 b\u00fdt vyplaceno.\n<br>\n<br>\n<b>P\u0159\u00edklady vyu\u017eit\u00ed:<\/b><\/p> <\/div> <\/div><\/div> <\/div>\n\n\n<!-- wp:image {\"id\":1056,\"width\":420,\"height\":297,\"sizeSlug\":\"large\"}--><div class=\"gridContainer\">\n<figure class=\"wp-block-image size-large is-resized\"><a class=\"customize-unpreviewable\" href=\"https:\/\/emergency.copernicus.eu\/mapping\/list-of-components\/EMSR444\"><img fetchpriority=\"high\" decoding=\"async\" src=\"https:\/\/copernicus.chmi.cz\/wp-content\/uploads\/2020\/07\/z\u00e1plava-ukrajina-083625-1024x725.png\" alt=\"\" class=\"wp-image-1056\" width=\"420\" height=\"297\" srcset=\"https:\/\/copernicus.chmi.cz\/wp-content\/uploads\/2020\/07\/z\u00e1plava-ukrajina-083625-1024x725.png 1024w, https:\/\/copernicus.chmi.cz\/wp-content\/uploads\/2020\/07\/z\u00e1plava-ukrajina-083625-300x212.png 300w, https:\/\/copernicus.chmi.cz\/wp-content\/uploads\/2020\/07\/z\u00e1plava-ukrajina-083625-768x543.png 768w, https:\/\/copernicus.chmi.cz\/wp-content\/uploads\/2020\/07\/z\u00e1plava-ukrajina-083625-1232x872.png 1232w, https:\/\/copernicus.chmi.cz\/wp-content\/uploads\/2020\/07\/z\u00e1plava-ukrajina-083625.png 1515w\" sizes=\"(max-width: 420px) 100vw, 420px\" \/><\/a><figcaption>Z\u00e1plavy na Ukrajin\u011b, 2020 (Slu\u017eba EMS)<\/figcaption><\/figure>\n<\/div><!-- \/wp:image-->\n\n<!-- wp:image {\"id\":1057,\"width\":421,\"height\":294,\"sizeSlug\":\"large\"}--><div class=\"gridContainer\">\n<figure class=\"wp-block-image size-large is-resized\"><a class=\"customize-unpreviewable\" href=\"https:\/\/emergency.copernicus.eu\/mapping\/ems-product-component\/EMSN077_01MEINWEG_P07WFRMONIT01_00OVERVIEW\/1\"><img decoding=\"async\" src=\"https:\/\/copernicus.chmi.cz\/wp-content\/uploads\/2020\/07\/Ni\u010div\u00e9-po\u017e\u00e1ry-GE16-083816-1024x718.png\" alt=\"\" class=\"wp-image-1057\" width=\"421\" height=\"294\" srcset=\"https:\/\/copernicus.chmi.cz\/wp-content\/uploads\/2020\/07\/Ni\u010div\u00e9-po\u017e\u00e1ry-GE16-083816-1024x718.png 1024w, https:\/\/copernicus.chmi.cz\/wp-content\/uploads\/2020\/07\/Ni\u010div\u00e9-po\u017e\u00e1ry-GE16-083816-300x210.png 300w, https:\/\/copernicus.chmi.cz\/wp-content\/uploads\/2020\/07\/Ni\u010div\u00e9-po\u017e\u00e1ry-GE16-083816-768x539.png 768w, https:\/\/copernicus.chmi.cz\/wp-content\/uploads\/2020\/07\/Ni\u010div\u00e9-po\u017e\u00e1ry-GE16-083816.png 1051w\" sizes=\"(max-width: 421px) 100vw, 421px\" \/><\/a><figcaption>Ni\u010div\u00e9 po\u017e\u00e1ry, N\u00e1rodn\u00ed park Meinweg, N\u011bmecko, Nizozem\u00ed, 2020 (Slu\u017eba EMS)<\/figcaption><\/figure>\n<\/div><!-- \/wp:image-->\n\n<!-- wp:image {\"id\":1061,\"width\":420,\"height\":315,\"sizeSlug\":\"large\"}--><div class=\"gridContainer\">\n<figure class=\"wp-block-image size-large is-resized\"><a class=\"customize-unpreviewable\" href=\"https:\/\/copernicus.chmi.cz\/wp-content\/uploads\/2020\/07\/UseCase_Insurance_AgriculturalInsurance.pdf\"><img decoding=\"async\" src=\"https:\/\/copernicus.chmi.cz\/wp-content\/uploads\/2020\/07\/poji\u0161t\u011bn\u00ed-084736.png\" alt=\"\" class=\"wp-image-1061\" width=\"420\" height=\"315\" srcset=\"https:\/\/copernicus.chmi.cz\/wp-content\/uploads\/2020\/07\/poji\u0161t\u011bn\u00ed-084736.png 956w, https:\/\/copernicus.chmi.cz\/wp-content\/uploads\/2020\/07\/poji\u0161t\u011bn\u00ed-084736-300x225.png 300w, https:\/\/copernicus.chmi.cz\/wp-content\/uploads\/2020\/07\/poji\u0161t\u011bn\u00ed-084736-768x576.png 768w\" sizes=\"(max-width: 420px) 100vw, 420px\" \/><\/a><figcaption>Dokument se zobraz\u00ed po kliknut\u00ed na obr\u00e1zek.<\/figcaption><\/figure>\n<\/div><!-- \/wp:image-->","protected":false},"excerpt":{"rendered":"","protected":false},"author":6,"featured_media":0,"parent":940,"menu_order":0,"comment_status":"closed","ping_status":"closed","template":"pro\/page-templates\/full-width-page.php","meta":{"footnotes":""},"class_list":["post-1052","page","type-page","status-publish","hentry"],"_links":{"self":[{"href":"https:\/\/copernicus.chmi.cz\/index.php\/wp-json\/wp\/v2\/pages\/1052","targetHints":{"allow":["GET"]}}],"collection":[{"href":"https:\/\/copernicus.chmi.cz\/index.php\/wp-json\/wp\/v2\/pages"}],"about":[{"href":"https:\/\/copernicus.chmi.cz\/index.php\/wp-json\/wp\/v2\/types\/page"}],"author":[{"embeddable":true,"href":"https:\/\/copernicus.chmi.cz\/index.php\/wp-json\/wp\/v2\/users\/6"}],"replies":[{"embeddable":true,"href":"https:\/\/copernicus.chmi.cz\/index.php\/wp-json\/wp\/v2\/comments?post=1052"}],"version-history":[{"count":6,"href":"https:\/\/copernicus.chmi.cz\/index.php\/wp-json\/wp\/v2\/pages\/1052\/revisions"}],"predecessor-version":[{"id":2246,"href":"https:\/\/copernicus.chmi.cz\/index.php\/wp-json\/wp\/v2\/pages\/1052\/revisions\/2246"}],"up":[{"embeddable":true,"href":"https:\/\/copernicus.chmi.cz\/index.php\/wp-json\/wp\/v2\/pages\/940"}],"wp:attachment":[{"href":"https:\/\/copernicus.chmi.cz\/index.php\/wp-json\/wp\/v2\/media?parent=1052"}],"curies":[{"name":"wp","href":"https:\/\/api.w.org\/{rel}","templated":true}]}}