

{"id":1043,"date":"2020-07-15T15:53:41","date_gmt":"2020-07-15T13:53:41","guid":{"rendered":"https:\/\/copernicus.chmi.cz\/?page_id=1043"},"modified":"2021-04-07T14:56:04","modified_gmt":"2021-04-07T12:56:04","slug":"zdravotnictvi","status":"publish","type":"page","link":"https:\/\/copernicus.chmi.cz\/index.php\/o-copernicu\/oblasti-a-priklady-vyuziti\/zdravotnictvi\/","title":{"rendered":"Zdrav\u00ed"},"content":{"rendered":"<div  data-label=\"Content\" data-id=\"content--1\" data-export-id=\"content-5-materialis\" data-category=\"content\" class=\"content-5m content-section-spacing-large content-section dark-text\" id=\"content-1\" style=\"background-color: rgb(255, 255, 255);\"><div  class=\"gridContainer\"> <div  class=\"row\"><div  class=\"col-xs-12 col-sm-8 col-sm-offset-2 space-bottom text-center col-padding-small-xs\" data-type=\"column\"> <\/div> <div  class=\"col-xs-12 text-center large\" data-type=\"column\"><h2  class=\"space-bottom\">Zdrav\u00ed<\/h2> <p  class=\"lead\" style=\"text-align: justify;\">Zdrav\u00ed ob\u010dan\u016f ohro\u017euje cel\u00e1 \u0159ada nebezpe\u010d\u00ed. Vnitrost\u00e1tn\u00ed a region\u00e1ln\u00ed org\u00e1ny mohou ud\u011blat mnoho pro to, aby zm\u00edrnily \u00fa\u010dinky zdravotn\u00edch hrozeb. Program Copernicus m\u016f\u017ee b\u00fdt oporou org\u00e1n\u016fm ve\u0159ejn\u00e9ho zdrav\u00ed p\u0159i sledov\u00e1n\u00ed jev\u016f, kter\u00e9 souvisej\u00ed s ot\u00e1zkami zdrav\u00ed, v \u017eivotn\u00edm prost\u0159ed\u00ed a d\u00e1le p\u0159i z\u00edsk\u00e1v\u00e1n\u00ed informac\u00ed pro jejich \u010dinnosti.\n<br ><br >\nJedn\u00edm z kritick\u00fdch faktor\u016f ovliv\u0148uj\u00edc\u00edch ve\u0159ejn\u00e9 zdrav\u00ed je zne\u010di\u0161t\u011bn\u00ed ovzdu\u0161\u00ed. To ka\u017edoro\u010dn\u011b v Evrop\u011b zp\u016fsob\u00ed n\u011bkolik stovek tis\u00edc p\u0159ed\u010dasn\u00fdch \u00famrt\u00ed, je\u017e lze p\u0159ipsat jemn\u00fdm \u010d\u00e1stic\u00edm nach\u00e1zej\u00edc\u00edm se ve vzduchu. Program Copernicus podporuje sledov\u00e1n\u00ed zne\u010di\u0161t\u011bn\u00ed na z\u00e1klad\u011b denn\u00edch p\u0159edpov\u011bd\u00ed kvality ovzdu\u0161\u00ed.<br >\nObdobn\u011b se odhaduje, \u017ee nadm\u011brn\u00e1 expozice UV z\u00e1\u0159en\u00ed je v\u00fdznamnou p\u0159\u00ed\u010dinou rakoviny k\u016f\u017ee, jej\u00ed\u017e v\u00fdskyt se v Evrop\u011b ka\u017edoro\u010dn\u011b zvy\u0161uje o 5 a\u017e 7 %. Program Copernicus se pod\u00edl\u00ed na progn\u00f3z\u00e1ch UV z\u00e1\u0159en\u00ed, podle nich\u017e se pak lid\u00e9 mohou \u0159\u00eddit.\n<br ><br >\nProgram Copernicus m\u016f\u017ee b\u00fdt tak\u00e9 velmi u\u017eite\u010dn\u00fd p\u0159i identifikaci oblast\u00ed n\u00e1chyln\u00fdch ke vzniku a \u0161\u00ed\u0159en\u00ed epidemi\u00ed, kter\u00e9 jsou do zna\u010dn\u00e9 m\u00edry z\u00e1visl\u00e9 na environment\u00e1ln\u00edch faktorech (nap\u0159. voda, hygiena, potraviny nebo kvalita ovzdu\u0161\u00ed).\n<br >\n<br ><b >\nP\u0159\u00edklad produkt\u016f slu\u017ebeb CAMS a C3S:<\/b><\/p> <\/div> <\/div><\/div> <\/div><!-- wp:image {\"id\":1048,\"width\":377,\"height\":375,\"sizeSlug\":\"large\"}--><div class=\"gridContainer\"><figure  class=\"wp-block-image size-large is-resized\"><a  class=\"customize-unpreviewable\" href=\"http:\/\/macc-raq-op.meteo.fr\/index.php?category=ensemble&amp;subensemble=hourly_ensemble&amp;date=LAST&amp;calculation-model=ENSEMBLE&amp;species=o3&amp;level=SFC&amp;offset=000\"><img loading=\"lazy\" decoding=\"async\" loading=\"lazy\"  src=\"https:\/\/copernicus.chmi.cz\/wp-content\/uploads\/2020\/07\/air2020-07-15-160424.png\" alt=\"\" class=\"wp-image-1048\" width=\"377\" height=\"375\" srcset=\"https:\/\/copernicus.chmi.cz\/wp-content\/uploads\/2020\/07\/air2020-07-15-160424.png 987w, https:\/\/copernicus.chmi.cz\/wp-content\/uploads\/2020\/07\/air2020-07-15-160424-150x150.png 150w, https:\/\/copernicus.chmi.cz\/wp-content\/uploads\/2020\/07\/air2020-07-15-160424-768x765.png 768w\" sizes=\"auto, (max-width: 377px) 100vw, 377px\" \/><\/a><figcaption >Kvalita ovzdu\u0161\u00ed na \u00fazem\u00ed Evropy<\/figcaption><\/figure><\/div><!-- \/wp:image--><!-- wp:image {\"id\":1049,\"width\":574,\"height\":252,\"sizeSlug\":\"large\"}--><div class=\"gridContainer\"><figure  class=\"wp-block-image size-large is-resized\"><a  class=\"customize-unpreviewable\" href=\"https:\/\/cds.climate.copernicus.eu\/apps\/c3s\/app-c3s-monthly-climate-covid-19-explorer\"><img loading=\"lazy\" decoding=\"async\" loading=\"lazy\"  src=\"https:\/\/copernicus.chmi.cz\/wp-content\/uploads\/2020\/07\/covid-1024x451.png\" alt=\"\" class=\"wp-image-1049\" width=\"574\" height=\"252\" srcset=\"https:\/\/copernicus.chmi.cz\/wp-content\/uploads\/2020\/07\/covid-1024x451.png 1024w, https:\/\/copernicus.chmi.cz\/wp-content\/uploads\/2020\/07\/covid-300x132.png 300w, https:\/\/copernicus.chmi.cz\/wp-content\/uploads\/2020\/07\/covid-768x338.png 768w, https:\/\/copernicus.chmi.cz\/wp-content\/uploads\/2020\/07\/covid-1536x676.png 1536w, https:\/\/copernicus.chmi.cz\/wp-content\/uploads\/2020\/07\/covid-1232x542.png 1232w, https:\/\/copernicus.chmi.cz\/wp-content\/uploads\/2020\/07\/covid.png 1897w\" sizes=\"auto, (max-width: 574px) 100vw, 574px\" \/><\/a><figcaption >M\u011bs\u00ed\u010dn\u00ed statistiky COVID-19 (Slu\u017eba C3S)<\/figcaption><\/figure><\/div><!-- \/wp:image--><!-- wp:paragraph--><div class=\"gridContainer\"><p ><\/p><\/div><!-- \/wp:paragraph-->","protected":false},"excerpt":{"rendered":"","protected":false},"author":6,"featured_media":0,"parent":940,"menu_order":0,"comment_status":"closed","ping_status":"closed","template":"pro\/page-templates\/full-width-page.php","meta":{"footnotes":""},"class_list":["post-1043","page","type-page","status-publish","hentry"],"_links":{"self":[{"href":"https:\/\/copernicus.chmi.cz\/index.php\/wp-json\/wp\/v2\/pages\/1043","targetHints":{"allow":["GET"]}}],"collection":[{"href":"https:\/\/copernicus.chmi.cz\/index.php\/wp-json\/wp\/v2\/pages"}],"about":[{"href":"https:\/\/copernicus.chmi.cz\/index.php\/wp-json\/wp\/v2\/types\/page"}],"author":[{"embeddable":true,"href":"https:\/\/copernicus.chmi.cz\/index.php\/wp-json\/wp\/v2\/users\/6"}],"replies":[{"embeddable":true,"href":"https:\/\/copernicus.chmi.cz\/index.php\/wp-json\/wp\/v2\/comments?post=1043"}],"version-history":[{"count":7,"href":"https:\/\/copernicus.chmi.cz\/index.php\/wp-json\/wp\/v2\/pages\/1043\/revisions"}],"predecessor-version":[{"id":2517,"href":"https:\/\/copernicus.chmi.cz\/index.php\/wp-json\/wp\/v2\/pages\/1043\/revisions\/2517"}],"up":[{"embeddable":true,"href":"https:\/\/copernicus.chmi.cz\/index.php\/wp-json\/wp\/v2\/pages\/940"}],"wp:attachment":[{"href":"https:\/\/copernicus.chmi.cz\/index.php\/wp-json\/wp\/v2\/media?parent=1043"}],"curies":[{"name":"wp","href":"https:\/\/api.w.org\/{rel}","templated":true}]}}