

{"id":1014,"date":"2020-07-15T14:55:05","date_gmt":"2020-07-15T12:55:05","guid":{"rendered":"https:\/\/copernicus.chmi.cz\/?page_id=1014"},"modified":"2020-11-18T14:14:58","modified_gmt":"2020-11-18T13:14:58","slug":"energetika-a-prirodni-zdroje","status":"publish","type":"page","link":"https:\/\/copernicus.chmi.cz\/index.php\/o-copernicu\/oblasti-a-priklady-vyuziti\/energetika-a-prirodni-zdroje\/","title":{"rendered":"Energetika a p\u0159\u00edrodn\u00ed zdroje"},"content":{"rendered":"<div class=\"breadcrumbs align  wp-block-bcn-breadcrumb-trail has-text-color has-background\" vocab=\"https:\/\/schema.org\/\" typeof=\"BreadcrumbList\">\n\t<span><\/span>\n\t<span property=\"itemListElement\" typeof=\"ListItem\"><a property=\"item\" typeof=\"WebPage\" title=\"P\u0159ej\u00edt na Copernicus CR.\" href=\"https:\/\/copernicus.chmi.cz\" class=\"home\" ><span property=\"name\">Copernicus CR<\/span><\/a><meta property=\"position\" content=\"1\"><\/span> &gt; <span property=\"itemListElement\" typeof=\"ListItem\"><a property=\"item\" typeof=\"WebPage\" title=\"P\u0159ej\u00edt na Novinky.\" href=\"https:\/\/copernicus.chmi.cz\/index.php\/novinky\/\" class=\"post post-page\" ><span property=\"name\">Novinky<\/span><\/a><meta property=\"position\" content=\"2\"><\/span> &gt; <span property=\"itemListElement\" typeof=\"ListItem\"><a property=\"item\" typeof=\"WebPage\" title=\"P\u0159ej\u00edt na Blog.\" href=\"https:\/\/copernicus.chmi.cz\/index.php\/novinky\/blog\/\" class=\"post-root post post-post\" aria-current=\"page\"><span property=\"name\">Blog<\/span><\/a><meta property=\"position\" content=\"3\"><\/span><\/div>\n\n\n\n<div data-label=\"Content\" data-id=\"content--1\" data-export-id=\"content-5-materialis\" data-category=\"content\" class=\"content-5m content-section-spacing-large content-section dark-text\" id=\"content-1\" style=\"background-color: rgb(255, 255, 255);\"><div class=\"gridContainer\"> <div class=\"row\"><div class=\"col-xs-12 col-sm-8 col-sm-offset-2 space-bottom text-center col-padding-small-xs\" data-type=\"column\"> <\/div> <div class=\"col-xs-12 text-center large\" data-type=\"column\"><h2 class=\"space-bottom\">Energetika a p\u0159\u00edrodn\u00ed zdroje<\/h2> <p class=\"lead\" style=\"text-align: justify;\">Evropsk\u00e1 unie si jako jasnou prioritu stanovila, \u017ee p\u0159ijme opat\u0159en\u00ed k \u0159e\u0161en\u00ed probl\u00e9m\u016f v oblasti energetiky. D\u00e1le se zav\u00e1zala zajistit, \u017ee do roku 2020 bude energie z obnoviteln\u00fdch zdroj\u016f tvo\u0159it 20 % z celkov\u00e9ho mno\u017estv\u00ed energie spot\u0159ebovan\u00e9 v EU a do roku 2030 pak 27 %.\n<br><br>\nKl\u00ed\u010dovou roli p\u0159i dosahov\u00e1n\u00ed tohoto z\u00e1vazn\u00e9ho c\u00edle bude hr\u00e1t v\u011btrn\u00e1 energie, kter\u00e1 je cenov\u011b dostupn\u00fdm, ekologick\u00fdm zdrojem. Dal\u0161\u00edm zdrojem udr\u017eiteln\u00e9 obnoviteln\u00e9 energie je tak\u00e9 Slunce: za jedin\u00fd den absorbuj\u00ed pou\u0161t\u011b  ze Slunce v\u00edce energie, ne\u017e j\u00ed spot\u0159ebuje lidstvo za cel\u00fd rok.\n<br><br>\nMezi hlavn\u00ed obnoviteln\u00e9 zdroje energie pat\u0159\u00ed rovn\u011b\u017e energie z vodn\u00edch zdroj\u016f a z biomasy. Data z\u00edskan\u00e1 prost\u0159ednictv\u00edm programu Copernicus se mohou vyu\u017e\u00edvat nap\u0159\u00edklad pro progn\u00f3zy v\u00fdroby slune\u010dn\u00ed a v\u011btrn\u00e9 energie, pro v\u00fdb\u011br lokalit ur\u010den\u00fdch pro za\u0159\u00edzen\u00ed na v\u00fdrobu obnoviteln\u00e9 energie, monitorov\u00e1n\u00ed biomasy nebo monitorov\u00e1n\u00ed hladiny vody. M\u00e1 proto potenci\u00e1l podporovat \u00fa\u010dinn\u00e9 vyu\u017e\u00edv\u00e1n\u00ed obnoviteln\u00fdch energi\u00ed, co\u017e pom\u016f\u017ee uspokojit vzr\u016fstaj\u00edc\u00ed celosv\u011btovou popt\u00e1vku po energii bez zv\u00fd\u0161en\u00ed emis\u00ed CO2.\n<br><br>\nD\u00edky velk\u00e9mu objemu dat a informac\u00ed, kter\u00e9 poskytuje (nap\u0159. pob\u0159e\u017en\u00ed prost\u0159ed\u00ed, zne\u010di\u0161t\u011bn\u00ed mo\u0159e, progn\u00f3za proud\u016f a drift\u016f, monitorov\u00e1n\u00ed infrastruktury) m\u016f\u017ee Copernicus podporovat tak\u00e9 vyu\u017eit\u00ed v oblasti neobnoviteln\u00fdch energi\u00ed, jako je nap\u0159\u00edklad ropn\u00fd a plyn\u00e1rensk\u00fd pr\u016fmysl.\n<br>\n<br>\n<b>P\u0159\u00edklady vyu\u017eit\u00ed:<\/b><\/p> <\/div> <\/div><\/div> <\/div>\n\n\n<!-- wp:image {\"id\":1021,\"width\":420,\"height\":315,\"sizeSlug\":\"large\"}--><div class=\"gridContainer\">\n<figure class=\"wp-block-image size-large is-resized\"><a class=\"customize-unpreviewable\" href=\"https:\/\/copernicus.chmi.cz\/wp-content\/uploads\/2020\/07\/UseCase_Energy_OilAndGas.pdf\"><img fetchpriority=\"high\" decoding=\"async\" src=\"https:\/\/copernicus.chmi.cz\/wp-content\/uploads\/2020\/07\/energetika12020-07-15-150116.png\" alt=\"\" class=\"wp-image-1021\" width=\"420\" height=\"315\" srcset=\"https:\/\/copernicus.chmi.cz\/wp-content\/uploads\/2020\/07\/energetika12020-07-15-150116.png 954w, https:\/\/copernicus.chmi.cz\/wp-content\/uploads\/2020\/07\/energetika12020-07-15-150116-300x226.png 300w, https:\/\/copernicus.chmi.cz\/wp-content\/uploads\/2020\/07\/energetika12020-07-15-150116-768x578.png 768w\" sizes=\"(max-width: 420px) 100vw, 420px\" \/><\/a><figcaption>Dokument se zobraz\u00ed po kliknut\u00ed na obr\u00e1zek.<\/figcaption><\/figure>\n<\/div><!-- \/wp:image-->\n\n<!-- wp:paragraph--><div class=\"gridContainer\">\n<p><\/p>\n<\/div><!-- \/wp:paragraph-->\n\n<!-- wp:image {\"id\":1027,\"width\":416,\"height\":310,\"sizeSlug\":\"large\"}--><div class=\"gridContainer\">\n<figure class=\"wp-block-image size-large is-resized\"><a href=\"https:\/\/copernicus.chmi.cz\/wp-content\/uploads\/2020\/07\/UseCase_Energy2_SolarPowerProduction.pdf\"><img decoding=\"async\" src=\"https:\/\/copernicus.chmi.cz\/wp-content\/uploads\/2020\/07\/energie2-2020-07-15-151112.png\" alt=\"\" class=\"wp-image-1027\" width=\"416\" height=\"310\" srcset=\"https:\/\/copernicus.chmi.cz\/wp-content\/uploads\/2020\/07\/energie2-2020-07-15-151112.png 959w, https:\/\/copernicus.chmi.cz\/wp-content\/uploads\/2020\/07\/energie2-2020-07-15-151112-300x224.png 300w, https:\/\/copernicus.chmi.cz\/wp-content\/uploads\/2020\/07\/energie2-2020-07-15-151112-768x574.png 768w\" sizes=\"(max-width: 416px) 100vw, 416px\" \/><\/a><figcaption>Dokument se zobraz\u00ed po kliknut\u00ed na obr\u00e1zek.<\/figcaption><\/figure>\n<\/div><!-- \/wp:image-->","protected":false},"excerpt":{"rendered":"","protected":false},"author":6,"featured_media":0,"parent":940,"menu_order":0,"comment_status":"closed","ping_status":"closed","template":"pro\/page-templates\/full-width-page.php","meta":{"footnotes":""},"class_list":["post-1014","page","type-page","status-publish","hentry"],"_links":{"self":[{"href":"https:\/\/copernicus.chmi.cz\/index.php\/wp-json\/wp\/v2\/pages\/1014","targetHints":{"allow":["GET"]}}],"collection":[{"href":"https:\/\/copernicus.chmi.cz\/index.php\/wp-json\/wp\/v2\/pages"}],"about":[{"href":"https:\/\/copernicus.chmi.cz\/index.php\/wp-json\/wp\/v2\/types\/page"}],"author":[{"embeddable":true,"href":"https:\/\/copernicus.chmi.cz\/index.php\/wp-json\/wp\/v2\/users\/6"}],"replies":[{"embeddable":true,"href":"https:\/\/copernicus.chmi.cz\/index.php\/wp-json\/wp\/v2\/comments?post=1014"}],"version-history":[{"count":6,"href":"https:\/\/copernicus.chmi.cz\/index.php\/wp-json\/wp\/v2\/pages\/1014\/revisions"}],"predecessor-version":[{"id":2242,"href":"https:\/\/copernicus.chmi.cz\/index.php\/wp-json\/wp\/v2\/pages\/1014\/revisions\/2242"}],"up":[{"embeddable":true,"href":"https:\/\/copernicus.chmi.cz\/index.php\/wp-json\/wp\/v2\/pages\/940"}],"wp:attachment":[{"href":"https:\/\/copernicus.chmi.cz\/index.php\/wp-json\/wp\/v2\/media?parent=1014"}],"curies":[{"name":"wp","href":"https:\/\/api.w.org\/{rel}","templated":true}]}}