

{"id":1004,"date":"2020-07-15T14:21:33","date_gmt":"2020-07-15T12:21:33","guid":{"rendered":"https:\/\/copernicus.chmi.cz\/?page_id=1004"},"modified":"2020-11-18T14:17:46","modified_gmt":"2020-11-18T13:17:46","slug":"spoluprace-a-rozvoj","status":"publish","type":"page","link":"https:\/\/copernicus.chmi.cz\/index.php\/o-copernicu\/oblasti-a-priklady-vyuziti\/spoluprace-a-rozvoj\/","title":{"rendered":"Spolupr\u00e1ce a rozvoj"},"content":{"rendered":"<div class=\"breadcrumbs align  wp-block-bcn-breadcrumb-trail has-text-color has-background\" vocab=\"https:\/\/schema.org\/\" typeof=\"BreadcrumbList\">\n\t<span><\/span>\n\t<span property=\"itemListElement\" typeof=\"ListItem\"><a property=\"item\" typeof=\"WebPage\" title=\"P\u0159ej\u00edt na Copernicus CR.\" href=\"https:\/\/copernicus.chmi.cz\" class=\"home\" ><span property=\"name\">Copernicus CR<\/span><\/a><meta property=\"position\" content=\"1\"><\/span> &gt; <span property=\"itemListElement\" typeof=\"ListItem\"><a property=\"item\" typeof=\"WebPage\" title=\"P\u0159ej\u00edt na Novinky.\" href=\"https:\/\/copernicus.chmi.cz\/index.php\/novinky\/\" class=\"post post-page\" ><span property=\"name\">Novinky<\/span><\/a><meta property=\"position\" content=\"2\"><\/span> &gt; <span property=\"itemListElement\" typeof=\"ListItem\"><a property=\"item\" typeof=\"WebPage\" title=\"P\u0159ej\u00edt na Blog.\" href=\"https:\/\/copernicus.chmi.cz\/index.php\/novinky\/blog\/\" class=\"post-root post post-post\" aria-current=\"page\"><span property=\"name\">Blog<\/span><\/a><meta property=\"position\" content=\"3\"><\/span><\/div>\n\n\n\n<div data-label=\"Content\" data-id=\"content--1\" data-export-id=\"content-5-materialis\" data-category=\"content\" class=\"content-5m content-section-spacing-large content-section dark-text\" id=\"content-1\" style=\"background-color: rgb(255, 255, 255);\"><div class=\"gridContainer\"> <div class=\"row\"><div class=\"col-xs-12 col-sm-8 col-sm-offset-2 space-bottom text-center col-padding-small-xs\" data-type=\"column\"> <\/div> <div class=\"col-xs-12 text-center large\" data-type=\"column\"><h2 class=\"space-bottom\">Spolupr\u00e1ce a rozvoj<\/h2> <p class=\"lead\" style=\"text-align: justify;\">D\u00edky schopnosti \u0159e\u0161it glob\u00e1ln\u00ed v\u00fdzvy a bezplatn\u00e9, pln\u00e9 a voln\u00e9 politice v oblasti dat podporuje program Copernicus p\u0159\u00edtomnost EU na mezin\u00e1rodn\u00ed sc\u00e9n\u011b.<br>\nSt\u00e1le vzr\u016fstaj\u00edc\u00ed \u00falohu hraje zejm\u00e9na v bilater\u00e1ln\u00edch vztaz\u00edch EU s mezin\u00e1rodn\u00edmi partnery. C\u00edlem mezin\u00e1rodn\u00edch vztah\u016f programu Copernicus je tedy sjedn\u00e1n\u00ed dohod o spolupr\u00e1ci, d\u00edky kter\u00fdm si mohou EU a partnersk\u00e9 zem\u011b vz\u00e1jemn\u011b poskytovat p\u0159idanou hodnotu, nap\u0159\u00edklad prost\u0159ednictv\u00edm v\u00fdm\u011bny dru\u017eicov\u00fdch dat.<br>\nProgram Copernicus tak\u00e9 poskytuje evropsk\u00e9mu pr\u016fmyslu p\u0159\u00edle\u017eitost p\u0159izp\u016fsobit na m\u00edru produkty pozorov\u00e1n\u00ed Zem\u011b na z\u00e1klad\u011b \u00fadaj\u016f a informac\u00ed z\u00edskan\u00fdch z programu Copernicus pro mimoevropsk\u00e9 trhy.\n<br>\n<br>\n<b>P\u0159\u00edklad vyu\u017eit\u00ed:<\/b><\/p> <\/div> <\/div><\/div> <\/div>\n\n\n<!-- wp:image {\"id\":1008,\"width\":437,\"height\":308,\"sizeSlug\":\"large\"}--><div class=\"gridContainer\">\n<figure class=\"wp-block-image size-large is-resized\"><a class=\"customize-unpreviewable\" href=\"http:\/\/gmes4africa.blogspot.com\/2019\/03\/copernicus-monitors-major-tropical.html\"><img fetchpriority=\"high\" decoding=\"async\" src=\"https:\/\/copernicus.chmi.cz\/wp-content\/uploads\/2020\/07\/afrika-2020-07-15-144657.png\" alt=\"\" class=\"wp-image-1008\" width=\"437\" height=\"308\" srcset=\"https:\/\/copernicus.chmi.cz\/wp-content\/uploads\/2020\/07\/afrika-2020-07-15-144657.png 641w, https:\/\/copernicus.chmi.cz\/wp-content\/uploads\/2020\/07\/afrika-2020-07-15-144657-300x212.png 300w\" sizes=\"(max-width: 437px) 100vw, 437px\" \/><\/a><figcaption>Mapa zobrazuj\u00edc\u00ed povodn\u011b na \u00fazem\u00ed Beiry (Mozambique) na \u00fazem\u00ed 7 254 ha (72,5 km2) v dob\u011b z\u00edsk\u00e1n\u00ed satelitn\u00edch sn\u00edmk\u016f.<\/figcaption><\/figure>\n<\/div><!-- \/wp:image-->","protected":false},"excerpt":{"rendered":"","protected":false},"author":6,"featured_media":0,"parent":940,"menu_order":0,"comment_status":"closed","ping_status":"closed","template":"pro\/page-templates\/full-width-page.php","meta":{"footnotes":""},"class_list":["post-1004","page","type-page","status-publish","hentry"],"_links":{"self":[{"href":"https:\/\/copernicus.chmi.cz\/index.php\/wp-json\/wp\/v2\/pages\/1004","targetHints":{"allow":["GET"]}}],"collection":[{"href":"https:\/\/copernicus.chmi.cz\/index.php\/wp-json\/wp\/v2\/pages"}],"about":[{"href":"https:\/\/copernicus.chmi.cz\/index.php\/wp-json\/wp\/v2\/types\/page"}],"author":[{"embeddable":true,"href":"https:\/\/copernicus.chmi.cz\/index.php\/wp-json\/wp\/v2\/users\/6"}],"replies":[{"embeddable":true,"href":"https:\/\/copernicus.chmi.cz\/index.php\/wp-json\/wp\/v2\/comments?post=1004"}],"version-history":[{"count":6,"href":"https:\/\/copernicus.chmi.cz\/index.php\/wp-json\/wp\/v2\/pages\/1004\/revisions"}],"predecessor-version":[{"id":2247,"href":"https:\/\/copernicus.chmi.cz\/index.php\/wp-json\/wp\/v2\/pages\/1004\/revisions\/2247"}],"up":[{"embeddable":true,"href":"https:\/\/copernicus.chmi.cz\/index.php\/wp-json\/wp\/v2\/pages\/940"}],"wp:attachment":[{"href":"https:\/\/copernicus.chmi.cz\/index.php\/wp-json\/wp\/v2\/media?parent=1004"}],"curies":[{"name":"wp","href":"https:\/\/api.w.org\/{rel}","templated":true}]}}